{"id":378,"date":"2019-08-19T12:51:47","date_gmt":"2019-08-19T10:51:47","guid":{"rendered":"https:\/\/evangelische-beratung.com\/fr\/?page_id=378"},"modified":"2020-03-15T11:42:23","modified_gmt":"2020-03-15T10:42:23","slug":"angebote-fuer-menschen-die-mit-jugendlichen-und-jungen-erwachsenen-16%e2%80%9025-jahre-arbeiten-schulen-jugendhaeuser-vereine-etc","status":"publish","type":"page","link":"https:\/\/evangelische-beratung.com\/fr\/sucht\/gluecksspiel\/angebote-fuer-menschen-die-mit-jugendlichen-und-jungen-erwachsenen-16%e2%80%9025-jahre-arbeiten-schulen-jugendhaeuser-vereine-etc\/","title":{"rendered":"Offre aux gens qui travaillent avec des adolescents et des jeunes adultes (16\u201025 ans) (\u00e9coles, maisons de la jeunesse, associations etc.)"},"content":{"rendered":"\n<p class=\"is-style-teaser\">Vous avez observ\u00e9 un comportement de jeu malsain dans le cadre de votre travail avec des adolescents et des jeunes adultes (16 \u00e0 25 ans) ?<\/p>\n\n\n\n<p>Contactez-nous \u00e0 propos de questions telles que :<\/p>\n\n\n\n<ul class=\"wp-block-list\"><li>Vous travaillez avec des jeunes gens qui se vantent de leurs gains provenant de machines de jeu, de paris sportifs ou de poker en ligne ?<\/li><li>Vous avez fait l\u2019exp\u00e9rience de jeunes gens affect\u00e9s r\u00e9agissant de fa\u00e7on agressive ou en minimisant leurs activit\u00e9s lorsque vous leur posez des questions \u00e0 propos de leurs pertes au jeu ?<\/li><li>Vous connaissez des jeunes gens dans votre entourage qui veulent jouer \u00e0 toutes sortes de jeux (pool, babyfoot, tennis de table etc.) pour de l\u2019argent ?<\/li><li>Vous avez appris l\u2019existence de jeunes adultes engag\u00e9s dans un trafic de tickets de paris aupr\u00e8s d\u2019agences de paris pour le compte de mineurs ?<\/li><li>Vous connaissez des jeunes gens qui parlent de membres de leurs familles qui jouent ?<\/li><li> Vous avez observ\u00e9 des jeunes gens qui (doivent) r\u00e9guli\u00e8rement emprunter de l\u2019argent aupr\u00e8s de leurs pairs ?<\/li><\/ul>\n\n\n\n<p>Nous proposons des formations internes aux enseignants et jeunes professionnels. Ces cours de formation ont pour but de faire prendre conscience aux gens de l\u2019importance du jeu et de la probl\u00e9matique que pose les comportements d\u2019addiction au jeu, et d\u2019en identifier les signes d\u2019avertissement pr\u00e9coces. Les cours durent environ trois heures. Les dates et les heures peuvent \u00eatre convenues individuellement. <\/p>\n\n\n\n<div class=\"wp-block-erv-download -show-file-extension\"><span aria-hidden=\"true\"><span class=\"file-extension\">pdf<\/span><\/span><div class=\"title-and-description\"><p class=\"download-title -inverted-link-style\"><a href=\"https:\/\/evangelische-beratung.com\/fr\/wp-content\/uploads\/sites\/5\/2020\/01\/Fachdienst_Flyer2016_FIN-3-fuer-Fachpersonal-und-Schulungen.pdf\" target=\"_blank\" rel=\"noopener noreferrer\">Infoflyer<\/a><\/p><p class=\"download-description\">Schulungsangebote und Informationsmaterialien<\/p><\/div><\/div>\n\n\n\n<p>Ces consultations confidentielles sont&nbsp;<strong>volontaires<\/strong>&nbsp;et&nbsp;<strong>gratuites pour vous. <\/strong><\/p>\n\n\n\n<p style=\"text-align:center\" class=\"is-style-roof-line\"><strong>Vos interlocuteurs<\/strong><\/p>\n\n\n\n<div class=\"wp-block-columns alignwide has-3-columns is-layout-flex wp-container-core-columns-is-layout-9d6595d7 wp-block-columns-is-layout-flex\">\n<div class=\"wp-block-column is-layout-flow wp-block-column-is-layout-flow\">\n<div class=\"wp-block-erv-id-card\"><div class=\"id-card-content\"><figure class=\"id-card-photo\"><img decoding=\"async\" src=\"https:\/\/evangelische-beratung.com\/wp-content\/uploads\/2019\/08\/Monika-Schiemann_Verwaltung-Suchtberatung-300x200.jpg\" \/><\/figure><div class=\"id-card-details\"><p class=\"id-card-name\">Monika Schiemann<\/p><p class=\"id-card-job\">Sekretariat &amp; Anmeldung<\/p><p class=\"id-card-location\">Frankfurt<\/p><p class=\"id-card-phone\">069 \/ 53 02 302 <\/p><p class=\"id-card-email\"><a href=\"&#109;a&#x69;l&#x74;&#111;&#x3a;&#115;&#x75;&#99;h&#x74;b&#x65;&#114;&#x61;&#116;&#x75;&#110;&#x67;&#64;f&#x72;a&#x6e;&#107;&#x66;&#117;&#x72;&#116;-&#x65;v&#x61;&#110;&#x67;&#101;&#x6c;&#105;&#x73;&#99;h&#x2e;d&#x65;\">E-Mail<\/a><\/p><\/div><\/div><\/div>\n\n\n\n<p><\/p>\n<\/div>\n\n\n\n<div class=\"wp-block-column is-layout-flow wp-block-column-is-layout-flow\">\n<div class=\"wp-block-erv-id-card\"><div class=\"id-card-content\"><figure class=\"id-card-photo\"><img decoding=\"async\" src=\"https:\/\/evangelische-beratung.com\/wp-content\/uploads\/2025\/04\/portrait_platzhalter-1-300x300-1.jpg\" \/><\/figure><div class=\"id-card-details\"><p class=\"id-card-name\">N. N. <\/p><p class=\"id-card-job\">Leitung<\/p><p class=\"id-card-location\">Frankfurt<\/p><p class=\"id-card-phone\">069 \/ 53 02 301<\/p><p class=\"id-card-email\"><a href=\"&#109;&#x61;i&#x6c;t&#111;&#x3a;&#115;&#x75;c&#104;&#x74;&#98;&#x65;r&#x61;&#x74;&#117;&#x6e;g&#x40;f&#114;&#x61;&#110;&#x6b;f&#117;&#x72;&#116;&#x2d;e&#118;&#x61;&#110;&#x67;e&#x6c;&#x69;&#115;&#x63;h&#x2e;d&#101;\">E-Mail<\/a><\/p><\/div><\/div><\/div>\n\n\n\n<p><\/p>\n<\/div>\n\n\n\n<div class=\"wp-block-column is-layout-flow wp-block-column-is-layout-flow\">\n<div class=\"wp-block-erv-id-card\"><div class=\"id-card-content\"><figure class=\"id-card-photo\"><img decoding=\"async\" src=\"https:\/\/evangelische-beratung.com\/wp-content\/uploads\/2020\/02\/Veit-Wennhak_2-300x200.jpg\" \/><\/figure><div class=\"id-card-details\"><p class=\"id-card-name\">Veit Wennhak <\/p><p class=\"id-card-job\">Fachberater Gl\u00fccksspiel<\/p><p class=\"id-card-location\">Frankfurt<\/p><p class=\"id-card-phone\">069 \/ 53 02 307<\/p><p class=\"id-card-email\"><a href=\"mailto:v&#101;&#105;&#116;&#46;&#119;&#101;&#110;&#110;&#104;&#97;&#x6b;&#x40;&#x66;&#x72;&#x61;&#x6e;&#x6b;&#x66;&#x75;&#x72;&#x74;&#x2d;&#x65;&#x76;&#x61;ngelisch&#46;&#100;&#101;\">E-Mail<\/a><\/p><\/div><\/div><\/div>\n\n\n\n<p><\/p>\n<\/div>\n<\/div>\n\n\n\n<p><\/p>\n","protected":false},"excerpt":{"rendered":"<p>Vous avez observ\u00e9 un comportement de jeu malsain dans le cadre de votre travail avec des adolescents et des jeunes adultes (16 \u00e0 25 ans) ? Contactez-nous \u00e0 propos de questions telles que : Vous travaillez avec des jeunes gens qui se vantent de leurs gains provenant de machines de jeu, de paris sportifs ou [&hellip;]<\/p>\n","protected":false},"author":3,"featured_media":0,"parent":256,"menu_order":0,"comment_status":"closed","ping_status":"closed","template":"","meta":{"footnotes":""},"class_list":["post-378","page","type-page","status-publish","hentry"],"yoast_head":"<!-- This site is optimized with the Yoast SEO plugin v27.4 - https:\/\/yoast.com\/product\/yoast-seo-wordpress\/ -->\n<title>Angebote f\u00fcr Menschen, die mit Jugendlichen arbeiten in Frankfurt<\/title>\n<meta name=\"description\" content=\"Sie erleben auff\u00e4lliges Verhalten in Ihrer Arbeit mit Jugendlichen und jungen Erwachsenen (16-25 Jahre)? Wenden Sie sich gerne an uns.\" \/>\n<meta name=\"robots\" content=\"index, follow, max-snippet:-1, max-image-preview:large, max-video-preview:-1\" \/>\n<link rel=\"canonical\" href=\"https:\/\/evangelische-beratung.com\/fr\/sucht\/gluecksspiel\/angebote-fuer-menschen-die-mit-jugendlichen-und-jungen-erwachsenen-16\u201025-jahre-arbeiten-schulen-jugendhaeuser-vereine-etc\/\" \/>\n<meta property=\"og:locale\" content=\"fr_FR\" \/>\n<meta property=\"og:type\" content=\"article\" \/>\n<meta property=\"og:title\" content=\"Angebote f\u00fcr Menschen, die mit Jugendlichen arbeiten in Frankfurt\" \/>\n<meta property=\"og:description\" content=\"Sie erleben auff\u00e4lliges Verhalten in Ihrer Arbeit mit Jugendlichen und jungen Erwachsenen (16-25 Jahre)? Wenden Sie sich gerne an uns.\" \/>\n<meta property=\"og:url\" content=\"https:\/\/evangelische-beratung.com\/fr\/sucht\/gluecksspiel\/angebote-fuer-menschen-die-mit-jugendlichen-und-jungen-erwachsenen-16\u201025-jahre-arbeiten-schulen-jugendhaeuser-vereine-etc\/\" \/>\n<meta property=\"og:site_name\" content=\"Evangelischer Regionalverband\" \/>\n<meta property=\"article:modified_time\" content=\"2020-03-15T10:42:23+00:00\" \/>\n<meta name=\"twitter:card\" content=\"summary_large_image\" \/>\n<meta name=\"twitter:label1\" content=\"Dur\u00e9e de lecture estim\u00e9e\" \/>\n\t<meta name=\"twitter:data1\" content=\"1 minute\" \/>\n<script type=\"application\/ld+json\" class=\"yoast-schema-graph\">{\"@context\":\"https:\\\/\\\/schema.org\",\"@graph\":[{\"@type\":\"WebPage\",\"@id\":\"https:\\\/\\\/evangelische-beratung.com\\\/fr\\\/sucht\\\/gluecksspiel\\\/angebote-fuer-menschen-die-mit-jugendlichen-und-jungen-erwachsenen-16%e2%80%9025-jahre-arbeiten-schulen-jugendhaeuser-vereine-etc\\\/\",\"url\":\"https:\\\/\\\/evangelische-beratung.com\\\/fr\\\/sucht\\\/gluecksspiel\\\/angebote-fuer-menschen-die-mit-jugendlichen-und-jungen-erwachsenen-16%e2%80%9025-jahre-arbeiten-schulen-jugendhaeuser-vereine-etc\\\/\",\"name\":\"Angebote f\u00fcr Menschen, die mit Jugendlichen arbeiten in Frankfurt\",\"isPartOf\":{\"@id\":\"https:\\\/\\\/evangelische-beratung.com\\\/fr\\\/#website\"},\"datePublished\":\"2019-08-19T10:51:47+00:00\",\"dateModified\":\"2020-03-15T10:42:23+00:00\",\"description\":\"Sie erleben auff\u00e4lliges Verhalten in Ihrer Arbeit mit Jugendlichen und jungen Erwachsenen (16-25 Jahre)? Wenden Sie sich gerne an uns.\",\"breadcrumb\":{\"@id\":\"https:\\\/\\\/evangelische-beratung.com\\\/fr\\\/sucht\\\/gluecksspiel\\\/angebote-fuer-menschen-die-mit-jugendlichen-und-jungen-erwachsenen-16%e2%80%9025-jahre-arbeiten-schulen-jugendhaeuser-vereine-etc\\\/#breadcrumb\"},\"inLanguage\":\"fr-FR\",\"potentialAction\":[{\"@type\":\"ReadAction\",\"target\":[\"https:\\\/\\\/evangelische-beratung.com\\\/fr\\\/sucht\\\/gluecksspiel\\\/angebote-fuer-menschen-die-mit-jugendlichen-und-jungen-erwachsenen-16%e2%80%9025-jahre-arbeiten-schulen-jugendhaeuser-vereine-etc\\\/\"]}]},{\"@type\":\"BreadcrumbList\",\"@id\":\"https:\\\/\\\/evangelische-beratung.com\\\/fr\\\/sucht\\\/gluecksspiel\\\/angebote-fuer-menschen-die-mit-jugendlichen-und-jungen-erwachsenen-16%e2%80%9025-jahre-arbeiten-schulen-jugendhaeuser-vereine-etc\\\/#breadcrumb\",\"itemListElement\":[{\"@type\":\"ListItem\",\"position\":1,\"name\":\"Startseite\",\"item\":\"https:\\\/\\\/evangelische-beratung.com\\\/fr\\\/\"},{\"@type\":\"ListItem\",\"position\":2,\"name\":\"Addiction\",\"item\":\"https:\\\/\\\/evangelische-beratung.com\\\/fr\\\/sucht\\\/\"},{\"@type\":\"ListItem\",\"position\":3,\"name\":\"Jeu\",\"item\":\"https:\\\/\\\/evangelische-beratung.com\\\/fr\\\/sucht\\\/gluecksspiel\\\/\"},{\"@type\":\"ListItem\",\"position\":4,\"name\":\"Offre aux gens qui travaillent avec des adolescents et des jeunes adultes (16\u201025 ans) (\u00e9coles, maisons de la jeunesse, associations etc.)\"}]},{\"@type\":\"WebSite\",\"@id\":\"https:\\\/\\\/evangelische-beratung.com\\\/fr\\\/#website\",\"url\":\"https:\\\/\\\/evangelische-beratung.com\\\/fr\\\/\",\"name\":\"Evangelischer Regionalverband\",\"description\":\"\",\"publisher\":{\"@id\":\"https:\\\/\\\/evangelische-beratung.com\\\/fr\\\/#organization\"},\"potentialAction\":[{\"@type\":\"SearchAction\",\"target\":{\"@type\":\"EntryPoint\",\"urlTemplate\":\"https:\\\/\\\/evangelische-beratung.com\\\/fr\\\/?s={search_term_string}\"},\"query-input\":{\"@type\":\"PropertyValueSpecification\",\"valueRequired\":true,\"valueName\":\"search_term_string\"}}],\"inLanguage\":\"fr-FR\"},{\"@type\":\"Organization\",\"@id\":\"https:\\\/\\\/evangelische-beratung.com\\\/fr\\\/#organization\",\"name\":\"Evangelischer Regionalverband Frankfurt und Offenbach\",\"url\":\"https:\\\/\\\/evangelische-beratung.com\\\/fr\\\/\",\"logo\":{\"@type\":\"ImageObject\",\"inLanguage\":\"fr-FR\",\"@id\":\"https:\\\/\\\/evangelische-beratung.com\\\/fr\\\/#\\\/schema\\\/logo\\\/image\\\/\",\"url\":\"https:\\\/\\\/evangelische-beratung.com\\\/fr\\\/wp-content\\\/uploads\\\/sites\\\/5\\\/2019\\\/10\\\/erv-logo.png\",\"contentUrl\":\"https:\\\/\\\/evangelische-beratung.com\\\/fr\\\/wp-content\\\/uploads\\\/sites\\\/5\\\/2019\\\/10\\\/erv-logo.png\",\"width\":1127,\"height\":595,\"caption\":\"Evangelischer Regionalverband Frankfurt und Offenbach\"},\"image\":{\"@id\":\"https:\\\/\\\/evangelische-beratung.com\\\/fr\\\/#\\\/schema\\\/logo\\\/image\\\/\"}}]}<\/script>\n<!-- \/ Yoast SEO plugin. -->","yoast_head_json":{"title":"Angebote f\u00fcr Menschen, die mit Jugendlichen arbeiten in Frankfurt","description":"Sie erleben auff\u00e4lliges Verhalten in Ihrer Arbeit mit Jugendlichen und jungen Erwachsenen (16-25 Jahre)? Wenden Sie sich gerne an uns.","robots":{"index":"index","follow":"follow","max-snippet":"max-snippet:-1","max-image-preview":"max-image-preview:large","max-video-preview":"max-video-preview:-1"},"canonical":"https:\/\/evangelische-beratung.com\/fr\/sucht\/gluecksspiel\/angebote-fuer-menschen-die-mit-jugendlichen-und-jungen-erwachsenen-16\u201025-jahre-arbeiten-schulen-jugendhaeuser-vereine-etc\/","og_locale":"fr_FR","og_type":"article","og_title":"Angebote f\u00fcr Menschen, die mit Jugendlichen arbeiten in Frankfurt","og_description":"Sie erleben auff\u00e4lliges Verhalten in Ihrer Arbeit mit Jugendlichen und jungen Erwachsenen (16-25 Jahre)? Wenden Sie sich gerne an uns.","og_url":"https:\/\/evangelische-beratung.com\/fr\/sucht\/gluecksspiel\/angebote-fuer-menschen-die-mit-jugendlichen-und-jungen-erwachsenen-16\u201025-jahre-arbeiten-schulen-jugendhaeuser-vereine-etc\/","og_site_name":"Evangelischer Regionalverband","article_modified_time":"2020-03-15T10:42:23+00:00","twitter_card":"summary_large_image","twitter_misc":{"Dur\u00e9e de lecture estim\u00e9e":"1 minute"},"schema":{"@context":"https:\/\/schema.org","@graph":[{"@type":"WebPage","@id":"https:\/\/evangelische-beratung.com\/fr\/sucht\/gluecksspiel\/angebote-fuer-menschen-die-mit-jugendlichen-und-jungen-erwachsenen-16%e2%80%9025-jahre-arbeiten-schulen-jugendhaeuser-vereine-etc\/","url":"https:\/\/evangelische-beratung.com\/fr\/sucht\/gluecksspiel\/angebote-fuer-menschen-die-mit-jugendlichen-und-jungen-erwachsenen-16%e2%80%9025-jahre-arbeiten-schulen-jugendhaeuser-vereine-etc\/","name":"Angebote f\u00fcr Menschen, die mit Jugendlichen arbeiten in Frankfurt","isPartOf":{"@id":"https:\/\/evangelische-beratung.com\/fr\/#website"},"datePublished":"2019-08-19T10:51:47+00:00","dateModified":"2020-03-15T10:42:23+00:00","description":"Sie erleben auff\u00e4lliges Verhalten in Ihrer Arbeit mit Jugendlichen und jungen Erwachsenen (16-25 Jahre)? Wenden Sie sich gerne an uns.","breadcrumb":{"@id":"https:\/\/evangelische-beratung.com\/fr\/sucht\/gluecksspiel\/angebote-fuer-menschen-die-mit-jugendlichen-und-jungen-erwachsenen-16%e2%80%9025-jahre-arbeiten-schulen-jugendhaeuser-vereine-etc\/#breadcrumb"},"inLanguage":"fr-FR","potentialAction":[{"@type":"ReadAction","target":["https:\/\/evangelische-beratung.com\/fr\/sucht\/gluecksspiel\/angebote-fuer-menschen-die-mit-jugendlichen-und-jungen-erwachsenen-16%e2%80%9025-jahre-arbeiten-schulen-jugendhaeuser-vereine-etc\/"]}]},{"@type":"BreadcrumbList","@id":"https:\/\/evangelische-beratung.com\/fr\/sucht\/gluecksspiel\/angebote-fuer-menschen-die-mit-jugendlichen-und-jungen-erwachsenen-16%e2%80%9025-jahre-arbeiten-schulen-jugendhaeuser-vereine-etc\/#breadcrumb","itemListElement":[{"@type":"ListItem","position":1,"name":"Startseite","item":"https:\/\/evangelische-beratung.com\/fr\/"},{"@type":"ListItem","position":2,"name":"Addiction","item":"https:\/\/evangelische-beratung.com\/fr\/sucht\/"},{"@type":"ListItem","position":3,"name":"Jeu","item":"https:\/\/evangelische-beratung.com\/fr\/sucht\/gluecksspiel\/"},{"@type":"ListItem","position":4,"name":"Offre aux gens qui travaillent avec des adolescents et des jeunes adultes (16\u201025 ans) (\u00e9coles, maisons de la jeunesse, associations etc.)"}]},{"@type":"WebSite","@id":"https:\/\/evangelische-beratung.com\/fr\/#website","url":"https:\/\/evangelische-beratung.com\/fr\/","name":"Evangelischer Regionalverband","description":"","publisher":{"@id":"https:\/\/evangelische-beratung.com\/fr\/#organization"},"potentialAction":[{"@type":"SearchAction","target":{"@type":"EntryPoint","urlTemplate":"https:\/\/evangelische-beratung.com\/fr\/?s={search_term_string}"},"query-input":{"@type":"PropertyValueSpecification","valueRequired":true,"valueName":"search_term_string"}}],"inLanguage":"fr-FR"},{"@type":"Organization","@id":"https:\/\/evangelische-beratung.com\/fr\/#organization","name":"Evangelischer Regionalverband Frankfurt und Offenbach","url":"https:\/\/evangelische-beratung.com\/fr\/","logo":{"@type":"ImageObject","inLanguage":"fr-FR","@id":"https:\/\/evangelische-beratung.com\/fr\/#\/schema\/logo\/image\/","url":"https:\/\/evangelische-beratung.com\/fr\/wp-content\/uploads\/sites\/5\/2019\/10\/erv-logo.png","contentUrl":"https:\/\/evangelische-beratung.com\/fr\/wp-content\/uploads\/sites\/5\/2019\/10\/erv-logo.png","width":1127,"height":595,"caption":"Evangelischer Regionalverband Frankfurt und Offenbach"},"image":{"@id":"https:\/\/evangelische-beratung.com\/fr\/#\/schema\/logo\/image\/"}}]}},"_links":{"self":[{"href":"https:\/\/evangelische-beratung.com\/fr\/wp-json\/wp\/v2\/pages\/378","targetHints":{"allow":["GET"]}}],"collection":[{"href":"https:\/\/evangelische-beratung.com\/fr\/wp-json\/wp\/v2\/pages"}],"about":[{"href":"https:\/\/evangelische-beratung.com\/fr\/wp-json\/wp\/v2\/types\/page"}],"author":[{"embeddable":true,"href":"https:\/\/evangelische-beratung.com\/fr\/wp-json\/wp\/v2\/users\/3"}],"replies":[{"embeddable":true,"href":"https:\/\/evangelische-beratung.com\/fr\/wp-json\/wp\/v2\/comments?post=378"}],"version-history":[{"count":5,"href":"https:\/\/evangelische-beratung.com\/fr\/wp-json\/wp\/v2\/pages\/378\/revisions"}],"predecessor-version":[{"id":1126,"href":"https:\/\/evangelische-beratung.com\/fr\/wp-json\/wp\/v2\/pages\/378\/revisions\/1126"}],"up":[{"embeddable":true,"href":"https:\/\/evangelische-beratung.com\/fr\/wp-json\/wp\/v2\/pages\/256"}],"wp:attachment":[{"href":"https:\/\/evangelische-beratung.com\/fr\/wp-json\/wp\/v2\/media?parent=378"}],"curies":[{"name":"wp","href":"https:\/\/api.w.org\/{rel}","templated":true}]}}