{"id":372,"date":"2019-08-19T12:27:08","date_gmt":"2019-08-19T10:27:08","guid":{"rendered":"https:\/\/evangelische-beratung.com\/fr\/?page_id=372"},"modified":"2020-03-15T12:52:43","modified_gmt":"2020-03-15T11:52:43","slug":"therapieangebote","status":"publish","type":"page","link":"https:\/\/evangelische-beratung.com\/fr\/sucht\/gluecksspiel\/therapieangebote\/","title":{"rendered":"Adolescents et jeunes adultes (16\u201025 ans)"},"content":{"rendered":"\n<p class=\"is-style-teaser\">Vous avez entre 16 et 25 ans et avez le sentiment d\u2019avoir perdu le contr\u00f4le de votre comportement de jeu ?<\/p>\n\n\n\n<p>Parlez avec nous si vous avez d\u00e9j\u00e0 pari\u00e9 de l\u2019argent de mani\u00e8re r\u00e9p\u00e9t\u00e9e (machines de jeu, paris et autres choses similaires).<\/p>\n\n\n\n<p> Nous vous proposons une \u00e9valuation de votre comportement de jeu :<\/p>\n\n\n\n<ul class=\"wp-block-list\"><li>Jeu \u00e0 faible risque<\/li><li>Jeu probl\u00e9matique<\/li><li> Jeu pathologique (= addiction)<\/li><\/ul>\n\n\n\n<p>Apr\u00e8s cette \u00e9valuation de votre pratique de jeu, nous pouvons mettre en place des services de support adapt\u00e9s \u00e0 votre situation personnelle. Ceci pourrait comprendre l\u2019apprentissage d\u2019un comportement du contr\u00f4le de soi ou un renvoi \u00e0 une th\u00e9rapie en h\u00f4pital, par exemple.<\/p>\n\n\n\n<p>Nous offrons du soutien aux individus, aux couples et aux familles et procurons \u00e9galement du soutien aux membres des familles.<\/p>\n\n\n\n<p>Le traitement des addictions exige un support complet et holistique. C\u2019est la raison pour laquelle nous travaillons en \u00e9troite collaboration avec des cliniques de d\u00e9sintoxication, des cliniques sp\u00e9cialis\u00e9es, des groupes de support, des conseillers en endettement et d\u2019autres services sociaux.<\/p>\n\n\n\n<p>Ces consultations confidentielles sont\u00a0<strong>volontaires<\/strong>\u00a0et\u00a0<strong>gratuites.<\/strong>\u00a0Des interpr\u00e8tes sont engag\u00e9s si n\u00e9cessaire.<\/p>\n\n\n\n<div class=\"wp-block-erv-download -show-file-extension undefined\"><span aria-hidden=\"true\"><span class=\"file-extension\">pdf<\/span><\/span><div class=\"title-and-description\"><p class=\"download-title -inverted-link-style\"><a href=\"https:\/\/evangelische-beratung.com\/fr\/wp-content\/uploads\/sites\/5\/2020\/01\/ERV_Postkarte-Fruehintervention-fuer-Ratsuchende-junge-Menschen-bearbeitet.pdf\" target=\"_blank\" rel=\"noopener noreferrer\">Infoflyer \u00ab\u00a0Fr\u00fchintervention f\u00fcr Ratsuchende junge Menschen\u00a0\u00bb<\/a><\/p><p class=\"download-description\">weitere Informationen zur Suchtberatung junger Menschen<\/p><\/div><\/div>\n\n\n\n<p style=\"text-align:center\" class=\"is-style-roof-line\"><strong>Vos interlocuteurs<\/strong><\/p>\n\n\n\n<div class=\"wp-block-columns alignwide has-3-columns is-layout-flex wp-container-core-columns-is-layout-9d6595d7 wp-block-columns-is-layout-flex\">\n<div class=\"wp-block-column is-layout-flow wp-block-column-is-layout-flow\">\n<div class=\"wp-block-erv-id-card\"><div class=\"id-card-content\"><figure class=\"id-card-photo\"><img decoding=\"async\" src=\"https:\/\/evangelische-beratung.com\/wp-content\/uploads\/2019\/08\/Monika-Schiemann_Verwaltung-Suchtberatung-300x200.jpg\" \/><\/figure><div class=\"id-card-details\"><p class=\"id-card-name\">Monika Schiemann<\/p><p class=\"id-card-job\">Sekretariat &amp; Anmeldung<\/p><p class=\"id-card-location\">Frankfurt<\/p><p class=\"id-card-phone\">069 \/ 53 02 302 <\/p><p class=\"id-card-email\"><a href=\"&#109;&#x61;&#105;&#x6c;&#116;&#x6f;&#58;&#x73;&#117;&#x63;&#104;&#x74;b&#x65;r&#x61;t&#x75;n&#x67;&#64;&#x66;r&#97;&#x6e;&#107;&#x66;&#117;&#x72;&#116;&#x2d;&#101;&#x76;&#97;&#x6e;&#103;&#x65;l&#x69;s&#x63;h&#x2e;d&#x65;\">E-Mail<\/a><\/p><\/div><\/div><\/div>\n<\/div>\n\n\n\n<div class=\"wp-block-column is-layout-flow wp-block-column-is-layout-flow\">\n<div class=\"wp-block-erv-id-card\"><div class=\"id-card-content\"><figure class=\"id-card-photo\"><img decoding=\"async\" src=\"https:\/\/evangelische-beratung.com\/wp-content\/uploads\/2025\/04\/portrait_platzhalter-1-300x300-1.jpg\" \/><\/figure><div class=\"id-card-details\"><p class=\"id-card-name\">N. N. <\/p><p class=\"id-card-job\">Leitung<\/p><p class=\"id-card-location\">Frankfurt<\/p><p class=\"id-card-phone\">069 \/ 53 02 301<\/p><p class=\"id-card-email\"><a href=\"m&#97;&#x69;&#x6c;t&#111;&#x3a;&#x73;u&#99;&#x68;&#x74;b&#101;&#x72;&#x61;t&#117;&#x6e;&#x67;&#64;&#102;&#114;&#x61;&#x6e;k&#102;&#x75;&#x72;t&#45;&#x65;&#x76;a&#110;&#x67;&#x65;l&#105;&#x73;&#x63;h&#46;&#x64;&#x65;\">E-Mail<\/a><\/p><\/div><\/div><\/div>\n<\/div>\n\n\n\n<div class=\"wp-block-column is-layout-flow wp-block-column-is-layout-flow\">\n<div class=\"wp-block-erv-id-card\"><div class=\"id-card-content\"><figure class=\"id-card-photo\"><img decoding=\"async\" src=\"https:\/\/evangelische-beratung.com\/wp-content\/uploads\/2020\/02\/Veit-Wennhak_2-300x200.jpg\" \/><\/figure><div class=\"id-card-details\"><p class=\"id-card-name\">Veit Wennhak <\/p><p class=\"id-card-job\">Fachberater Gl\u00fccksspiel<\/p><p class=\"id-card-location\">Frankfurt<\/p><p class=\"id-card-phone\">069 \/ 53 02 307<\/p><p class=\"id-card-email\"><a href=\"&#x6d;&#x61;&#105;&#108;to&#x3a;&#x76;&#x65;&#105;t&#46;&#x77;&#x65;&#x6e;&#110;&#104;a&#x6b;&#x40;&#x66;&#114;&#97;n&#x6b;&#x66;&#x75;&#114;&#116;-e&#x76;&#x61;&#x6e;&#103;el&#x69;&#x73;&#x63;&#104;&#46;d&#x65;\">E-Mail<\/a><\/p><\/div><\/div><\/div>\n<\/div>\n<\/div>\n","protected":false},"excerpt":{"rendered":"<p>Vous avez entre 16 et 25 ans et avez le sentiment d\u2019avoir perdu le contr\u00f4le de votre comportement de jeu ? Parlez avec nous si vous avez d\u00e9j\u00e0 pari\u00e9 de l\u2019argent de mani\u00e8re r\u00e9p\u00e9t\u00e9e (machines de jeu, paris et autres choses similaires). Nous vous proposons une \u00e9valuation de votre comportement de jeu : Jeu \u00e0 [&hellip;]<\/p>\n","protected":false},"author":3,"featured_media":0,"parent":256,"menu_order":0,"comment_status":"closed","ping_status":"closed","template":"","meta":{"footnotes":""},"class_list":["post-372","page","type-page","status-publish","hentry"],"yoast_head":"<!-- This site is optimized with the Yoast SEO plugin v27.4 - https:\/\/yoast.com\/product\/yoast-seo-wordpress\/ -->\n<title>Riskantes Gl\u00fcckspielverhalten bei Jugendlichen in Frankfurt<\/title>\n<meta name=\"description\" content=\"Sie sind zwischen 16 und 25 Jahre alte und haben das Gef\u00fchl, dass Sie keine Kontrolle \u00fcber Ihr Gl\u00fcckspielverhalten haben? Sprechen Sie mit uns!\" \/>\n<meta name=\"robots\" content=\"index, follow, max-snippet:-1, max-image-preview:large, max-video-preview:-1\" \/>\n<link rel=\"canonical\" href=\"https:\/\/evangelische-beratung.com\/fr\/sucht\/gluecksspiel\/therapieangebote\/\" \/>\n<meta property=\"og:locale\" content=\"fr_FR\" \/>\n<meta property=\"og:type\" content=\"article\" \/>\n<meta property=\"og:title\" content=\"Riskantes Gl\u00fcckspielverhalten bei Jugendlichen in Frankfurt\" \/>\n<meta property=\"og:description\" content=\"Sie sind zwischen 16 und 25 Jahre alte und haben das Gef\u00fchl, dass Sie keine Kontrolle \u00fcber Ihr Gl\u00fcckspielverhalten haben? Sprechen Sie mit uns!\" \/>\n<meta property=\"og:url\" content=\"https:\/\/evangelische-beratung.com\/fr\/sucht\/gluecksspiel\/therapieangebote\/\" \/>\n<meta property=\"og:site_name\" content=\"Evangelischer Regionalverband\" \/>\n<meta property=\"article:modified_time\" content=\"2020-03-15T11:52:43+00:00\" \/>\n<meta name=\"twitter:card\" content=\"summary_large_image\" \/>\n<meta name=\"twitter:label1\" content=\"Dur\u00e9e de lecture estim\u00e9e\" \/>\n\t<meta name=\"twitter:data1\" content=\"1 minute\" \/>\n<script type=\"application\/ld+json\" class=\"yoast-schema-graph\">{\"@context\":\"https:\\\/\\\/schema.org\",\"@graph\":[{\"@type\":\"WebPage\",\"@id\":\"https:\\\/\\\/evangelische-beratung.com\\\/fr\\\/sucht\\\/gluecksspiel\\\/therapieangebote\\\/\",\"url\":\"https:\\\/\\\/evangelische-beratung.com\\\/fr\\\/sucht\\\/gluecksspiel\\\/therapieangebote\\\/\",\"name\":\"Riskantes Gl\u00fcckspielverhalten bei Jugendlichen in Frankfurt\",\"isPartOf\":{\"@id\":\"https:\\\/\\\/evangelische-beratung.com\\\/fr\\\/#website\"},\"datePublished\":\"2019-08-19T10:27:08+00:00\",\"dateModified\":\"2020-03-15T11:52:43+00:00\",\"description\":\"Sie sind zwischen 16 und 25 Jahre alte und haben das Gef\u00fchl, dass Sie keine Kontrolle \u00fcber Ihr Gl\u00fcckspielverhalten haben? Sprechen Sie mit uns!\",\"breadcrumb\":{\"@id\":\"https:\\\/\\\/evangelische-beratung.com\\\/fr\\\/sucht\\\/gluecksspiel\\\/therapieangebote\\\/#breadcrumb\"},\"inLanguage\":\"fr-FR\",\"potentialAction\":[{\"@type\":\"ReadAction\",\"target\":[\"https:\\\/\\\/evangelische-beratung.com\\\/fr\\\/sucht\\\/gluecksspiel\\\/therapieangebote\\\/\"]}]},{\"@type\":\"BreadcrumbList\",\"@id\":\"https:\\\/\\\/evangelische-beratung.com\\\/fr\\\/sucht\\\/gluecksspiel\\\/therapieangebote\\\/#breadcrumb\",\"itemListElement\":[{\"@type\":\"ListItem\",\"position\":1,\"name\":\"Startseite\",\"item\":\"https:\\\/\\\/evangelische-beratung.com\\\/fr\\\/\"},{\"@type\":\"ListItem\",\"position\":2,\"name\":\"Addiction\",\"item\":\"https:\\\/\\\/evangelische-beratung.com\\\/fr\\\/sucht\\\/\"},{\"@type\":\"ListItem\",\"position\":3,\"name\":\"Jeu\",\"item\":\"https:\\\/\\\/evangelische-beratung.com\\\/fr\\\/sucht\\\/gluecksspiel\\\/\"},{\"@type\":\"ListItem\",\"position\":4,\"name\":\"Adolescents et jeunes adultes (16\u201025 ans)\"}]},{\"@type\":\"WebSite\",\"@id\":\"https:\\\/\\\/evangelische-beratung.com\\\/fr\\\/#website\",\"url\":\"https:\\\/\\\/evangelische-beratung.com\\\/fr\\\/\",\"name\":\"Evangelischer Regionalverband\",\"description\":\"\",\"publisher\":{\"@id\":\"https:\\\/\\\/evangelische-beratung.com\\\/fr\\\/#organization\"},\"potentialAction\":[{\"@type\":\"SearchAction\",\"target\":{\"@type\":\"EntryPoint\",\"urlTemplate\":\"https:\\\/\\\/evangelische-beratung.com\\\/fr\\\/?s={search_term_string}\"},\"query-input\":{\"@type\":\"PropertyValueSpecification\",\"valueRequired\":true,\"valueName\":\"search_term_string\"}}],\"inLanguage\":\"fr-FR\"},{\"@type\":\"Organization\",\"@id\":\"https:\\\/\\\/evangelische-beratung.com\\\/fr\\\/#organization\",\"name\":\"Evangelischer Regionalverband Frankfurt und Offenbach\",\"url\":\"https:\\\/\\\/evangelische-beratung.com\\\/fr\\\/\",\"logo\":{\"@type\":\"ImageObject\",\"inLanguage\":\"fr-FR\",\"@id\":\"https:\\\/\\\/evangelische-beratung.com\\\/fr\\\/#\\\/schema\\\/logo\\\/image\\\/\",\"url\":\"https:\\\/\\\/evangelische-beratung.com\\\/fr\\\/wp-content\\\/uploads\\\/sites\\\/5\\\/2019\\\/10\\\/erv-logo.png\",\"contentUrl\":\"https:\\\/\\\/evangelische-beratung.com\\\/fr\\\/wp-content\\\/uploads\\\/sites\\\/5\\\/2019\\\/10\\\/erv-logo.png\",\"width\":1127,\"height\":595,\"caption\":\"Evangelischer Regionalverband Frankfurt und Offenbach\"},\"image\":{\"@id\":\"https:\\\/\\\/evangelische-beratung.com\\\/fr\\\/#\\\/schema\\\/logo\\\/image\\\/\"}}]}<\/script>\n<!-- \/ Yoast SEO plugin. -->","yoast_head_json":{"title":"Riskantes Gl\u00fcckspielverhalten bei Jugendlichen in Frankfurt","description":"Sie sind zwischen 16 und 25 Jahre alte und haben das Gef\u00fchl, dass Sie keine Kontrolle \u00fcber Ihr Gl\u00fcckspielverhalten haben? Sprechen Sie mit uns!","robots":{"index":"index","follow":"follow","max-snippet":"max-snippet:-1","max-image-preview":"max-image-preview:large","max-video-preview":"max-video-preview:-1"},"canonical":"https:\/\/evangelische-beratung.com\/fr\/sucht\/gluecksspiel\/therapieangebote\/","og_locale":"fr_FR","og_type":"article","og_title":"Riskantes Gl\u00fcckspielverhalten bei Jugendlichen in Frankfurt","og_description":"Sie sind zwischen 16 und 25 Jahre alte und haben das Gef\u00fchl, dass Sie keine Kontrolle \u00fcber Ihr Gl\u00fcckspielverhalten haben? Sprechen Sie mit uns!","og_url":"https:\/\/evangelische-beratung.com\/fr\/sucht\/gluecksspiel\/therapieangebote\/","og_site_name":"Evangelischer Regionalverband","article_modified_time":"2020-03-15T11:52:43+00:00","twitter_card":"summary_large_image","twitter_misc":{"Dur\u00e9e de lecture estim\u00e9e":"1 minute"},"schema":{"@context":"https:\/\/schema.org","@graph":[{"@type":"WebPage","@id":"https:\/\/evangelische-beratung.com\/fr\/sucht\/gluecksspiel\/therapieangebote\/","url":"https:\/\/evangelische-beratung.com\/fr\/sucht\/gluecksspiel\/therapieangebote\/","name":"Riskantes Gl\u00fcckspielverhalten bei Jugendlichen in Frankfurt","isPartOf":{"@id":"https:\/\/evangelische-beratung.com\/fr\/#website"},"datePublished":"2019-08-19T10:27:08+00:00","dateModified":"2020-03-15T11:52:43+00:00","description":"Sie sind zwischen 16 und 25 Jahre alte und haben das Gef\u00fchl, dass Sie keine Kontrolle \u00fcber Ihr Gl\u00fcckspielverhalten haben? Sprechen Sie mit uns!","breadcrumb":{"@id":"https:\/\/evangelische-beratung.com\/fr\/sucht\/gluecksspiel\/therapieangebote\/#breadcrumb"},"inLanguage":"fr-FR","potentialAction":[{"@type":"ReadAction","target":["https:\/\/evangelische-beratung.com\/fr\/sucht\/gluecksspiel\/therapieangebote\/"]}]},{"@type":"BreadcrumbList","@id":"https:\/\/evangelische-beratung.com\/fr\/sucht\/gluecksspiel\/therapieangebote\/#breadcrumb","itemListElement":[{"@type":"ListItem","position":1,"name":"Startseite","item":"https:\/\/evangelische-beratung.com\/fr\/"},{"@type":"ListItem","position":2,"name":"Addiction","item":"https:\/\/evangelische-beratung.com\/fr\/sucht\/"},{"@type":"ListItem","position":3,"name":"Jeu","item":"https:\/\/evangelische-beratung.com\/fr\/sucht\/gluecksspiel\/"},{"@type":"ListItem","position":4,"name":"Adolescents et jeunes adultes (16\u201025 ans)"}]},{"@type":"WebSite","@id":"https:\/\/evangelische-beratung.com\/fr\/#website","url":"https:\/\/evangelische-beratung.com\/fr\/","name":"Evangelischer Regionalverband","description":"","publisher":{"@id":"https:\/\/evangelische-beratung.com\/fr\/#organization"},"potentialAction":[{"@type":"SearchAction","target":{"@type":"EntryPoint","urlTemplate":"https:\/\/evangelische-beratung.com\/fr\/?s={search_term_string}"},"query-input":{"@type":"PropertyValueSpecification","valueRequired":true,"valueName":"search_term_string"}}],"inLanguage":"fr-FR"},{"@type":"Organization","@id":"https:\/\/evangelische-beratung.com\/fr\/#organization","name":"Evangelischer Regionalverband Frankfurt und Offenbach","url":"https:\/\/evangelische-beratung.com\/fr\/","logo":{"@type":"ImageObject","inLanguage":"fr-FR","@id":"https:\/\/evangelische-beratung.com\/fr\/#\/schema\/logo\/image\/","url":"https:\/\/evangelische-beratung.com\/fr\/wp-content\/uploads\/sites\/5\/2019\/10\/erv-logo.png","contentUrl":"https:\/\/evangelische-beratung.com\/fr\/wp-content\/uploads\/sites\/5\/2019\/10\/erv-logo.png","width":1127,"height":595,"caption":"Evangelischer Regionalverband Frankfurt und Offenbach"},"image":{"@id":"https:\/\/evangelische-beratung.com\/fr\/#\/schema\/logo\/image\/"}}]}},"_links":{"self":[{"href":"https:\/\/evangelische-beratung.com\/fr\/wp-json\/wp\/v2\/pages\/372","targetHints":{"allow":["GET"]}}],"collection":[{"href":"https:\/\/evangelische-beratung.com\/fr\/wp-json\/wp\/v2\/pages"}],"about":[{"href":"https:\/\/evangelische-beratung.com\/fr\/wp-json\/wp\/v2\/types\/page"}],"author":[{"embeddable":true,"href":"https:\/\/evangelische-beratung.com\/fr\/wp-json\/wp\/v2\/users\/3"}],"replies":[{"embeddable":true,"href":"https:\/\/evangelische-beratung.com\/fr\/wp-json\/wp\/v2\/comments?post=372"}],"version-history":[{"count":5,"href":"https:\/\/evangelische-beratung.com\/fr\/wp-json\/wp\/v2\/pages\/372\/revisions"}],"predecessor-version":[{"id":1137,"href":"https:\/\/evangelische-beratung.com\/fr\/wp-json\/wp\/v2\/pages\/372\/revisions\/1137"}],"up":[{"embeddable":true,"href":"https:\/\/evangelische-beratung.com\/fr\/wp-json\/wp\/v2\/pages\/256"}],"wp:attachment":[{"href":"https:\/\/evangelische-beratung.com\/fr\/wp-json\/wp\/v2\/media?parent=372"}],"curies":[{"name":"wp","href":"https:\/\/api.w.org\/{rel}","templated":true}]}}