{"id":37,"date":"2019-07-21T22:19:34","date_gmt":"2019-07-21T20:19:34","guid":{"rendered":"https:\/\/evangelische-beratung.com\/fr\/?page_id=37"},"modified":"2022-09-12T17:37:56","modified_gmt":"2022-09-12T15:37:56","slug":"sucht","status":"publish","type":"page","link":"https:\/\/evangelische-beratung.com\/fr\/sucht\/","title":{"rendered":"Addiction"},"content":{"rendered":"\n<p class=\"has-text-align-center is-style-teaser\">Vous recevrez des informations et de l&rsquo;aide pour tout ce qui concerne les questions touchant \u00e0 l&rsquo;addiction. Qu&rsquo;il s&rsquo;agisse d&rsquo;alcool, de drogues ill\u00e9gales, de m\u00e9dicaments, de jeux de hasard et autres : notre offre s&rsquo;adresse aux personnes affect\u00e9es tout comme \u00e0 leurs parents et aux membres de leur entourage social.<\/p>\n\n\n\n<div class=\"wp-block-columns has-2-columns -right-at-edge is-layout-flow wp-block-columns-is-layout-flow\">\n<div class=\"wp-block-column is-layout-flow wp-block-column-is-layout-flow\">\n<figure class=\"wp-block-image\"><img loading=\"lazy\" decoding=\"async\" width=\"1024\" height=\"401\" src=\"https:\/\/evangelische-beratung.com\/fr\/wp-content\/uploads\/sites\/5\/2019\/08\/HERO_Suchtberatung_Gruppensituation-2-1024x401.jpg\" alt=\"\" class=\"wp-image-236\" srcset=\"https:\/\/evangelische-beratung.com\/fr\/wp-content\/uploads\/sites\/5\/2019\/08\/HERO_Suchtberatung_Gruppensituation-2-1024x401.jpg 1024w, https:\/\/evangelische-beratung.com\/fr\/wp-content\/uploads\/sites\/5\/2019\/08\/HERO_Suchtberatung_Gruppensituation-2-300x117.jpg 300w, https:\/\/evangelische-beratung.com\/fr\/wp-content\/uploads\/sites\/5\/2019\/08\/HERO_Suchtberatung_Gruppensituation-2-768x301.jpg 768w, https:\/\/evangelische-beratung.com\/fr\/wp-content\/uploads\/sites\/5\/2019\/08\/HERO_Suchtberatung_Gruppensituation-2.jpg 1840w\" sizes=\"auto, 100vw\" \/><\/figure>\n<\/div>\n\n\n\n<div class=\"wp-block-column is-layout-flow wp-block-column-is-layout-flow\">\n<p><\/p>\n<\/div>\n<\/div>\n\n\n\n<h2 class=\"wp-block-heading\"><strong>Aide et soutien pendant la p\u00e9riode du coronavirus \u2013 Nous\nsommes l\u00e0 pour vous&nbsp;!<\/strong><\/h2>\n\n\n\n<p>Les restrictions actuelles\nvisant \u00e0 \u00e9radiquer le coronavirus et l\u2019ins\u00e9curit\u00e9 qu\u2019elles entra\u00eenent placent\nbeaucoup de gens devant de gros d\u00e9fis. Nous ne vous laissons pas seul (e) en\ncette p\u00e9riode difficile.<\/p>\n\n\n\n<h4 class=\"wp-block-heading\"><strong>Nous sommes l\u00e0 pour vous<\/strong><\/h4>\n\n\n\n<ul class=\"wp-block-list\"><li>en cas\nd\u2019urgence et en situations de crise<\/li><li>avec un <strong>soutien confidentiel et gratuit<\/strong> au\nt\u00e9l\u00e9phone et dans un portail en ligne prot\u00e9g\u00e9<\/li><li>\u00e9galement\npersonnellement dans les cas individuels particuliers<\/li><li>le plus\nrapidement possible en cas de crises aigu\u00ebs<\/li><\/ul>\n\n\n\n<h4 class=\"wp-block-heading\"><strong>Voici comment nous joindre<\/strong><\/h4>\n\n\n\n<p><strong>Evangelisches Zentrum Am Wei\u00dfen Stein, Frankfurt-Eschersheim<\/strong><br>Telefonsprechzeiten: Mo \u2013 Fr von 9 \u2013 11 Uhr &nbsp;<br>Telefon: 069 \/ 5302-302<br>Email: <a href=\"m&#97;&#105;&#x6c;&#x74;&#x6f;&#x3a;s&#117;&#99;&#104;&#x74;&#x62;&#x65;ra&#116;&#117;&#x6e;&#x67;&#x40;fr&#97;&#110;&#x6b;&#x66;&#x75;rt&#45;&#101;&#x76;&#x61;&#x6e;ge&#108;&#105;&#x73;&#x63;&#x68;&#46;d&#101;\">suchtb&#101;&#114;&#97;&#116;&#117;&#110;&#103;&#x40;&#x66;&#x72;&#x61;&#x6e;&#x6b;&#x66;&#x75;&#x72;&#x74;&#x2d;&#x65;vangel&#105;&#115;&#99;&#104;&#46;&#100;&#101;<\/a><\/p>\n\n\n\n<p><strong>Evangelisches Zentrum f\u00fcr Beratung in H\u00f6chst<\/strong><br>Telefonsprechzeiten: Mo bis Do, von 11 \u2013 16 Uhr, Fr 11 \u2013 13 Uhr <br>Telefon:  069 \/ 75 93 672 60  <br>Email:  &#x62;e&#x61;&#116;&#x65;&#46;f&#x75;&#99;&#x68;&#115;&#64;&#x66;&#114;&#x61;&#110;k&#x66;u&#x72;&#116;&#x2d;&#x65;v&#x61;&#110;&#x67;&#101;l&#x69;&#115;&#x63;&#104;&#46;&#x64;e  <\/p>\n\n\n\n<div class=\"wp-block-columns alignwide has-3-columns -columns-equal-height is-layout-flex wp-container-core-columns-is-layout-9d6595d7 wp-block-columns-is-layout-flex\">\n<div class=\"wp-block-column is-layout-flow wp-block-column-is-layout-flow\"><div class=\"wp-block-erv-tile \">\n\t\t\t<div>\n\t\t\t<a href=\"https:\/\/evangelische-beratung.com\/fr\/sucht\/alkohol\/\" tabindex=\"-1\" aria-hidden=\"true\" ><\/a>\n\t\t\t<h2 class=\"tile-title\"><a href=\"https:\/\/evangelische-beratung.com\/fr\/sucht\/alkohol\/\" >Alcool<\/a><\/h2>\n\t\t\t\n\t\t\t<p aria-hidden=\"true\" class=\"-is-micro\"><svg xmlns=\"http:\/\/www.w3.org\/2000\/svg\" viewBox=\"0 0 13 10\"><path d=\"M1.5 5H12M8 1l4 4-4 4\" fill=\"none\" stroke=\"#a22a45\" stroke-width=\"1.2\" stroke-linecap=\"round\" stroke-linejoin=\"round\"\/><\/svg><\/p>\n\t\t\t<\/div>\n\t\t<\/div>\n\n<div class=\"wp-block-erv-tile \">\n\t\t\t<div>\n\t\t\t<a href=\"https:\/\/evangelische-beratung.com\/fr\/sucht\/medikatmente\/\" tabindex=\"-1\" aria-hidden=\"true\" ><\/a>\n\t\t\t<h2 class=\"tile-title\"><a href=\"https:\/\/evangelische-beratung.com\/fr\/sucht\/medikatmente\/\" >M\u00e9dicaments<\/a><\/h2>\n\t\t\t\n\t\t\t<p aria-hidden=\"true\" class=\"-is-micro\"><svg xmlns=\"http:\/\/www.w3.org\/2000\/svg\" viewBox=\"0 0 13 10\"><path d=\"M1.5 5H12M8 1l4 4-4 4\" fill=\"none\" stroke=\"#a22a45\" stroke-width=\"1.2\" stroke-linecap=\"round\" stroke-linejoin=\"round\"\/><\/svg><\/p>\n\t\t\t<\/div>\n\t\t<\/div>\n\n\n<div style=\"height:30px\" aria-hidden=\"true\" class=\"wp-block-spacer\"><\/div>\n\n\n\n<div style=\"height:30px\" aria-hidden=\"true\" class=\"wp-block-spacer\"><\/div>\n\n\n\n<p><\/p>\n<\/div>\n\n\n\n<div class=\"wp-block-column is-layout-flow wp-block-column-is-layout-flow\"><div class=\"wp-block-erv-tile \">\n\t\t\t<div>\n\t\t\t<a href=\"https:\/\/evangelische-beratung.com\/fr\/sucht\/gluecksspiel\/\" tabindex=\"-1\" aria-hidden=\"true\" ><\/a>\n\t\t\t<h2 class=\"tile-title\"><a href=\"https:\/\/evangelische-beratung.com\/fr\/sucht\/gluecksspiel\/\" >Jeu<\/a><\/h2>\n\t\t\t\n\t\t\t<p aria-hidden=\"true\" class=\"-is-micro\"><svg xmlns=\"http:\/\/www.w3.org\/2000\/svg\" viewBox=\"0 0 13 10\"><path d=\"M1.5 5H12M8 1l4 4-4 4\" fill=\"none\" stroke=\"#a22a45\" stroke-width=\"1.2\" stroke-linecap=\"round\" stroke-linejoin=\"round\"\/><\/svg><\/p>\n\t\t\t<\/div>\n\t\t<\/div>\n\n\n<div style=\"height:30px\" aria-hidden=\"true\" class=\"wp-block-spacer\"><\/div>\n\n\n\n<div style=\"height:30px\" aria-hidden=\"true\" class=\"wp-block-spacer\"><\/div>\n<\/div>\n\n\n\n<div class=\"wp-block-column is-layout-flow wp-block-column-is-layout-flow\"><div class=\"wp-block-erv-tile \">\n\t\t\t<div>\n\t\t\t<a href=\"https:\/\/evangelische-beratung.com\/fr\/sucht\/angehoerigenberatung\/\" tabindex=\"-1\" aria-hidden=\"true\" ><\/a>\n\t\t\t<h2 class=\"tile-title\"><a href=\"https:\/\/evangelische-beratung.com\/fr\/sucht\/angehoerigenberatung\/\" >Conseil des parents<\/a><\/h2>\n\t\t\t\n\t\t\t<p aria-hidden=\"true\" class=\"-is-micro\"><svg xmlns=\"http:\/\/www.w3.org\/2000\/svg\" viewBox=\"0 0 13 10\"><path d=\"M1.5 5H12M8 1l4 4-4 4\" fill=\"none\" stroke=\"#a22a45\" stroke-width=\"1.2\" stroke-linecap=\"round\" stroke-linejoin=\"round\"\/><\/svg><\/p>\n\t\t\t<\/div>\n\t\t<\/div>\n\n\n<div style=\"height:30px\" aria-hidden=\"true\" class=\"wp-block-spacer\"><\/div>\n\n\n\n<div style=\"height:30px\" aria-hidden=\"true\" class=\"wp-block-spacer\"><\/div>\n<\/div>\n<\/div>\n\n\n\n<div class=\"wp-block-erv-container -has-background\">\n<div class=\"wp-block-columns alignwide has-2-columns is-layout-flex wp-container-core-columns-is-layout-9d6595d7 wp-block-columns-is-layout-flex\">\n<div class=\"wp-block-column is-layout-flow wp-block-column-is-layout-flow\">\n<p class=\"is-style-roof-line\">Kontakt<\/p>\n\n\n\n<h2 class=\"wp-block-heading\">Conseil en addiction<\/h2>\n\n\n\n<p class=\"is-style-teaser phone margin-top-auto margin-bottom-0\">069 \/ 530 2 302 <\/p>\n\n\n\n<p class=\"is-style-micro margin-bottom-2\">Lu &#8211; Je 9h00 &#8211; 17h00, <br>Ve 9h00 &#8211; 15h00<br><br>Heures d&rsquo;ouverture de l&rsquo;Evangelisches Zentrum Am Wei\u00dfen Stein<br>Lu, Me, Ve de 9h00 -11h00<br>Ma 13h30 &#8211; 15h00<br>Je 16h00 &#8211; 17h30<\/p>\n\n\n\n<p class=\"is-style-micro\"><strong>Heures d\u2019entretien ouvertes par des conseillers reconnus et conseill\u00e8res reconnues en addiction b\u00e9n\u00e9voles (personnes ayant fait une exp\u00e9rience propre en addiction vivant maintenant dans l\u2019abstinence \u00ab&nbsp;Nous savons de quoi nous parlons&nbsp;\u00bb) , Alte Backstube, Dominikanergasse 7, Ma de 17h30 \u2013 18h30 <\/strong>&nbsp;<\/p>\n<\/div>\n\n\n\n<div class=\"wp-block-column is-layout-flow wp-block-column-is-layout-flow\">\n<p><\/p>\n<\/div>\n<\/div>\n\n\n\n<p><\/p>\n<\/div>\n\n\n\n<p class=\"has-text-align-center is-style-roof-line\"><strong>Vos interlocuteurs \u00e0 l\u2019Evangelisches Zentrum f\u00fcr Beratung &amp; Therapie Am Wei\u00dfen Stein<\/strong><\/p>\n\n\n\n<div class=\"wp-block-columns alignwide has-3-columns is-layout-flex wp-container-core-columns-is-layout-9d6595d7 wp-block-columns-is-layout-flex\">\n<div class=\"wp-block-column is-layout-flow wp-block-column-is-layout-flow\">\n<div class=\"wp-block-erv-id-card\"><div class=\"id-card-content\"><figure class=\"id-card-photo\"><img decoding=\"async\" src=\"https:\/\/evangelische-beratung.com\/wp-content\/uploads\/2019\/08\/Monika-Schiemann_Verwaltung-Suchtberatung-300x200.jpg\" \/><\/figure><div class=\"id-card-details\"><p class=\"id-card-name\">Monika Schiemann<\/p><p class=\"id-card-job\">Sekretariat &amp; Anmeldung<\/p><p class=\"id-card-location\">Frankfurt<\/p><p class=\"id-card-phone\">069 \/ 53 02 302 <\/p><p class=\"id-card-email\"><a href=\"&#x6d;&#x61;&#x69;&#x6c;&#x74;&#x6f;&#x3a;&#x73;&#x75;&#x63;&#x68;&#x74;&#x62;&#x65;&#x72;&#x61;&#x74;&#x75;&#x6e;&#x67;&#x40;&#x66;&#x72;&#x61;&#x6e;&#x6b;&#x66;&#x75;&#x72;&#x74;&#x2d;&#x65;&#x76;&#x61;&#x6e;&#x67;&#x65;&#x6c;&#x69;&#x73;&#x63;&#x68;&#x2e;&#x64;&#101;\">E-Mail<\/a><\/p><\/div><\/div><\/div>\n\n\n\n<div class=\"wp-block-erv-id-card\"><div class=\"id-card-content\"><figure class=\"id-card-photo\"><img decoding=\"async\" src=\"https:\/\/evangelische-beratung.com\/wp-content\/uploads\/2020\/01\/Ralf-Hoelzel_Suchtberatung-300x300.jpg\" \/><\/figure><div class=\"id-card-details\"><p class=\"id-card-name\">Ralf H\u00f6lzel<\/p><p class=\"id-card-job\">Fachberater Gl\u00fccksspiel<\/p><p class=\"id-card-location\">Frankfurt<\/p><p class=\"id-card-phone\">069 \/ 53 02 306<\/p><p class=\"id-card-email\"><a href=\"ma&#105;&#108;&#116;&#x6f;&#x3a;&#x72;&#x61;&#x6c;f&#46;&#104;&#111;&#101;&#x6c;&#x7a;&#x65;&#x6c;&#x40;fr&#97;&#110;&#107;&#x66;&#x75;&#x72;&#x74;&#x2d;ev&#97;&#110;&#103;&#x65;&#x6c;&#x69;&#x73;&#x63;h&#46;&#100;&#101;\">E-Mail<\/a><\/p><\/div><\/div><\/div>\n\n\n\n<div class=\"wp-block-erv-id-card\"><div class=\"id-card-content\"><figure class=\"id-card-photo\"><img decoding=\"async\" src=\"https:\/\/evangelische-beratung.com\/wp-content\/uploads\/2019\/08\/beate-fuchs_suchtberatung-hoechst-e1576424435131-300x268.jpg\" \/><\/figure><div class=\"id-card-details\"><p class=\"id-card-name\">Beate Fuchs<\/p><p class=\"id-card-job\">Beratung<\/p><p class=\"id-card-location\">H\u00f6chst<\/p><p class=\"id-card-phone\">069 \/ 75 93 672 60<\/p><p class=\"id-card-email\"><a href=\"&#x6d;&#97;&#105;l&#x74;&#x6f;&#58;b&#x65;&#x61;&#116;e&#46;&#x66;&#117;&#99;h&#x73;&#x40;&#102;r&#x61;&#x6e;&#107;&#102;u&#x72;&#x74;&#45;e&#x76;&#x61;&#110;g&#x65;&#x6c;&#105;&#115;c&#x68;&#x2e;&#100;e\">E-Mail<\/a><\/p><\/div><\/div><\/div>\n<\/div>\n\n\n\n<div class=\"wp-block-column is-layout-flow wp-block-column-is-layout-flow\">\n<div class=\"wp-block-erv-id-card\"><div class=\"id-card-content\"><figure class=\"id-card-photo\"><img decoding=\"async\" src=\"https:\/\/evangelische-beratung.com\/wp-content\/uploads\/2025\/04\/portrait_platzhalter-1-300x300-1.jpg\" \/><\/figure><div class=\"id-card-details\"><p class=\"id-card-name\">N. N. <\/p><p class=\"id-card-job\">Leitung<\/p><p class=\"id-card-location\">Frankfurt<\/p><p class=\"id-card-phone\">069 \/ 53 02 301<\/p><p class=\"id-card-email\"><a href=\"&#109;&#x61;i&#108;&#x74;o&#x3a;&#x73;&#117;&#x63;h&#116;&#x62;e&#114;&#x61;&#116;&#x75;n&#103;&#x40;f&#114;&#x61;&#110;&#x6b;&#x66;&#117;&#x72;t&#45;&#x65;v&#x61;&#x6e;&#103;&#x65;l&#105;&#x73;c&#104;&#x2e;&#100;&#x65;\">E-Mail<\/a><\/p><\/div><\/div><\/div>\n\n\n\n<div class=\"wp-block-erv-id-card\"><div class=\"id-card-content\"><figure class=\"id-card-photo\"><img decoding=\"async\" src=\"https:\/\/evangelische-beratung.com\/wp-content\/uploads\/2020\/02\/Veit-Wennhak_2-300x200.jpg\" \/><\/figure><div class=\"id-card-details\"><p class=\"id-card-name\">Veit Wennhak <\/p><p class=\"id-card-job\">Fachberater Gl\u00fccksspiel<\/p><p class=\"id-card-location\">Frankfurt<\/p><p class=\"id-card-phone\">069 \/ 53 02 307<\/p><p class=\"id-card-email\"><a href=\"&#x6d;&#97;&#x69;&#108;t&#x6f;&#58;v&#x65;&#105;&#x74;&#x2e;w&#x65;&#110;n&#x68;&#97;&#x6b;&#x40;f&#x72;&#97;n&#x6b;&#102;u&#x72;&#116;&#x2d;&#101;v&#x61;&#110;g&#x65;&#108;&#x69;&#x73;c&#x68;&#46;d&#x65;\">E-Mail<\/a><\/p><\/div><\/div><\/div>\n<\/div>\n\n\n\n<div class=\"wp-block-column is-layout-flow wp-block-column-is-layout-flow\">\n<div class=\"wp-block-erv-id-card\"><div class=\"id-card-content\"><figure class=\"id-card-photo\"><img decoding=\"async\" src=\"https:\/\/evangelische-beratung.com\/wp-content\/uploads\/2020\/01\/portrait_platzhalter-1-300x300.jpg\"\/><\/figure><div class=\"id-card-details\"><p class=\"id-card-name\">Anzhelina Blum<\/p><p class=\"id-card-job\">Beratung &amp; Therapie<\/p><p class=\"id-card-location\">Frankfurt<\/p><p class=\"id-card-phone\">069 \/ 53 02 303<\/p><p class=\"id-card-email\"><a href=\"mai&#108;&#116;&#111;&#x3a;&#x61;&#x6e;&#x7a;&#x68;&#x65;lin&#97;&#46;&#98;&#108;&#x75;&#x6d;&#x40;&#x66;&#x72;&#x61;nkf&#117;&#114;&#116;&#x2d;&#x65;&#x76;&#x61;&#x6e;&#x67;eli&#115;&#99;&#104;&#46;&#x64;&#x65;\">E-Mail<\/a><\/p><\/div><\/div><\/div>\n\n\n\n<div class=\"wp-block-erv-id-card\"><div class=\"id-card-content\"><figure class=\"id-card-photo\"><img decoding=\"async\" src=\"https:\/\/evangelische-beratung.com\/wp-content\/uploads\/2020\/01\/portrait_platzhalter-1-300x300.jpg\"\/><\/figure><div class=\"id-card-details\"><p class=\"id-card-name\">Katrin Werland<\/p><p class=\"id-card-job\">Beratung &amp; Therapie<\/p><p class=\"id-card-location\">Frankfurt<\/p><p class=\"id-card-phone\">069 \/ 53 02 305<\/p><p class=\"id-card-email\"><a href=\"&#x6d;&#x61;&#105;&#108;&#116;o&#x3a;&#x6b;&#x61;&#116;&#114;in&#x2e;&#x77;&#x65;&#114;&#108;a&#x6e;&#x64;&#x40;&#102;&#114;&#97;n&#x6b;&#x66;&#x75;&#114;&#116;-e&#x76;&#x61;&#x6e;&#103;&#101;l&#x69;&#x73;&#x63;&#104;&#46;&#100;e\">E-Mail<\/a><\/p><\/div><\/div><\/div>\n<\/div>\n<\/div>\n","protected":false},"excerpt":{"rendered":"<p>Vous recevrez des informations et de l&rsquo;aide pour tout ce qui concerne les questions touchant \u00e0 l&rsquo;addiction. Qu&rsquo;il s&rsquo;agisse d&rsquo;alcool, de drogues ill\u00e9gales, de m\u00e9dicaments, de jeux de hasard et autres : notre offre s&rsquo;adresse aux personnes affect\u00e9es tout comme \u00e0 leurs parents et aux membres de leur entourage social. Aide et soutien pendant la [&hellip;]<\/p>\n","protected":false},"author":2,"featured_media":236,"parent":0,"menu_order":0,"comment_status":"closed","ping_status":"closed","template":"","meta":{"footnotes":""},"class_list":["post-37","page","type-page","status-publish","has-post-thumbnail","hentry"],"yoast_head":"<!-- This site is optimized with the Yoast SEO plugin v27.3 - https:\/\/yoast.com\/product\/yoast-seo-wordpress\/ -->\n<title>Beratung rund um das Thema Sucht in Frankfurt beim Ev. Regionalverband<\/title>\n<meta name=\"description\" content=\"Bei uns erhalten Sie Informationen und Hilfestellungen rund um das Thema Sucht. Vertraulich und kostenfrei. Wir helfen Ihnen.\" \/>\n<meta name=\"robots\" content=\"index, follow, max-snippet:-1, max-image-preview:large, max-video-preview:-1\" \/>\n<link rel=\"canonical\" href=\"https:\/\/evangelische-beratung.com\/fr\/sucht\/\" \/>\n<meta property=\"og:locale\" content=\"fr_FR\" \/>\n<meta property=\"og:type\" content=\"article\" \/>\n<meta property=\"og:title\" content=\"Beratung rund um das Thema Sucht in Frankfurt beim Ev. Regionalverband\" \/>\n<meta property=\"og:description\" content=\"Bei uns erhalten Sie Informationen und Hilfestellungen rund um das Thema Sucht. Vertraulich und kostenfrei. Wir helfen Ihnen.\" \/>\n<meta property=\"og:url\" content=\"https:\/\/evangelische-beratung.com\/fr\/sucht\/\" \/>\n<meta property=\"og:site_name\" content=\"Evangelischer Regionalverband\" \/>\n<meta property=\"article:modified_time\" content=\"2022-09-12T15:37:56+00:00\" \/>\n<meta property=\"og:image\" content=\"https:\/\/evangelische-beratung.com\/fr\/wp-content\/uploads\/sites\/5\/2019\/08\/HERO_Suchtberatung_Gruppensituation-2.jpg\" \/>\n\t<meta property=\"og:image:width\" content=\"1840\" \/>\n\t<meta property=\"og:image:height\" content=\"720\" \/>\n\t<meta property=\"og:image:type\" content=\"image\/jpeg\" \/>\n<meta name=\"twitter:card\" content=\"summary_large_image\" \/>\n<meta name=\"twitter:label1\" content=\"Dur\u00e9e de lecture estim\u00e9e\" \/>\n\t<meta name=\"twitter:data1\" content=\"2 minutes\" \/>\n<script type=\"application\/ld+json\" class=\"yoast-schema-graph\">{\"@context\":\"https:\\\/\\\/schema.org\",\"@graph\":[{\"@type\":\"WebPage\",\"@id\":\"https:\\\/\\\/evangelische-beratung.com\\\/fr\\\/sucht\\\/\",\"url\":\"https:\\\/\\\/evangelische-beratung.com\\\/fr\\\/sucht\\\/\",\"name\":\"Beratung rund um das Thema Sucht in Frankfurt beim Ev. Regionalverband\",\"isPartOf\":{\"@id\":\"https:\\\/\\\/evangelische-beratung.com\\\/fr\\\/#website\"},\"primaryImageOfPage\":{\"@id\":\"https:\\\/\\\/evangelische-beratung.com\\\/fr\\\/sucht\\\/#primaryimage\"},\"image\":{\"@id\":\"https:\\\/\\\/evangelische-beratung.com\\\/fr\\\/sucht\\\/#primaryimage\"},\"thumbnailUrl\":\"https:\\\/\\\/evangelische-beratung.com\\\/fr\\\/wp-content\\\/uploads\\\/sites\\\/5\\\/2019\\\/08\\\/HERO_Suchtberatung_Gruppensituation-2.jpg\",\"datePublished\":\"2019-07-21T20:19:34+00:00\",\"dateModified\":\"2022-09-12T15:37:56+00:00\",\"description\":\"Bei uns erhalten Sie Informationen und Hilfestellungen rund um das Thema Sucht. Vertraulich und kostenfrei. Wir helfen Ihnen.\",\"breadcrumb\":{\"@id\":\"https:\\\/\\\/evangelische-beratung.com\\\/fr\\\/sucht\\\/#breadcrumb\"},\"inLanguage\":\"fr-FR\",\"potentialAction\":[{\"@type\":\"ReadAction\",\"target\":[\"https:\\\/\\\/evangelische-beratung.com\\\/fr\\\/sucht\\\/\"]}]},{\"@type\":\"ImageObject\",\"inLanguage\":\"fr-FR\",\"@id\":\"https:\\\/\\\/evangelische-beratung.com\\\/fr\\\/sucht\\\/#primaryimage\",\"url\":\"https:\\\/\\\/evangelische-beratung.com\\\/fr\\\/wp-content\\\/uploads\\\/sites\\\/5\\\/2019\\\/08\\\/HERO_Suchtberatung_Gruppensituation-2.jpg\",\"contentUrl\":\"https:\\\/\\\/evangelische-beratung.com\\\/fr\\\/wp-content\\\/uploads\\\/sites\\\/5\\\/2019\\\/08\\\/HERO_Suchtberatung_Gruppensituation-2.jpg\",\"width\":1840,\"height\":720},{\"@type\":\"BreadcrumbList\",\"@id\":\"https:\\\/\\\/evangelische-beratung.com\\\/fr\\\/sucht\\\/#breadcrumb\",\"itemListElement\":[{\"@type\":\"ListItem\",\"position\":1,\"name\":\"Startseite\",\"item\":\"https:\\\/\\\/evangelische-beratung.com\\\/fr\\\/\"},{\"@type\":\"ListItem\",\"position\":2,\"name\":\"Addiction\"}]},{\"@type\":\"WebSite\",\"@id\":\"https:\\\/\\\/evangelische-beratung.com\\\/fr\\\/#website\",\"url\":\"https:\\\/\\\/evangelische-beratung.com\\\/fr\\\/\",\"name\":\"Evangelischer Regionalverband\",\"description\":\"\",\"publisher\":{\"@id\":\"https:\\\/\\\/evangelische-beratung.com\\\/fr\\\/#organization\"},\"potentialAction\":[{\"@type\":\"SearchAction\",\"target\":{\"@type\":\"EntryPoint\",\"urlTemplate\":\"https:\\\/\\\/evangelische-beratung.com\\\/fr\\\/?s={search_term_string}\"},\"query-input\":{\"@type\":\"PropertyValueSpecification\",\"valueRequired\":true,\"valueName\":\"search_term_string\"}}],\"inLanguage\":\"fr-FR\"},{\"@type\":\"Organization\",\"@id\":\"https:\\\/\\\/evangelische-beratung.com\\\/fr\\\/#organization\",\"name\":\"Evangelischer Regionalverband Frankfurt und Offenbach\",\"url\":\"https:\\\/\\\/evangelische-beratung.com\\\/fr\\\/\",\"logo\":{\"@type\":\"ImageObject\",\"inLanguage\":\"fr-FR\",\"@id\":\"https:\\\/\\\/evangelische-beratung.com\\\/fr\\\/#\\\/schema\\\/logo\\\/image\\\/\",\"url\":\"https:\\\/\\\/evangelische-beratung.com\\\/fr\\\/wp-content\\\/uploads\\\/sites\\\/5\\\/2019\\\/10\\\/erv-logo.png\",\"contentUrl\":\"https:\\\/\\\/evangelische-beratung.com\\\/fr\\\/wp-content\\\/uploads\\\/sites\\\/5\\\/2019\\\/10\\\/erv-logo.png\",\"width\":1127,\"height\":595,\"caption\":\"Evangelischer Regionalverband Frankfurt und Offenbach\"},\"image\":{\"@id\":\"https:\\\/\\\/evangelische-beratung.com\\\/fr\\\/#\\\/schema\\\/logo\\\/image\\\/\"}}]}<\/script>\n<!-- \/ Yoast SEO plugin. -->","yoast_head_json":{"title":"Beratung rund um das Thema Sucht in Frankfurt beim Ev. Regionalverband","description":"Bei uns erhalten Sie Informationen und Hilfestellungen rund um das Thema Sucht. Vertraulich und kostenfrei. Wir helfen Ihnen.","robots":{"index":"index","follow":"follow","max-snippet":"max-snippet:-1","max-image-preview":"max-image-preview:large","max-video-preview":"max-video-preview:-1"},"canonical":"https:\/\/evangelische-beratung.com\/fr\/sucht\/","og_locale":"fr_FR","og_type":"article","og_title":"Beratung rund um das Thema Sucht in Frankfurt beim Ev. Regionalverband","og_description":"Bei uns erhalten Sie Informationen und Hilfestellungen rund um das Thema Sucht. Vertraulich und kostenfrei. Wir helfen Ihnen.","og_url":"https:\/\/evangelische-beratung.com\/fr\/sucht\/","og_site_name":"Evangelischer Regionalverband","article_modified_time":"2022-09-12T15:37:56+00:00","og_image":[{"width":1840,"height":720,"url":"https:\/\/evangelische-beratung.com\/fr\/wp-content\/uploads\/sites\/5\/2019\/08\/HERO_Suchtberatung_Gruppensituation-2.jpg","type":"image\/jpeg"}],"twitter_card":"summary_large_image","twitter_misc":{"Dur\u00e9e de lecture estim\u00e9e":"2 minutes"},"schema":{"@context":"https:\/\/schema.org","@graph":[{"@type":"WebPage","@id":"https:\/\/evangelische-beratung.com\/fr\/sucht\/","url":"https:\/\/evangelische-beratung.com\/fr\/sucht\/","name":"Beratung rund um das Thema Sucht in Frankfurt beim Ev. Regionalverband","isPartOf":{"@id":"https:\/\/evangelische-beratung.com\/fr\/#website"},"primaryImageOfPage":{"@id":"https:\/\/evangelische-beratung.com\/fr\/sucht\/#primaryimage"},"image":{"@id":"https:\/\/evangelische-beratung.com\/fr\/sucht\/#primaryimage"},"thumbnailUrl":"https:\/\/evangelische-beratung.com\/fr\/wp-content\/uploads\/sites\/5\/2019\/08\/HERO_Suchtberatung_Gruppensituation-2.jpg","datePublished":"2019-07-21T20:19:34+00:00","dateModified":"2022-09-12T15:37:56+00:00","description":"Bei uns erhalten Sie Informationen und Hilfestellungen rund um das Thema Sucht. Vertraulich und kostenfrei. Wir helfen Ihnen.","breadcrumb":{"@id":"https:\/\/evangelische-beratung.com\/fr\/sucht\/#breadcrumb"},"inLanguage":"fr-FR","potentialAction":[{"@type":"ReadAction","target":["https:\/\/evangelische-beratung.com\/fr\/sucht\/"]}]},{"@type":"ImageObject","inLanguage":"fr-FR","@id":"https:\/\/evangelische-beratung.com\/fr\/sucht\/#primaryimage","url":"https:\/\/evangelische-beratung.com\/fr\/wp-content\/uploads\/sites\/5\/2019\/08\/HERO_Suchtberatung_Gruppensituation-2.jpg","contentUrl":"https:\/\/evangelische-beratung.com\/fr\/wp-content\/uploads\/sites\/5\/2019\/08\/HERO_Suchtberatung_Gruppensituation-2.jpg","width":1840,"height":720},{"@type":"BreadcrumbList","@id":"https:\/\/evangelische-beratung.com\/fr\/sucht\/#breadcrumb","itemListElement":[{"@type":"ListItem","position":1,"name":"Startseite","item":"https:\/\/evangelische-beratung.com\/fr\/"},{"@type":"ListItem","position":2,"name":"Addiction"}]},{"@type":"WebSite","@id":"https:\/\/evangelische-beratung.com\/fr\/#website","url":"https:\/\/evangelische-beratung.com\/fr\/","name":"Evangelischer Regionalverband","description":"","publisher":{"@id":"https:\/\/evangelische-beratung.com\/fr\/#organization"},"potentialAction":[{"@type":"SearchAction","target":{"@type":"EntryPoint","urlTemplate":"https:\/\/evangelische-beratung.com\/fr\/?s={search_term_string}"},"query-input":{"@type":"PropertyValueSpecification","valueRequired":true,"valueName":"search_term_string"}}],"inLanguage":"fr-FR"},{"@type":"Organization","@id":"https:\/\/evangelische-beratung.com\/fr\/#organization","name":"Evangelischer Regionalverband Frankfurt und Offenbach","url":"https:\/\/evangelische-beratung.com\/fr\/","logo":{"@type":"ImageObject","inLanguage":"fr-FR","@id":"https:\/\/evangelische-beratung.com\/fr\/#\/schema\/logo\/image\/","url":"https:\/\/evangelische-beratung.com\/fr\/wp-content\/uploads\/sites\/5\/2019\/10\/erv-logo.png","contentUrl":"https:\/\/evangelische-beratung.com\/fr\/wp-content\/uploads\/sites\/5\/2019\/10\/erv-logo.png","width":1127,"height":595,"caption":"Evangelischer Regionalverband Frankfurt und Offenbach"},"image":{"@id":"https:\/\/evangelische-beratung.com\/fr\/#\/schema\/logo\/image\/"}}]}},"_links":{"self":[{"href":"https:\/\/evangelische-beratung.com\/fr\/wp-json\/wp\/v2\/pages\/37","targetHints":{"allow":["GET"]}}],"collection":[{"href":"https:\/\/evangelische-beratung.com\/fr\/wp-json\/wp\/v2\/pages"}],"about":[{"href":"https:\/\/evangelische-beratung.com\/fr\/wp-json\/wp\/v2\/types\/page"}],"author":[{"embeddable":true,"href":"https:\/\/evangelische-beratung.com\/fr\/wp-json\/wp\/v2\/users\/2"}],"replies":[{"embeddable":true,"href":"https:\/\/evangelische-beratung.com\/fr\/wp-json\/wp\/v2\/comments?post=37"}],"version-history":[{"count":5,"href":"https:\/\/evangelische-beratung.com\/fr\/wp-json\/wp\/v2\/pages\/37\/revisions"}],"predecessor-version":[{"id":1852,"href":"https:\/\/evangelische-beratung.com\/fr\/wp-json\/wp\/v2\/pages\/37\/revisions\/1852"}],"wp:featuredmedia":[{"embeddable":true,"href":"https:\/\/evangelische-beratung.com\/fr\/wp-json\/wp\/v2\/media\/236"}],"wp:attachment":[{"href":"https:\/\/evangelische-beratung.com\/fr\/wp-json\/wp\/v2\/media?parent=37"}],"curies":[{"name":"wp","href":"https:\/\/api.w.org\/{rel}","templated":true}]}}