{"id":366,"date":"2019-08-19T12:02:56","date_gmt":"2019-08-19T10:02:56","guid":{"rendered":"https:\/\/evangelische-beratung.com\/fr\/?page_id=366"},"modified":"2020-03-15T10:01:58","modified_gmt":"2020-03-15T09:01:58","slug":"medizinisch-psychologische-untersuchung-mpu-vorbereitung","status":"publish","type":"page","link":"https:\/\/evangelische-beratung.com\/fr\/sucht\/alkohol\/medizinisch-psychologische-untersuchung-mpu-vorbereitung\/","title":{"rendered":"Pr\u00e9paration \u00e0 une \u00e9valuation m\u00e9dicale et psychologique (MPU)"},"content":{"rendered":"\n<p class=\"is-style-teaser\">Nous vous aidons \u00e0 vous pr\u00e9parer \u00e0 l\u2019\u00e9valuation psychologique (MPU) n\u00e9cessaire pour r\u00e9cup\u00e9rer un permis de conduire perdu.<\/p>\n\n\n\n<h2 class=\"wp-block-heading\">Offres de cours<\/h2>\n\n\n\n<ul class=\"wp-block-list\"><li>Explication et informations<\/li><li>Conditions pr\u00e9alables \u00e0 la r\u00e9cup\u00e9ration du permis de conduire<\/li><li>Notre offre\u00a0: 10 unit\u00e9s de cours de 50 minutes en session individuelles et\/ou  petits groupes pour ceux qui veulent r\u00e9cup\u00e9rer leur permis de conduire<\/li><li>Fourniture d\u2019aide \u00e0 soi-m\u00eame du cercle des amis de Francfort<\/li><\/ul>\n\n\n\n<h2 class=\"wp-block-heading\"> Objectifs<\/h2>\n\n\n\n<ul class=\"wp-block-list\"><li>R\u00e9flexion sur la conduite en \u00e9tat d\u2019ivresse<\/li><li>D\u00e9veloppement de la prise de conscience de la fonctionnalit\u00e9 de la consommation de substances addictives<\/li><li>\u201eDon\u2018 t drink and drive\u201c<\/li><li>Calcul du taux d\u2019alcool\u00e9mie dans le sang (selon la formule de Widmark)<\/li><li>Responsabilisation par rapport \u00e0 son propre comportement abusif<\/li><li>R\u00e9duction du besoin de consommation de substances addictives<\/li><li>Clarification : y a-t-il un abus ou une d\u00e9pendance<\/li><li> En cas de d\u00e9pendance : stimulation du d\u00e9veloppement d\u2019une forme de vie abstinente <\/li><\/ul>\n\n\n\n<h2 class=\"wp-block-heading\"> Contenus \/ m\u00e9thodes<br><\/h2>\n\n\n\n<ul class=\"wp-block-list\"><li>Motivation sur la confrontation avec les formes d\u2019un ancien comportement de consommation d\u2019alcool<\/li><li>Information sur la naissance de la d\u00e9pendance aux drogues<\/li><li>Aide \u00e0 la clarification de la situation de motivation personnelle<\/li><li>D\u00e9veloppement des modes d\u2019acc\u00e8s individuels<\/li><li>Validation du mode de vie du client<\/li><li>Point sur la situation psychosociale<\/li><li>Exploration du comportement de consommation d\u2019alcool : dans le contexte de la structure de la personnalit\u00e9, dans le contexte familial, dans le contexte de l\u2019entourage social<\/li><li>Description des cons\u00e9quences d\u00e9coulant de l\u2019action propre<\/li><li>Au besoin, proposition d\u2019une th\u00e9rapie stationnaire<\/li><\/ul>\n\n\n\n<p><strong>Co\u00fbts :<\/strong> 10 unit\u00e9s de cours de 85 euros. Co\u00fbt total : 850 euros<br><\/p>\n\n\n\n<p style=\"text-align:center\" class=\"is-style-roof-line\"><strong>Vos interlocuteurs<\/strong><\/p>\n\n\n\n<div class=\"wp-block-columns alignwide has-3-columns is-layout-flex wp-container-core-columns-is-layout-9d6595d7 wp-block-columns-is-layout-flex\">\n<div class=\"wp-block-column is-layout-flow wp-block-column-is-layout-flow\">\n<div class=\"wp-block-erv-id-card\"><div class=\"id-card-content\"><figure class=\"id-card-photo\"><img decoding=\"async\" src=\"https:\/\/evangelische-beratung.com\/wp-content\/uploads\/2019\/08\/Monika-Schiemann_Verwaltung-Suchtberatung-300x200.jpg\" \/><\/figure><div class=\"id-card-details\"><p class=\"id-card-name\">Monika Schiemann<\/p><p class=\"id-card-job\">Sekretariat &amp; Anmeldung<\/p><p class=\"id-card-location\">Frankfurt<\/p><p class=\"id-card-phone\">069 \/ 53 02 302 <\/p><p class=\"id-card-email\"><a href=\"&#x6d;&#x61;&#105;&#108;t&#x6f;&#x3a;&#x73;&#117;&#99;h&#x74;&#x62;&#x65;&#114;&#97;t&#x75;&#x6e;&#x67;&#64;&#102;r&#x61;&#x6e;&#x6b;&#102;ur&#x74;&#x2d;&#x65;&#118;an&#x67;&#x65;&#108;&#105;sc&#x68;&#x2e;&#100;&#101;\">E-Mail<\/a><\/p><\/div><\/div><\/div>\n\n\n\n<div class=\"wp-block-erv-id-card\"><div class=\"id-card-content\"><figure class=\"id-card-photo\"><img decoding=\"async\" src=\"https:\/\/evangelische-beratung.com\/wp-content\/uploads\/2020\/01\/portrait_platzhalter-1-300x300.jpg\"\/><\/figure><div class=\"id-card-details\"><p class=\"id-card-name\">Katrin Werland<\/p><p class=\"id-card-job\">Beratung &amp; Therapie<\/p><p class=\"id-card-location\">Frankfurt<\/p><p class=\"id-card-phone\">069 \/ 53 02 305<\/p><p class=\"id-card-email\"><a href=\"mailto:k&#97;&#116;&#114;&#105;&#110;&#46;&#119;&#101;&#114;&#108;&#x61;&#x6e;&#x64;&#x40;&#x66;&#x72;&#x61;&#x6e;&#x6b;&#x66;&#x75;&#x72;&#x74;&#x2d;&#x65;vangelis&#99;&#104;&#46;&#100;&#101;\">E-Mail<\/a><\/p><\/div><\/div><\/div>\n<\/div>\n\n\n\n<div class=\"wp-block-column is-layout-flow wp-block-column-is-layout-flow\">\n<div class=\"wp-block-erv-id-card\"><div class=\"id-card-content\"><figure class=\"id-card-photo\"><img decoding=\"async\" src=\"https:\/\/evangelische-beratung.com\/wp-content\/uploads\/2025\/04\/portrait_platzhalter-1-300x300-1.jpg\" \/><\/figure><div class=\"id-card-details\"><p class=\"id-card-name\">N. N. <\/p><p class=\"id-card-job\">Leitung<\/p><p class=\"id-card-location\">Frankfurt<\/p><p class=\"id-card-phone\">069 \/ 53 02 301<\/p><p class=\"id-card-email\"><a href=\"m&#97;&#x69;&#x6c;t&#111;&#x3a;&#x73;u&#99;&#104;&#x74;&#x62;e&#114;&#x61;&#x74;u&#110;&#x67;&#x40;f&#114;&#97;&#x6e;&#x6b;f&#117;&#x72;&#x74;-&#101;&#x76;&#x61;n&#103;&#101;&#x6c;&#x69;s&#99;&#x68;&#x2e;d&#101;\">E-Mail<\/a><\/p><\/div><\/div><\/div>\n<\/div>\n\n\n\n<div class=\"wp-block-column is-layout-flow wp-block-column-is-layout-flow\">\n<div class=\"wp-block-erv-id-card\"><div class=\"id-card-content\"><figure class=\"id-card-photo\"><img decoding=\"async\" src=\"https:\/\/evangelische-beratung.com\/wp-content\/uploads\/2020\/01\/portrait_platzhalter-1-300x300.jpg\"\/><\/figure><div class=\"id-card-details\"><p class=\"id-card-name\">Anzhelina Blum<\/p><p class=\"id-card-job\">Beratung &amp; Therapie<\/p><p class=\"id-card-location\">Frankfurt<\/p><p class=\"id-card-phone\">069 \/ 53 02 303<\/p><p class=\"id-card-email\"><a href=\"m&#97;&#105;&#x6c;&#x74;&#x6f;&#x3a;a&#110;&#122;&#104;&#x65;&#x6c;&#x69;na&#46;&#98;&#x6c;&#x75;&#x6d;&#64;f&#114;&#97;&#x6e;&#x6b;&#x66;ur&#116;&#45;&#x65;&#x76;&#x61;ng&#101;&#108;&#x69;&#x73;&#x63;h&#46;&#100;&#101;\">E-Mail<\/a><\/p><\/div><\/div><\/div>\n<\/div>\n<\/div>\n\n\n\n<p><\/p>\n","protected":false},"excerpt":{"rendered":"<p>Nous vous aidons \u00e0 vous pr\u00e9parer \u00e0 l\u2019\u00e9valuation psychologique (MPU) n\u00e9cessaire pour r\u00e9cup\u00e9rer un permis de conduire perdu. Offres de cours Explication et informations Conditions pr\u00e9alables \u00e0 la r\u00e9cup\u00e9ration du permis de conduire Notre offre\u00a0: 10 unit\u00e9s de cours de 50 minutes en session individuelles et\/ou petits groupes pour ceux qui veulent r\u00e9cup\u00e9rer leur permis [&hellip;]<\/p>\n","protected":false},"author":3,"featured_media":0,"parent":237,"menu_order":0,"comment_status":"closed","ping_status":"closed","template":"","meta":{"footnotes":""},"class_list":["post-366","page","type-page","status-publish","hentry"],"yoast_head":"<!-- This site is optimized with the Yoast SEO plugin v27.3 - https:\/\/yoast.com\/product\/yoast-seo-wordpress\/ -->\n<title>Vorbereitung zur MPU in Frankfurt beim Ev. Regionalverband<\/title>\n<meta name=\"description\" content=\"Wir bereiten Sie auf die psychologische Untersuchung (MPU) nach Verlust des F\u00fchrerscheins vor. Gerne sind wir f\u00fcr Sie da.\" \/>\n<meta name=\"robots\" content=\"index, follow, max-snippet:-1, max-image-preview:large, max-video-preview:-1\" \/>\n<link rel=\"canonical\" href=\"https:\/\/evangelische-beratung.com\/fr\/sucht\/alkohol\/medizinisch-psychologische-untersuchung-mpu-vorbereitung\/\" \/>\n<meta property=\"og:locale\" content=\"fr_FR\" \/>\n<meta property=\"og:type\" content=\"article\" \/>\n<meta property=\"og:title\" content=\"Vorbereitung zur MPU in Frankfurt beim Ev. Regionalverband\" \/>\n<meta property=\"og:description\" content=\"Wir bereiten Sie auf die psychologische Untersuchung (MPU) nach Verlust des F\u00fchrerscheins vor. Gerne sind wir f\u00fcr Sie da.\" \/>\n<meta property=\"og:url\" content=\"https:\/\/evangelische-beratung.com\/fr\/sucht\/alkohol\/medizinisch-psychologische-untersuchung-mpu-vorbereitung\/\" \/>\n<meta property=\"og:site_name\" content=\"Evangelischer Regionalverband\" \/>\n<meta property=\"article:modified_time\" content=\"2020-03-15T09:01:58+00:00\" \/>\n<meta name=\"twitter:card\" content=\"summary_large_image\" \/>\n<meta name=\"twitter:label1\" content=\"Dur\u00e9e de lecture estim\u00e9e\" \/>\n\t<meta name=\"twitter:data1\" content=\"1 minute\" \/>\n<script type=\"application\/ld+json\" class=\"yoast-schema-graph\">{\"@context\":\"https:\\\/\\\/schema.org\",\"@graph\":[{\"@type\":\"WebPage\",\"@id\":\"https:\\\/\\\/evangelische-beratung.com\\\/fr\\\/sucht\\\/alkohol\\\/medizinisch-psychologische-untersuchung-mpu-vorbereitung\\\/\",\"url\":\"https:\\\/\\\/evangelische-beratung.com\\\/fr\\\/sucht\\\/alkohol\\\/medizinisch-psychologische-untersuchung-mpu-vorbereitung\\\/\",\"name\":\"Vorbereitung zur MPU in Frankfurt beim Ev. Regionalverband\",\"isPartOf\":{\"@id\":\"https:\\\/\\\/evangelische-beratung.com\\\/fr\\\/#website\"},\"datePublished\":\"2019-08-19T10:02:56+00:00\",\"dateModified\":\"2020-03-15T09:01:58+00:00\",\"description\":\"Wir bereiten Sie auf die psychologische Untersuchung (MPU) nach Verlust des F\u00fchrerscheins vor. Gerne sind wir f\u00fcr Sie da.\",\"breadcrumb\":{\"@id\":\"https:\\\/\\\/evangelische-beratung.com\\\/fr\\\/sucht\\\/alkohol\\\/medizinisch-psychologische-untersuchung-mpu-vorbereitung\\\/#breadcrumb\"},\"inLanguage\":\"fr-FR\",\"potentialAction\":[{\"@type\":\"ReadAction\",\"target\":[\"https:\\\/\\\/evangelische-beratung.com\\\/fr\\\/sucht\\\/alkohol\\\/medizinisch-psychologische-untersuchung-mpu-vorbereitung\\\/\"]}]},{\"@type\":\"BreadcrumbList\",\"@id\":\"https:\\\/\\\/evangelische-beratung.com\\\/fr\\\/sucht\\\/alkohol\\\/medizinisch-psychologische-untersuchung-mpu-vorbereitung\\\/#breadcrumb\",\"itemListElement\":[{\"@type\":\"ListItem\",\"position\":1,\"name\":\"Startseite\",\"item\":\"https:\\\/\\\/evangelische-beratung.com\\\/fr\\\/\"},{\"@type\":\"ListItem\",\"position\":2,\"name\":\"Addiction\",\"item\":\"https:\\\/\\\/evangelische-beratung.com\\\/fr\\\/sucht\\\/\"},{\"@type\":\"ListItem\",\"position\":3,\"name\":\"Alcool\",\"item\":\"https:\\\/\\\/evangelische-beratung.com\\\/fr\\\/sucht\\\/alkohol\\\/\"},{\"@type\":\"ListItem\",\"position\":4,\"name\":\"Pr\u00e9paration \u00e0 une \u00e9valuation m\u00e9dicale et psychologique (MPU)\"}]},{\"@type\":\"WebSite\",\"@id\":\"https:\\\/\\\/evangelische-beratung.com\\\/fr\\\/#website\",\"url\":\"https:\\\/\\\/evangelische-beratung.com\\\/fr\\\/\",\"name\":\"Evangelischer Regionalverband\",\"description\":\"\",\"publisher\":{\"@id\":\"https:\\\/\\\/evangelische-beratung.com\\\/fr\\\/#organization\"},\"potentialAction\":[{\"@type\":\"SearchAction\",\"target\":{\"@type\":\"EntryPoint\",\"urlTemplate\":\"https:\\\/\\\/evangelische-beratung.com\\\/fr\\\/?s={search_term_string}\"},\"query-input\":{\"@type\":\"PropertyValueSpecification\",\"valueRequired\":true,\"valueName\":\"search_term_string\"}}],\"inLanguage\":\"fr-FR\"},{\"@type\":\"Organization\",\"@id\":\"https:\\\/\\\/evangelische-beratung.com\\\/fr\\\/#organization\",\"name\":\"Evangelischer Regionalverband Frankfurt und Offenbach\",\"url\":\"https:\\\/\\\/evangelische-beratung.com\\\/fr\\\/\",\"logo\":{\"@type\":\"ImageObject\",\"inLanguage\":\"fr-FR\",\"@id\":\"https:\\\/\\\/evangelische-beratung.com\\\/fr\\\/#\\\/schema\\\/logo\\\/image\\\/\",\"url\":\"https:\\\/\\\/evangelische-beratung.com\\\/fr\\\/wp-content\\\/uploads\\\/sites\\\/5\\\/2019\\\/10\\\/erv-logo.png\",\"contentUrl\":\"https:\\\/\\\/evangelische-beratung.com\\\/fr\\\/wp-content\\\/uploads\\\/sites\\\/5\\\/2019\\\/10\\\/erv-logo.png\",\"width\":1127,\"height\":595,\"caption\":\"Evangelischer Regionalverband Frankfurt und Offenbach\"},\"image\":{\"@id\":\"https:\\\/\\\/evangelische-beratung.com\\\/fr\\\/#\\\/schema\\\/logo\\\/image\\\/\"}}]}<\/script>\n<!-- \/ Yoast SEO plugin. -->","yoast_head_json":{"title":"Vorbereitung zur MPU in Frankfurt beim Ev. Regionalverband","description":"Wir bereiten Sie auf die psychologische Untersuchung (MPU) nach Verlust des F\u00fchrerscheins vor. Gerne sind wir f\u00fcr Sie da.","robots":{"index":"index","follow":"follow","max-snippet":"max-snippet:-1","max-image-preview":"max-image-preview:large","max-video-preview":"max-video-preview:-1"},"canonical":"https:\/\/evangelische-beratung.com\/fr\/sucht\/alkohol\/medizinisch-psychologische-untersuchung-mpu-vorbereitung\/","og_locale":"fr_FR","og_type":"article","og_title":"Vorbereitung zur MPU in Frankfurt beim Ev. Regionalverband","og_description":"Wir bereiten Sie auf die psychologische Untersuchung (MPU) nach Verlust des F\u00fchrerscheins vor. Gerne sind wir f\u00fcr Sie da.","og_url":"https:\/\/evangelische-beratung.com\/fr\/sucht\/alkohol\/medizinisch-psychologische-untersuchung-mpu-vorbereitung\/","og_site_name":"Evangelischer Regionalverband","article_modified_time":"2020-03-15T09:01:58+00:00","twitter_card":"summary_large_image","twitter_misc":{"Dur\u00e9e de lecture estim\u00e9e":"1 minute"},"schema":{"@context":"https:\/\/schema.org","@graph":[{"@type":"WebPage","@id":"https:\/\/evangelische-beratung.com\/fr\/sucht\/alkohol\/medizinisch-psychologische-untersuchung-mpu-vorbereitung\/","url":"https:\/\/evangelische-beratung.com\/fr\/sucht\/alkohol\/medizinisch-psychologische-untersuchung-mpu-vorbereitung\/","name":"Vorbereitung zur MPU in Frankfurt beim Ev. Regionalverband","isPartOf":{"@id":"https:\/\/evangelische-beratung.com\/fr\/#website"},"datePublished":"2019-08-19T10:02:56+00:00","dateModified":"2020-03-15T09:01:58+00:00","description":"Wir bereiten Sie auf die psychologische Untersuchung (MPU) nach Verlust des F\u00fchrerscheins vor. Gerne sind wir f\u00fcr Sie da.","breadcrumb":{"@id":"https:\/\/evangelische-beratung.com\/fr\/sucht\/alkohol\/medizinisch-psychologische-untersuchung-mpu-vorbereitung\/#breadcrumb"},"inLanguage":"fr-FR","potentialAction":[{"@type":"ReadAction","target":["https:\/\/evangelische-beratung.com\/fr\/sucht\/alkohol\/medizinisch-psychologische-untersuchung-mpu-vorbereitung\/"]}]},{"@type":"BreadcrumbList","@id":"https:\/\/evangelische-beratung.com\/fr\/sucht\/alkohol\/medizinisch-psychologische-untersuchung-mpu-vorbereitung\/#breadcrumb","itemListElement":[{"@type":"ListItem","position":1,"name":"Startseite","item":"https:\/\/evangelische-beratung.com\/fr\/"},{"@type":"ListItem","position":2,"name":"Addiction","item":"https:\/\/evangelische-beratung.com\/fr\/sucht\/"},{"@type":"ListItem","position":3,"name":"Alcool","item":"https:\/\/evangelische-beratung.com\/fr\/sucht\/alkohol\/"},{"@type":"ListItem","position":4,"name":"Pr\u00e9paration \u00e0 une \u00e9valuation m\u00e9dicale et psychologique (MPU)"}]},{"@type":"WebSite","@id":"https:\/\/evangelische-beratung.com\/fr\/#website","url":"https:\/\/evangelische-beratung.com\/fr\/","name":"Evangelischer Regionalverband","description":"","publisher":{"@id":"https:\/\/evangelische-beratung.com\/fr\/#organization"},"potentialAction":[{"@type":"SearchAction","target":{"@type":"EntryPoint","urlTemplate":"https:\/\/evangelische-beratung.com\/fr\/?s={search_term_string}"},"query-input":{"@type":"PropertyValueSpecification","valueRequired":true,"valueName":"search_term_string"}}],"inLanguage":"fr-FR"},{"@type":"Organization","@id":"https:\/\/evangelische-beratung.com\/fr\/#organization","name":"Evangelischer Regionalverband Frankfurt und Offenbach","url":"https:\/\/evangelische-beratung.com\/fr\/","logo":{"@type":"ImageObject","inLanguage":"fr-FR","@id":"https:\/\/evangelische-beratung.com\/fr\/#\/schema\/logo\/image\/","url":"https:\/\/evangelische-beratung.com\/fr\/wp-content\/uploads\/sites\/5\/2019\/10\/erv-logo.png","contentUrl":"https:\/\/evangelische-beratung.com\/fr\/wp-content\/uploads\/sites\/5\/2019\/10\/erv-logo.png","width":1127,"height":595,"caption":"Evangelischer Regionalverband Frankfurt und Offenbach"},"image":{"@id":"https:\/\/evangelische-beratung.com\/fr\/#\/schema\/logo\/image\/"}}]}},"_links":{"self":[{"href":"https:\/\/evangelische-beratung.com\/fr\/wp-json\/wp\/v2\/pages\/366","targetHints":{"allow":["GET"]}}],"collection":[{"href":"https:\/\/evangelische-beratung.com\/fr\/wp-json\/wp\/v2\/pages"}],"about":[{"href":"https:\/\/evangelische-beratung.com\/fr\/wp-json\/wp\/v2\/types\/page"}],"author":[{"embeddable":true,"href":"https:\/\/evangelische-beratung.com\/fr\/wp-json\/wp\/v2\/users\/3"}],"replies":[{"embeddable":true,"href":"https:\/\/evangelische-beratung.com\/fr\/wp-json\/wp\/v2\/comments?post=366"}],"version-history":[{"count":5,"href":"https:\/\/evangelische-beratung.com\/fr\/wp-json\/wp\/v2\/pages\/366\/revisions"}],"predecessor-version":[{"id":1090,"href":"https:\/\/evangelische-beratung.com\/fr\/wp-json\/wp\/v2\/pages\/366\/revisions\/1090"}],"up":[{"embeddable":true,"href":"https:\/\/evangelische-beratung.com\/fr\/wp-json\/wp\/v2\/pages\/237"}],"wp:attachment":[{"href":"https:\/\/evangelische-beratung.com\/fr\/wp-json\/wp\/v2\/media?parent=366"}],"curies":[{"name":"wp","href":"https:\/\/api.w.org\/{rel}","templated":true}]}}