{"id":364,"date":"2019-08-19T11:58:22","date_gmt":"2019-08-19T09:58:22","guid":{"rendered":"https:\/\/evangelische-beratung.com\/fr\/?page_id=364"},"modified":"2020-03-14T14:03:35","modified_gmt":"2020-03-14T13:03:35","slug":"kontrolliertes-trinken","status":"publish","type":"page","link":"https:\/\/evangelische-beratung.com\/fr\/sucht\/alkohol\/kontrolliertes-trinken\/","title":{"rendered":"La consommation d\u2019alcool contr\u00f4l\u00e9e"},"content":{"rendered":"\n<p class=\"is-style-teaser\">Nous recommandons la consommation d\u2019alcool contr\u00f4l\u00e9e aux gens qui ont un pass\u00e9 historique de consommation abusive ou se trouvent \u00e0 la limite de la d\u00e9pendance \u00e0 l&rsquo;alcool. <\/p>\n\n\n\n<p>Nous proposons un programme de contr\u00f4le de la consommation d\u2019alcool pendant une p\u00e9riode de 6&nbsp;mois. Nous fixons ensemble une limite maximale de consommation d\u2019alcool par jour et un nombre minimal de jours sans boisson par semaine. Les participants enregistrent leur consommation d\u2019alcool dans un journal de consommation, et leur consommation fait l\u2019objet d\u2019une discussion commune. Nous notons la consommation d&rsquo;alcool dans un journal et en parlons. Nous \u00e9laborons aussi des strat\u00e9gies de changement de consommation d\u2019alcool et les mettons en pratique. <\/p>\n\n\n\n<div style=\"height:30px\" aria-hidden=\"true\" class=\"wp-block-spacer\"><\/div>\n\n\n\n<div class=\"wp-block-erv-download -show-file-extension undefined\"><span aria-hidden=\"true\"><span class=\"file-extension\">pdf<\/span><\/span><div class=\"title-and-description\"><p class=\"download-title -inverted-link-style\"><a href=\"https:\/\/evangelische-beratung.com\/fr\/wp-content\/uploads\/sites\/5\/2019\/08\/Inhalte-des-Programms-Kontrolliertes-Trinken-2019_7.pdf\" target=\"_blank\" rel=\"noopener noreferrer\">Infoflyer<\/a><\/p><p class=\"download-description\">Inhalte des Programms \u00ab\u00a0Kontrolliertes Trinken\u00a0\u00bb<\/p><\/div><\/div>\n\n\n\n<div style=\"height:30px\" aria-hidden=\"true\" class=\"wp-block-spacer\"><\/div>\n\n\n\n<p style=\"text-align:center\" class=\"is-style-roof-line\"><strong>Vos interlocuteurs<\/strong><\/p>\n\n\n\n<div class=\"wp-block-columns alignwide has-3-columns is-layout-flex wp-container-core-columns-is-layout-9d6595d7 wp-block-columns-is-layout-flex\">\n<div class=\"wp-block-column is-layout-flow wp-block-column-is-layout-flow\">\n<div class=\"wp-block-erv-id-card\"><div class=\"id-card-content\"><figure class=\"id-card-photo\"><img decoding=\"async\" src=\"https:\/\/evangelische-beratung.com\/wp-content\/uploads\/2019\/08\/Monika-Schiemann_Verwaltung-Suchtberatung-300x200.jpg\" \/><\/figure><div class=\"id-card-details\"><p class=\"id-card-name\">Monika Schiemann<\/p><p class=\"id-card-job\">Sekretariat &amp; Anmeldung<\/p><p class=\"id-card-location\">Frankfurt<\/p><p class=\"id-card-phone\">069 \/ 53 02 302 <\/p><p class=\"id-card-email\"><a href=\"&#x6d;&#x61;&#105;&#108;t&#x6f;&#x3a;&#x73;&#117;ch&#x74;&#x62;&#101;&#114;a&#x74;&#x75;&#x6e;&#103;&#64;f&#x72;&#x61;&#110;&#107;f&#x75;&#x72;&#x74;&#45;ev&#x61;&#x6e;&#103;&#101;l&#x69;&#x73;&#x63;&#104;&#46;d&#x65;\">E-Mail<\/a><\/p><\/div><\/div><\/div>\n\n\n\n<div class=\"wp-block-erv-id-card\"><div class=\"id-card-content\"><figure class=\"id-card-photo\"><img decoding=\"async\" src=\"https:\/\/evangelische-beratung.com\/wp-content\/uploads\/2020\/01\/portrait_platzhalter-1-300x300.jpg\"\/><\/figure><div class=\"id-card-details\"><p class=\"id-card-name\">Katrin Werland<\/p><p class=\"id-card-job\">Beratung &amp; Therapie<\/p><p class=\"id-card-location\">Frankfurt<\/p><p class=\"id-card-phone\">069 \/ 53 02 305<\/p><p class=\"id-card-email\"><a href=\"&#x6d;&#97;i&#x6c;&#116;o&#x3a;&#107;a&#x74;&#x72;&#105;&#x6e;&#x2e;&#119;e&#x72;&#108;a&#x6e;&#100;&#64;&#x66;&#x72;&#97;&#x6e;&#x6b;&#102;u&#x72;&#116;-&#x65;&#118;a&#x6e;&#103;e&#x6c;&#x69;&#115;&#x63;&#x68;&#46;d&#x65;\">E-Mail<\/a><\/p><\/div><\/div><\/div>\n<\/div>\n\n\n\n<div class=\"wp-block-column is-layout-flow wp-block-column-is-layout-flow\">\n<div class=\"wp-block-erv-id-card\"><div class=\"id-card-content\"><figure class=\"id-card-photo\"><img decoding=\"async\" src=\"https:\/\/evangelische-beratung.com\/wp-content\/uploads\/2025\/04\/portrait_platzhalter-1-300x300-1.jpg\" \/><\/figure><div class=\"id-card-details\"><p class=\"id-card-name\">N. N. <\/p><p class=\"id-card-job\">Leitung<\/p><p class=\"id-card-location\">Frankfurt<\/p><p class=\"id-card-phone\">069 \/ 53 02 301<\/p><p class=\"id-card-email\"><a href=\"&#109;&#x61;i&#108;&#x74;&#111;&#x3a;s&#117;&#x63;h&#x74;&#x62;&#101;&#x72;a&#116;&#x75;n&#x67;&#x40;&#102;&#x72;a&#110;&#x6b;&#102;&#x75;r&#116;&#x2d;e&#118;&#x61;&#110;&#x67;e&#108;&#x69;s&#x63;&#x68;&#46;&#x64;e\">E-Mail<\/a><\/p><\/div><\/div><\/div>\n<\/div>\n\n\n\n<div class=\"wp-block-column is-layout-flow wp-block-column-is-layout-flow\">\n<div class=\"wp-block-erv-id-card\"><div class=\"id-card-content\"><figure class=\"id-card-photo\"><img decoding=\"async\" src=\"https:\/\/evangelische-beratung.com\/wp-content\/uploads\/2020\/01\/portrait_platzhalter-1-300x300.jpg\"\/><\/figure><div class=\"id-card-details\"><p class=\"id-card-name\">Anzhelina Blum<\/p><p class=\"id-card-job\">Beratung &amp; Therapie<\/p><p class=\"id-card-location\">Frankfurt<\/p><p class=\"id-card-phone\">069 \/ 53 02 303<\/p><p class=\"id-card-email\"><a href=\"&#109;&#97;&#x69;l&#116;&#x6f;&#x3a;a&#110;&#x7a;&#x68;e&#108;&#x69;n&#97;&#x2e;&#x62;l&#117;&#x6d;&#x40;f&#114;&#x61;n&#107;&#x66;&#x75;r&#116;&#x2d;&#x65;v&#97;&#x6e;&#x67;&#101;&#108;&#x69;s&#99;&#x68;&#x2e;d&#101;\">E-Mail<\/a><\/p><\/div><\/div><\/div>\n<\/div>\n<\/div>\n\n\n\n<p><\/p>\n","protected":false},"excerpt":{"rendered":"<p>Nous recommandons la consommation d\u2019alcool contr\u00f4l\u00e9e aux gens qui ont un pass\u00e9 historique de consommation abusive ou se trouvent \u00e0 la limite de la d\u00e9pendance \u00e0 l&rsquo;alcool. Nous proposons un programme de contr\u00f4le de la consommation d\u2019alcool pendant une p\u00e9riode de 6&nbsp;mois. Nous fixons ensemble une limite maximale de consommation d\u2019alcool par jour et un [&hellip;]<\/p>\n","protected":false},"author":3,"featured_media":0,"parent":237,"menu_order":0,"comment_status":"closed","ping_status":"closed","template":"","meta":{"footnotes":""},"class_list":["post-364","page","type-page","status-publish","hentry"],"yoast_head":"<!-- This site is optimized with the Yoast SEO plugin v27.5 - https:\/\/yoast.com\/product\/yoast-seo-wordpress\/ -->\n<title>Hilfe zum Kontrollierten Trinken in Frankfurt beim Ev. Regionalverband<\/title>\n<meta name=\"description\" content=\"Wir bieten ein Programm zum Kontrollierten Trinken f\u00fcr die Dauer von 6 Monaten an. Wir helfen Ihnen gerne und stehen Ihnen f\u00fcr alle Fragen zur Verf\u00fcgung.\" \/>\n<meta name=\"robots\" content=\"index, follow, max-snippet:-1, max-image-preview:large, max-video-preview:-1\" \/>\n<link rel=\"canonical\" href=\"https:\/\/evangelische-beratung.com\/fr\/sucht\/alkohol\/kontrolliertes-trinken\/\" \/>\n<meta property=\"og:locale\" content=\"fr_FR\" \/>\n<meta property=\"og:type\" content=\"article\" \/>\n<meta property=\"og:title\" content=\"Hilfe zum Kontrollierten Trinken in Frankfurt beim Ev. Regionalverband\" \/>\n<meta property=\"og:description\" content=\"Wir bieten ein Programm zum Kontrollierten Trinken f\u00fcr die Dauer von 6 Monaten an. Wir helfen Ihnen gerne und stehen Ihnen f\u00fcr alle Fragen zur Verf\u00fcgung.\" \/>\n<meta property=\"og:url\" content=\"https:\/\/evangelische-beratung.com\/fr\/sucht\/alkohol\/kontrolliertes-trinken\/\" \/>\n<meta property=\"og:site_name\" content=\"Evangelischer Regionalverband\" \/>\n<meta property=\"article:modified_time\" content=\"2020-03-14T13:03:35+00:00\" \/>\n<meta name=\"twitter:card\" content=\"summary_large_image\" \/>\n<meta name=\"twitter:label1\" content=\"Dur\u00e9e de lecture estim\u00e9e\" \/>\n\t<meta name=\"twitter:data1\" content=\"1 minute\" \/>\n<script type=\"application\/ld+json\" class=\"yoast-schema-graph\">{\"@context\":\"https:\\\/\\\/schema.org\",\"@graph\":[{\"@type\":\"WebPage\",\"@id\":\"https:\\\/\\\/evangelische-beratung.com\\\/fr\\\/sucht\\\/alkohol\\\/kontrolliertes-trinken\\\/\",\"url\":\"https:\\\/\\\/evangelische-beratung.com\\\/fr\\\/sucht\\\/alkohol\\\/kontrolliertes-trinken\\\/\",\"name\":\"Hilfe zum Kontrollierten Trinken in Frankfurt beim Ev. Regionalverband\",\"isPartOf\":{\"@id\":\"https:\\\/\\\/evangelische-beratung.com\\\/fr\\\/#website\"},\"datePublished\":\"2019-08-19T09:58:22+00:00\",\"dateModified\":\"2020-03-14T13:03:35+00:00\",\"description\":\"Wir bieten ein Programm zum Kontrollierten Trinken f\u00fcr die Dauer von 6 Monaten an. Wir helfen Ihnen gerne und stehen Ihnen f\u00fcr alle Fragen zur Verf\u00fcgung.\",\"breadcrumb\":{\"@id\":\"https:\\\/\\\/evangelische-beratung.com\\\/fr\\\/sucht\\\/alkohol\\\/kontrolliertes-trinken\\\/#breadcrumb\"},\"inLanguage\":\"fr-FR\",\"potentialAction\":[{\"@type\":\"ReadAction\",\"target\":[\"https:\\\/\\\/evangelische-beratung.com\\\/fr\\\/sucht\\\/alkohol\\\/kontrolliertes-trinken\\\/\"]}]},{\"@type\":\"BreadcrumbList\",\"@id\":\"https:\\\/\\\/evangelische-beratung.com\\\/fr\\\/sucht\\\/alkohol\\\/kontrolliertes-trinken\\\/#breadcrumb\",\"itemListElement\":[{\"@type\":\"ListItem\",\"position\":1,\"name\":\"Startseite\",\"item\":\"https:\\\/\\\/evangelische-beratung.com\\\/fr\\\/\"},{\"@type\":\"ListItem\",\"position\":2,\"name\":\"Addiction\",\"item\":\"https:\\\/\\\/evangelische-beratung.com\\\/fr\\\/sucht\\\/\"},{\"@type\":\"ListItem\",\"position\":3,\"name\":\"Alcool\",\"item\":\"https:\\\/\\\/evangelische-beratung.com\\\/fr\\\/sucht\\\/alkohol\\\/\"},{\"@type\":\"ListItem\",\"position\":4,\"name\":\"La consommation d\u2019alcool contr\u00f4l\u00e9e\"}]},{\"@type\":\"WebSite\",\"@id\":\"https:\\\/\\\/evangelische-beratung.com\\\/fr\\\/#website\",\"url\":\"https:\\\/\\\/evangelische-beratung.com\\\/fr\\\/\",\"name\":\"Evangelischer Regionalverband\",\"description\":\"\",\"publisher\":{\"@id\":\"https:\\\/\\\/evangelische-beratung.com\\\/fr\\\/#organization\"},\"potentialAction\":[{\"@type\":\"SearchAction\",\"target\":{\"@type\":\"EntryPoint\",\"urlTemplate\":\"https:\\\/\\\/evangelische-beratung.com\\\/fr\\\/?s={search_term_string}\"},\"query-input\":{\"@type\":\"PropertyValueSpecification\",\"valueRequired\":true,\"valueName\":\"search_term_string\"}}],\"inLanguage\":\"fr-FR\"},{\"@type\":\"Organization\",\"@id\":\"https:\\\/\\\/evangelische-beratung.com\\\/fr\\\/#organization\",\"name\":\"Evangelischer Regionalverband Frankfurt und Offenbach\",\"url\":\"https:\\\/\\\/evangelische-beratung.com\\\/fr\\\/\",\"logo\":{\"@type\":\"ImageObject\",\"inLanguage\":\"fr-FR\",\"@id\":\"https:\\\/\\\/evangelische-beratung.com\\\/fr\\\/#\\\/schema\\\/logo\\\/image\\\/\",\"url\":\"https:\\\/\\\/evangelische-beratung.com\\\/fr\\\/wp-content\\\/uploads\\\/sites\\\/5\\\/2019\\\/10\\\/erv-logo.png\",\"contentUrl\":\"https:\\\/\\\/evangelische-beratung.com\\\/fr\\\/wp-content\\\/uploads\\\/sites\\\/5\\\/2019\\\/10\\\/erv-logo.png\",\"width\":1127,\"height\":595,\"caption\":\"Evangelischer Regionalverband Frankfurt und Offenbach\"},\"image\":{\"@id\":\"https:\\\/\\\/evangelische-beratung.com\\\/fr\\\/#\\\/schema\\\/logo\\\/image\\\/\"}}]}<\/script>\n<!-- \/ Yoast SEO plugin. -->","yoast_head_json":{"title":"Hilfe zum Kontrollierten Trinken in Frankfurt beim Ev. Regionalverband","description":"Wir bieten ein Programm zum Kontrollierten Trinken f\u00fcr die Dauer von 6 Monaten an. Wir helfen Ihnen gerne und stehen Ihnen f\u00fcr alle Fragen zur Verf\u00fcgung.","robots":{"index":"index","follow":"follow","max-snippet":"max-snippet:-1","max-image-preview":"max-image-preview:large","max-video-preview":"max-video-preview:-1"},"canonical":"https:\/\/evangelische-beratung.com\/fr\/sucht\/alkohol\/kontrolliertes-trinken\/","og_locale":"fr_FR","og_type":"article","og_title":"Hilfe zum Kontrollierten Trinken in Frankfurt beim Ev. Regionalverband","og_description":"Wir bieten ein Programm zum Kontrollierten Trinken f\u00fcr die Dauer von 6 Monaten an. Wir helfen Ihnen gerne und stehen Ihnen f\u00fcr alle Fragen zur Verf\u00fcgung.","og_url":"https:\/\/evangelische-beratung.com\/fr\/sucht\/alkohol\/kontrolliertes-trinken\/","og_site_name":"Evangelischer Regionalverband","article_modified_time":"2020-03-14T13:03:35+00:00","twitter_card":"summary_large_image","twitter_misc":{"Dur\u00e9e de lecture estim\u00e9e":"1 minute"},"schema":{"@context":"https:\/\/schema.org","@graph":[{"@type":"WebPage","@id":"https:\/\/evangelische-beratung.com\/fr\/sucht\/alkohol\/kontrolliertes-trinken\/","url":"https:\/\/evangelische-beratung.com\/fr\/sucht\/alkohol\/kontrolliertes-trinken\/","name":"Hilfe zum Kontrollierten Trinken in Frankfurt beim Ev. Regionalverband","isPartOf":{"@id":"https:\/\/evangelische-beratung.com\/fr\/#website"},"datePublished":"2019-08-19T09:58:22+00:00","dateModified":"2020-03-14T13:03:35+00:00","description":"Wir bieten ein Programm zum Kontrollierten Trinken f\u00fcr die Dauer von 6 Monaten an. Wir helfen Ihnen gerne und stehen Ihnen f\u00fcr alle Fragen zur Verf\u00fcgung.","breadcrumb":{"@id":"https:\/\/evangelische-beratung.com\/fr\/sucht\/alkohol\/kontrolliertes-trinken\/#breadcrumb"},"inLanguage":"fr-FR","potentialAction":[{"@type":"ReadAction","target":["https:\/\/evangelische-beratung.com\/fr\/sucht\/alkohol\/kontrolliertes-trinken\/"]}]},{"@type":"BreadcrumbList","@id":"https:\/\/evangelische-beratung.com\/fr\/sucht\/alkohol\/kontrolliertes-trinken\/#breadcrumb","itemListElement":[{"@type":"ListItem","position":1,"name":"Startseite","item":"https:\/\/evangelische-beratung.com\/fr\/"},{"@type":"ListItem","position":2,"name":"Addiction","item":"https:\/\/evangelische-beratung.com\/fr\/sucht\/"},{"@type":"ListItem","position":3,"name":"Alcool","item":"https:\/\/evangelische-beratung.com\/fr\/sucht\/alkohol\/"},{"@type":"ListItem","position":4,"name":"La consommation d\u2019alcool contr\u00f4l\u00e9e"}]},{"@type":"WebSite","@id":"https:\/\/evangelische-beratung.com\/fr\/#website","url":"https:\/\/evangelische-beratung.com\/fr\/","name":"Evangelischer Regionalverband","description":"","publisher":{"@id":"https:\/\/evangelische-beratung.com\/fr\/#organization"},"potentialAction":[{"@type":"SearchAction","target":{"@type":"EntryPoint","urlTemplate":"https:\/\/evangelische-beratung.com\/fr\/?s={search_term_string}"},"query-input":{"@type":"PropertyValueSpecification","valueRequired":true,"valueName":"search_term_string"}}],"inLanguage":"fr-FR"},{"@type":"Organization","@id":"https:\/\/evangelische-beratung.com\/fr\/#organization","name":"Evangelischer Regionalverband Frankfurt und Offenbach","url":"https:\/\/evangelische-beratung.com\/fr\/","logo":{"@type":"ImageObject","inLanguage":"fr-FR","@id":"https:\/\/evangelische-beratung.com\/fr\/#\/schema\/logo\/image\/","url":"https:\/\/evangelische-beratung.com\/fr\/wp-content\/uploads\/sites\/5\/2019\/10\/erv-logo.png","contentUrl":"https:\/\/evangelische-beratung.com\/fr\/wp-content\/uploads\/sites\/5\/2019\/10\/erv-logo.png","width":1127,"height":595,"caption":"Evangelischer Regionalverband Frankfurt und Offenbach"},"image":{"@id":"https:\/\/evangelische-beratung.com\/fr\/#\/schema\/logo\/image\/"}}]}},"_links":{"self":[{"href":"https:\/\/evangelische-beratung.com\/fr\/wp-json\/wp\/v2\/pages\/364","targetHints":{"allow":["GET"]}}],"collection":[{"href":"https:\/\/evangelische-beratung.com\/fr\/wp-json\/wp\/v2\/pages"}],"about":[{"href":"https:\/\/evangelische-beratung.com\/fr\/wp-json\/wp\/v2\/types\/page"}],"author":[{"embeddable":true,"href":"https:\/\/evangelische-beratung.com\/fr\/wp-json\/wp\/v2\/users\/3"}],"replies":[{"embeddable":true,"href":"https:\/\/evangelische-beratung.com\/fr\/wp-json\/wp\/v2\/comments?post=364"}],"version-history":[{"count":5,"href":"https:\/\/evangelische-beratung.com\/fr\/wp-json\/wp\/v2\/pages\/364\/revisions"}],"predecessor-version":[{"id":1003,"href":"https:\/\/evangelische-beratung.com\/fr\/wp-json\/wp\/v2\/pages\/364\/revisions\/1003"}],"up":[{"embeddable":true,"href":"https:\/\/evangelische-beratung.com\/fr\/wp-json\/wp\/v2\/pages\/237"}],"wp:attachment":[{"href":"https:\/\/evangelische-beratung.com\/fr\/wp-json\/wp\/v2\/media?parent=364"}],"curies":[{"name":"wp","href":"https:\/\/api.w.org\/{rel}","templated":true}]}}