{"id":351,"date":"2019-08-19T11:38:38","date_gmt":"2019-08-19T09:38:38","guid":{"rendered":"https:\/\/evangelische-beratung.com\/fr\/?page_id=351"},"modified":"2020-03-14T11:35:17","modified_gmt":"2020-03-14T10:35:17","slug":"alkoholfreies-begegnungszentrum-cafe-alte-backstube","status":"publish","type":"page","link":"https:\/\/evangelische-beratung.com\/fr\/sucht\/alkohol\/alkoholfreies-begegnungszentrum-cafe-alte-backstube\/","title":{"rendered":"Centre communautaire sans alcool \u00ab Caf\u00e9 Alte Backstube \u00bb"},"content":{"rendered":"\n<p class=\"is-style-teaser\">Ce caf\u00e9 sans alcool offre une atmosph\u00e8re d\u00e9tendue pour converser, un lieu de rencontre pour les groupes de support et un centre pour acc\u00e9der aux informations d\u2019anciens toxicomanes.<\/p>\n\n\n\n<figure class=\"wp-block-image alignwide\"><img loading=\"lazy\" decoding=\"async\" width=\"1024\" height=\"512\" src=\"https:\/\/evangelische-beratung.com\/fr\/wp-content\/uploads\/sites\/5\/2020\/01\/Cafe-Alte-Backstube-5_HEro-1024x512.jpg\" alt=\"\" class=\"wp-image-807\" srcset=\"https:\/\/evangelische-beratung.com\/fr\/wp-content\/uploads\/sites\/5\/2020\/01\/Cafe-Alte-Backstube-5_HEro-1024x512.jpg 1024w, https:\/\/evangelische-beratung.com\/fr\/wp-content\/uploads\/sites\/5\/2020\/01\/Cafe-Alte-Backstube-5_HEro-300x150.jpg 300w, https:\/\/evangelische-beratung.com\/fr\/wp-content\/uploads\/sites\/5\/2020\/01\/Cafe-Alte-Backstube-5_HEro-768x384.jpg 768w, https:\/\/evangelische-beratung.com\/fr\/wp-content\/uploads\/sites\/5\/2020\/01\/Cafe-Alte-Backstube-5_HEro.jpg 1840w\" sizes=\"auto, 100vw\" \/><\/figure>\n\n\n\n<p>Le Caf\u00e9  Alte Backstube n\u2019est pas un caf\u00e9 ordinaire. Ici, vous pouvez rencontrer des gens pour parler autour d\u2019une tasse de th\u00e9 ou de caf\u00e9 dans une atmosph\u00e8re amicale, d\u00e9tendue et sans alcool. Vous pouvez acc\u00e9der \u00e0 des informations de la part d\u2019anciens toxicomanes ou prendre part \u00e0 des groupes de support.<\/p>\n\n\n\n<p>Les gens ayant des probl\u00e8mes d\u2019alcool ou d\u2019autres addictions peuvent rendre visite au Caf\u00e9 Alte Backstube afin d\u2019y trouver un support et une assistance sous la forme de consultations, de discussions et des groupes de support du Freundeskreis Frankfurt (Cercles des amis de Francfort).<\/p>\n\n\n\n<p>Le caf\u00e9 Alte Backstube est aussi un endroit accueillant des expositions, des sessions d\u2019information et des \u00e9v\u00e9nements de divertissement. On y trouve un grand \u00e9cran permettant de regarder les \u00e9v\u00e9nements sportifs (p. ex. la coupe mondiale de football). Une table de pingpong et des jeux de soci\u00e9t\u00e9 sont disponibles gratuitement. <\/p>\n\n\n\n<p>On trouvera ici le programme actuel des \u00e9v\u00e9nements :<\/p>\n\n\n\n<div class=\"wp-block-erv-download -show-file-extension undefined\"><span aria-hidden=\"true\"><span class=\"file-extension\">pdf<\/span><\/span><div class=\"title-and-description\"><p class=\"download-title -inverted-link-style\"><a href=\"https:\/\/evangelische-beratung.com\/fr\/wp-content\/uploads\/sites\/5\/2019\/08\/Flyer_Alte-Backstube_2019-Juli_screen.pdf\" target=\"_blank\" rel=\"noopener noreferrer\">Programmflyer<\/a><\/p><p class=\"download-description\">weitere Informationen zum Begegnungszentrum<\/p><\/div><\/div>\n\n\n\n<div class=\"wp-block-erv-container -has-background\">\n<h2 class=\"wp-block-heading\" style=\"text-align:center\">Viens au caf\u00e9<\/h2>\n\n\n\n<div class=\"wp-block-image\"><figure class=\"aligncenter\"><img loading=\"lazy\" decoding=\"async\" width=\"886\" height=\"531\" src=\"https:\/\/evangelische-beratung.com\/fr\/wp-content\/uploads\/sites\/5\/2020\/01\/Lageplan-Cafe-Alte-BAckstube_MS.jpg\" alt=\"\" class=\"wp-image-808\" srcset=\"https:\/\/evangelische-beratung.com\/fr\/wp-content\/uploads\/sites\/5\/2020\/01\/Lageplan-Cafe-Alte-BAckstube_MS.jpg 886w, https:\/\/evangelische-beratung.com\/fr\/wp-content\/uploads\/sites\/5\/2020\/01\/Lageplan-Cafe-Alte-BAckstube_MS-300x180.jpg 300w, https:\/\/evangelische-beratung.com\/fr\/wp-content\/uploads\/sites\/5\/2020\/01\/Lageplan-Cafe-Alte-BAckstube_MS-768x460.jpg 768w\" sizes=\"auto, 100vw\" \/><\/figure><\/div>\n\n\n\n<p><\/p>\n\n\n\n<div class=\"wp-block-columns has-2-columns is-layout-flex wp-container-core-columns-is-layout-9d6595d7 wp-block-columns-is-layout-flex\">\n<div class=\"wp-block-column is-layout-flow wp-block-column-is-layout-flow\">\n<p>Centre de rencontre sans alcool <br>Caf\u00e9 Alte Backstube<\/p>\n\n\n\n<p>Dominikanergasse 7<br>60311 Frankfurt am Main<br>069 \/ 295 456<\/p>\n<\/div>\n\n\n\n<div class=\"wp-block-column is-layout-flow wp-block-column-is-layout-flow\">\n<p>Heures d&rsquo;ouverture de l&rsquo;Alte Backstube : <br>Lundi \u2013 Vendredi de 17 \u00e0 21 heures<\/p>\n\n\n\n<p>Heures d&rsquo;entretien avec d&rsquo;anciens toxicomanes : <br>Mardi : 17h30 \u2013 18h30<\/p>\n<\/div>\n<\/div>\n<\/div>\n\n\n\n<p style=\"text-align:center\" class=\"is-style-roof-line\"><strong>Vos interlocuteurs<\/strong> au centre de rencontre<strong> <\/strong><\/p>\n\n\n\n<div class=\"wp-block-columns alignwide has-3-columns is-layout-flex wp-container-core-columns-is-layout-9d6595d7 wp-block-columns-is-layout-flex\">\n<div class=\"wp-block-column is-layout-flow wp-block-column-is-layout-flow\">\n<div class=\"wp-block-erv-id-card\"><div class=\"id-card-content\"><figure class=\"id-card-photo\"><img decoding=\"async\" src=\"https:\/\/evangelische-beratung.com\/wp-content\/uploads\/2019\/08\/Monika-Schiemann_Verwaltung-Suchtberatung-300x200.jpg\" \/><\/figure><div class=\"id-card-details\"><p class=\"id-card-name\">Monika Schiemann<\/p><p class=\"id-card-job\">Sekretariat &amp; Anmeldung<\/p><p class=\"id-card-location\">Frankfurt<\/p><p class=\"id-card-phone\">069 \/ 53 02 302 <\/p><p class=\"id-card-email\"><a href=\"&#109;&#x61;&#105;&#x6c;&#116;&#x6f;&#58;&#x73;&#117;&#x63;&#104;&#x74;&#98;&#x65;&#114;&#x61;&#116;&#x75;&#110;&#x67;&#64;&#x66;&#114;&#x61;&#110;&#x6b;&#102;&#x75;&#114;&#x74;&#45;&#x65;&#118;&#x61;&#110;&#x67;&#101;&#x6c;&#105;&#x73;&#99;&#x68;&#46;&#x64;&#101;\">E-Mail<\/a><\/p><\/div><\/div><\/div>\n\n\n\n<div class=\"wp-block-erv-id-card\"><div class=\"id-card-content\"><figure class=\"id-card-photo\"><img decoding=\"async\" src=\"https:\/\/evangelische-beratung.com\/fr\/wp-content\/uploads\/sites\/5\/2020\/01\/Cafe-Alte-Backstube_Michael-Schuckert-300x300.jpg\" \/><\/figure><div class=\"id-card-details\"><p class=\"id-card-name\">Michael Schuckert<\/p><p class=\"id-card-job\"><\/p><p class=\"id-card-location\">Alte Backstube, Dominikanergasse 7, 60431 Frankfurt am Main<\/p><p class=\"id-card-phone\">069 \/ 29 54 56<\/p><p class=\"id-card-email\"><a href=\"mail&#116;&#111;&#58;&#115;&#117;&#99;&#104;&#x74;&#x62;&#x65;&#x72;&#x61;&#x74;&#x75;&#x6e;&#x67;&#64;fra&#110;&#107;&#102;&#117;&#114;&#116;&#45;&#x65;&#x76;&#x61;&#x6e;&#x67;&#x65;&#x6c;&#x69;&#x73;ch&#46;d&#101;\">E-Mail<\/a><\/p><\/div><\/div><\/div>\n<\/div>\n\n\n\n<div class=\"wp-block-column is-layout-flow wp-block-column-is-layout-flow\">\n<div class=\"wp-block-erv-id-card\"><div class=\"id-card-content\"><figure class=\"id-card-photo\"><img decoding=\"async\" src=\"https:\/\/evangelische-beratung.com\/wp-content\/uploads\/2025\/04\/portrait_platzhalter-1-300x300-1.jpg\" \/><\/figure><div class=\"id-card-details\"><p class=\"id-card-name\">N. N. <\/p><p class=\"id-card-job\">Leitung<\/p><p class=\"id-card-location\">Frankfurt<\/p><p class=\"id-card-phone\">069 \/ 53 02 301<\/p><p class=\"id-card-email\"><a href=\"mail&#116;&#111;&#58;&#115;&#117;&#x63;&#x68;&#x74;&#x62;&#x65;&#x72;&#x61;tung&#64;&#102;&#114;&#97;&#110;&#x6b;&#x66;&#x75;&#x72;&#x74;&#x2d;&#x65;&#x76;ange&#108;&#105;&#115;&#99;&#104;&#x2e;&#x64;&#x65;\">E-Mail<\/a><\/p><\/div><\/div><\/div>\n<\/div>\n\n\n\n<div class=\"wp-block-column is-layout-flow wp-block-column-is-layout-flow\">\n<div class=\"wp-block-erv-id-card\"><div class=\"id-card-content\"><figure class=\"id-card-photo\"><img decoding=\"async\" src=\"https:\/\/evangelische-beratung.com\/fr\/wp-content\/uploads\/sites\/5\/2020\/01\/Cafe-Alte-Backstube_Marcelina-Szumielewicz-Krason-300x300.jpg\" \/><\/figure><div class=\"id-card-details\"><p class=\"id-card-name\">Marcellina Krason<\/p><p class=\"id-card-job\"><\/p><p class=\"id-card-location\">Alte Backstube, Dominikanergasse 7, 60431 Frankfurt am Main<\/p><p class=\"id-card-phone\">069 \/ 29 54 56<\/p><p class=\"id-card-email\"><a href=\"&#109;&#x61;&#105;&#x6c;&#116;&#x6f;&#58;&#x73;u&#x63;h&#x74;b&#x65;r&#97;&#x74;&#117;&#x6e;&#103;&#x40;&#102;&#x72;&#97;&#x6e;k&#x66;u&#x72;t&#x2d;e&#118;&#x61;&#110;&#x67;&#101;&#x6c;&#105;&#x73;&#99;&#x68;&#46;&#x64;e\">E-Mail<\/a><\/p><\/div><\/div><\/div>\n<\/div>\n<\/div>\n","protected":false},"excerpt":{"rendered":"<p>Ce caf\u00e9 sans alcool offre une atmosph\u00e8re d\u00e9tendue pour converser, un lieu de rencontre pour les groupes de support et un centre pour acc\u00e9der aux informations d\u2019anciens toxicomanes. Le Caf\u00e9 Alte Backstube n\u2019est pas un caf\u00e9 ordinaire. Ici, vous pouvez rencontrer des gens pour parler autour d\u2019une tasse de th\u00e9 ou de caf\u00e9 dans une [&hellip;]<\/p>\n","protected":false},"author":3,"featured_media":0,"parent":237,"menu_order":0,"comment_status":"closed","ping_status":"closed","template":"","meta":{"footnotes":""},"class_list":["post-351","page","type-page","status-publish","hentry"],"yoast_head":"<!-- This site is optimized with the Yoast SEO plugin v27.4 - https:\/\/yoast.com\/product\/yoast-seo-wordpress\/ -->\n<title>Alkoholfreies Begegnungszentrum in Frankfurt. Selbsthilfe und Information.<\/title>\n<meta name=\"description\" content=\"Das alkoholfreie Caf\u00e9 in der Frankfurter Innenstadt bietet Gespr\u00e4che in ungezwungener Atmosph\u00e4re, Selbsthilfegruppen und Informationen durch Betroffene.\" \/>\n<meta name=\"robots\" content=\"index, follow, max-snippet:-1, max-image-preview:large, max-video-preview:-1\" \/>\n<link rel=\"canonical\" href=\"https:\/\/evangelische-beratung.com\/fr\/sucht\/alkohol\/alkoholfreies-begegnungszentrum-cafe-alte-backstube\/\" \/>\n<meta property=\"og:locale\" content=\"fr_FR\" \/>\n<meta property=\"og:type\" content=\"article\" \/>\n<meta property=\"og:title\" content=\"Alkoholfreies Begegnungszentrum in Frankfurt. Selbsthilfe und Information.\" \/>\n<meta property=\"og:description\" content=\"Das alkoholfreie Caf\u00e9 in der Frankfurter Innenstadt bietet Gespr\u00e4che in ungezwungener Atmosph\u00e4re, Selbsthilfegruppen und Informationen durch Betroffene.\" \/>\n<meta property=\"og:url\" content=\"https:\/\/evangelische-beratung.com\/fr\/sucht\/alkohol\/alkoholfreies-begegnungszentrum-cafe-alte-backstube\/\" \/>\n<meta property=\"og:site_name\" content=\"Evangelischer Regionalverband\" \/>\n<meta property=\"article:modified_time\" content=\"2020-03-14T10:35:17+00:00\" \/>\n<meta property=\"og:image\" content=\"https:\/\/evangelische-beratung.com\/fr\/wp-content\/uploads\/sites\/5\/2020\/01\/Cafe-Alte-Backstube-5_HEro-1024x512.jpg\" \/>\n<meta name=\"twitter:card\" content=\"summary_large_image\" \/>\n<meta name=\"twitter:label1\" content=\"Dur\u00e9e de lecture estim\u00e9e\" \/>\n\t<meta name=\"twitter:data1\" content=\"1 minute\" \/>\n<script type=\"application\/ld+json\" class=\"yoast-schema-graph\">{\"@context\":\"https:\\\/\\\/schema.org\",\"@graph\":[{\"@type\":\"WebPage\",\"@id\":\"https:\\\/\\\/evangelische-beratung.com\\\/fr\\\/sucht\\\/alkohol\\\/alkoholfreies-begegnungszentrum-cafe-alte-backstube\\\/\",\"url\":\"https:\\\/\\\/evangelische-beratung.com\\\/fr\\\/sucht\\\/alkohol\\\/alkoholfreies-begegnungszentrum-cafe-alte-backstube\\\/\",\"name\":\"Alkoholfreies Begegnungszentrum in Frankfurt. Selbsthilfe und Information.\",\"isPartOf\":{\"@id\":\"https:\\\/\\\/evangelische-beratung.com\\\/fr\\\/#website\"},\"primaryImageOfPage\":{\"@id\":\"https:\\\/\\\/evangelische-beratung.com\\\/fr\\\/sucht\\\/alkohol\\\/alkoholfreies-begegnungszentrum-cafe-alte-backstube\\\/#primaryimage\"},\"image\":{\"@id\":\"https:\\\/\\\/evangelische-beratung.com\\\/fr\\\/sucht\\\/alkohol\\\/alkoholfreies-begegnungszentrum-cafe-alte-backstube\\\/#primaryimage\"},\"thumbnailUrl\":\"https:\\\/\\\/evangelische-beratung.com\\\/fr\\\/wp-content\\\/uploads\\\/sites\\\/5\\\/2020\\\/01\\\/Cafe-Alte-Backstube-5_HEro-1024x512.jpg\",\"datePublished\":\"2019-08-19T09:38:38+00:00\",\"dateModified\":\"2020-03-14T10:35:17+00:00\",\"description\":\"Das alkoholfreie Caf\u00e9 in der Frankfurter Innenstadt bietet Gespr\u00e4che in ungezwungener Atmosph\u00e4re, Selbsthilfegruppen und Informationen durch Betroffene.\",\"breadcrumb\":{\"@id\":\"https:\\\/\\\/evangelische-beratung.com\\\/fr\\\/sucht\\\/alkohol\\\/alkoholfreies-begegnungszentrum-cafe-alte-backstube\\\/#breadcrumb\"},\"inLanguage\":\"fr-FR\",\"potentialAction\":[{\"@type\":\"ReadAction\",\"target\":[\"https:\\\/\\\/evangelische-beratung.com\\\/fr\\\/sucht\\\/alkohol\\\/alkoholfreies-begegnungszentrum-cafe-alte-backstube\\\/\"]}]},{\"@type\":\"ImageObject\",\"inLanguage\":\"fr-FR\",\"@id\":\"https:\\\/\\\/evangelische-beratung.com\\\/fr\\\/sucht\\\/alkohol\\\/alkoholfreies-begegnungszentrum-cafe-alte-backstube\\\/#primaryimage\",\"url\":\"https:\\\/\\\/evangelische-beratung.com\\\/fr\\\/wp-content\\\/uploads\\\/sites\\\/5\\\/2020\\\/01\\\/Cafe-Alte-Backstube-5_HEro-1024x512.jpg\",\"contentUrl\":\"https:\\\/\\\/evangelische-beratung.com\\\/fr\\\/wp-content\\\/uploads\\\/sites\\\/5\\\/2020\\\/01\\\/Cafe-Alte-Backstube-5_HEro-1024x512.jpg\"},{\"@type\":\"BreadcrumbList\",\"@id\":\"https:\\\/\\\/evangelische-beratung.com\\\/fr\\\/sucht\\\/alkohol\\\/alkoholfreies-begegnungszentrum-cafe-alte-backstube\\\/#breadcrumb\",\"itemListElement\":[{\"@type\":\"ListItem\",\"position\":1,\"name\":\"Startseite\",\"item\":\"https:\\\/\\\/evangelische-beratung.com\\\/fr\\\/\"},{\"@type\":\"ListItem\",\"position\":2,\"name\":\"Addiction\",\"item\":\"https:\\\/\\\/evangelische-beratung.com\\\/fr\\\/sucht\\\/\"},{\"@type\":\"ListItem\",\"position\":3,\"name\":\"Alcool\",\"item\":\"https:\\\/\\\/evangelische-beratung.com\\\/fr\\\/sucht\\\/alkohol\\\/\"},{\"@type\":\"ListItem\",\"position\":4,\"name\":\"Centre communautaire sans alcool \u00ab Caf\u00e9 Alte Backstube \u00bb\"}]},{\"@type\":\"WebSite\",\"@id\":\"https:\\\/\\\/evangelische-beratung.com\\\/fr\\\/#website\",\"url\":\"https:\\\/\\\/evangelische-beratung.com\\\/fr\\\/\",\"name\":\"Evangelischer Regionalverband\",\"description\":\"\",\"publisher\":{\"@id\":\"https:\\\/\\\/evangelische-beratung.com\\\/fr\\\/#organization\"},\"potentialAction\":[{\"@type\":\"SearchAction\",\"target\":{\"@type\":\"EntryPoint\",\"urlTemplate\":\"https:\\\/\\\/evangelische-beratung.com\\\/fr\\\/?s={search_term_string}\"},\"query-input\":{\"@type\":\"PropertyValueSpecification\",\"valueRequired\":true,\"valueName\":\"search_term_string\"}}],\"inLanguage\":\"fr-FR\"},{\"@type\":\"Organization\",\"@id\":\"https:\\\/\\\/evangelische-beratung.com\\\/fr\\\/#organization\",\"name\":\"Evangelischer Regionalverband Frankfurt und Offenbach\",\"url\":\"https:\\\/\\\/evangelische-beratung.com\\\/fr\\\/\",\"logo\":{\"@type\":\"ImageObject\",\"inLanguage\":\"fr-FR\",\"@id\":\"https:\\\/\\\/evangelische-beratung.com\\\/fr\\\/#\\\/schema\\\/logo\\\/image\\\/\",\"url\":\"https:\\\/\\\/evangelische-beratung.com\\\/fr\\\/wp-content\\\/uploads\\\/sites\\\/5\\\/2019\\\/10\\\/erv-logo.png\",\"contentUrl\":\"https:\\\/\\\/evangelische-beratung.com\\\/fr\\\/wp-content\\\/uploads\\\/sites\\\/5\\\/2019\\\/10\\\/erv-logo.png\",\"width\":1127,\"height\":595,\"caption\":\"Evangelischer Regionalverband Frankfurt und Offenbach\"},\"image\":{\"@id\":\"https:\\\/\\\/evangelische-beratung.com\\\/fr\\\/#\\\/schema\\\/logo\\\/image\\\/\"}}]}<\/script>\n<!-- \/ Yoast SEO plugin. -->","yoast_head_json":{"title":"Alkoholfreies Begegnungszentrum in Frankfurt. Selbsthilfe und Information.","description":"Das alkoholfreie Caf\u00e9 in der Frankfurter Innenstadt bietet Gespr\u00e4che in ungezwungener Atmosph\u00e4re, Selbsthilfegruppen und Informationen durch Betroffene.","robots":{"index":"index","follow":"follow","max-snippet":"max-snippet:-1","max-image-preview":"max-image-preview:large","max-video-preview":"max-video-preview:-1"},"canonical":"https:\/\/evangelische-beratung.com\/fr\/sucht\/alkohol\/alkoholfreies-begegnungszentrum-cafe-alte-backstube\/","og_locale":"fr_FR","og_type":"article","og_title":"Alkoholfreies Begegnungszentrum in Frankfurt. Selbsthilfe und Information.","og_description":"Das alkoholfreie Caf\u00e9 in der Frankfurter Innenstadt bietet Gespr\u00e4che in ungezwungener Atmosph\u00e4re, Selbsthilfegruppen und Informationen durch Betroffene.","og_url":"https:\/\/evangelische-beratung.com\/fr\/sucht\/alkohol\/alkoholfreies-begegnungszentrum-cafe-alte-backstube\/","og_site_name":"Evangelischer Regionalverband","article_modified_time":"2020-03-14T10:35:17+00:00","og_image":[{"url":"https:\/\/evangelische-beratung.com\/fr\/wp-content\/uploads\/sites\/5\/2020\/01\/Cafe-Alte-Backstube-5_HEro-1024x512.jpg","type":"","width":"","height":""}],"twitter_card":"summary_large_image","twitter_misc":{"Dur\u00e9e de lecture estim\u00e9e":"1 minute"},"schema":{"@context":"https:\/\/schema.org","@graph":[{"@type":"WebPage","@id":"https:\/\/evangelische-beratung.com\/fr\/sucht\/alkohol\/alkoholfreies-begegnungszentrum-cafe-alte-backstube\/","url":"https:\/\/evangelische-beratung.com\/fr\/sucht\/alkohol\/alkoholfreies-begegnungszentrum-cafe-alte-backstube\/","name":"Alkoholfreies Begegnungszentrum in Frankfurt. Selbsthilfe und Information.","isPartOf":{"@id":"https:\/\/evangelische-beratung.com\/fr\/#website"},"primaryImageOfPage":{"@id":"https:\/\/evangelische-beratung.com\/fr\/sucht\/alkohol\/alkoholfreies-begegnungszentrum-cafe-alte-backstube\/#primaryimage"},"image":{"@id":"https:\/\/evangelische-beratung.com\/fr\/sucht\/alkohol\/alkoholfreies-begegnungszentrum-cafe-alte-backstube\/#primaryimage"},"thumbnailUrl":"https:\/\/evangelische-beratung.com\/fr\/wp-content\/uploads\/sites\/5\/2020\/01\/Cafe-Alte-Backstube-5_HEro-1024x512.jpg","datePublished":"2019-08-19T09:38:38+00:00","dateModified":"2020-03-14T10:35:17+00:00","description":"Das alkoholfreie Caf\u00e9 in der Frankfurter Innenstadt bietet Gespr\u00e4che in ungezwungener Atmosph\u00e4re, Selbsthilfegruppen und Informationen durch Betroffene.","breadcrumb":{"@id":"https:\/\/evangelische-beratung.com\/fr\/sucht\/alkohol\/alkoholfreies-begegnungszentrum-cafe-alte-backstube\/#breadcrumb"},"inLanguage":"fr-FR","potentialAction":[{"@type":"ReadAction","target":["https:\/\/evangelische-beratung.com\/fr\/sucht\/alkohol\/alkoholfreies-begegnungszentrum-cafe-alte-backstube\/"]}]},{"@type":"ImageObject","inLanguage":"fr-FR","@id":"https:\/\/evangelische-beratung.com\/fr\/sucht\/alkohol\/alkoholfreies-begegnungszentrum-cafe-alte-backstube\/#primaryimage","url":"https:\/\/evangelische-beratung.com\/fr\/wp-content\/uploads\/sites\/5\/2020\/01\/Cafe-Alte-Backstube-5_HEro-1024x512.jpg","contentUrl":"https:\/\/evangelische-beratung.com\/fr\/wp-content\/uploads\/sites\/5\/2020\/01\/Cafe-Alte-Backstube-5_HEro-1024x512.jpg"},{"@type":"BreadcrumbList","@id":"https:\/\/evangelische-beratung.com\/fr\/sucht\/alkohol\/alkoholfreies-begegnungszentrum-cafe-alte-backstube\/#breadcrumb","itemListElement":[{"@type":"ListItem","position":1,"name":"Startseite","item":"https:\/\/evangelische-beratung.com\/fr\/"},{"@type":"ListItem","position":2,"name":"Addiction","item":"https:\/\/evangelische-beratung.com\/fr\/sucht\/"},{"@type":"ListItem","position":3,"name":"Alcool","item":"https:\/\/evangelische-beratung.com\/fr\/sucht\/alkohol\/"},{"@type":"ListItem","position":4,"name":"Centre communautaire sans alcool \u00ab Caf\u00e9 Alte Backstube \u00bb"}]},{"@type":"WebSite","@id":"https:\/\/evangelische-beratung.com\/fr\/#website","url":"https:\/\/evangelische-beratung.com\/fr\/","name":"Evangelischer Regionalverband","description":"","publisher":{"@id":"https:\/\/evangelische-beratung.com\/fr\/#organization"},"potentialAction":[{"@type":"SearchAction","target":{"@type":"EntryPoint","urlTemplate":"https:\/\/evangelische-beratung.com\/fr\/?s={search_term_string}"},"query-input":{"@type":"PropertyValueSpecification","valueRequired":true,"valueName":"search_term_string"}}],"inLanguage":"fr-FR"},{"@type":"Organization","@id":"https:\/\/evangelische-beratung.com\/fr\/#organization","name":"Evangelischer Regionalverband Frankfurt und Offenbach","url":"https:\/\/evangelische-beratung.com\/fr\/","logo":{"@type":"ImageObject","inLanguage":"fr-FR","@id":"https:\/\/evangelische-beratung.com\/fr\/#\/schema\/logo\/image\/","url":"https:\/\/evangelische-beratung.com\/fr\/wp-content\/uploads\/sites\/5\/2019\/10\/erv-logo.png","contentUrl":"https:\/\/evangelische-beratung.com\/fr\/wp-content\/uploads\/sites\/5\/2019\/10\/erv-logo.png","width":1127,"height":595,"caption":"Evangelischer Regionalverband Frankfurt und Offenbach"},"image":{"@id":"https:\/\/evangelische-beratung.com\/fr\/#\/schema\/logo\/image\/"}}]}},"_links":{"self":[{"href":"https:\/\/evangelische-beratung.com\/fr\/wp-json\/wp\/v2\/pages\/351","targetHints":{"allow":["GET"]}}],"collection":[{"href":"https:\/\/evangelische-beratung.com\/fr\/wp-json\/wp\/v2\/pages"}],"about":[{"href":"https:\/\/evangelische-beratung.com\/fr\/wp-json\/wp\/v2\/types\/page"}],"author":[{"embeddable":true,"href":"https:\/\/evangelische-beratung.com\/fr\/wp-json\/wp\/v2\/users\/3"}],"replies":[{"embeddable":true,"href":"https:\/\/evangelische-beratung.com\/fr\/wp-json\/wp\/v2\/comments?post=351"}],"version-history":[{"count":5,"href":"https:\/\/evangelische-beratung.com\/fr\/wp-json\/wp\/v2\/pages\/351\/revisions"}],"predecessor-version":[{"id":988,"href":"https:\/\/evangelische-beratung.com\/fr\/wp-json\/wp\/v2\/pages\/351\/revisions\/988"}],"up":[{"embeddable":true,"href":"https:\/\/evangelische-beratung.com\/fr\/wp-json\/wp\/v2\/pages\/237"}],"wp:attachment":[{"href":"https:\/\/evangelische-beratung.com\/fr\/wp-json\/wp\/v2\/media?parent=351"}],"curies":[{"name":"wp","href":"https:\/\/api.w.org\/{rel}","templated":true}]}}