{"id":348,"date":"2019-08-16T18:36:11","date_gmt":"2019-08-16T16:36:11","guid":{"rendered":"https:\/\/evangelische-beratung.com\/fr\/?page_id=348"},"modified":"2020-03-19T17:55:27","modified_gmt":"2020-03-19T16:55:27","slug":"krisenintervention","status":"publish","type":"page","link":"https:\/\/evangelische-beratung.com\/fr\/partnerschaft-lebensfragen\/krisenintervention\/","title":{"rendered":"Intervention de crise"},"content":{"rendered":"\n<p class=\"is-style-teaser\">Nous nous effor\u00e7ons toujours de proposer un rendez-vous dans les meilleurs d\u00e9lais dans les cas de crises aig\u00fces  (d\u00e9c\u00e8s, prise d&rsquo;enfants en charge, suicide, maladie grave, accident etc.).<\/p>\n\n\n\n<p>Les crises aig\u00fces comprennent les choses suivantes, par exemple :<\/p>\n\n\n\n<ul class=\"wp-block-list\"><li>D\u00e9c\u00e8s<\/li><li>Enfants pris en charge<\/li><li>Suicide<\/li><li>Maladie grave<\/li><li>Accident<\/li><li> etc.<\/li><\/ul>\n\n\n\n<p>Veuillez prendre contact avec notre secr\u00e9tariat dans l\u2019un quelconque de ces cas. Nous accordons r\u00e9guli\u00e8rement des rendez-vous gratuits aux jeunes gens.<\/p>\n\n\n\n<p style=\"text-align:center\" class=\"is-style-roof-line\"><strong>Vos interlocuteurs<\/strong><\/p>\n\n\n\n<div class=\"wp-block-columns has-2-columns is-layout-flex wp-container-core-columns-is-layout-9d6595d7 wp-block-columns-is-layout-flex\">\n<div class=\"wp-block-column is-layout-flow wp-block-column-is-layout-flow\">\n<div class=\"wp-block-erv-id-card -hidden-image\"><div class=\"id-card-content\"><div class=\"id-card-details\"><p class=\"id-card-name\">Mandy Hanke<\/p><p class=\"id-card-job\">Sekretariat<\/p><p class=\"id-card-location\">Frankfurt<\/p><p class=\"id-card-phone\">069 \/ 53 02 221<\/p><p class=\"id-card-email\"><a href=\"m&#97;&#x69;&#x6c;&#x74;o&#58;&#108;&#x65;&#x62;e&#110;&#115;&#x62;&#x65;ra&#116;&#x75;&#x6e;&#x67;&#64;&#102;&#x72;&#x61;&#x6e;k&#102;&#117;&#x72;&#x74;-&#101;&#118;&#x61;&#x6e;ge&#108;&#x69;&#x73;&#x63;h&#46;&#100;&#x65;\">E-Mail<\/a><\/p><\/div><\/div><\/div>\n<\/div>\n\n\n\n<div class=\"wp-block-column is-layout-flow wp-block-column-is-layout-flow\">\n<div class=\"wp-block-erv-id-card -hidden-image\"><div class=\"id-card-content\"><div class=\"id-card-details\"><p class=\"id-card-name\">Andrea Schare<\/p><p class=\"id-card-job\">Sekretariat<\/p><p class=\"id-card-location\">H\u00f6chst<\/p><p class=\"id-card-phone\">069 \/ 75 93 672 10<\/p><p class=\"id-card-email\"><a href=\"&#109;&#x61;i&#x6c;&#x74;&#111;&#x3a;p&#115;&#x79;&#99;&#x68;o&#108;&#x6f;g&#x69;s&#99;&#x68;e&#x62;&#x65;&#114;&#x61;t&#117;&#x6e;&#103;&#x2e;h&#111;&#x65;&#99;&#x68;s&#116;&#x40;f&#x72;&#x61;&#110;&#x6b;f&#117;&#x72;&#116;&#x2d;e&#118;&#x61;&#110;&#x67;e&#108;&#x69;s&#x63;h&#46;&#x64;e\">E-Mail<\/a><\/p><\/div><\/div><\/div>\n<\/div>\n<\/div>\n","protected":false},"excerpt":{"rendered":"<p>Nous nous effor\u00e7ons toujours de proposer un rendez-vous dans les meilleurs d\u00e9lais dans les cas de crises aig\u00fces (d\u00e9c\u00e8s, prise d&rsquo;enfants en charge, suicide, maladie grave, accident etc.). Les crises aig\u00fces comprennent les choses suivantes, par exemple : D\u00e9c\u00e8s Enfants pris en charge Suicide Maladie grave Accident etc. Veuillez prendre contact avec notre secr\u00e9tariat dans [&hellip;]<\/p>\n","protected":false},"author":3,"featured_media":0,"parent":38,"menu_order":0,"comment_status":"closed","ping_status":"closed","template":"","meta":{"footnotes":""},"class_list":["post-348","page","type-page","status-publish","hentry"],"yoast_head":"<!-- This site is optimized with the Yoast SEO plugin v27.4 - https:\/\/yoast.com\/product\/yoast-seo-wordpress\/ -->\n<title>Krisenintervention. Wir helfen Ihnen in Frankfurt und Offenbach<\/title>\n<meta name=\"description\" content=\"Bei akuten Krisen (Todesfall, schwere Krankheit etc) sind wir f\u00fcr Sie da. Vereinbaren Sie gleich einen Termin in Frankfurt oder Offenbach.\" \/>\n<meta name=\"robots\" content=\"index, follow, max-snippet:-1, max-image-preview:large, max-video-preview:-1\" \/>\n<link rel=\"canonical\" href=\"https:\/\/evangelische-beratung.com\/fr\/partnerschaft-lebensfragen\/krisenintervention\/\" \/>\n<meta property=\"og:locale\" content=\"fr_FR\" \/>\n<meta property=\"og:type\" content=\"article\" \/>\n<meta property=\"og:title\" content=\"Krisenintervention. Wir helfen Ihnen in Frankfurt und Offenbach\" \/>\n<meta property=\"og:description\" content=\"Bei akuten Krisen (Todesfall, schwere Krankheit etc) sind wir f\u00fcr Sie da. Vereinbaren Sie gleich einen Termin in Frankfurt oder Offenbach.\" \/>\n<meta property=\"og:url\" content=\"https:\/\/evangelische-beratung.com\/fr\/partnerschaft-lebensfragen\/krisenintervention\/\" \/>\n<meta property=\"og:site_name\" content=\"Evangelischer Regionalverband\" \/>\n<meta property=\"article:modified_time\" content=\"2020-03-19T16:55:27+00:00\" \/>\n<meta name=\"twitter:card\" content=\"summary_large_image\" \/>\n<script type=\"application\/ld+json\" class=\"yoast-schema-graph\">{\"@context\":\"https:\\\/\\\/schema.org\",\"@graph\":[{\"@type\":\"WebPage\",\"@id\":\"https:\\\/\\\/evangelische-beratung.com\\\/fr\\\/partnerschaft-lebensfragen\\\/krisenintervention\\\/\",\"url\":\"https:\\\/\\\/evangelische-beratung.com\\\/fr\\\/partnerschaft-lebensfragen\\\/krisenintervention\\\/\",\"name\":\"Krisenintervention. Wir helfen Ihnen in Frankfurt und Offenbach\",\"isPartOf\":{\"@id\":\"https:\\\/\\\/evangelische-beratung.com\\\/fr\\\/#website\"},\"datePublished\":\"2019-08-16T16:36:11+00:00\",\"dateModified\":\"2020-03-19T16:55:27+00:00\",\"description\":\"Bei akuten Krisen (Todesfall, schwere Krankheit etc) sind wir f\u00fcr Sie da. Vereinbaren Sie gleich einen Termin in Frankfurt oder Offenbach.\",\"breadcrumb\":{\"@id\":\"https:\\\/\\\/evangelische-beratung.com\\\/fr\\\/partnerschaft-lebensfragen\\\/krisenintervention\\\/#breadcrumb\"},\"inLanguage\":\"fr-FR\",\"potentialAction\":[{\"@type\":\"ReadAction\",\"target\":[\"https:\\\/\\\/evangelische-beratung.com\\\/fr\\\/partnerschaft-lebensfragen\\\/krisenintervention\\\/\"]}]},{\"@type\":\"BreadcrumbList\",\"@id\":\"https:\\\/\\\/evangelische-beratung.com\\\/fr\\\/partnerschaft-lebensfragen\\\/krisenintervention\\\/#breadcrumb\",\"itemListElement\":[{\"@type\":\"ListItem\",\"position\":1,\"name\":\"Startseite\",\"item\":\"https:\\\/\\\/evangelische-beratung.com\\\/fr\\\/\"},{\"@type\":\"ListItem\",\"position\":2,\"name\":\"Partenariat et questions de vie\",\"item\":\"https:\\\/\\\/evangelische-beratung.com\\\/fr\\\/partnerschaft-lebensfragen\\\/\"},{\"@type\":\"ListItem\",\"position\":3,\"name\":\"Intervention de crise\"}]},{\"@type\":\"WebSite\",\"@id\":\"https:\\\/\\\/evangelische-beratung.com\\\/fr\\\/#website\",\"url\":\"https:\\\/\\\/evangelische-beratung.com\\\/fr\\\/\",\"name\":\"Evangelischer Regionalverband\",\"description\":\"\",\"publisher\":{\"@id\":\"https:\\\/\\\/evangelische-beratung.com\\\/fr\\\/#organization\"},\"potentialAction\":[{\"@type\":\"SearchAction\",\"target\":{\"@type\":\"EntryPoint\",\"urlTemplate\":\"https:\\\/\\\/evangelische-beratung.com\\\/fr\\\/?s={search_term_string}\"},\"query-input\":{\"@type\":\"PropertyValueSpecification\",\"valueRequired\":true,\"valueName\":\"search_term_string\"}}],\"inLanguage\":\"fr-FR\"},{\"@type\":\"Organization\",\"@id\":\"https:\\\/\\\/evangelische-beratung.com\\\/fr\\\/#organization\",\"name\":\"Evangelischer Regionalverband Frankfurt und Offenbach\",\"url\":\"https:\\\/\\\/evangelische-beratung.com\\\/fr\\\/\",\"logo\":{\"@type\":\"ImageObject\",\"inLanguage\":\"fr-FR\",\"@id\":\"https:\\\/\\\/evangelische-beratung.com\\\/fr\\\/#\\\/schema\\\/logo\\\/image\\\/\",\"url\":\"https:\\\/\\\/evangelische-beratung.com\\\/fr\\\/wp-content\\\/uploads\\\/sites\\\/5\\\/2019\\\/10\\\/erv-logo.png\",\"contentUrl\":\"https:\\\/\\\/evangelische-beratung.com\\\/fr\\\/wp-content\\\/uploads\\\/sites\\\/5\\\/2019\\\/10\\\/erv-logo.png\",\"width\":1127,\"height\":595,\"caption\":\"Evangelischer Regionalverband Frankfurt und Offenbach\"},\"image\":{\"@id\":\"https:\\\/\\\/evangelische-beratung.com\\\/fr\\\/#\\\/schema\\\/logo\\\/image\\\/\"}}]}<\/script>\n<!-- \/ Yoast SEO plugin. -->","yoast_head_json":{"title":"Krisenintervention. Wir helfen Ihnen in Frankfurt und Offenbach","description":"Bei akuten Krisen (Todesfall, schwere Krankheit etc) sind wir f\u00fcr Sie da. Vereinbaren Sie gleich einen Termin in Frankfurt oder Offenbach.","robots":{"index":"index","follow":"follow","max-snippet":"max-snippet:-1","max-image-preview":"max-image-preview:large","max-video-preview":"max-video-preview:-1"},"canonical":"https:\/\/evangelische-beratung.com\/fr\/partnerschaft-lebensfragen\/krisenintervention\/","og_locale":"fr_FR","og_type":"article","og_title":"Krisenintervention. Wir helfen Ihnen in Frankfurt und Offenbach","og_description":"Bei akuten Krisen (Todesfall, schwere Krankheit etc) sind wir f\u00fcr Sie da. Vereinbaren Sie gleich einen Termin in Frankfurt oder Offenbach.","og_url":"https:\/\/evangelische-beratung.com\/fr\/partnerschaft-lebensfragen\/krisenintervention\/","og_site_name":"Evangelischer Regionalverband","article_modified_time":"2020-03-19T16:55:27+00:00","twitter_card":"summary_large_image","schema":{"@context":"https:\/\/schema.org","@graph":[{"@type":"WebPage","@id":"https:\/\/evangelische-beratung.com\/fr\/partnerschaft-lebensfragen\/krisenintervention\/","url":"https:\/\/evangelische-beratung.com\/fr\/partnerschaft-lebensfragen\/krisenintervention\/","name":"Krisenintervention. Wir helfen Ihnen in Frankfurt und Offenbach","isPartOf":{"@id":"https:\/\/evangelische-beratung.com\/fr\/#website"},"datePublished":"2019-08-16T16:36:11+00:00","dateModified":"2020-03-19T16:55:27+00:00","description":"Bei akuten Krisen (Todesfall, schwere Krankheit etc) sind wir f\u00fcr Sie da. Vereinbaren Sie gleich einen Termin in Frankfurt oder Offenbach.","breadcrumb":{"@id":"https:\/\/evangelische-beratung.com\/fr\/partnerschaft-lebensfragen\/krisenintervention\/#breadcrumb"},"inLanguage":"fr-FR","potentialAction":[{"@type":"ReadAction","target":["https:\/\/evangelische-beratung.com\/fr\/partnerschaft-lebensfragen\/krisenintervention\/"]}]},{"@type":"BreadcrumbList","@id":"https:\/\/evangelische-beratung.com\/fr\/partnerschaft-lebensfragen\/krisenintervention\/#breadcrumb","itemListElement":[{"@type":"ListItem","position":1,"name":"Startseite","item":"https:\/\/evangelische-beratung.com\/fr\/"},{"@type":"ListItem","position":2,"name":"Partenariat et questions de vie","item":"https:\/\/evangelische-beratung.com\/fr\/partnerschaft-lebensfragen\/"},{"@type":"ListItem","position":3,"name":"Intervention de crise"}]},{"@type":"WebSite","@id":"https:\/\/evangelische-beratung.com\/fr\/#website","url":"https:\/\/evangelische-beratung.com\/fr\/","name":"Evangelischer Regionalverband","description":"","publisher":{"@id":"https:\/\/evangelische-beratung.com\/fr\/#organization"},"potentialAction":[{"@type":"SearchAction","target":{"@type":"EntryPoint","urlTemplate":"https:\/\/evangelische-beratung.com\/fr\/?s={search_term_string}"},"query-input":{"@type":"PropertyValueSpecification","valueRequired":true,"valueName":"search_term_string"}}],"inLanguage":"fr-FR"},{"@type":"Organization","@id":"https:\/\/evangelische-beratung.com\/fr\/#organization","name":"Evangelischer Regionalverband Frankfurt und Offenbach","url":"https:\/\/evangelische-beratung.com\/fr\/","logo":{"@type":"ImageObject","inLanguage":"fr-FR","@id":"https:\/\/evangelische-beratung.com\/fr\/#\/schema\/logo\/image\/","url":"https:\/\/evangelische-beratung.com\/fr\/wp-content\/uploads\/sites\/5\/2019\/10\/erv-logo.png","contentUrl":"https:\/\/evangelische-beratung.com\/fr\/wp-content\/uploads\/sites\/5\/2019\/10\/erv-logo.png","width":1127,"height":595,"caption":"Evangelischer Regionalverband Frankfurt und Offenbach"},"image":{"@id":"https:\/\/evangelische-beratung.com\/fr\/#\/schema\/logo\/image\/"}}]}},"_links":{"self":[{"href":"https:\/\/evangelische-beratung.com\/fr\/wp-json\/wp\/v2\/pages\/348","targetHints":{"allow":["GET"]}}],"collection":[{"href":"https:\/\/evangelische-beratung.com\/fr\/wp-json\/wp\/v2\/pages"}],"about":[{"href":"https:\/\/evangelische-beratung.com\/fr\/wp-json\/wp\/v2\/types\/page"}],"author":[{"embeddable":true,"href":"https:\/\/evangelische-beratung.com\/fr\/wp-json\/wp\/v2\/users\/3"}],"replies":[{"embeddable":true,"href":"https:\/\/evangelische-beratung.com\/fr\/wp-json\/wp\/v2\/comments?post=348"}],"version-history":[{"count":5,"href":"https:\/\/evangelische-beratung.com\/fr\/wp-json\/wp\/v2\/pages\/348\/revisions"}],"predecessor-version":[{"id":1576,"href":"https:\/\/evangelische-beratung.com\/fr\/wp-json\/wp\/v2\/pages\/348\/revisions\/1576"}],"up":[{"embeddable":true,"href":"https:\/\/evangelische-beratung.com\/fr\/wp-json\/wp\/v2\/pages\/38"}],"wp:attachment":[{"href":"https:\/\/evangelische-beratung.com\/fr\/wp-json\/wp\/v2\/media?parent=348"}],"curies":[{"name":"wp","href":"https:\/\/api.w.org\/{rel}","templated":true}]}}