{"id":345,"date":"2019-08-16T18:26:43","date_gmt":"2019-08-16T16:26:43","guid":{"rendered":"https:\/\/evangelische-beratung.com\/fr\/?page_id=345"},"modified":"2020-03-20T10:00:36","modified_gmt":"2020-03-20T09:00:36","slug":"paar-und-lebensberatung","status":"publish","type":"page","link":"https:\/\/evangelische-beratung.com\/fr\/partnerschaft-lebensfragen\/paar-und-lebensberatung\/","title":{"rendered":"Conseil aux couples et de vie"},"content":{"rendered":"\n<p class=\"is-style-teaser\">Dans le conseil aux couples et de vie, nous parlons avec vous des questions et probl\u00e8mes qui surviennent dans les partenariats, la famille, le travail ou dans l&rsquo;entourage social. Nous trouvons des solutions ensemble.<\/p>\n\n\n\n<p>Venez nous voir pour des sujets tels que par exemple :<\/p>\n\n\n\n<ul class=\"wp-block-list\"><li>Conflits ou situations bloqu\u00e9es dans le partenariat<\/li><li>D\u00e9sir d\u2019une plus grande satisfaction, personnelle et aussi dans le partenariat<\/li><li>Clarification de la question de savoir si vous voulez encore vivre ensemble en tant que couple<\/li><li> D\u00e9cisions en suspens dans les domaines professionnel ou priv\u00e9 <\/li><\/ul>\n\n\n\n<p> Nous vous accompagnons dans les situations de vie difficiles telles que les s\u00e9parations, les probl\u00e8mes de sant\u00e9 ou la perte d\u2019emploi et cherchons de nouvelles perspectives d\u2019avenir avec vous.<\/p>\n\n\n\n<p>Le conseil est \u00e0 la disposition des couples et \u00e0 des personnes individuelles arriv\u00e9es \u00e0 l\u2019\u00e2ge adulte \u2013 ind\u00e9pendamment de l\u2019origine, la culture, la religion et l\u2019orientation sexuelle.<\/p>\n\n\n\n<p>Le conseil est volontaire et gratuit. Tous les entretiens de conseil sont confidentiels.<\/p>\n\n\n\n<div style=\"height:30px\" aria-hidden=\"true\" class=\"wp-block-spacer\"><\/div>\n\n\n\n<p style=\"text-align:center\" class=\"is-style-roof-line\"><strong>Vos interlocuteurs<\/strong><\/p>\n\n\n\n<div class=\"wp-block-columns has-2-columns is-layout-flex wp-container-core-columns-is-layout-9d6595d7 wp-block-columns-is-layout-flex\">\n<div class=\"wp-block-column is-layout-flow wp-block-column-is-layout-flow\"><\/div>\n\n\n\n<div class=\"wp-block-column is-layout-flow wp-block-column-is-layout-flow\">\n<div class=\"wp-block-erv-id-card -hidden-image\"><div class=\"id-card-content\"><div class=\"id-card-details\"><p class=\"id-card-name\">Mandy Hanke<\/p><p class=\"id-card-job\">Sekretariat<\/p><p class=\"id-card-location\">Frankfurt<\/p><p class=\"id-card-phone\">069 \/ 53 02 221<\/p><p class=\"id-card-email\"><a href=\"&#109;&#x61;&#105;&#x6c;t&#111;&#x3a;&#108;&#x65;b&#x65;n&#115;&#x62;&#101;&#x72;a&#x74;&#x75;&#110;&#x67;&#64;&#x66;r&#97;&#x6e;&#107;&#x66;u&#x72;t&#45;&#x65;&#118;&#x61;n&#103;&#x65;&#108;&#x69;s&#x63;h&#46;&#x64;&#101;\">E-Mail<\/a><\/p><\/div><\/div><\/div>\n<\/div>\n<\/div>\n\n\n\n<div class=\"wp-block-columns alignwide has-3-columns is-layout-flex wp-container-core-columns-is-layout-9d6595d7 wp-block-columns-is-layout-flex\">\n<div class=\"wp-block-column is-layout-flow wp-block-column-is-layout-flow\">\n<div class=\"wp-block-erv-id-card\"><div class=\"id-card-content\"><figure class=\"id-card-photo\"><img decoding=\"async\" src=\"https:\/\/evangelische-beratung.com\/fr\/wp-content\/uploads\/sites\/5\/2019\/08\/judith-rosner_leitung-zentrum-beratung-hoechst-und-psychologische-beratungsstelle-hoechst-2-e1576424585672-274x300.jpg\" \/><\/figure><div class=\"id-card-details\"><p class=\"id-card-name\">Judith Rosner<\/p><p class=\"id-card-job\">Leitung<\/p><p class=\"id-card-location\">H\u00f6chst<\/p><p class=\"id-card-phone\">069 \/ 75 93 672 10<\/p><p class=\"id-card-email\"><a href=\"&#109;a&#x69;l&#x74;&#111;&#x3a;&#112;&#x73;&#121;c&#x68;o&#x6c;&#111;&#x67;&#105;&#x73;&#99;&#x68;&#101;b&#x65;r&#x61;&#116;&#x75;&#110;&#x67;&#46;h&#x6f;e&#x63;&#104;&#x73;&#116;&#x40;&#102;&#x72;&#97;n&#x6b;f&#x75;&#114;&#x74;&#45;&#x65;&#118;a&#x6e;g&#x65;&#108;&#x69;&#115;&#x63;&#104;&#x2e;&#100;e\">E-Mail<\/a><\/p><\/div><\/div><\/div>\n\n\n\n<div class=\"wp-block-erv-id-card\"><div class=\"id-card-content\"><figure class=\"id-card-photo\"><img decoding=\"async\" src=\"https:\/\/evangelische-beratung.com\/wp-content\/uploads\/2025\/01\/29112024JoergFertsch-Roever01-300x200.jpeg\" \/><\/figure><div class=\"id-card-details\"><p class=\"id-card-name\">Dr. J\u00f6rg Fertsch-R\u00f6ver<\/p><p class=\"id-card-job\">Paar- und Lebensberatung<\/p><p class=\"id-card-location\">Offenbach<\/p><p class=\"id-card-phone\">069 \/ 82 97 70 99<\/p><p class=\"id-card-email\"><a href=\"&#109;&#97;&#x69;l&#116;&#x6f;&#x3a;b&#101;&#x72;&#x61;t&#117;&#x6e;&#x67;s&#122;&#x65;&#x6e;t&#114;&#x75;&#x6d;&#64;&#111;&#x66;f&#101;&#110;&#x62;a&#99;&#x68;&#x2d;e&#118;&#x61;&#x6e;g&#101;&#x6c;&#x69;s&#99;&#x68;&#x2e;d&#101;\">E-Mail<\/a><\/p><\/div><\/div><\/div>\n<\/div>\n\n\n\n<div class=\"wp-block-column is-layout-flow wp-block-column-is-layout-flow\">\n<div class=\"wp-block-erv-id-card\"><div class=\"id-card-content\"><figure class=\"id-card-photo\"><img decoding=\"async\" src=\"https:\/\/evangelische-beratung.com\/wp-content\/uploads\/2025\/01\/29112024JoergFertsch-Roever01-300x200.jpeg\" \/><\/figure><div class=\"id-card-details\"><p class=\"id-card-name\">Dr. J\u00f6rg Fertsch-R\u00f6ver<\/p><p class=\"id-card-job\">Paar- und Lebensberatung<\/p><p class=\"id-card-location\">Frankfurt<\/p><p class=\"id-card-phone\">069 \/ 53 02 221 <\/p><p class=\"id-card-email\"><a href=\"&#x6d;&#97;i&#x6c;&#116;o&#x3a;&#108;e&#x62;&#x65;&#110;&#x73;&#x62;&#101;r&#x61;&#116;u&#x6e;&#103;&#64;&#x66;&#x72;&#97;&#x6e;&#x6b;&#102;u&#x72;&#116;-&#x65;&#118;a&#x6e;&#103;e&#x6c;&#x69;&#115;&#x63;&#x68;&#46;d&#x65;\">E-Mail<\/a><\/p><\/div><\/div><\/div>\n\n\n\n<div class=\"wp-block-erv-id-card\"><div class=\"id-card-content\"><figure class=\"id-card-photo\"><img decoding=\"async\" src=\"https:\/\/evangelische-beratung.com\/fr\/wp-content\/uploads\/sites\/5\/2019\/08\/heidrun-maria-krauskopf_psychologische-beratung-hoechst-300x200.jpg\" \/><\/figure><div class=\"id-card-details\"><p class=\"id-card-name\">Heidrun Krauskopf <\/p><p class=\"id-card-job\">Beratung<\/p><p class=\"id-card-location\">H\u00f6chst<\/p><p class=\"id-card-phone\">069 \/ 75 93 672 10<\/p><p class=\"id-card-email\"><a href=\"m&#97;&#105;&#x6c;&#x74;&#x6f;:p&#115;&#121;&#x63;&#x68;&#x6f;l&#111;&#103;&#105;&#x73;&#x63;&#x68;e&#98;&#101;&#x72;&#x61;&#x74;un&#103;&#46;&#x68;&#x6f;&#x65;c&#104;&#115;&#116;&#x40;&#x66;&#x72;a&#110;&#107;&#x66;&#x75;&#x72;t-&#101;&#118;&#x61;&#x6e;&#x67;e&#108;&#105;&#115;&#x63;&#x68;&#x2e;d&#101;\">E-Mail<\/a><\/p><\/div><\/div><\/div>\n<\/div>\n\n\n\n<div class=\"wp-block-column is-layout-flow wp-block-column-is-layout-flow\">\n<div class=\"wp-block-erv-id-card\"><div class=\"id-card-content\"><figure class=\"id-card-photo\"><img decoding=\"async\" src=\"https:\/\/evangelische-beratung.com\/wp-content\/uploads\/2019\/08\/beate-fuchs_suchtberatung-hoechst-e1576424435131-300x268.jpg\" \/><\/figure><div class=\"id-card-details\"><p class=\"id-card-name\">Beate Fuchs<\/p><p class=\"id-card-job\">Lebensberatung<\/p><p class=\"id-card-location\">H\u00f6chst<\/p><p class=\"id-card-phone\">069 \/ 75 93 672 10<\/p><p class=\"id-card-email\"><a href=\"m&#97;&#105;&#x6c;&#x74;o&#58;&#112;&#x73;&#x79;&#x63;h&#111;&#108;&#x6f;&#x67;is&#99;&#x68;&#x65;&#x62;e&#114;&#97;&#x74;&#x75;ng&#46;&#x68;&#x6f;&#x65;c&#104;&#115;&#x74;&#x40;fr&#97;&#x6e;&#x6b;&#x66;u&#114;&#116;&#x2d;&#x65;&#x76;a&#110;&#103;&#x65;&#x6c;i&#115;&#99;&#x68;&#x2e;&#x64;e\">E-Mail<\/a><\/p><\/div><\/div><\/div>\n\n\n\n<div class=\"wp-block-erv-id-card\"><div class=\"id-card-content\"><figure class=\"id-card-photo\"><img decoding=\"async\" src=\"https:\/\/evangelische-beratung.com\/wp-content\/uploads\/2025\/01\/29112024ClaudiaWestenberger01-300x208.jpeg\" \/><\/figure><div class=\"id-card-details\"><p class=\"id-card-name\">Claudia Westenberger<\/p><p class=\"id-card-job\">Paar- und Lebensberatung<\/p><p class=\"id-card-location\">Frankfurt<\/p><p class=\"id-card-phone\">069 \/ 53 02 221<\/p><p class=\"id-card-email\"><a href=\"&#109;&#x61;&#x69;l&#116;&#x6f;&#x3a;l&#101;&#x62;e&#110;&#x73;&#x62;e&#114;&#x61;t&#117;&#x6e;&#x67;&#64;&#102;&#x72;&#x61;&#110;&#x6b;&#x66;u&#114;&#x74;&#x2d;e&#118;&#x61;n&#103;&#x65;&#x6c;i&#115;&#x63;h&#46;&#x64;&#x65;\">E-Mail<\/a><\/p><\/div><\/div><\/div>\n<\/div>\n<\/div>\n","protected":false},"excerpt":{"rendered":"<p>Dans le conseil aux couples et de vie, nous parlons avec vous des questions et probl\u00e8mes qui surviennent dans les partenariats, la famille, le travail ou dans l&rsquo;entourage social. Nous trouvons des solutions ensemble. Venez nous voir pour des sujets tels que par exemple : Conflits ou situations bloqu\u00e9es dans le partenariat D\u00e9sir d\u2019une plus [&hellip;]<\/p>\n","protected":false},"author":3,"featured_media":0,"parent":38,"menu_order":0,"comment_status":"closed","ping_status":"closed","template":"","meta":{"footnotes":""},"class_list":["post-345","page","type-page","status-publish","hentry"],"yoast_head":"<!-- This site is optimized with the Yoast SEO plugin v27.5 - https:\/\/yoast.com\/product\/yoast-seo-wordpress\/ -->\n<title>Paar- und Lebensberatung in Frankfurt und Offenbach<\/title>\n<meta name=\"description\" content=\"Wir finden gemeinsam mit Ihnen L\u00f6sungswege rund um Ihre Fragen und Probleme in Partnerschaft, Familie, Beruf oder in Ihrem sozialen Umfeld.\" \/>\n<meta name=\"robots\" content=\"index, follow, max-snippet:-1, max-image-preview:large, max-video-preview:-1\" \/>\n<link rel=\"canonical\" href=\"https:\/\/evangelische-beratung.com\/fr\/partnerschaft-lebensfragen\/paar-und-lebensberatung\/\" \/>\n<meta property=\"og:locale\" content=\"fr_FR\" \/>\n<meta property=\"og:type\" content=\"article\" \/>\n<meta property=\"og:title\" content=\"Paar- und Lebensberatung in Frankfurt und Offenbach\" \/>\n<meta property=\"og:description\" content=\"Wir finden gemeinsam mit Ihnen L\u00f6sungswege rund um Ihre Fragen und Probleme in Partnerschaft, Familie, Beruf oder in Ihrem sozialen Umfeld.\" \/>\n<meta property=\"og:url\" content=\"https:\/\/evangelische-beratung.com\/fr\/partnerschaft-lebensfragen\/paar-und-lebensberatung\/\" \/>\n<meta property=\"og:site_name\" content=\"Evangelischer Regionalverband\" \/>\n<meta property=\"article:modified_time\" content=\"2020-03-20T09:00:36+00:00\" \/>\n<meta property=\"og:image\" content=\"https:\/\/evangelische-beratung.com\/fr\/wp-content\/uploads\/sites\/5\/2019\/08\/judith-rosner_leitung-zentrum-beratung-hoechst-und-psychologische-beratungsstelle-hoechst-2-e1576424585672-274x300.jpg\" \/>\n<meta name=\"twitter:card\" content=\"summary_large_image\" \/>\n<meta name=\"twitter:label1\" content=\"Dur\u00e9e de lecture estim\u00e9e\" \/>\n\t<meta name=\"twitter:data1\" content=\"1 minute\" \/>\n<script type=\"application\/ld+json\" class=\"yoast-schema-graph\">{\"@context\":\"https:\\\/\\\/schema.org\",\"@graph\":[{\"@type\":\"WebPage\",\"@id\":\"https:\\\/\\\/evangelische-beratung.com\\\/fr\\\/partnerschaft-lebensfragen\\\/paar-und-lebensberatung\\\/\",\"url\":\"https:\\\/\\\/evangelische-beratung.com\\\/fr\\\/partnerschaft-lebensfragen\\\/paar-und-lebensberatung\\\/\",\"name\":\"Paar- und Lebensberatung in Frankfurt und Offenbach\",\"isPartOf\":{\"@id\":\"https:\\\/\\\/evangelische-beratung.com\\\/fr\\\/#website\"},\"primaryImageOfPage\":{\"@id\":\"https:\\\/\\\/evangelische-beratung.com\\\/fr\\\/partnerschaft-lebensfragen\\\/paar-und-lebensberatung\\\/#primaryimage\"},\"image\":{\"@id\":\"https:\\\/\\\/evangelische-beratung.com\\\/fr\\\/partnerschaft-lebensfragen\\\/paar-und-lebensberatung\\\/#primaryimage\"},\"thumbnailUrl\":\"https:\\\/\\\/evangelische-beratung.com\\\/fr\\\/wp-content\\\/uploads\\\/sites\\\/5\\\/2019\\\/08\\\/judith-rosner_leitung-zentrum-beratung-hoechst-und-psychologische-beratungsstelle-hoechst-2-e1576424585672-274x300.jpg\",\"datePublished\":\"2019-08-16T16:26:43+00:00\",\"dateModified\":\"2020-03-20T09:00:36+00:00\",\"description\":\"Wir finden gemeinsam mit Ihnen L\u00f6sungswege rund um Ihre Fragen und Probleme in Partnerschaft, Familie, Beruf oder in Ihrem sozialen Umfeld.\",\"breadcrumb\":{\"@id\":\"https:\\\/\\\/evangelische-beratung.com\\\/fr\\\/partnerschaft-lebensfragen\\\/paar-und-lebensberatung\\\/#breadcrumb\"},\"inLanguage\":\"fr-FR\",\"potentialAction\":[{\"@type\":\"ReadAction\",\"target\":[\"https:\\\/\\\/evangelische-beratung.com\\\/fr\\\/partnerschaft-lebensfragen\\\/paar-und-lebensberatung\\\/\"]}]},{\"@type\":\"ImageObject\",\"inLanguage\":\"fr-FR\",\"@id\":\"https:\\\/\\\/evangelische-beratung.com\\\/fr\\\/partnerschaft-lebensfragen\\\/paar-und-lebensberatung\\\/#primaryimage\",\"url\":\"https:\\\/\\\/evangelische-beratung.com\\\/fr\\\/wp-content\\\/uploads\\\/sites\\\/5\\\/2019\\\/08\\\/judith-rosner_leitung-zentrum-beratung-hoechst-und-psychologische-beratungsstelle-hoechst-2-e1576424585672-274x300.jpg\",\"contentUrl\":\"https:\\\/\\\/evangelische-beratung.com\\\/fr\\\/wp-content\\\/uploads\\\/sites\\\/5\\\/2019\\\/08\\\/judith-rosner_leitung-zentrum-beratung-hoechst-und-psychologische-beratungsstelle-hoechst-2-e1576424585672-274x300.jpg\"},{\"@type\":\"BreadcrumbList\",\"@id\":\"https:\\\/\\\/evangelische-beratung.com\\\/fr\\\/partnerschaft-lebensfragen\\\/paar-und-lebensberatung\\\/#breadcrumb\",\"itemListElement\":[{\"@type\":\"ListItem\",\"position\":1,\"name\":\"Startseite\",\"item\":\"https:\\\/\\\/evangelische-beratung.com\\\/fr\\\/\"},{\"@type\":\"ListItem\",\"position\":2,\"name\":\"Partenariat et questions de vie\",\"item\":\"https:\\\/\\\/evangelische-beratung.com\\\/fr\\\/partnerschaft-lebensfragen\\\/\"},{\"@type\":\"ListItem\",\"position\":3,\"name\":\"Conseil aux couples et de vie\"}]},{\"@type\":\"WebSite\",\"@id\":\"https:\\\/\\\/evangelische-beratung.com\\\/fr\\\/#website\",\"url\":\"https:\\\/\\\/evangelische-beratung.com\\\/fr\\\/\",\"name\":\"Evangelischer Regionalverband\",\"description\":\"\",\"publisher\":{\"@id\":\"https:\\\/\\\/evangelische-beratung.com\\\/fr\\\/#organization\"},\"potentialAction\":[{\"@type\":\"SearchAction\",\"target\":{\"@type\":\"EntryPoint\",\"urlTemplate\":\"https:\\\/\\\/evangelische-beratung.com\\\/fr\\\/?s={search_term_string}\"},\"query-input\":{\"@type\":\"PropertyValueSpecification\",\"valueRequired\":true,\"valueName\":\"search_term_string\"}}],\"inLanguage\":\"fr-FR\"},{\"@type\":\"Organization\",\"@id\":\"https:\\\/\\\/evangelische-beratung.com\\\/fr\\\/#organization\",\"name\":\"Evangelischer Regionalverband Frankfurt und Offenbach\",\"url\":\"https:\\\/\\\/evangelische-beratung.com\\\/fr\\\/\",\"logo\":{\"@type\":\"ImageObject\",\"inLanguage\":\"fr-FR\",\"@id\":\"https:\\\/\\\/evangelische-beratung.com\\\/fr\\\/#\\\/schema\\\/logo\\\/image\\\/\",\"url\":\"https:\\\/\\\/evangelische-beratung.com\\\/fr\\\/wp-content\\\/uploads\\\/sites\\\/5\\\/2019\\\/10\\\/erv-logo.png\",\"contentUrl\":\"https:\\\/\\\/evangelische-beratung.com\\\/fr\\\/wp-content\\\/uploads\\\/sites\\\/5\\\/2019\\\/10\\\/erv-logo.png\",\"width\":1127,\"height\":595,\"caption\":\"Evangelischer Regionalverband Frankfurt und Offenbach\"},\"image\":{\"@id\":\"https:\\\/\\\/evangelische-beratung.com\\\/fr\\\/#\\\/schema\\\/logo\\\/image\\\/\"}}]}<\/script>\n<!-- \/ Yoast SEO plugin. -->","yoast_head_json":{"title":"Paar- und Lebensberatung in Frankfurt und Offenbach","description":"Wir finden gemeinsam mit Ihnen L\u00f6sungswege rund um Ihre Fragen und Probleme in Partnerschaft, Familie, Beruf oder in Ihrem sozialen Umfeld.","robots":{"index":"index","follow":"follow","max-snippet":"max-snippet:-1","max-image-preview":"max-image-preview:large","max-video-preview":"max-video-preview:-1"},"canonical":"https:\/\/evangelische-beratung.com\/fr\/partnerschaft-lebensfragen\/paar-und-lebensberatung\/","og_locale":"fr_FR","og_type":"article","og_title":"Paar- und Lebensberatung in Frankfurt und Offenbach","og_description":"Wir finden gemeinsam mit Ihnen L\u00f6sungswege rund um Ihre Fragen und Probleme in Partnerschaft, Familie, Beruf oder in Ihrem sozialen Umfeld.","og_url":"https:\/\/evangelische-beratung.com\/fr\/partnerschaft-lebensfragen\/paar-und-lebensberatung\/","og_site_name":"Evangelischer Regionalverband","article_modified_time":"2020-03-20T09:00:36+00:00","og_image":[{"url":"https:\/\/evangelische-beratung.com\/fr\/wp-content\/uploads\/sites\/5\/2019\/08\/judith-rosner_leitung-zentrum-beratung-hoechst-und-psychologische-beratungsstelle-hoechst-2-e1576424585672-274x300.jpg","type":"","width":"","height":""}],"twitter_card":"summary_large_image","twitter_misc":{"Dur\u00e9e de lecture estim\u00e9e":"1 minute"},"schema":{"@context":"https:\/\/schema.org","@graph":[{"@type":"WebPage","@id":"https:\/\/evangelische-beratung.com\/fr\/partnerschaft-lebensfragen\/paar-und-lebensberatung\/","url":"https:\/\/evangelische-beratung.com\/fr\/partnerschaft-lebensfragen\/paar-und-lebensberatung\/","name":"Paar- und Lebensberatung in Frankfurt und Offenbach","isPartOf":{"@id":"https:\/\/evangelische-beratung.com\/fr\/#website"},"primaryImageOfPage":{"@id":"https:\/\/evangelische-beratung.com\/fr\/partnerschaft-lebensfragen\/paar-und-lebensberatung\/#primaryimage"},"image":{"@id":"https:\/\/evangelische-beratung.com\/fr\/partnerschaft-lebensfragen\/paar-und-lebensberatung\/#primaryimage"},"thumbnailUrl":"https:\/\/evangelische-beratung.com\/fr\/wp-content\/uploads\/sites\/5\/2019\/08\/judith-rosner_leitung-zentrum-beratung-hoechst-und-psychologische-beratungsstelle-hoechst-2-e1576424585672-274x300.jpg","datePublished":"2019-08-16T16:26:43+00:00","dateModified":"2020-03-20T09:00:36+00:00","description":"Wir finden gemeinsam mit Ihnen L\u00f6sungswege rund um Ihre Fragen und Probleme in Partnerschaft, Familie, Beruf oder in Ihrem sozialen Umfeld.","breadcrumb":{"@id":"https:\/\/evangelische-beratung.com\/fr\/partnerschaft-lebensfragen\/paar-und-lebensberatung\/#breadcrumb"},"inLanguage":"fr-FR","potentialAction":[{"@type":"ReadAction","target":["https:\/\/evangelische-beratung.com\/fr\/partnerschaft-lebensfragen\/paar-und-lebensberatung\/"]}]},{"@type":"ImageObject","inLanguage":"fr-FR","@id":"https:\/\/evangelische-beratung.com\/fr\/partnerschaft-lebensfragen\/paar-und-lebensberatung\/#primaryimage","url":"https:\/\/evangelische-beratung.com\/fr\/wp-content\/uploads\/sites\/5\/2019\/08\/judith-rosner_leitung-zentrum-beratung-hoechst-und-psychologische-beratungsstelle-hoechst-2-e1576424585672-274x300.jpg","contentUrl":"https:\/\/evangelische-beratung.com\/fr\/wp-content\/uploads\/sites\/5\/2019\/08\/judith-rosner_leitung-zentrum-beratung-hoechst-und-psychologische-beratungsstelle-hoechst-2-e1576424585672-274x300.jpg"},{"@type":"BreadcrumbList","@id":"https:\/\/evangelische-beratung.com\/fr\/partnerschaft-lebensfragen\/paar-und-lebensberatung\/#breadcrumb","itemListElement":[{"@type":"ListItem","position":1,"name":"Startseite","item":"https:\/\/evangelische-beratung.com\/fr\/"},{"@type":"ListItem","position":2,"name":"Partenariat et questions de vie","item":"https:\/\/evangelische-beratung.com\/fr\/partnerschaft-lebensfragen\/"},{"@type":"ListItem","position":3,"name":"Conseil aux couples et de vie"}]},{"@type":"WebSite","@id":"https:\/\/evangelische-beratung.com\/fr\/#website","url":"https:\/\/evangelische-beratung.com\/fr\/","name":"Evangelischer Regionalverband","description":"","publisher":{"@id":"https:\/\/evangelische-beratung.com\/fr\/#organization"},"potentialAction":[{"@type":"SearchAction","target":{"@type":"EntryPoint","urlTemplate":"https:\/\/evangelische-beratung.com\/fr\/?s={search_term_string}"},"query-input":{"@type":"PropertyValueSpecification","valueRequired":true,"valueName":"search_term_string"}}],"inLanguage":"fr-FR"},{"@type":"Organization","@id":"https:\/\/evangelische-beratung.com\/fr\/#organization","name":"Evangelischer Regionalverband Frankfurt und Offenbach","url":"https:\/\/evangelische-beratung.com\/fr\/","logo":{"@type":"ImageObject","inLanguage":"fr-FR","@id":"https:\/\/evangelische-beratung.com\/fr\/#\/schema\/logo\/image\/","url":"https:\/\/evangelische-beratung.com\/fr\/wp-content\/uploads\/sites\/5\/2019\/10\/erv-logo.png","contentUrl":"https:\/\/evangelische-beratung.com\/fr\/wp-content\/uploads\/sites\/5\/2019\/10\/erv-logo.png","width":1127,"height":595,"caption":"Evangelischer Regionalverband Frankfurt und Offenbach"},"image":{"@id":"https:\/\/evangelische-beratung.com\/fr\/#\/schema\/logo\/image\/"}}]}},"_links":{"self":[{"href":"https:\/\/evangelische-beratung.com\/fr\/wp-json\/wp\/v2\/pages\/345","targetHints":{"allow":["GET"]}}],"collection":[{"href":"https:\/\/evangelische-beratung.com\/fr\/wp-json\/wp\/v2\/pages"}],"about":[{"href":"https:\/\/evangelische-beratung.com\/fr\/wp-json\/wp\/v2\/types\/page"}],"author":[{"embeddable":true,"href":"https:\/\/evangelische-beratung.com\/fr\/wp-json\/wp\/v2\/users\/3"}],"replies":[{"embeddable":true,"href":"https:\/\/evangelische-beratung.com\/fr\/wp-json\/wp\/v2\/comments?post=345"}],"version-history":[{"count":5,"href":"https:\/\/evangelische-beratung.com\/fr\/wp-json\/wp\/v2\/pages\/345\/revisions"}],"predecessor-version":[{"id":1601,"href":"https:\/\/evangelische-beratung.com\/fr\/wp-json\/wp\/v2\/pages\/345\/revisions\/1601"}],"up":[{"embeddable":true,"href":"https:\/\/evangelische-beratung.com\/fr\/wp-json\/wp\/v2\/pages\/38"}],"wp:attachment":[{"href":"https:\/\/evangelische-beratung.com\/fr\/wp-json\/wp\/v2\/media?parent=345"}],"curies":[{"name":"wp","href":"https:\/\/api.w.org\/{rel}","templated":true}]}}