{"id":328,"date":"2019-08-16T17:37:31","date_gmt":"2019-08-16T15:37:31","guid":{"rendered":"https:\/\/evangelische-beratung.com\/fr\/?page_id=328"},"modified":"2020-03-20T12:45:42","modified_gmt":"2020-03-20T11:45:42","slug":"migrationsberatung-fuer-erwachsene-zugewanderte-mbe","status":"publish","type":"page","link":"https:\/\/evangelische-beratung.com\/fr\/sozialberatung\/migrationsberatung-fuer-erwachsene-zugewanderte-mbe\/","title":{"rendered":"Consultation sur les migrations \u00e0 l\u2019attention des adultes migrants (MBE)"},"content":{"rendered":"\n<p class=\"is-style-teaser\">Vous \u00eates r\u00e9cemment arriv\u00e9 en Allemagne et continuez \u00e0 essayer de vous orienter ? Notre service de consultation en migration destin\u00e9s aux migrants adultes peut vous assister pendant cette p\u00e9riode.<\/p>\n\n\n\n<figure class=\"wp-block-image alignwide\"><img loading=\"lazy\" decoding=\"async\" width=\"1024\" height=\"401\" src=\"https:\/\/evangelische-beratung.com\/fr\/wp-content\/uploads\/sites\/5\/2019\/08\/Migration1-1024x401.png\" alt=\"\" class=\"wp-image-223\" srcset=\"https:\/\/evangelische-beratung.com\/fr\/wp-content\/uploads\/sites\/5\/2019\/08\/Migration1-1024x401.png 1024w, https:\/\/evangelische-beratung.com\/fr\/wp-content\/uploads\/sites\/5\/2019\/08\/Migration1-300x117.png 300w, https:\/\/evangelische-beratung.com\/fr\/wp-content\/uploads\/sites\/5\/2019\/08\/Migration1-768x301.png 768w, https:\/\/evangelische-beratung.com\/fr\/wp-content\/uploads\/sites\/5\/2019\/08\/Migration1.png 1840w\" sizes=\"auto, 100vw\" \/><\/figure>\n\n\n\n<p>Contactez-nous \u00e0 propos de questions telles que :<\/p>\n\n\n\n<ul class=\"wp-block-list\"><li>Vous \u00eates \u00e0 Francfort de fra\u00eeche date, ou vous vivez ici depuis peu<\/li><li>Vous avez besoin d\u2019aide pour des questions personnelles, de sant\u00e9, de r\u00e9sidence et de lois sociales<\/li><li>Vos cherchez un cours de langue ou d\u2019int\u00e9gration<\/li><li>Vous avez besoin que vos certificats et qualifications soient reconnus<\/li><li>Vous avez besoin d\u2019assistance au niveau de la r\u00e9unification de votre famille<\/li><li>Vous recherchez une formation de vocation ou autre, ou d\u2019autres qualifications<\/li><li> Vous avez des questions \u00e0 propos de la famille, la parent\u00e9, les institutions de garderie ou \u00e9coles<\/li><\/ul>\n\n\n\n<p>Notre service de consultation sur la migration destin\u00e9 aux migrants adultes (MBE) vous assiste dans vos besoins. Nous sommes \u00e9galement en mesure de vous renvoyer vers d\u2019autres services sp\u00e9cialis\u00e9s et institutions d\u2019\u00e9ducation si besoin est.<\/p>\n\n\n\n<p>Nos conseillers qualifi\u00e9s sont des sp\u00e9cialistes dans les domaines de la p\u00e9dagogie sociale, du travail social et de la psychologie. <\/p>\n\n\n\n<p>Les consultations sont&nbsp;<strong>volontaires<\/strong>&nbsp;et&nbsp;<strong>gratuites<\/strong>. Toutes les consultations sont&nbsp;<strong>confidentielles.<\/strong> <\/p>\n\n\n\n<div class=\"wp-block-erv-container -has-background\">\n<p class=\"is-style-roof-line\"><strong>Ihre Ansprechpartnerinnen<\/strong><\/p>\n\n\n\n<h3 class=\"wp-block-heading\">Sozialberatung f\u00fcr Migranten und Fl\u00fcchtlinge<\/h3>\n\n\n\n<div class=\"wp-block-columns has-2-columns is-layout-flex wp-container-core-columns-is-layout-9d6595d7 wp-block-columns-is-layout-flex\">\n<div class=\"wp-block-column is-layout-flow wp-block-column-is-layout-flow\"><\/div>\n\n\n\n<div class=\"wp-block-column is-layout-flow wp-block-column-is-layout-flow\"><\/div>\n<\/div>\n\n\n\n<div class=\"wp-block-columns alignwide has-3-columns is-layout-flex wp-container-core-columns-is-layout-9d6595d7 wp-block-columns-is-layout-flex\">\n<div class=\"wp-block-column is-layout-flow wp-block-column-is-layout-flow\">\n<div class=\"wp-block-erv-id-card\"><div class=\"id-card-content\"><figure class=\"id-card-photo\"><img decoding=\"async\" src=\"https:\/\/evangelische-beratung.com\/wp-content\/uploads\/2023\/09\/EWA-Maksym-Akdogan-212x300.png\" \/><\/figure><div class=\"id-card-details\"><p class=\"id-card-name\">Ewa Maksym-Akdogan<\/p><p class=\"id-card-job\">Sekretariat<\/p><p class=\"id-card-location\">Frankfurt<\/p><p class=\"id-card-phone\">069 \/ 53 02 159<\/p><p class=\"id-card-email\"><a href=\"&#109;&#x61;&#105;&#x6c;t&#x6f;:&#109;&#x69;&#103;&#x72;a&#x74;i&#111;&#x6e;&#115;&#x62;e&#x72;a&#116;&#x75;&#110;&#x67;&#64;&#x66;r&#97;&#x6e;&#107;&#x66;u&#x72;t&#45;&#x65;&#118;&#x61;n&#x67;e&#108;&#x69;&#115;&#x63;h&#x2e;d&#101;\">E-Mail<\/a><\/p><\/div><\/div><\/div>\n\n\n\n<p style=\"text-align:left\" class=\"is-style-micro\">Offene Sprechstunde<br>Montag   9:30\u201312:30 Uhr  <br>Donnerstag     14:00\u201317:30 Uhr <br>Dar\u00fcber hinaus sind Terminvereinbarungen m\u00f6glich. <\/p>\n<\/div>\n\n\n\n<div class=\"wp-block-column is-layout-flow wp-block-column-is-layout-flow\">\n<div class=\"wp-block-erv-id-card\"><div class=\"id-card-content\"><figure class=\"id-card-photo\"><img decoding=\"async\" src=\"https:\/\/evangelische-beratung.com\/wp-content\/uploads\/2020\/01\/portrait_platzhalter-1-300x300.jpg\" \/><\/figure><div class=\"id-card-details\"><p class=\"id-card-name\">Paulina Hassenrueck<\/p><p class=\"id-card-job\">Sekretariat <\/p><p class=\"id-card-location\">Ev. Beratungszentrum H\u00f6chst<\/p><p class=\"id-card-phone\">069 \/ 75 93 672 40<\/p><p class=\"id-card-email\"><a href=\"&#109;&#x61;&#x69;l&#116;&#x6f;:&#109;&#x69;&#x67;r&#97;&#x74;i&#111;&#x6e;&#x73;b&#101;&#x72;a&#116;&#x75;&#x6e;&#103;&#46;&#x68;o&#101;&#x63;&#x68;&#115;&#x74;&#x40;f&#114;&#x61;n&#107;&#x66;&#x75;r&#116;&#x2d;e&#118;&#x61;&#x6e;g&#101;&#x6c;i&#115;&#x63;&#x68;&#46;&#100;&#x65;\">E-Mail<\/a><\/p><\/div><\/div><\/div>\n\n\n\n<p><\/p>\n\n\n\n<p class=\"is-style-micro\">Offene Sprechstunde<br>Donnerstag 14:00 \u201317:00 Uhr<br>Dar\u00fcber hinaus sind Terminvereinbarungen m\u00f6glich<\/p>\n<\/div>\n\n\n\n<div class=\"wp-block-column is-layout-flow wp-block-column-is-layout-flow\">\n<div class=\"wp-block-erv-id-card\"><div class=\"id-card-content\"><figure class=\"id-card-photo\"><img decoding=\"async\" src=\"https:\/\/evangelische-beratung.com\/wp-content\/uploads\/2020\/01\/portrait_platzhalter-1-300x300.jpg\" \/><\/figure><div class=\"id-card-details\"><p class=\"id-card-name\">Johanna Wagner<\/p><p class=\"id-card-job\">Verwaltung<\/p><p class=\"id-card-location\">Offenbach<\/p><p class=\"id-card-phone\">069 \/ 82 97 70 99<\/p><p class=\"id-card-email\"><a href=\"&#109;&#x61;&#x69;&#108;&#x74;&#x6f;&#58;&#x62;&#x65;&#114;&#x61;&#x74;&#117;&#x6e;&#x67;&#115;&#x7a;&#x65;&#110;&#x74;&#x72;&#117;&#x6d;&#x40;&#111;&#x66;&#x66;e&#x6e;&#x62;a&#x63;&#x68;-&#101;&#x76;a&#110;&#x67;e&#108;&#x69;s&#99;&#x68;&#46;&#100;&#x65;\">E-Mail<\/a><\/p><\/div><\/div><\/div>\n\n\n\n<p class=\"is-style-micro\">Offene Sprechstunde<br>Dienstag 14:00 \u201316:00 Uhr<br>Dar\u00fcber hinaus sind Terminvereinbarungen m\u00f6glich<\/p>\n<\/div>\n<\/div>\n<\/div>\n\n\n\n<div class=\"wp-block-columns alignwide has-3-columns is-layout-flex wp-container-core-columns-is-layout-9d6595d7 wp-block-columns-is-layout-flex\">\n<div class=\"wp-block-column is-layout-flow wp-block-column-is-layout-flow\">\n<div class=\"wp-block-erv-id-card\"><div class=\"id-card-content\"><figure class=\"id-card-photo\"><img decoding=\"async\" src=\"https:\/\/evangelische-beratung.com\/wp-content\/uploads\/2020\/01\/Kahraman-Topuz_Sozialberatung-fuer-Migranten-2-300x200.jpg\" \/><\/figure><div class=\"id-card-details\"><p class=\"id-card-name\">Kahraman Topuz<\/p><p class=\"id-card-job\">Beratung<\/p><p class=\"id-card-location\">Ev. Zentrum am Wei\u00dfen Stein<\/p><p class=\"id-card-phone\">069 \/ 53 02 159<\/p><p class=\"id-card-email\"><a href=\"&#109;&#x61;&#105;&#x6c;&#116;&#x6f;&#58;&#x6d;&#105;&#x67;&#114;&#x61;&#116;&#x69;&#111;&#x6e;&#115;&#x62;&#101;&#x72;&#97;&#x74;&#117;&#x6e;&#103;&#x40;f&#x72;a&#x6e;k&#x66;u&#x72;t&#x2d;e&#x76;a&#x6e;g&#x65;l&#x69;s&#99;h&#46;d&#101;\">E-Mail<\/a><\/p><\/div><\/div><\/div>\n\n\n\n<p><\/p>\n\n\n<\/div>\n\n\n\n<div class=\"wp-block-column is-layout-flow wp-block-column-is-layout-flow\">\n<div class=\"wp-block-erv-id-card\"><div class=\"id-card-content\"><figure class=\"id-card-photo\"><img decoding=\"async\" src=\"https:\/\/evangelische-beratung.com\/wp-content\/uploads\/2020\/01\/portrait_platzhalter-1-300x300.jpg\" \/><\/figure><div class=\"id-card-details\"><p class=\"id-card-name\">Anastassia-Tasoula Pentidou <\/p><p class=\"id-card-job\">Beratung<\/p><p class=\"id-card-location\">Ev. Beratungszentrum Offenbach<\/p><p class=\"id-card-phone\">069 \/ 82 97 70 99<\/p><p class=\"id-card-email\"><a href=\"&#109;&#x61;i&#x6c;&#x74;&#111;&#x3a;m&#105;&#x67;&#114;&#x61;t&#105;&#x6f;n&#x73;b&#101;&#x72;a&#x74;&#x75;&#110;&#x67;&#64;&#111;&#x66;&#102;&#x65;n&#98;&#x61;&#99;&#x68;-&#101;&#x76;a&#x6e;&#x67;&#101;&#x6c;i&#115;&#x63;&#104;&#x2e;d&#101;\">E-Mail<\/a><\/p><\/div><\/div><\/div>\n\n\n\n<p><\/p>\n\n\n\n<div class=\"wp-block-erv-id-card\"><div class=\"id-card-content\"><figure class=\"id-card-photo\"><img decoding=\"async\" src=\"https:\/\/evangelische-beratung.com\/wp-content\/uploads\/2020\/01\/Kahraman-Topuz_Sozialberatung-fuer-Migranten-2-300x200.jpg\" \/><\/figure><div class=\"id-card-details\"><p class=\"id-card-name\">Kahraman Topuz<\/p><p class=\"id-card-job\">Beratung<\/p><p class=\"id-card-location\">Ev. Zentrum am Wei\u00dfen Stein<\/p><p class=\"id-card-phone\">069 \/ 53 02 159<\/p><p class=\"id-card-email\"><a href=\"m&#97;&#105;&#x6c;&#x74;&#x6f;:m&#105;&#103;&#x72;&#x61;&#x74;i&#111;&#110;&#115;&#x62;&#x65;&#x72;a&#116;&#117;&#x6e;&#x67;&#x40;fr&#97;&#110;&#x6b;&#x66;&#x75;r&#116;&#45;&#101;&#x76;&#x61;&#x6e;g&#101;&#108;&#x69;&#x73;&#x63;h&#46;&#100;&#101;\">E-Mail<\/a><\/p><\/div><\/div><\/div>\n\n\n\n<p><\/p>\n<\/div>\n\n\n\n<div class=\"wp-block-column is-layout-flow wp-block-column-is-layout-flow\">\n\n\n<p><\/p>\n\n\n\n<p><\/p>\n<\/div>\n<\/div>\n\n\n\n<p>Les conseils sont fournis ind\u00e9pendamment de vos convictions religieuses et de votre nationalit\u00e9.<br>Nous fournissons nos conseils en toute ind\u00e9pendance, confidentiellement et gratuitement. Le conseil en migration pour les migrants adultes est promu par :<\/p>\n\n\n\n<div class=\"wp-block-columns has-2-columns is-layout-flex wp-container-core-columns-is-layout-9d6595d7 wp-block-columns-is-layout-flex\">\n<div class=\"wp-block-column is-layout-flow wp-block-column-is-layout-flow\">\n<p><\/p>\n\n\n\n<figure class=\"wp-block-image\"><img loading=\"lazy\" decoding=\"async\" width=\"800\" height=\"476\" src=\"https:\/\/evangelische-beratung.com\/fr\/wp-content\/uploads\/sites\/5\/2019\/08\/BMI.png\" alt=\"\" class=\"wp-image-224\" srcset=\"https:\/\/evangelische-beratung.com\/fr\/wp-content\/uploads\/sites\/5\/2019\/08\/BMI.png 800w, https:\/\/evangelische-beratung.com\/fr\/wp-content\/uploads\/sites\/5\/2019\/08\/BMI-300x179.png 300w, https:\/\/evangelische-beratung.com\/fr\/wp-content\/uploads\/sites\/5\/2019\/08\/BMI-768x457.png 768w\" sizes=\"auto, 100vw\" \/><\/figure>\n\n\n\n<p><\/p>\n<\/div>\n\n\n\n<div class=\"wp-block-column is-layout-flow wp-block-column-is-layout-flow\">\n<figure class=\"wp-block-image\"><img loading=\"lazy\" decoding=\"async\" width=\"926\" height=\"445\" src=\"https:\/\/evangelische-beratung.com\/fr\/wp-content\/uploads\/sites\/5\/2019\/08\/BAMF_Logo-MBE-1.png\" alt=\"\" class=\"wp-image-226\" srcset=\"https:\/\/evangelische-beratung.com\/fr\/wp-content\/uploads\/sites\/5\/2019\/08\/BAMF_Logo-MBE-1.png 926w, https:\/\/evangelische-beratung.com\/fr\/wp-content\/uploads\/sites\/5\/2019\/08\/BAMF_Logo-MBE-1-300x144.png 300w, https:\/\/evangelische-beratung.com\/fr\/wp-content\/uploads\/sites\/5\/2019\/08\/BAMF_Logo-MBE-1-768x369.png 768w\" sizes=\"auto, 100vw\" \/><\/figure>\n<\/div>\n<\/div>\n","protected":false},"excerpt":{"rendered":"<p>Vous \u00eates r\u00e9cemment arriv\u00e9 en Allemagne et continuez \u00e0 essayer de vous orienter ? Notre service de consultation en migration destin\u00e9s aux migrants adultes peut vous assister pendant cette p\u00e9riode. Contactez-nous \u00e0 propos de questions telles que : Vous \u00eates \u00e0 Francfort de fra\u00eeche date, ou vous vivez ici depuis peu Vous avez besoin d\u2019aide [&hellip;]<\/p>\n","protected":false},"author":5,"featured_media":36,"parent":40,"menu_order":0,"comment_status":"closed","ping_status":"closed","template":"","meta":{"footnotes":""},"class_list":["post-328","page","type-page","status-publish","has-post-thumbnail","hentry"],"yoast_head":"<!-- This site is optimized with the Yoast SEO plugin v27.3 - https:\/\/yoast.com\/product\/yoast-seo-wordpress\/ -->\n<title>Migrationsberatung f\u00fcr erwachsene Zugewanderte (MBE) in Ffm und OF<\/title>\n<meta name=\"description\" content=\"Sie sind neu nach Deutschland gekommen und m\u00f6chten sich hier zurechtfinden? Die Migrationsberatung f\u00fcr erwachsene Zugewanderte unterst\u00fctzt Sie dabei.\" \/>\n<meta name=\"robots\" content=\"index, follow, max-snippet:-1, max-image-preview:large, max-video-preview:-1\" \/>\n<link rel=\"canonical\" href=\"https:\/\/evangelische-beratung.com\/fr\/sozialberatung\/migrationsberatung-fuer-erwachsene-zugewanderte-mbe\/\" \/>\n<meta property=\"og:locale\" content=\"fr_FR\" \/>\n<meta property=\"og:type\" content=\"article\" \/>\n<meta property=\"og:title\" content=\"Migrationsberatung f\u00fcr erwachsene Zugewanderte (MBE) in Ffm und OF\" \/>\n<meta property=\"og:description\" content=\"Sie sind neu nach Deutschland gekommen und m\u00f6chten sich hier zurechtfinden? Die Migrationsberatung f\u00fcr erwachsene Zugewanderte unterst\u00fctzt Sie dabei.\" \/>\n<meta property=\"og:url\" content=\"https:\/\/evangelische-beratung.com\/fr\/sozialberatung\/migrationsberatung-fuer-erwachsene-zugewanderte-mbe\/\" \/>\n<meta property=\"og:site_name\" content=\"Evangelischer Regionalverband\" \/>\n<meta property=\"article:modified_time\" content=\"2020-03-20T11:45:42+00:00\" \/>\n<meta property=\"og:image\" content=\"https:\/\/evangelische-beratung.com\/fr\/wp-content\/uploads\/sites\/5\/2019\/07\/humberto-chavez-Ilo0ZD5o-q8-unsplash.jpg\" \/>\n\t<meta property=\"og:image:width\" content=\"1800\" \/>\n\t<meta property=\"og:image:height\" content=\"1200\" \/>\n\t<meta property=\"og:image:type\" content=\"image\/jpeg\" \/>\n<meta name=\"twitter:card\" content=\"summary_large_image\" \/>\n<meta name=\"twitter:label1\" content=\"Dur\u00e9e de lecture estim\u00e9e\" \/>\n\t<meta name=\"twitter:data1\" content=\"1 minute\" \/>\n<script type=\"application\/ld+json\" class=\"yoast-schema-graph\">{\"@context\":\"https:\\\/\\\/schema.org\",\"@graph\":[{\"@type\":\"WebPage\",\"@id\":\"https:\\\/\\\/evangelische-beratung.com\\\/fr\\\/sozialberatung\\\/migrationsberatung-fuer-erwachsene-zugewanderte-mbe\\\/\",\"url\":\"https:\\\/\\\/evangelische-beratung.com\\\/fr\\\/sozialberatung\\\/migrationsberatung-fuer-erwachsene-zugewanderte-mbe\\\/\",\"name\":\"Migrationsberatung f\u00fcr erwachsene Zugewanderte (MBE) in Ffm und OF\",\"isPartOf\":{\"@id\":\"https:\\\/\\\/evangelische-beratung.com\\\/fr\\\/#website\"},\"primaryImageOfPage\":{\"@id\":\"https:\\\/\\\/evangelische-beratung.com\\\/fr\\\/sozialberatung\\\/migrationsberatung-fuer-erwachsene-zugewanderte-mbe\\\/#primaryimage\"},\"image\":{\"@id\":\"https:\\\/\\\/evangelische-beratung.com\\\/fr\\\/sozialberatung\\\/migrationsberatung-fuer-erwachsene-zugewanderte-mbe\\\/#primaryimage\"},\"thumbnailUrl\":\"https:\\\/\\\/evangelische-beratung.com\\\/fr\\\/wp-content\\\/uploads\\\/sites\\\/5\\\/2019\\\/07\\\/humberto-chavez-Ilo0ZD5o-q8-unsplash.jpg\",\"datePublished\":\"2019-08-16T15:37:31+00:00\",\"dateModified\":\"2020-03-20T11:45:42+00:00\",\"description\":\"Sie sind neu nach Deutschland gekommen und m\u00f6chten sich hier zurechtfinden? Die Migrationsberatung f\u00fcr erwachsene Zugewanderte unterst\u00fctzt Sie dabei.\",\"breadcrumb\":{\"@id\":\"https:\\\/\\\/evangelische-beratung.com\\\/fr\\\/sozialberatung\\\/migrationsberatung-fuer-erwachsene-zugewanderte-mbe\\\/#breadcrumb\"},\"inLanguage\":\"fr-FR\",\"potentialAction\":[{\"@type\":\"ReadAction\",\"target\":[\"https:\\\/\\\/evangelische-beratung.com\\\/fr\\\/sozialberatung\\\/migrationsberatung-fuer-erwachsene-zugewanderte-mbe\\\/\"]}]},{\"@type\":\"ImageObject\",\"inLanguage\":\"fr-FR\",\"@id\":\"https:\\\/\\\/evangelische-beratung.com\\\/fr\\\/sozialberatung\\\/migrationsberatung-fuer-erwachsene-zugewanderte-mbe\\\/#primaryimage\",\"url\":\"https:\\\/\\\/evangelische-beratung.com\\\/fr\\\/wp-content\\\/uploads\\\/sites\\\/5\\\/2019\\\/07\\\/humberto-chavez-Ilo0ZD5o-q8-unsplash.jpg\",\"contentUrl\":\"https:\\\/\\\/evangelische-beratung.com\\\/fr\\\/wp-content\\\/uploads\\\/sites\\\/5\\\/2019\\\/07\\\/humberto-chavez-Ilo0ZD5o-q8-unsplash.jpg\",\"width\":1800,\"height\":1200},{\"@type\":\"BreadcrumbList\",\"@id\":\"https:\\\/\\\/evangelische-beratung.com\\\/fr\\\/sozialberatung\\\/migrationsberatung-fuer-erwachsene-zugewanderte-mbe\\\/#breadcrumb\",\"itemListElement\":[{\"@type\":\"ListItem\",\"position\":1,\"name\":\"Startseite\",\"item\":\"https:\\\/\\\/evangelische-beratung.com\\\/fr\\\/\"},{\"@type\":\"ListItem\",\"position\":2,\"name\":\"Conseil social\",\"item\":\"https:\\\/\\\/evangelische-beratung.com\\\/fr\\\/sozialberatung\\\/\"},{\"@type\":\"ListItem\",\"position\":3,\"name\":\"Consultation sur les migrations \u00e0 l\u2019attention des adultes migrants (MBE)\"}]},{\"@type\":\"WebSite\",\"@id\":\"https:\\\/\\\/evangelische-beratung.com\\\/fr\\\/#website\",\"url\":\"https:\\\/\\\/evangelische-beratung.com\\\/fr\\\/\",\"name\":\"Evangelischer Regionalverband\",\"description\":\"\",\"publisher\":{\"@id\":\"https:\\\/\\\/evangelische-beratung.com\\\/fr\\\/#organization\"},\"potentialAction\":[{\"@type\":\"SearchAction\",\"target\":{\"@type\":\"EntryPoint\",\"urlTemplate\":\"https:\\\/\\\/evangelische-beratung.com\\\/fr\\\/?s={search_term_string}\"},\"query-input\":{\"@type\":\"PropertyValueSpecification\",\"valueRequired\":true,\"valueName\":\"search_term_string\"}}],\"inLanguage\":\"fr-FR\"},{\"@type\":\"Organization\",\"@id\":\"https:\\\/\\\/evangelische-beratung.com\\\/fr\\\/#organization\",\"name\":\"Evangelischer Regionalverband Frankfurt und Offenbach\",\"url\":\"https:\\\/\\\/evangelische-beratung.com\\\/fr\\\/\",\"logo\":{\"@type\":\"ImageObject\",\"inLanguage\":\"fr-FR\",\"@id\":\"https:\\\/\\\/evangelische-beratung.com\\\/fr\\\/#\\\/schema\\\/logo\\\/image\\\/\",\"url\":\"https:\\\/\\\/evangelische-beratung.com\\\/fr\\\/wp-content\\\/uploads\\\/sites\\\/5\\\/2019\\\/10\\\/erv-logo.png\",\"contentUrl\":\"https:\\\/\\\/evangelische-beratung.com\\\/fr\\\/wp-content\\\/uploads\\\/sites\\\/5\\\/2019\\\/10\\\/erv-logo.png\",\"width\":1127,\"height\":595,\"caption\":\"Evangelischer Regionalverband Frankfurt und Offenbach\"},\"image\":{\"@id\":\"https:\\\/\\\/evangelische-beratung.com\\\/fr\\\/#\\\/schema\\\/logo\\\/image\\\/\"}}]}<\/script>\n<!-- \/ Yoast SEO plugin. -->","yoast_head_json":{"title":"Migrationsberatung f\u00fcr erwachsene Zugewanderte (MBE) in Ffm und OF","description":"Sie sind neu nach Deutschland gekommen und m\u00f6chten sich hier zurechtfinden? Die Migrationsberatung f\u00fcr erwachsene Zugewanderte unterst\u00fctzt Sie dabei.","robots":{"index":"index","follow":"follow","max-snippet":"max-snippet:-1","max-image-preview":"max-image-preview:large","max-video-preview":"max-video-preview:-1"},"canonical":"https:\/\/evangelische-beratung.com\/fr\/sozialberatung\/migrationsberatung-fuer-erwachsene-zugewanderte-mbe\/","og_locale":"fr_FR","og_type":"article","og_title":"Migrationsberatung f\u00fcr erwachsene Zugewanderte (MBE) in Ffm und OF","og_description":"Sie sind neu nach Deutschland gekommen und m\u00f6chten sich hier zurechtfinden? Die Migrationsberatung f\u00fcr erwachsene Zugewanderte unterst\u00fctzt Sie dabei.","og_url":"https:\/\/evangelische-beratung.com\/fr\/sozialberatung\/migrationsberatung-fuer-erwachsene-zugewanderte-mbe\/","og_site_name":"Evangelischer Regionalverband","article_modified_time":"2020-03-20T11:45:42+00:00","og_image":[{"width":1800,"height":1200,"url":"https:\/\/evangelische-beratung.com\/fr\/wp-content\/uploads\/sites\/5\/2019\/07\/humberto-chavez-Ilo0ZD5o-q8-unsplash.jpg","type":"image\/jpeg"}],"twitter_card":"summary_large_image","twitter_misc":{"Dur\u00e9e de lecture estim\u00e9e":"1 minute"},"schema":{"@context":"https:\/\/schema.org","@graph":[{"@type":"WebPage","@id":"https:\/\/evangelische-beratung.com\/fr\/sozialberatung\/migrationsberatung-fuer-erwachsene-zugewanderte-mbe\/","url":"https:\/\/evangelische-beratung.com\/fr\/sozialberatung\/migrationsberatung-fuer-erwachsene-zugewanderte-mbe\/","name":"Migrationsberatung f\u00fcr erwachsene Zugewanderte (MBE) in Ffm und OF","isPartOf":{"@id":"https:\/\/evangelische-beratung.com\/fr\/#website"},"primaryImageOfPage":{"@id":"https:\/\/evangelische-beratung.com\/fr\/sozialberatung\/migrationsberatung-fuer-erwachsene-zugewanderte-mbe\/#primaryimage"},"image":{"@id":"https:\/\/evangelische-beratung.com\/fr\/sozialberatung\/migrationsberatung-fuer-erwachsene-zugewanderte-mbe\/#primaryimage"},"thumbnailUrl":"https:\/\/evangelische-beratung.com\/fr\/wp-content\/uploads\/sites\/5\/2019\/07\/humberto-chavez-Ilo0ZD5o-q8-unsplash.jpg","datePublished":"2019-08-16T15:37:31+00:00","dateModified":"2020-03-20T11:45:42+00:00","description":"Sie sind neu nach Deutschland gekommen und m\u00f6chten sich hier zurechtfinden? Die Migrationsberatung f\u00fcr erwachsene Zugewanderte unterst\u00fctzt Sie dabei.","breadcrumb":{"@id":"https:\/\/evangelische-beratung.com\/fr\/sozialberatung\/migrationsberatung-fuer-erwachsene-zugewanderte-mbe\/#breadcrumb"},"inLanguage":"fr-FR","potentialAction":[{"@type":"ReadAction","target":["https:\/\/evangelische-beratung.com\/fr\/sozialberatung\/migrationsberatung-fuer-erwachsene-zugewanderte-mbe\/"]}]},{"@type":"ImageObject","inLanguage":"fr-FR","@id":"https:\/\/evangelische-beratung.com\/fr\/sozialberatung\/migrationsberatung-fuer-erwachsene-zugewanderte-mbe\/#primaryimage","url":"https:\/\/evangelische-beratung.com\/fr\/wp-content\/uploads\/sites\/5\/2019\/07\/humberto-chavez-Ilo0ZD5o-q8-unsplash.jpg","contentUrl":"https:\/\/evangelische-beratung.com\/fr\/wp-content\/uploads\/sites\/5\/2019\/07\/humberto-chavez-Ilo0ZD5o-q8-unsplash.jpg","width":1800,"height":1200},{"@type":"BreadcrumbList","@id":"https:\/\/evangelische-beratung.com\/fr\/sozialberatung\/migrationsberatung-fuer-erwachsene-zugewanderte-mbe\/#breadcrumb","itemListElement":[{"@type":"ListItem","position":1,"name":"Startseite","item":"https:\/\/evangelische-beratung.com\/fr\/"},{"@type":"ListItem","position":2,"name":"Conseil social","item":"https:\/\/evangelische-beratung.com\/fr\/sozialberatung\/"},{"@type":"ListItem","position":3,"name":"Consultation sur les migrations \u00e0 l\u2019attention des adultes migrants (MBE)"}]},{"@type":"WebSite","@id":"https:\/\/evangelische-beratung.com\/fr\/#website","url":"https:\/\/evangelische-beratung.com\/fr\/","name":"Evangelischer Regionalverband","description":"","publisher":{"@id":"https:\/\/evangelische-beratung.com\/fr\/#organization"},"potentialAction":[{"@type":"SearchAction","target":{"@type":"EntryPoint","urlTemplate":"https:\/\/evangelische-beratung.com\/fr\/?s={search_term_string}"},"query-input":{"@type":"PropertyValueSpecification","valueRequired":true,"valueName":"search_term_string"}}],"inLanguage":"fr-FR"},{"@type":"Organization","@id":"https:\/\/evangelische-beratung.com\/fr\/#organization","name":"Evangelischer Regionalverband Frankfurt und Offenbach","url":"https:\/\/evangelische-beratung.com\/fr\/","logo":{"@type":"ImageObject","inLanguage":"fr-FR","@id":"https:\/\/evangelische-beratung.com\/fr\/#\/schema\/logo\/image\/","url":"https:\/\/evangelische-beratung.com\/fr\/wp-content\/uploads\/sites\/5\/2019\/10\/erv-logo.png","contentUrl":"https:\/\/evangelische-beratung.com\/fr\/wp-content\/uploads\/sites\/5\/2019\/10\/erv-logo.png","width":1127,"height":595,"caption":"Evangelischer Regionalverband Frankfurt und Offenbach"},"image":{"@id":"https:\/\/evangelische-beratung.com\/fr\/#\/schema\/logo\/image\/"}}]}},"_links":{"self":[{"href":"https:\/\/evangelische-beratung.com\/fr\/wp-json\/wp\/v2\/pages\/328","targetHints":{"allow":["GET"]}}],"collection":[{"href":"https:\/\/evangelische-beratung.com\/fr\/wp-json\/wp\/v2\/pages"}],"about":[{"href":"https:\/\/evangelische-beratung.com\/fr\/wp-json\/wp\/v2\/types\/page"}],"author":[{"embeddable":true,"href":"https:\/\/evangelische-beratung.com\/fr\/wp-json\/wp\/v2\/users\/5"}],"replies":[{"embeddable":true,"href":"https:\/\/evangelische-beratung.com\/fr\/wp-json\/wp\/v2\/comments?post=328"}],"version-history":[{"count":5,"href":"https:\/\/evangelische-beratung.com\/fr\/wp-json\/wp\/v2\/pages\/328\/revisions"}],"predecessor-version":[{"id":1639,"href":"https:\/\/evangelische-beratung.com\/fr\/wp-json\/wp\/v2\/pages\/328\/revisions\/1639"}],"up":[{"embeddable":true,"href":"https:\/\/evangelische-beratung.com\/fr\/wp-json\/wp\/v2\/pages\/40"}],"wp:featuredmedia":[{"embeddable":true,"href":"https:\/\/evangelische-beratung.com\/fr\/wp-json\/wp\/v2\/media\/36"}],"wp:attachment":[{"href":"https:\/\/evangelische-beratung.com\/fr\/wp-json\/wp\/v2\/media?parent=328"}],"curies":[{"name":"wp","href":"https:\/\/api.w.org\/{rel}","templated":true}]}}