{"id":327,"date":"2019-08-16T17:49:27","date_gmt":"2019-08-16T15:49:27","guid":{"rendered":"https:\/\/evangelische-beratung.com\/fr\/?page_id=327"},"modified":"2020-03-24T19:40:40","modified_gmt":"2020-03-24T18:40:40","slug":"konfliktregulierende-beratung-bei-trennung-scheidung","status":"publish","type":"page","link":"https:\/\/evangelische-beratung.com\/fr\/partnerschaft-lebensfragen\/konfliktregulierende-beratung-bei-trennung-scheidung\/","title":{"rendered":"Conseil en r\u00e8glement de conflit en cas de s\u00e9paration et de divorce"},"content":{"rendered":"\n<p class=\"is-style-teaser\">Parfois les parents ont besoin de soutien sur les droits de visite et la garde pour leurs enfants apr\u00e8s une s\u00e9paration ou un divorce.<\/p>\n\n\n\n<p>Nous vous soutenons dans les questions suivantes :<\/p>\n\n\n\n<ul class=\"wp-block-list\"><li>Vous \u00eates s\u00e9par\u00e9 et engag\u00e9 dans des proc\u00e9dures judiciaires concernant les droits d\u2019acc\u00e8s et de garde ?<\/li><li>Vous recherchez le support d\u2019un tiers objectif ?<\/li><li>Vous aimeriez parvenir \u00e0 un accord dans le meilleur int\u00e9r\u00eat de votre enfant ?<\/li><\/ul>\n\n\n\n<p>Notre conseil dans le r\u00e8glement de conflits peut aider \u00e0 restaurer la confiance perdue. Ceci peut aider \u00e0 parvenir \u00e0 des accords consensuels qui sont dans le meilleur int\u00e9r\u00eat des enfants.\u00a0<\/p>\n\n\n\n<p>Ce type de conseil est bas\u00e9 sur trois concepts fondamentaux :<\/p>\n\n\n\n<div class=\"wp-block-erv-infobox\"><p class=\"infobox-title\">Les enfants ont besoin de relations bonnes et stables avec leurs deux parents<\/p><div class=\"infobox-content\">\n<p><\/p>\n<\/div><\/div>\n\n\n\n<div class=\"wp-block-erv-infobox\"><p class=\"infobox-title\">Les relations ne peuvent pas \u00eatre ordonn\u00e9es pas des d\u00e9cisions judiciaires<\/p><div class=\"infobox-content\">\n<p><\/p>\n<\/div><\/div>\n\n\n\n<div class=\"wp-block-erv-infobox\"><p class=\"infobox-title\">Les parents en conflit de s\u00e9paration peuvent favoriser les bonnes relations de leur enfant avec l&rsquo;autre parent <\/p><div class=\"infobox-content\">\n<p><\/p>\n<\/div><\/div>\n\n\n\n<p>Vous avez besoin d\u2019\u00eatre renvoy\u00e9 vers des conseillers destin\u00e9s au r\u00e8glement de conflits par la cour comp\u00e9tente. C\u2019est ici que vous pouvez faire une demande pertinente.<\/p>\n\n\n\n<p> \u00c0 Francfort, cette forme de conseil support\u00e9e par la justice a \u00e9t\u00e9 propos\u00e9e par l\u2019association Caritas et l\u2019Evangelischer Regionalverband Frankfurt (Association luth\u00e9rienne r\u00e9gionale de Francfort) depuis 2009. <\/p>\n\n\n\n<div class=\"wp-block-columns has-2-columns is-layout-flex wp-container-core-columns-is-layout-9d6595d7 wp-block-columns-is-layout-flex\">\n<div class=\"wp-block-column is-layout-flow wp-block-column-is-layout-flow\">\n<div class=\"wp-block-erv-download -show-file-extension\"><span aria-hidden=\"true\"><span class=\"file-extension\">pdf<\/span><\/span><div class=\"title-and-description\"><p class=\"download-title -inverted-link-style\"><a href=\"https:\/\/evangelische-beratung.com\/fr\/wp-content\/uploads\/sites\/5\/2019\/11\/KrB-Infoblatt.pdf\" target=\"_blank\" rel=\"noopener noreferrer\">Infoblatt<\/a><\/p><\/div><\/div>\n\n\n\n<p><\/p>\n<\/div>\n\n\n\n<div class=\"wp-block-column is-layout-flow wp-block-column-is-layout-flow\">\n<p><\/p>\n<\/div>\n<\/div>\n\n\n\n<p style=\"text-align:center\" class=\"is-style-roof-line\"><strong>Vos interlocuteurs<\/strong><\/p>\n\n\n\n<div class=\"wp-block-columns alignwide has-2-columns is-layout-flex wp-container-core-columns-is-layout-9d6595d7 wp-block-columns-is-layout-flex\">\n<div class=\"wp-block-column is-layout-flow wp-block-column-is-layout-flow\">\n<div class=\"wp-block-erv-id-card -hidden-image\"><div class=\"id-card-content\"><div class=\"id-card-details\"><p class=\"id-card-name\">Mandy Hanke<\/p><p class=\"id-card-job\">Sekretariat<\/p><p class=\"id-card-location\">Frankfurt<\/p><p class=\"id-card-phone\">069 \/ 53 02 221<\/p><p class=\"id-card-email\"><a href=\"&#109;&#x61;i&#x6c;t&#111;&#x3a;&#108;&#x65;b&#101;&#x6e;&#115;&#x62;e&#x72;&#x61;&#116;&#x75;n&#x67;&#64;&#102;&#x72;&#97;&#x6e;k&#102;&#x75;&#114;&#x74;-&#101;&#x76;&#97;&#x6e;g&#x65;&#x6c;&#105;&#x73;c&#x68;&#46;&#100;&#x65;\">E-Mail<\/a><\/p><\/div><\/div><\/div>\n\n\n\n<p><\/p>\n<\/div>\n\n\n\n<div class=\"wp-block-column is-layout-flow wp-block-column-is-layout-flow\">\n<div class=\"wp-block-erv-id-card -hidden-image\"><div class=\"id-card-content\"><div class=\"id-card-details\"><p class=\"id-card-name\">Andrea Schare<\/p><p class=\"id-card-job\">Sekretariat<\/p><p class=\"id-card-location\">H\u00f6chst<\/p><p class=\"id-card-phone\">069 \/ 75 93 672 10<\/p><p class=\"id-card-email\"><a href=\"&#109;&#x61;i&#108;&#x74;o&#58;&#x70;s&#x79;&#x63;&#104;&#x6f;l&#111;&#x67;i&#115;&#x63;h&#x65;&#x62;&#101;&#x72;&#x61;&#116;&#x75;n&#103;&#x2e;h&#111;&#x65;c&#x68;&#x73;&#116;&#x40;f&#114;&#x61;n&#107;&#x66;u&#x72;&#x74;&#45;&#x65;&#x76;&#97;&#x6e;g&#101;&#x6c;i&#115;&#x63;h&#x2e;&#x64;&#101;\">E-Mail<\/a><\/p><\/div><\/div><\/div>\n\n\n\n<p><\/p>\n<\/div>\n<\/div>\n\n\n\n<p><\/p>\n","protected":false},"excerpt":{"rendered":"<p>Parfois les parents ont besoin de soutien sur les droits de visite et la garde pour leurs enfants apr\u00e8s une s\u00e9paration ou un divorce. Nous vous soutenons dans les questions suivantes : Vous \u00eates s\u00e9par\u00e9 et engag\u00e9 dans des proc\u00e9dures judiciaires concernant les droits d\u2019acc\u00e8s et de garde ? Vous recherchez le support d\u2019un tiers [&hellip;]<\/p>\n","protected":false},"author":3,"featured_media":0,"parent":38,"menu_order":0,"comment_status":"closed","ping_status":"closed","template":"","meta":{"footnotes":""},"class_list":["post-327","page","type-page","status-publish","hentry"],"yoast_head":"<!-- This site is optimized with the Yoast SEO plugin v27.4 - https:\/\/yoast.com\/product\/yoast-seo-wordpress\/ -->\n<title>Konfliktregulierende Beratung in Frankfurt und Offenbach<\/title>\n<meta name=\"description\" content=\"Wir helfen Eltern nach einer Trennung oder Scheidung, um die Fragen zum Umgangs- und Sorgerecht ihrer Kinder zu beantworten.\" \/>\n<meta name=\"robots\" content=\"index, follow, max-snippet:-1, max-image-preview:large, max-video-preview:-1\" \/>\n<link rel=\"canonical\" href=\"https:\/\/evangelische-beratung.com\/fr\/partnerschaft-lebensfragen\/konfliktregulierende-beratung-bei-trennung-scheidung\/\" \/>\n<meta property=\"og:locale\" content=\"fr_FR\" \/>\n<meta property=\"og:type\" content=\"article\" \/>\n<meta property=\"og:title\" content=\"Konfliktregulierende Beratung in Frankfurt und Offenbach\" \/>\n<meta property=\"og:description\" content=\"Wir helfen Eltern nach einer Trennung oder Scheidung, um die Fragen zum Umgangs- und Sorgerecht ihrer Kinder zu beantworten.\" \/>\n<meta property=\"og:url\" content=\"https:\/\/evangelische-beratung.com\/fr\/partnerschaft-lebensfragen\/konfliktregulierende-beratung-bei-trennung-scheidung\/\" \/>\n<meta property=\"og:site_name\" content=\"Evangelischer Regionalverband\" \/>\n<meta property=\"article:modified_time\" content=\"2020-03-24T18:40:40+00:00\" \/>\n<meta name=\"twitter:card\" content=\"summary_large_image\" \/>\n<meta name=\"twitter:label1\" content=\"Dur\u00e9e de lecture estim\u00e9e\" \/>\n\t<meta name=\"twitter:data1\" content=\"1 minute\" \/>\n<script type=\"application\/ld+json\" class=\"yoast-schema-graph\">{\"@context\":\"https:\\\/\\\/schema.org\",\"@graph\":[{\"@type\":\"WebPage\",\"@id\":\"https:\\\/\\\/evangelische-beratung.com\\\/fr\\\/partnerschaft-lebensfragen\\\/konfliktregulierende-beratung-bei-trennung-scheidung\\\/\",\"url\":\"https:\\\/\\\/evangelische-beratung.com\\\/fr\\\/partnerschaft-lebensfragen\\\/konfliktregulierende-beratung-bei-trennung-scheidung\\\/\",\"name\":\"Konfliktregulierende Beratung in Frankfurt und Offenbach\",\"isPartOf\":{\"@id\":\"https:\\\/\\\/evangelische-beratung.com\\\/fr\\\/#website\"},\"datePublished\":\"2019-08-16T15:49:27+00:00\",\"dateModified\":\"2020-03-24T18:40:40+00:00\",\"description\":\"Wir helfen Eltern nach einer Trennung oder Scheidung, um die Fragen zum Umgangs- und Sorgerecht ihrer Kinder zu beantworten.\",\"breadcrumb\":{\"@id\":\"https:\\\/\\\/evangelische-beratung.com\\\/fr\\\/partnerschaft-lebensfragen\\\/konfliktregulierende-beratung-bei-trennung-scheidung\\\/#breadcrumb\"},\"inLanguage\":\"fr-FR\",\"potentialAction\":[{\"@type\":\"ReadAction\",\"target\":[\"https:\\\/\\\/evangelische-beratung.com\\\/fr\\\/partnerschaft-lebensfragen\\\/konfliktregulierende-beratung-bei-trennung-scheidung\\\/\"]}]},{\"@type\":\"BreadcrumbList\",\"@id\":\"https:\\\/\\\/evangelische-beratung.com\\\/fr\\\/partnerschaft-lebensfragen\\\/konfliktregulierende-beratung-bei-trennung-scheidung\\\/#breadcrumb\",\"itemListElement\":[{\"@type\":\"ListItem\",\"position\":1,\"name\":\"Startseite\",\"item\":\"https:\\\/\\\/evangelische-beratung.com\\\/fr\\\/\"},{\"@type\":\"ListItem\",\"position\":2,\"name\":\"Partenariat et questions de vie\",\"item\":\"https:\\\/\\\/evangelische-beratung.com\\\/fr\\\/partnerschaft-lebensfragen\\\/\"},{\"@type\":\"ListItem\",\"position\":3,\"name\":\"Conseil en r\u00e8glement de conflit en cas de s\u00e9paration et de divorce\"}]},{\"@type\":\"WebSite\",\"@id\":\"https:\\\/\\\/evangelische-beratung.com\\\/fr\\\/#website\",\"url\":\"https:\\\/\\\/evangelische-beratung.com\\\/fr\\\/\",\"name\":\"Evangelischer Regionalverband\",\"description\":\"\",\"publisher\":{\"@id\":\"https:\\\/\\\/evangelische-beratung.com\\\/fr\\\/#organization\"},\"potentialAction\":[{\"@type\":\"SearchAction\",\"target\":{\"@type\":\"EntryPoint\",\"urlTemplate\":\"https:\\\/\\\/evangelische-beratung.com\\\/fr\\\/?s={search_term_string}\"},\"query-input\":{\"@type\":\"PropertyValueSpecification\",\"valueRequired\":true,\"valueName\":\"search_term_string\"}}],\"inLanguage\":\"fr-FR\"},{\"@type\":\"Organization\",\"@id\":\"https:\\\/\\\/evangelische-beratung.com\\\/fr\\\/#organization\",\"name\":\"Evangelischer Regionalverband Frankfurt und Offenbach\",\"url\":\"https:\\\/\\\/evangelische-beratung.com\\\/fr\\\/\",\"logo\":{\"@type\":\"ImageObject\",\"inLanguage\":\"fr-FR\",\"@id\":\"https:\\\/\\\/evangelische-beratung.com\\\/fr\\\/#\\\/schema\\\/logo\\\/image\\\/\",\"url\":\"https:\\\/\\\/evangelische-beratung.com\\\/fr\\\/wp-content\\\/uploads\\\/sites\\\/5\\\/2019\\\/10\\\/erv-logo.png\",\"contentUrl\":\"https:\\\/\\\/evangelische-beratung.com\\\/fr\\\/wp-content\\\/uploads\\\/sites\\\/5\\\/2019\\\/10\\\/erv-logo.png\",\"width\":1127,\"height\":595,\"caption\":\"Evangelischer Regionalverband Frankfurt und Offenbach\"},\"image\":{\"@id\":\"https:\\\/\\\/evangelische-beratung.com\\\/fr\\\/#\\\/schema\\\/logo\\\/image\\\/\"}}]}<\/script>\n<!-- \/ Yoast SEO plugin. -->","yoast_head_json":{"title":"Konfliktregulierende Beratung in Frankfurt und Offenbach","description":"Wir helfen Eltern nach einer Trennung oder Scheidung, um die Fragen zum Umgangs- und Sorgerecht ihrer Kinder zu beantworten.","robots":{"index":"index","follow":"follow","max-snippet":"max-snippet:-1","max-image-preview":"max-image-preview:large","max-video-preview":"max-video-preview:-1"},"canonical":"https:\/\/evangelische-beratung.com\/fr\/partnerschaft-lebensfragen\/konfliktregulierende-beratung-bei-trennung-scheidung\/","og_locale":"fr_FR","og_type":"article","og_title":"Konfliktregulierende Beratung in Frankfurt und Offenbach","og_description":"Wir helfen Eltern nach einer Trennung oder Scheidung, um die Fragen zum Umgangs- und Sorgerecht ihrer Kinder zu beantworten.","og_url":"https:\/\/evangelische-beratung.com\/fr\/partnerschaft-lebensfragen\/konfliktregulierende-beratung-bei-trennung-scheidung\/","og_site_name":"Evangelischer Regionalverband","article_modified_time":"2020-03-24T18:40:40+00:00","twitter_card":"summary_large_image","twitter_misc":{"Dur\u00e9e de lecture estim\u00e9e":"1 minute"},"schema":{"@context":"https:\/\/schema.org","@graph":[{"@type":"WebPage","@id":"https:\/\/evangelische-beratung.com\/fr\/partnerschaft-lebensfragen\/konfliktregulierende-beratung-bei-trennung-scheidung\/","url":"https:\/\/evangelische-beratung.com\/fr\/partnerschaft-lebensfragen\/konfliktregulierende-beratung-bei-trennung-scheidung\/","name":"Konfliktregulierende Beratung in Frankfurt und Offenbach","isPartOf":{"@id":"https:\/\/evangelische-beratung.com\/fr\/#website"},"datePublished":"2019-08-16T15:49:27+00:00","dateModified":"2020-03-24T18:40:40+00:00","description":"Wir helfen Eltern nach einer Trennung oder Scheidung, um die Fragen zum Umgangs- und Sorgerecht ihrer Kinder zu beantworten.","breadcrumb":{"@id":"https:\/\/evangelische-beratung.com\/fr\/partnerschaft-lebensfragen\/konfliktregulierende-beratung-bei-trennung-scheidung\/#breadcrumb"},"inLanguage":"fr-FR","potentialAction":[{"@type":"ReadAction","target":["https:\/\/evangelische-beratung.com\/fr\/partnerschaft-lebensfragen\/konfliktregulierende-beratung-bei-trennung-scheidung\/"]}]},{"@type":"BreadcrumbList","@id":"https:\/\/evangelische-beratung.com\/fr\/partnerschaft-lebensfragen\/konfliktregulierende-beratung-bei-trennung-scheidung\/#breadcrumb","itemListElement":[{"@type":"ListItem","position":1,"name":"Startseite","item":"https:\/\/evangelische-beratung.com\/fr\/"},{"@type":"ListItem","position":2,"name":"Partenariat et questions de vie","item":"https:\/\/evangelische-beratung.com\/fr\/partnerschaft-lebensfragen\/"},{"@type":"ListItem","position":3,"name":"Conseil en r\u00e8glement de conflit en cas de s\u00e9paration et de divorce"}]},{"@type":"WebSite","@id":"https:\/\/evangelische-beratung.com\/fr\/#website","url":"https:\/\/evangelische-beratung.com\/fr\/","name":"Evangelischer Regionalverband","description":"","publisher":{"@id":"https:\/\/evangelische-beratung.com\/fr\/#organization"},"potentialAction":[{"@type":"SearchAction","target":{"@type":"EntryPoint","urlTemplate":"https:\/\/evangelische-beratung.com\/fr\/?s={search_term_string}"},"query-input":{"@type":"PropertyValueSpecification","valueRequired":true,"valueName":"search_term_string"}}],"inLanguage":"fr-FR"},{"@type":"Organization","@id":"https:\/\/evangelische-beratung.com\/fr\/#organization","name":"Evangelischer Regionalverband Frankfurt und Offenbach","url":"https:\/\/evangelische-beratung.com\/fr\/","logo":{"@type":"ImageObject","inLanguage":"fr-FR","@id":"https:\/\/evangelische-beratung.com\/fr\/#\/schema\/logo\/image\/","url":"https:\/\/evangelische-beratung.com\/fr\/wp-content\/uploads\/sites\/5\/2019\/10\/erv-logo.png","contentUrl":"https:\/\/evangelische-beratung.com\/fr\/wp-content\/uploads\/sites\/5\/2019\/10\/erv-logo.png","width":1127,"height":595,"caption":"Evangelischer Regionalverband Frankfurt und Offenbach"},"image":{"@id":"https:\/\/evangelische-beratung.com\/fr\/#\/schema\/logo\/image\/"}}]}},"_links":{"self":[{"href":"https:\/\/evangelische-beratung.com\/fr\/wp-json\/wp\/v2\/pages\/327","targetHints":{"allow":["GET"]}}],"collection":[{"href":"https:\/\/evangelische-beratung.com\/fr\/wp-json\/wp\/v2\/pages"}],"about":[{"href":"https:\/\/evangelische-beratung.com\/fr\/wp-json\/wp\/v2\/types\/page"}],"author":[{"embeddable":true,"href":"https:\/\/evangelische-beratung.com\/fr\/wp-json\/wp\/v2\/users\/3"}],"replies":[{"embeddable":true,"href":"https:\/\/evangelische-beratung.com\/fr\/wp-json\/wp\/v2\/comments?post=327"}],"version-history":[{"count":5,"href":"https:\/\/evangelische-beratung.com\/fr\/wp-json\/wp\/v2\/pages\/327\/revisions"}],"predecessor-version":[{"id":1658,"href":"https:\/\/evangelische-beratung.com\/fr\/wp-json\/wp\/v2\/pages\/327\/revisions\/1658"}],"up":[{"embeddable":true,"href":"https:\/\/evangelische-beratung.com\/fr\/wp-json\/wp\/v2\/pages\/38"}],"wp:attachment":[{"href":"https:\/\/evangelische-beratung.com\/fr\/wp-json\/wp\/v2\/media?parent=327"}],"curies":[{"name":"wp","href":"https:\/\/api.w.org\/{rel}","templated":true}]}}