{"id":326,"date":"2019-08-16T17:49:05","date_gmt":"2019-08-16T15:49:05","guid":{"rendered":"https:\/\/evangelische-beratung.com\/fr\/?page_id=326"},"modified":"2020-03-20T12:55:06","modified_gmt":"2020-03-20T11:55:06","slug":"allgemeine-lebensberatung","status":"publish","type":"page","link":"https:\/\/evangelische-beratung.com\/fr\/sozialberatung\/allgemeine-lebensberatung\/","title":{"rendered":"Conseil g\u00e9n\u00e9ral de vie"},"content":{"rendered":"\n<p class=\"is-style-teaser\"> Tout ne se passe toujours comme pr\u00e9vu dans la vie. Peut-\u00eatre ne savez-vous m\u00eame pas vous-m\u00eame o\u00f9 r\u00e9side le probl\u00e8me et encore moins \u00e0 qui vous adresser.  Vous n&rsquo;\u00eates pas laiss\u00e9s seuls avec vos soucis et peurs. <\/p>\n\n\n\n<figure class=\"wp-block-image alignwide\"><img loading=\"lazy\" decoding=\"async\" width=\"1024\" height=\"512\" src=\"https:\/\/evangelische-beratung.com\/fr\/wp-content\/uploads\/sites\/5\/2019\/08\/Allg.-Sozialberatung_Offenbach-2_Hero-1024x512.jpg\" alt=\"\" class=\"wp-image-501\" srcset=\"https:\/\/evangelische-beratung.com\/fr\/wp-content\/uploads\/sites\/5\/2019\/08\/Allg.-Sozialberatung_Offenbach-2_Hero-1024x512.jpg 1024w, https:\/\/evangelische-beratung.com\/fr\/wp-content\/uploads\/sites\/5\/2019\/08\/Allg.-Sozialberatung_Offenbach-2_Hero-300x150.jpg 300w, https:\/\/evangelische-beratung.com\/fr\/wp-content\/uploads\/sites\/5\/2019\/08\/Allg.-Sozialberatung_Offenbach-2_Hero-768x384.jpg 768w, https:\/\/evangelische-beratung.com\/fr\/wp-content\/uploads\/sites\/5\/2019\/08\/Allg.-Sozialberatung_Offenbach-2_Hero.jpg 1840w\" sizes=\"auto, 100vw\" \/><\/figure>\n\n\n\n<p>Adressez-vous \u00e0 nous \u00e0 propos de sujets tels que :<\/p>\n\n\n\n<ul class=\"wp-block-list\"><li>des crises aig\u00fces<\/li><li>des probl\u00e8mes avec des administrations et la correspondance<\/li><li>la v\u00e9rification de vos droits \u00e0 der prestations sociales (p. ex. indemnit\u00e9s de ch\u00f4mage, retraite, aide sociale)<\/li><li>des difficult\u00e9s dans votre famille ou votre partenariat<\/li><li>une surcharge dans votre situation de vie actuelle<\/li><li>la recherche d\u2019un appartement<\/li><li> et bien plus encore <\/li><\/ul>\n\n\n\n<p>Nous vous renverrons vers des services de conseil professionnel, des th\u00e9rapeutes ou des aides juridiques.<\/p>\n\n\n\n<p>Nous conseillons dans diff\u00e9rentes langues ou avec des interpr\u00e8tes.<\/p>\n\n\n\n<p>Les conseils sont fournis ind\u00e9pendamment de vos convictions religieuses ou politiques et de votre nationalit\u00e9. Nous fournissons nos conseils en toute ind\u00e9pendance, confidentiellement et gratuitement.<\/p>\n\n\n\n<p style=\"text-align:center\" class=\"is-style-roof-line\"><strong>Contact <\/strong><\/p>\n\n\n\n<div class=\"wp-block-columns alignwide has-3-columns is-layout-flex wp-container-core-columns-is-layout-9d6595d7 wp-block-columns-is-layout-flex\">\n<div class=\"wp-block-column is-layout-flow wp-block-column-is-layout-flow\">\n<div class=\"wp-block-erv-id-card\"><div class=\"id-card-content\"><figure class=\"id-card-photo\"><img decoding=\"async\" src=\"https:\/\/evangelische-beratung.com\/wp-content\/uploads\/2020\/01\/portrait_platzhalter-1-300x300.jpg\" \/><\/figure><div class=\"id-card-details\"><p class=\"id-card-name\">Stephanie Laier<\/p><p class=\"id-card-job\">Verwaltung<\/p><p class=\"id-card-location\">Offenbach<\/p><p class=\"id-card-phone\">069 \/ 82 97 70 99<\/p><p class=\"id-card-email\"><a href=\"m&#97;&#x69;&#x6c;t&#111;&#58;&#x6d;&#x69;g&#114;&#97;&#x74;&#x69;o&#110;&#x73;&#x62;&#x65;r&#97;&#x74;&#x75;n&#103;&#64;&#x6f;&#x66;f&#101;&#110;&#x62;&#x61;c&#104;&#x2d;&#x65;&#x76;a&#110;&#x67;&#x65;li&#115;&#x63;&#x68;&#46;&#100;&#101;\">E-Mail<\/a><\/p><\/div><\/div><\/div>\n<\/div>\n\n\n\n<div class=\"wp-block-column is-layout-flow wp-block-column-is-layout-flow\"><\/div>\n\n\n\n<div class=\"wp-block-column is-layout-flow wp-block-column-is-layout-flow\">\n<div class=\"wp-block-erv-id-card\"><div class=\"id-card-content\"><figure class=\"id-card-photo\"><img decoding=\"async\" src=\"https:\/\/evangelische-beratung.com\/wp-content\/uploads\/2022\/10\/Bild-Barbara-Schwab-225x300.jpg\" \/><\/figure><div class=\"id-card-details\"><p class=\"id-card-name\">Barbara Schwab<\/p><p class=\"id-card-job\">Beratung<\/p><p class=\"id-card-location\">Offenbach<\/p><p class=\"id-card-phone\">069 \/ 82 97 70 99<\/p><p class=\"id-card-email\"><a href=\"&#x6d;a&#x69;&#108;&#x74;&#111;:&#x62;e&#x72;&#97;&#x74;&#117;n&#x67;&#115;&#x7a;&#101;n&#x74;r&#x75;&#109;&#x40;&#111;f&#x66;e&#x6e;&#98;&#x61;&#x63;h&#x2d;&#101;&#x76;&#97;n&#x67;e&#x6c;&#105;&#x73;&#99;h&#x2e;&#100;&#x65;\">E-Mail<\/a><\/p><\/div><\/div><\/div>\n<\/div>\n<\/div>\n","protected":false},"excerpt":{"rendered":"<p>Tout ne se passe toujours comme pr\u00e9vu dans la vie. Peut-\u00eatre ne savez-vous m\u00eame pas vous-m\u00eame o\u00f9 r\u00e9side le probl\u00e8me et encore moins \u00e0 qui vous adresser. Vous n&rsquo;\u00eates pas laiss\u00e9s seuls avec vos soucis et peurs. Adressez-vous \u00e0 nous \u00e0 propos de sujets tels que : des crises aig\u00fces des probl\u00e8mes avec des administrations [&hellip;]<\/p>\n","protected":false},"author":5,"featured_media":36,"parent":40,"menu_order":0,"comment_status":"closed","ping_status":"closed","template":"","meta":{"footnotes":""},"class_list":["post-326","page","type-page","status-publish","has-post-thumbnail","hentry"],"yoast_head":"<!-- This site is optimized with the Yoast SEO plugin v27.3 - https:\/\/yoast.com\/product\/yoast-seo-wordpress\/ -->\n<title>Allgemeine Lebensberatung in Offenbach vom Ev. Regionalverband<\/title>\n<meta name=\"description\" content=\"Wir sind gerne f\u00fcr Sie da: in akuten Krisen, Problemen mit Beh\u00f6rden, \u00dcberlastung oder Schwierigkeiten in Familie und Partnerschaft. Vertraulich und kostenfrei.\" \/>\n<meta name=\"robots\" content=\"index, follow, max-snippet:-1, max-image-preview:large, max-video-preview:-1\" \/>\n<link rel=\"canonical\" href=\"https:\/\/evangelische-beratung.com\/fr\/sozialberatung\/allgemeine-lebensberatung\/\" \/>\n<meta property=\"og:locale\" content=\"fr_FR\" \/>\n<meta property=\"og:type\" content=\"article\" \/>\n<meta property=\"og:title\" content=\"Allgemeine Lebensberatung in Offenbach vom Ev. Regionalverband\" \/>\n<meta property=\"og:description\" content=\"Wir sind gerne f\u00fcr Sie da: in akuten Krisen, Problemen mit Beh\u00f6rden, \u00dcberlastung oder Schwierigkeiten in Familie und Partnerschaft. Vertraulich und kostenfrei.\" \/>\n<meta property=\"og:url\" content=\"https:\/\/evangelische-beratung.com\/fr\/sozialberatung\/allgemeine-lebensberatung\/\" \/>\n<meta property=\"og:site_name\" content=\"Evangelischer Regionalverband\" \/>\n<meta property=\"article:modified_time\" content=\"2020-03-20T11:55:06+00:00\" \/>\n<meta property=\"og:image\" content=\"https:\/\/evangelische-beratung.com\/fr\/wp-content\/uploads\/sites\/5\/2019\/07\/humberto-chavez-Ilo0ZD5o-q8-unsplash.jpg\" \/>\n\t<meta property=\"og:image:width\" content=\"1800\" \/>\n\t<meta property=\"og:image:height\" content=\"1200\" \/>\n\t<meta property=\"og:image:type\" content=\"image\/jpeg\" \/>\n<meta name=\"twitter:card\" content=\"summary_large_image\" \/>\n<meta name=\"twitter:label1\" content=\"Dur\u00e9e de lecture estim\u00e9e\" \/>\n\t<meta name=\"twitter:data1\" content=\"1 minute\" \/>\n<script type=\"application\/ld+json\" class=\"yoast-schema-graph\">{\"@context\":\"https:\\\/\\\/schema.org\",\"@graph\":[{\"@type\":\"WebPage\",\"@id\":\"https:\\\/\\\/evangelische-beratung.com\\\/fr\\\/sozialberatung\\\/allgemeine-lebensberatung\\\/\",\"url\":\"https:\\\/\\\/evangelische-beratung.com\\\/fr\\\/sozialberatung\\\/allgemeine-lebensberatung\\\/\",\"name\":\"Allgemeine Lebensberatung in Offenbach vom Ev. Regionalverband\",\"isPartOf\":{\"@id\":\"https:\\\/\\\/evangelische-beratung.com\\\/fr\\\/#website\"},\"primaryImageOfPage\":{\"@id\":\"https:\\\/\\\/evangelische-beratung.com\\\/fr\\\/sozialberatung\\\/allgemeine-lebensberatung\\\/#primaryimage\"},\"image\":{\"@id\":\"https:\\\/\\\/evangelische-beratung.com\\\/fr\\\/sozialberatung\\\/allgemeine-lebensberatung\\\/#primaryimage\"},\"thumbnailUrl\":\"https:\\\/\\\/evangelische-beratung.com\\\/fr\\\/wp-content\\\/uploads\\\/sites\\\/5\\\/2019\\\/07\\\/humberto-chavez-Ilo0ZD5o-q8-unsplash.jpg\",\"datePublished\":\"2019-08-16T15:49:05+00:00\",\"dateModified\":\"2020-03-20T11:55:06+00:00\",\"description\":\"Wir sind gerne f\u00fcr Sie da: in akuten Krisen, Problemen mit Beh\u00f6rden, \u00dcberlastung oder Schwierigkeiten in Familie und Partnerschaft. Vertraulich und kostenfrei.\",\"breadcrumb\":{\"@id\":\"https:\\\/\\\/evangelische-beratung.com\\\/fr\\\/sozialberatung\\\/allgemeine-lebensberatung\\\/#breadcrumb\"},\"inLanguage\":\"fr-FR\",\"potentialAction\":[{\"@type\":\"ReadAction\",\"target\":[\"https:\\\/\\\/evangelische-beratung.com\\\/fr\\\/sozialberatung\\\/allgemeine-lebensberatung\\\/\"]}]},{\"@type\":\"ImageObject\",\"inLanguage\":\"fr-FR\",\"@id\":\"https:\\\/\\\/evangelische-beratung.com\\\/fr\\\/sozialberatung\\\/allgemeine-lebensberatung\\\/#primaryimage\",\"url\":\"https:\\\/\\\/evangelische-beratung.com\\\/fr\\\/wp-content\\\/uploads\\\/sites\\\/5\\\/2019\\\/07\\\/humberto-chavez-Ilo0ZD5o-q8-unsplash.jpg\",\"contentUrl\":\"https:\\\/\\\/evangelische-beratung.com\\\/fr\\\/wp-content\\\/uploads\\\/sites\\\/5\\\/2019\\\/07\\\/humberto-chavez-Ilo0ZD5o-q8-unsplash.jpg\",\"width\":1800,\"height\":1200},{\"@type\":\"BreadcrumbList\",\"@id\":\"https:\\\/\\\/evangelische-beratung.com\\\/fr\\\/sozialberatung\\\/allgemeine-lebensberatung\\\/#breadcrumb\",\"itemListElement\":[{\"@type\":\"ListItem\",\"position\":1,\"name\":\"Startseite\",\"item\":\"https:\\\/\\\/evangelische-beratung.com\\\/fr\\\/\"},{\"@type\":\"ListItem\",\"position\":2,\"name\":\"Conseil social\",\"item\":\"https:\\\/\\\/evangelische-beratung.com\\\/fr\\\/sozialberatung\\\/\"},{\"@type\":\"ListItem\",\"position\":3,\"name\":\"Conseil g\u00e9n\u00e9ral de vie\"}]},{\"@type\":\"WebSite\",\"@id\":\"https:\\\/\\\/evangelische-beratung.com\\\/fr\\\/#website\",\"url\":\"https:\\\/\\\/evangelische-beratung.com\\\/fr\\\/\",\"name\":\"Evangelischer Regionalverband\",\"description\":\"\",\"publisher\":{\"@id\":\"https:\\\/\\\/evangelische-beratung.com\\\/fr\\\/#organization\"},\"potentialAction\":[{\"@type\":\"SearchAction\",\"target\":{\"@type\":\"EntryPoint\",\"urlTemplate\":\"https:\\\/\\\/evangelische-beratung.com\\\/fr\\\/?s={search_term_string}\"},\"query-input\":{\"@type\":\"PropertyValueSpecification\",\"valueRequired\":true,\"valueName\":\"search_term_string\"}}],\"inLanguage\":\"fr-FR\"},{\"@type\":\"Organization\",\"@id\":\"https:\\\/\\\/evangelische-beratung.com\\\/fr\\\/#organization\",\"name\":\"Evangelischer Regionalverband Frankfurt und Offenbach\",\"url\":\"https:\\\/\\\/evangelische-beratung.com\\\/fr\\\/\",\"logo\":{\"@type\":\"ImageObject\",\"inLanguage\":\"fr-FR\",\"@id\":\"https:\\\/\\\/evangelische-beratung.com\\\/fr\\\/#\\\/schema\\\/logo\\\/image\\\/\",\"url\":\"https:\\\/\\\/evangelische-beratung.com\\\/fr\\\/wp-content\\\/uploads\\\/sites\\\/5\\\/2019\\\/10\\\/erv-logo.png\",\"contentUrl\":\"https:\\\/\\\/evangelische-beratung.com\\\/fr\\\/wp-content\\\/uploads\\\/sites\\\/5\\\/2019\\\/10\\\/erv-logo.png\",\"width\":1127,\"height\":595,\"caption\":\"Evangelischer Regionalverband Frankfurt und Offenbach\"},\"image\":{\"@id\":\"https:\\\/\\\/evangelische-beratung.com\\\/fr\\\/#\\\/schema\\\/logo\\\/image\\\/\"}}]}<\/script>\n<!-- \/ Yoast SEO plugin. -->","yoast_head_json":{"title":"Allgemeine Lebensberatung in Offenbach vom Ev. Regionalverband","description":"Wir sind gerne f\u00fcr Sie da: in akuten Krisen, Problemen mit Beh\u00f6rden, \u00dcberlastung oder Schwierigkeiten in Familie und Partnerschaft. Vertraulich und kostenfrei.","robots":{"index":"index","follow":"follow","max-snippet":"max-snippet:-1","max-image-preview":"max-image-preview:large","max-video-preview":"max-video-preview:-1"},"canonical":"https:\/\/evangelische-beratung.com\/fr\/sozialberatung\/allgemeine-lebensberatung\/","og_locale":"fr_FR","og_type":"article","og_title":"Allgemeine Lebensberatung in Offenbach vom Ev. Regionalverband","og_description":"Wir sind gerne f\u00fcr Sie da: in akuten Krisen, Problemen mit Beh\u00f6rden, \u00dcberlastung oder Schwierigkeiten in Familie und Partnerschaft. Vertraulich und kostenfrei.","og_url":"https:\/\/evangelische-beratung.com\/fr\/sozialberatung\/allgemeine-lebensberatung\/","og_site_name":"Evangelischer Regionalverband","article_modified_time":"2020-03-20T11:55:06+00:00","og_image":[{"width":1800,"height":1200,"url":"https:\/\/evangelische-beratung.com\/fr\/wp-content\/uploads\/sites\/5\/2019\/07\/humberto-chavez-Ilo0ZD5o-q8-unsplash.jpg","type":"image\/jpeg"}],"twitter_card":"summary_large_image","twitter_misc":{"Dur\u00e9e de lecture estim\u00e9e":"1 minute"},"schema":{"@context":"https:\/\/schema.org","@graph":[{"@type":"WebPage","@id":"https:\/\/evangelische-beratung.com\/fr\/sozialberatung\/allgemeine-lebensberatung\/","url":"https:\/\/evangelische-beratung.com\/fr\/sozialberatung\/allgemeine-lebensberatung\/","name":"Allgemeine Lebensberatung in Offenbach vom Ev. Regionalverband","isPartOf":{"@id":"https:\/\/evangelische-beratung.com\/fr\/#website"},"primaryImageOfPage":{"@id":"https:\/\/evangelische-beratung.com\/fr\/sozialberatung\/allgemeine-lebensberatung\/#primaryimage"},"image":{"@id":"https:\/\/evangelische-beratung.com\/fr\/sozialberatung\/allgemeine-lebensberatung\/#primaryimage"},"thumbnailUrl":"https:\/\/evangelische-beratung.com\/fr\/wp-content\/uploads\/sites\/5\/2019\/07\/humberto-chavez-Ilo0ZD5o-q8-unsplash.jpg","datePublished":"2019-08-16T15:49:05+00:00","dateModified":"2020-03-20T11:55:06+00:00","description":"Wir sind gerne f\u00fcr Sie da: in akuten Krisen, Problemen mit Beh\u00f6rden, \u00dcberlastung oder Schwierigkeiten in Familie und Partnerschaft. Vertraulich und kostenfrei.","breadcrumb":{"@id":"https:\/\/evangelische-beratung.com\/fr\/sozialberatung\/allgemeine-lebensberatung\/#breadcrumb"},"inLanguage":"fr-FR","potentialAction":[{"@type":"ReadAction","target":["https:\/\/evangelische-beratung.com\/fr\/sozialberatung\/allgemeine-lebensberatung\/"]}]},{"@type":"ImageObject","inLanguage":"fr-FR","@id":"https:\/\/evangelische-beratung.com\/fr\/sozialberatung\/allgemeine-lebensberatung\/#primaryimage","url":"https:\/\/evangelische-beratung.com\/fr\/wp-content\/uploads\/sites\/5\/2019\/07\/humberto-chavez-Ilo0ZD5o-q8-unsplash.jpg","contentUrl":"https:\/\/evangelische-beratung.com\/fr\/wp-content\/uploads\/sites\/5\/2019\/07\/humberto-chavez-Ilo0ZD5o-q8-unsplash.jpg","width":1800,"height":1200},{"@type":"BreadcrumbList","@id":"https:\/\/evangelische-beratung.com\/fr\/sozialberatung\/allgemeine-lebensberatung\/#breadcrumb","itemListElement":[{"@type":"ListItem","position":1,"name":"Startseite","item":"https:\/\/evangelische-beratung.com\/fr\/"},{"@type":"ListItem","position":2,"name":"Conseil social","item":"https:\/\/evangelische-beratung.com\/fr\/sozialberatung\/"},{"@type":"ListItem","position":3,"name":"Conseil g\u00e9n\u00e9ral de vie"}]},{"@type":"WebSite","@id":"https:\/\/evangelische-beratung.com\/fr\/#website","url":"https:\/\/evangelische-beratung.com\/fr\/","name":"Evangelischer Regionalverband","description":"","publisher":{"@id":"https:\/\/evangelische-beratung.com\/fr\/#organization"},"potentialAction":[{"@type":"SearchAction","target":{"@type":"EntryPoint","urlTemplate":"https:\/\/evangelische-beratung.com\/fr\/?s={search_term_string}"},"query-input":{"@type":"PropertyValueSpecification","valueRequired":true,"valueName":"search_term_string"}}],"inLanguage":"fr-FR"},{"@type":"Organization","@id":"https:\/\/evangelische-beratung.com\/fr\/#organization","name":"Evangelischer Regionalverband Frankfurt und Offenbach","url":"https:\/\/evangelische-beratung.com\/fr\/","logo":{"@type":"ImageObject","inLanguage":"fr-FR","@id":"https:\/\/evangelische-beratung.com\/fr\/#\/schema\/logo\/image\/","url":"https:\/\/evangelische-beratung.com\/fr\/wp-content\/uploads\/sites\/5\/2019\/10\/erv-logo.png","contentUrl":"https:\/\/evangelische-beratung.com\/fr\/wp-content\/uploads\/sites\/5\/2019\/10\/erv-logo.png","width":1127,"height":595,"caption":"Evangelischer Regionalverband Frankfurt und Offenbach"},"image":{"@id":"https:\/\/evangelische-beratung.com\/fr\/#\/schema\/logo\/image\/"}}]}},"_links":{"self":[{"href":"https:\/\/evangelische-beratung.com\/fr\/wp-json\/wp\/v2\/pages\/326","targetHints":{"allow":["GET"]}}],"collection":[{"href":"https:\/\/evangelische-beratung.com\/fr\/wp-json\/wp\/v2\/pages"}],"about":[{"href":"https:\/\/evangelische-beratung.com\/fr\/wp-json\/wp\/v2\/types\/page"}],"author":[{"embeddable":true,"href":"https:\/\/evangelische-beratung.com\/fr\/wp-json\/wp\/v2\/users\/5"}],"replies":[{"embeddable":true,"href":"https:\/\/evangelische-beratung.com\/fr\/wp-json\/wp\/v2\/comments?post=326"}],"version-history":[{"count":5,"href":"https:\/\/evangelische-beratung.com\/fr\/wp-json\/wp\/v2\/pages\/326\/revisions"}],"predecessor-version":[{"id":1647,"href":"https:\/\/evangelische-beratung.com\/fr\/wp-json\/wp\/v2\/pages\/326\/revisions\/1647"}],"up":[{"embeddable":true,"href":"https:\/\/evangelische-beratung.com\/fr\/wp-json\/wp\/v2\/pages\/40"}],"wp:featuredmedia":[{"embeddable":true,"href":"https:\/\/evangelische-beratung.com\/fr\/wp-json\/wp\/v2\/media\/36"}],"wp:attachment":[{"href":"https:\/\/evangelische-beratung.com\/fr\/wp-json\/wp\/v2\/media?parent=326"}],"curies":[{"name":"wp","href":"https:\/\/api.w.org\/{rel}","templated":true}]}}