{"id":292,"date":"2019-08-16T16:07:45","date_gmt":"2019-08-16T14:07:45","guid":{"rendered":"https:\/\/evangelische-beratung.com\/fr\/?page_id=292"},"modified":"2020-03-24T19:24:34","modified_gmt":"2020-03-24T18:24:34","slug":"schulungen","status":"publish","type":"page","link":"https:\/\/evangelische-beratung.com\/fr\/migration-flucht\/schulungen\/","title":{"rendered":"Formations"},"content":{"rendered":"\n<p class=\"is-style-teaser\">Nous vous proposons des formations techniquement fond\u00e9es pour le travail b\u00e9n\u00e9vole et p\u00e9dagogique avec les r\u00e9fugi\u00e9s.<\/p>\n\n\n\n<div class=\"wp-block-erv-container -has-background\">\n<h2 class=\"wp-block-heading\" style=\"text-align:left\">Nos offres de formation<\/h2>\n\n\n\n<h4 class=\"wp-block-heading\"><strong>Comportement \u00e0 adopter avec des personnes traumatis\u00e9es<\/strong><\/h4>\n\n\n\n<p>Beaucoup des gens qui se sont r\u00e9fugi\u00e9s en Allemagne ont v\u00e9cu des exp\u00e9riences tr\u00e8s marquantes psychiquement, souvent traumatisantes. Nous apportons des connaissances pr\u00e9cieuses et des m\u00e9thodes de stabilisation pour le travail avec des gens traumatis\u00e9s.  <\/p>\n\n\n\n<h3 class=\"wp-block-heading\"><strong>Offres \u00e0 l&rsquo;attention de b\u00e9n\u00e9voles<\/strong><\/h3>\n\n\n\n<ul class=\"wp-block-list\"><li>Qu\u2019est-ce qu\u2019un traumatisme et comment en reconnais-je un ? <\/li><li>Comment puis-je soutenir les personnes traumatis\u00e9es ? <\/li><li>Quand est-ce que des r\u00e9fugi\u00e9s ont besoin d\u2019une aide professionnelle ? Comment fonctionne une proc\u00e9dure de demande d\u2019asile ? <\/li><li>Comment dois-je user raisonnablement de mes propres ressources ?<\/li><\/ul>\n\n\n\n<p>Nos modules de qualifications fournissent aux b\u00e9n\u00e9voles des connaissances pr\u00e9cieuses et des m\u00e9thodes dans ces questions et d\u2019autres. Cela pr\u00e9pare au travail avec les personnes traumatis\u00e9es et aide \u00e0 leur propre stabilisation. <\/p>\n\n\n\n<p>Il est possible de s\u2019inscrire \u00e0 la fois pour toute une s\u00e9rie de ou pour des modules individuels. La participation aux diff\u00e9rents modules est <strong>gratuite<\/strong>. <\/p>\n\n\n\n<h3 class=\"wp-block-heading\">Module 1<\/h3>\n\n\n\n<h4 class=\"wp-block-heading\"><strong>Traumatisme, fuite et m\u00e9thodes de stabilisation<\/strong><\/h4>\n\n\n\n<p><strong>Samedi 27\/03\/2020 \u2013 10h00 \u00e0 17h00, Francfort\/Main (centre-ville)<\/strong> <br>Des connaissances sur\u00a0les sympt\u00f4mes et l\u2019\u00e9volution d\u2019un traumatisme dans un contexte de fuite ainsi que des remarques relatives \u00e0 la stabilisation et \u00e0 la stimulation des ressources. Des exercices sont pratiqu\u00e9s dans ce sens. <\/p>\n\n\n\n<p><strong>R\u00e9f\u00e9rente :<\/strong> Marie R\u00f6ssel-\u010cunovi\u0107, p\u00e9dagogue dipl\u00f4m\u00e9e, superviseuse et th\u00e9rapeute syst\u00e9mique mettant l&rsquo;accent sur la fuite et le traumatisme <br><em>Inscription obligatoire jusqu&rsquo;au 20\/03\/2020<\/em><\/p>\n\n\n\n<h3 class=\"wp-block-heading\">Module 2<\/h3>\n\n\n\n<h4 class=\"wp-block-heading\"><strong>Communication aux cultures et m\u00e9thodes d&rsquo;estime de soi<\/strong><\/h4>\n\n\n\n<p><strong>Samedi, 06\/06\/2020 \u2013 10h00 \u00e0 17h00, Francfort\/Main (centre-ville)<\/strong> <br>La communication avec des r\u00e9fugi\u00e9s comporte beaucoup de particularit\u00e9s. Nous vous pr\u00e9sentons les fondements d\u2019une communication sensible \u00e0 la culture au moyen d\u2019apports et d\u2019exercices. Des m\u00e9thodes d\u2019estime de soi et de r\u00e9flexion, afin de mobiliser les ressources propres et garder l\u2019\u0153il sur les limites de charge sont en outre pr\u00e9sent\u00e9es. <\/p>\n\n\n\n<p><strong>R\u00e9f\u00e9rente :<\/strong> Cornelia Spohn,  p\u00e9dagogue dipl\u00f4m\u00e9e et superviseuse <br><em>Inscription obligatoire jusqu&rsquo;au 22\/05\/2020<\/em><\/p>\n\n\n\n<h3 class=\"wp-block-heading\">Module 3<\/h3>\n\n\n\n<h4 class=\"wp-block-heading\"><strong>Proc\u00e9dure de demande d&rsquo;asile et s\u00e9jour (in)certain<\/strong><\/h4>\n\n\n\n<p><strong>Samedi, le 12\/09\/2020 \u2013 10h00 \u00e0 17h00, <\/strong> <strong>Francfort\/Main (centre-ville)<\/strong> <br>Vous recevez un aper\u00e7u sur les dispositions relatives au droit d&rsquo;asile, de s\u00e9jour et social. Notamment chez les traumatis\u00e9s, une situation de vie incertaine peut renforcer voire d\u00e9clencher certains sympt\u00f4mes. <\/p>\n\n\n\n<p><strong>R\u00e9r\u00e9rente :<\/strong> Barbara Lueken, conseill\u00e8re en proc\u00e9dure, Evangelischer Regionalverband Frankfurt und Offenbach  <em>Inscription obligatoire jusqu&rsquo;au 27\/08\/2020<\/em><\/p>\n\n\n\n<p><\/p>\n\n\n\n<h3 class=\"wp-block-heading\"><strong>Offres \u00e0 l&rsquo;attention des p\u00e9dagogues qualifi\u00e9s<\/strong><\/h3>\n\n\n\n<p>Le travail avec des r\u00e9fugi\u00e9s en souffrance &nbsp;psychique et traumatis\u00e9s place les membres des organismes sociaux et administrations devant de nombreuses questions :<\/p>\n\n\n\n<ul class=\"wp-block-list\"><li>Qu\u2019est-ce qu\u2019un traumatisme et comment en reconnais-je un ?<\/li><li>Quand est-ce que des r\u00e9fugi\u00e9s ont besoin d\u2019une aide professionnelle ?<\/li><li>Comment trouve-t-on des places de th\u00e9rapie ?<\/li><\/ul>\n\n\n\n<p>Notre offre r\u00e9pond \u00e0 ces questions et propose de transmettre, dans le cadre d\u2019un s\u00e9minaire d\u2019un jour, des connaissances pr\u00e9cieuses pour les professionnels qui travaillent en tant que p\u00e9dagogues sociaux, \u00e9ducateurs, conseillers et autres m\u00e9tiers avec des r\u00e9fugi\u00e9s.  <\/p>\n<\/div>\n\n\n\n<p>L\u2019association du Centre Rhin-Main Aide aux r\u00e9fugi\u00e9s est une coop\u00e9ration de : Evangelischer Regionalverband Frankfurt am Main e. V., FATRA e. V., Sigmund-Freud-Institut, Frankfurter Psychoanalytisches Institut e. V. et Anna-Freud-Institut et est subventionn\u00e9 par le Minist\u00e8re hessois pour les affaires sociales et l\u2019int\u00e9gration.<\/p>\n\n\n\n<div class=\"wp-block-columns has-2-columns is-layout-flex wp-container-core-columns-is-layout-9d6595d7 wp-block-columns-is-layout-flex\">\n<div class=\"wp-block-column is-layout-flow wp-block-column-is-layout-flow\"><div class=\"wp-block-erv-tile \">\n\t\t\t<div>\n\t\t\t<a href=\"https:\/\/www.psv-rhein-main.de\/\" tabindex=\"-1\" aria-hidden=\"true\"  target=\"_blank\"><\/a>\n\t\t\t<h2 class=\"tile-title\"><a href=\"https:\/\/www.psv-rhein-main.de\/\"  target=\"_blank\">Verbund Psychosoziales Zentrum Rhein-Main<\/a><\/h2>\n\t\t\t\n\t\t\t<p aria-hidden=\"true\" class=\"-is-micro\">Go to website<svg xmlns=\"http:\/\/www.w3.org\/2000\/svg\" viewBox=\"0 0 13 10\"><path d=\"M1.5 5H12M8 1l4 4-4 4\" fill=\"none\" stroke=\"#a22a45\" stroke-width=\"1.2\" stroke-linecap=\"round\" stroke-linejoin=\"round\"\/><\/svg><\/p>\n\t\t\t<\/div>\n\t\t<\/div>\n\n\n<p><\/p>\n<\/div>\n\n\n\n<div class=\"wp-block-column is-layout-flow wp-block-column-is-layout-flow\"><\/div>\n<\/div>\n\n\n\n<p style=\"text-align:center\" class=\"is-style-roof-line\"><strong>Inscription aupr\u00e8s de<\/strong><\/p>\n\n\n\n<div class=\"wp-block-columns alignwide has-3-columns is-layout-flex wp-container-core-columns-is-layout-9d6595d7 wp-block-columns-is-layout-flex\">\n<div class=\"wp-block-column is-layout-flow wp-block-column-is-layout-flow\">\n<div class=\"wp-block-erv-id-card\"><div class=\"id-card-content\"><figure class=\"id-card-photo\"><img decoding=\"async\" src=\"https:\/\/evangelische-beratung.com\/fr\/wp-content\/uploads\/sites\/5\/2020\/01\/Petra-Buschkaemper_Verwaltung-Mentorenprogramm-SOCIUS-300x200.jpg\" \/><\/figure><div class=\"id-card-details\"><p class=\"id-card-name\">Petra Buschk\u00e4mper<\/p><p class=\"id-card-job\">Sekretariat<\/p><p class=\"id-card-location\">Frankfurt<\/p><p class=\"id-card-phone\">069 \/ 53 02 225<\/p><p class=\"id-card-email\"><a href=\"&#x6d;&#x61;&#105;l&#x74;&#x6f;&#x3a;&#101;h&#x72;&#x65;&#x6e;&#97;m&#x74;&#x2e;&#x66;&#108;u&#x63;&#x68;&#x74;&#64;f&#x72;&#x61;&#x6e;&#107;f&#x75;&#x72;&#x74;&#45;e&#x76;&#x61;&#x6e;&#103;e&#x6c;&#x69;&#x73;&#99;h&#x2e;&#x64;&#x65;\">E-Mail<\/a><\/p><\/div><\/div><\/div>\n<\/div>\n\n\n\n<div class=\"wp-block-column is-layout-flow wp-block-column-is-layout-flow\">\n<div class=\"wp-block-erv-id-card\"><div class=\"id-card-content\"><figure class=\"id-card-photo\"><img decoding=\"async\" src=\"https:\/\/evangelische-beratung.com\/wp-content\/uploads\/2019\/08\/Silja-Dickemann_Mentorenprogramm-Socius_neu-2-e1576340074599-240x300.jpg\" \/><\/figure><div class=\"id-card-details\"><p class=\"id-card-name\">Silja Dickemann <\/p><p class=\"id-card-job\">Leitung<\/p><p class=\"id-card-location\">Frankfurt<\/p><p class=\"id-card-phone\">069 \/ 53 02 161<\/p><p class=\"id-card-email\"><a href=\"&#109;&#x61;&#x69;l&#116;&#x6f;:&#101;&#x68;&#x72;e&#110;&#x61;m&#116;&#x2e;&#x66;l&#117;&#x63;h&#116;&#x40;&#x66;&#114;&#97;&#x6e;k&#102;&#x75;&#x72;&#116;&#x2d;&#x65;v&#97;&#x6e;g&#101;&#x6c;&#x69;s&#99;&#x68;&#46;&#100;&#x65;\">E-Mail<\/a><\/p><\/div><\/div><\/div>\n<\/div>\n\n\n\n<div class=\"wp-block-column is-layout-flow wp-block-column-is-layout-flow\">\n<div class=\"wp-block-erv-id-card\"><div class=\"id-card-content\"><figure class=\"id-card-photo\"><img decoding=\"async\" src=\"https:\/\/evangelische-beratung.com\/wp-content\/uploads\/2022\/03\/FotoSinaArndt_.jpg\"\/><\/figure><div class=\"id-card-details\"><p class=\"id-card-name\">Sina Tamar Arndt<\/p><p class=\"id-card-job\">P\u00e4dagogische Mitarbeiterin<\/p><p class=\"id-card-location\">Frankfurt<\/p><p class=\"id-card-phone\">069 \/ 53 02 162<\/p><p class=\"id-card-email\"><a href=\"&#109;&#x61;i&#108;&#x74;o&#x3a;&#x65;&#104;&#x72;e&#110;&#x61;m&#116;&#x2e;&#102;&#x6c;u&#99;&#x68;t&#64;&#x66;&#114;&#x61;&#x6e;&#107;&#x66;u&#114;&#x74;-&#x65;&#x76;&#97;&#x6e;g&#101;&#x6c;i&#115;&#x63;&#104;&#x2e;d&#101;\">E-Mail<\/a><\/p><\/div><\/div><\/div>\n<\/div>\n<\/div>\n","protected":false},"excerpt":{"rendered":"<p>Nous vous proposons des formations techniquement fond\u00e9es pour le travail b\u00e9n\u00e9vole et p\u00e9dagogique avec les r\u00e9fugi\u00e9s. L\u2019association du Centre Rhin-Main Aide aux r\u00e9fugi\u00e9s est une coop\u00e9ration de : Evangelischer Regionalverband Frankfurt am Main e. V., FATRA e. V., Sigmund-Freud-Institut, Frankfurter Psychoanalytisches Institut e. V. et Anna-Freud-Institut et est subventionn\u00e9 par le Minist\u00e8re hessois pour les [&hellip;]<\/p>\n","protected":false},"author":5,"featured_media":36,"parent":16,"menu_order":0,"comment_status":"closed","ping_status":"closed","template":"","meta":{"footnotes":""},"class_list":["post-292","page","type-page","status-publish","has-post-thumbnail","hentry"],"yoast_head":"<!-- This site is optimized with the Yoast SEO plugin v27.4 - https:\/\/yoast.com\/product\/yoast-seo-wordpress\/ -->\n<title>Schulungen f\u00fcr Ehrenamtliche u. p\u00e4dagogische Fachkr\u00e4fte in Frankfurt<\/title>\n<meta name=\"description\" content=\"Wir bieten Ihnen fachlich fundierte Schulungen f\u00fcr die ehrenamtliche und p\u00e4dagogische Arbeit mit Gefl\u00fcchteten. Kontaktieren Sie uns.\" \/>\n<meta name=\"robots\" content=\"index, follow, max-snippet:-1, max-image-preview:large, max-video-preview:-1\" \/>\n<link rel=\"canonical\" href=\"https:\/\/evangelische-beratung.com\/fr\/migration-flucht\/schulungen\/\" \/>\n<meta property=\"og:locale\" content=\"fr_FR\" \/>\n<meta property=\"og:type\" content=\"article\" \/>\n<meta property=\"og:title\" content=\"Schulungen f\u00fcr Ehrenamtliche u. p\u00e4dagogische Fachkr\u00e4fte in Frankfurt\" \/>\n<meta property=\"og:description\" content=\"Wir bieten Ihnen fachlich fundierte Schulungen f\u00fcr die ehrenamtliche und p\u00e4dagogische Arbeit mit Gefl\u00fcchteten. Kontaktieren Sie uns.\" \/>\n<meta property=\"og:url\" content=\"https:\/\/evangelische-beratung.com\/fr\/migration-flucht\/schulungen\/\" \/>\n<meta property=\"og:site_name\" content=\"Evangelischer Regionalverband\" \/>\n<meta property=\"article:modified_time\" content=\"2020-03-24T18:24:34+00:00\" \/>\n<meta property=\"og:image\" content=\"https:\/\/evangelische-beratung.com\/fr\/wp-content\/uploads\/sites\/5\/2019\/07\/humberto-chavez-Ilo0ZD5o-q8-unsplash.jpg\" \/>\n\t<meta property=\"og:image:width\" content=\"1800\" \/>\n\t<meta property=\"og:image:height\" content=\"1200\" \/>\n\t<meta property=\"og:image:type\" content=\"image\/jpeg\" \/>\n<meta name=\"twitter:card\" content=\"summary_large_image\" \/>\n<meta name=\"twitter:label1\" content=\"Dur\u00e9e de lecture estim\u00e9e\" \/>\n\t<meta name=\"twitter:data1\" content=\"3 minutes\" \/>\n<script type=\"application\/ld+json\" class=\"yoast-schema-graph\">{\"@context\":\"https:\\\/\\\/schema.org\",\"@graph\":[{\"@type\":\"WebPage\",\"@id\":\"https:\\\/\\\/evangelische-beratung.com\\\/fr\\\/migration-flucht\\\/schulungen\\\/\",\"url\":\"https:\\\/\\\/evangelische-beratung.com\\\/fr\\\/migration-flucht\\\/schulungen\\\/\",\"name\":\"Schulungen f\u00fcr Ehrenamtliche u. p\u00e4dagogische Fachkr\u00e4fte in Frankfurt\",\"isPartOf\":{\"@id\":\"https:\\\/\\\/evangelische-beratung.com\\\/fr\\\/#website\"},\"primaryImageOfPage\":{\"@id\":\"https:\\\/\\\/evangelische-beratung.com\\\/fr\\\/migration-flucht\\\/schulungen\\\/#primaryimage\"},\"image\":{\"@id\":\"https:\\\/\\\/evangelische-beratung.com\\\/fr\\\/migration-flucht\\\/schulungen\\\/#primaryimage\"},\"thumbnailUrl\":\"https:\\\/\\\/evangelische-beratung.com\\\/fr\\\/wp-content\\\/uploads\\\/sites\\\/5\\\/2019\\\/07\\\/humberto-chavez-Ilo0ZD5o-q8-unsplash.jpg\",\"datePublished\":\"2019-08-16T14:07:45+00:00\",\"dateModified\":\"2020-03-24T18:24:34+00:00\",\"description\":\"Wir bieten Ihnen fachlich fundierte Schulungen f\u00fcr die ehrenamtliche und p\u00e4dagogische Arbeit mit Gefl\u00fcchteten. Kontaktieren Sie uns.\",\"breadcrumb\":{\"@id\":\"https:\\\/\\\/evangelische-beratung.com\\\/fr\\\/migration-flucht\\\/schulungen\\\/#breadcrumb\"},\"inLanguage\":\"fr-FR\",\"potentialAction\":[{\"@type\":\"ReadAction\",\"target\":[\"https:\\\/\\\/evangelische-beratung.com\\\/fr\\\/migration-flucht\\\/schulungen\\\/\"]}]},{\"@type\":\"ImageObject\",\"inLanguage\":\"fr-FR\",\"@id\":\"https:\\\/\\\/evangelische-beratung.com\\\/fr\\\/migration-flucht\\\/schulungen\\\/#primaryimage\",\"url\":\"https:\\\/\\\/evangelische-beratung.com\\\/fr\\\/wp-content\\\/uploads\\\/sites\\\/5\\\/2019\\\/07\\\/humberto-chavez-Ilo0ZD5o-q8-unsplash.jpg\",\"contentUrl\":\"https:\\\/\\\/evangelische-beratung.com\\\/fr\\\/wp-content\\\/uploads\\\/sites\\\/5\\\/2019\\\/07\\\/humberto-chavez-Ilo0ZD5o-q8-unsplash.jpg\",\"width\":1800,\"height\":1200},{\"@type\":\"BreadcrumbList\",\"@id\":\"https:\\\/\\\/evangelische-beratung.com\\\/fr\\\/migration-flucht\\\/schulungen\\\/#breadcrumb\",\"itemListElement\":[{\"@type\":\"ListItem\",\"position\":1,\"name\":\"Startseite\",\"item\":\"https:\\\/\\\/evangelische-beratung.com\\\/fr\\\/\"},{\"@type\":\"ListItem\",\"position\":2,\"name\":\"Migration et refuge\",\"item\":\"https:\\\/\\\/evangelische-beratung.com\\\/fr\\\/migration-flucht\\\/\"},{\"@type\":\"ListItem\",\"position\":3,\"name\":\"Formations\"}]},{\"@type\":\"WebSite\",\"@id\":\"https:\\\/\\\/evangelische-beratung.com\\\/fr\\\/#website\",\"url\":\"https:\\\/\\\/evangelische-beratung.com\\\/fr\\\/\",\"name\":\"Evangelischer Regionalverband\",\"description\":\"\",\"publisher\":{\"@id\":\"https:\\\/\\\/evangelische-beratung.com\\\/fr\\\/#organization\"},\"potentialAction\":[{\"@type\":\"SearchAction\",\"target\":{\"@type\":\"EntryPoint\",\"urlTemplate\":\"https:\\\/\\\/evangelische-beratung.com\\\/fr\\\/?s={search_term_string}\"},\"query-input\":{\"@type\":\"PropertyValueSpecification\",\"valueRequired\":true,\"valueName\":\"search_term_string\"}}],\"inLanguage\":\"fr-FR\"},{\"@type\":\"Organization\",\"@id\":\"https:\\\/\\\/evangelische-beratung.com\\\/fr\\\/#organization\",\"name\":\"Evangelischer Regionalverband Frankfurt und Offenbach\",\"url\":\"https:\\\/\\\/evangelische-beratung.com\\\/fr\\\/\",\"logo\":{\"@type\":\"ImageObject\",\"inLanguage\":\"fr-FR\",\"@id\":\"https:\\\/\\\/evangelische-beratung.com\\\/fr\\\/#\\\/schema\\\/logo\\\/image\\\/\",\"url\":\"https:\\\/\\\/evangelische-beratung.com\\\/fr\\\/wp-content\\\/uploads\\\/sites\\\/5\\\/2019\\\/10\\\/erv-logo.png\",\"contentUrl\":\"https:\\\/\\\/evangelische-beratung.com\\\/fr\\\/wp-content\\\/uploads\\\/sites\\\/5\\\/2019\\\/10\\\/erv-logo.png\",\"width\":1127,\"height\":595,\"caption\":\"Evangelischer Regionalverband Frankfurt und Offenbach\"},\"image\":{\"@id\":\"https:\\\/\\\/evangelische-beratung.com\\\/fr\\\/#\\\/schema\\\/logo\\\/image\\\/\"}}]}<\/script>\n<!-- \/ Yoast SEO plugin. -->","yoast_head_json":{"title":"Schulungen f\u00fcr Ehrenamtliche u. p\u00e4dagogische Fachkr\u00e4fte in Frankfurt","description":"Wir bieten Ihnen fachlich fundierte Schulungen f\u00fcr die ehrenamtliche und p\u00e4dagogische Arbeit mit Gefl\u00fcchteten. Kontaktieren Sie uns.","robots":{"index":"index","follow":"follow","max-snippet":"max-snippet:-1","max-image-preview":"max-image-preview:large","max-video-preview":"max-video-preview:-1"},"canonical":"https:\/\/evangelische-beratung.com\/fr\/migration-flucht\/schulungen\/","og_locale":"fr_FR","og_type":"article","og_title":"Schulungen f\u00fcr Ehrenamtliche u. p\u00e4dagogische Fachkr\u00e4fte in Frankfurt","og_description":"Wir bieten Ihnen fachlich fundierte Schulungen f\u00fcr die ehrenamtliche und p\u00e4dagogische Arbeit mit Gefl\u00fcchteten. Kontaktieren Sie uns.","og_url":"https:\/\/evangelische-beratung.com\/fr\/migration-flucht\/schulungen\/","og_site_name":"Evangelischer Regionalverband","article_modified_time":"2020-03-24T18:24:34+00:00","og_image":[{"width":1800,"height":1200,"url":"https:\/\/evangelische-beratung.com\/fr\/wp-content\/uploads\/sites\/5\/2019\/07\/humberto-chavez-Ilo0ZD5o-q8-unsplash.jpg","type":"image\/jpeg"}],"twitter_card":"summary_large_image","twitter_misc":{"Dur\u00e9e de lecture estim\u00e9e":"3 minutes"},"schema":{"@context":"https:\/\/schema.org","@graph":[{"@type":"WebPage","@id":"https:\/\/evangelische-beratung.com\/fr\/migration-flucht\/schulungen\/","url":"https:\/\/evangelische-beratung.com\/fr\/migration-flucht\/schulungen\/","name":"Schulungen f\u00fcr Ehrenamtliche u. p\u00e4dagogische Fachkr\u00e4fte in Frankfurt","isPartOf":{"@id":"https:\/\/evangelische-beratung.com\/fr\/#website"},"primaryImageOfPage":{"@id":"https:\/\/evangelische-beratung.com\/fr\/migration-flucht\/schulungen\/#primaryimage"},"image":{"@id":"https:\/\/evangelische-beratung.com\/fr\/migration-flucht\/schulungen\/#primaryimage"},"thumbnailUrl":"https:\/\/evangelische-beratung.com\/fr\/wp-content\/uploads\/sites\/5\/2019\/07\/humberto-chavez-Ilo0ZD5o-q8-unsplash.jpg","datePublished":"2019-08-16T14:07:45+00:00","dateModified":"2020-03-24T18:24:34+00:00","description":"Wir bieten Ihnen fachlich fundierte Schulungen f\u00fcr die ehrenamtliche und p\u00e4dagogische Arbeit mit Gefl\u00fcchteten. Kontaktieren Sie uns.","breadcrumb":{"@id":"https:\/\/evangelische-beratung.com\/fr\/migration-flucht\/schulungen\/#breadcrumb"},"inLanguage":"fr-FR","potentialAction":[{"@type":"ReadAction","target":["https:\/\/evangelische-beratung.com\/fr\/migration-flucht\/schulungen\/"]}]},{"@type":"ImageObject","inLanguage":"fr-FR","@id":"https:\/\/evangelische-beratung.com\/fr\/migration-flucht\/schulungen\/#primaryimage","url":"https:\/\/evangelische-beratung.com\/fr\/wp-content\/uploads\/sites\/5\/2019\/07\/humberto-chavez-Ilo0ZD5o-q8-unsplash.jpg","contentUrl":"https:\/\/evangelische-beratung.com\/fr\/wp-content\/uploads\/sites\/5\/2019\/07\/humberto-chavez-Ilo0ZD5o-q8-unsplash.jpg","width":1800,"height":1200},{"@type":"BreadcrumbList","@id":"https:\/\/evangelische-beratung.com\/fr\/migration-flucht\/schulungen\/#breadcrumb","itemListElement":[{"@type":"ListItem","position":1,"name":"Startseite","item":"https:\/\/evangelische-beratung.com\/fr\/"},{"@type":"ListItem","position":2,"name":"Migration et refuge","item":"https:\/\/evangelische-beratung.com\/fr\/migration-flucht\/"},{"@type":"ListItem","position":3,"name":"Formations"}]},{"@type":"WebSite","@id":"https:\/\/evangelische-beratung.com\/fr\/#website","url":"https:\/\/evangelische-beratung.com\/fr\/","name":"Evangelischer Regionalverband","description":"","publisher":{"@id":"https:\/\/evangelische-beratung.com\/fr\/#organization"},"potentialAction":[{"@type":"SearchAction","target":{"@type":"EntryPoint","urlTemplate":"https:\/\/evangelische-beratung.com\/fr\/?s={search_term_string}"},"query-input":{"@type":"PropertyValueSpecification","valueRequired":true,"valueName":"search_term_string"}}],"inLanguage":"fr-FR"},{"@type":"Organization","@id":"https:\/\/evangelische-beratung.com\/fr\/#organization","name":"Evangelischer Regionalverband Frankfurt und Offenbach","url":"https:\/\/evangelische-beratung.com\/fr\/","logo":{"@type":"ImageObject","inLanguage":"fr-FR","@id":"https:\/\/evangelische-beratung.com\/fr\/#\/schema\/logo\/image\/","url":"https:\/\/evangelische-beratung.com\/fr\/wp-content\/uploads\/sites\/5\/2019\/10\/erv-logo.png","contentUrl":"https:\/\/evangelische-beratung.com\/fr\/wp-content\/uploads\/sites\/5\/2019\/10\/erv-logo.png","width":1127,"height":595,"caption":"Evangelischer Regionalverband Frankfurt und Offenbach"},"image":{"@id":"https:\/\/evangelische-beratung.com\/fr\/#\/schema\/logo\/image\/"}}]}},"_links":{"self":[{"href":"https:\/\/evangelische-beratung.com\/fr\/wp-json\/wp\/v2\/pages\/292","targetHints":{"allow":["GET"]}}],"collection":[{"href":"https:\/\/evangelische-beratung.com\/fr\/wp-json\/wp\/v2\/pages"}],"about":[{"href":"https:\/\/evangelische-beratung.com\/fr\/wp-json\/wp\/v2\/types\/page"}],"author":[{"embeddable":true,"href":"https:\/\/evangelische-beratung.com\/fr\/wp-json\/wp\/v2\/users\/5"}],"replies":[{"embeddable":true,"href":"https:\/\/evangelische-beratung.com\/fr\/wp-json\/wp\/v2\/comments?post=292"}],"version-history":[{"count":5,"href":"https:\/\/evangelische-beratung.com\/fr\/wp-json\/wp\/v2\/pages\/292\/revisions"}],"predecessor-version":[{"id":1657,"href":"https:\/\/evangelische-beratung.com\/fr\/wp-json\/wp\/v2\/pages\/292\/revisions\/1657"}],"up":[{"embeddable":true,"href":"https:\/\/evangelische-beratung.com\/fr\/wp-json\/wp\/v2\/pages\/16"}],"wp:featuredmedia":[{"embeddable":true,"href":"https:\/\/evangelische-beratung.com\/fr\/wp-json\/wp\/v2\/media\/36"}],"wp:attachment":[{"href":"https:\/\/evangelische-beratung.com\/fr\/wp-json\/wp\/v2\/media?parent=292"}],"curies":[{"name":"wp","href":"https:\/\/api.w.org\/{rel}","templated":true}]}}