{"id":291,"date":"2019-08-16T17:22:34","date_gmt":"2019-08-16T15:22:34","guid":{"rendered":"https:\/\/evangelische-beratung.com\/fr\/?page_id=291"},"modified":"2020-03-19T16:53:54","modified_gmt":"2020-03-19T15:53:54","slug":"allgemeine-lebensberatung","status":"publish","type":"page","link":"https:\/\/evangelische-beratung.com\/fr\/partnerschaft-lebensfragen\/allgemeine-lebensberatung\/","title":{"rendered":"Conseil g\u00e9n\u00e9ral de vie"},"content":{"rendered":"\n<p style=\"text-align:left\" class=\"is-style-teaser\">Tout ne se passe toujours comme pr\u00e9vu. Peut-\u00eatre ne savez-vous m\u00eame pas vous-m\u00eame o\u00f9 r\u00e9side le probl\u00e8me et encore moins \u00e0 qui vous adresser. Ou bien est-ce que tout change d\u2019un coup et bien trop de choses pour vous ?<\/p>\n\n\n\n<figure class=\"wp-block-image alignwide\"><img loading=\"lazy\" decoding=\"async\" width=\"1024\" height=\"512\" src=\"https:\/\/evangelische-beratung.com\/fr\/wp-content\/uploads\/sites\/5\/2019\/08\/Allg.-Sozialberatung_Offenbach-2_Hero-1024x512.jpg\" alt=\"\" class=\"wp-image-501\" srcset=\"https:\/\/evangelische-beratung.com\/fr\/wp-content\/uploads\/sites\/5\/2019\/08\/Allg.-Sozialberatung_Offenbach-2_Hero-1024x512.jpg 1024w, https:\/\/evangelische-beratung.com\/fr\/wp-content\/uploads\/sites\/5\/2019\/08\/Allg.-Sozialberatung_Offenbach-2_Hero-300x150.jpg 300w, https:\/\/evangelische-beratung.com\/fr\/wp-content\/uploads\/sites\/5\/2019\/08\/Allg.-Sozialberatung_Offenbach-2_Hero-768x384.jpg 768w, https:\/\/evangelische-beratung.com\/fr\/wp-content\/uploads\/sites\/5\/2019\/08\/Allg.-Sozialberatung_Offenbach-2_Hero.jpg 1840w\" sizes=\"auto, 100vw\" \/><\/figure>\n\n\n\n<p>Adressez-vous \u00e0 nous \u00e0 propos de sujets tels que :<\/p>\n\n\n\n<ul class=\"wp-block-list\"><li>des crises aig\u00fces <\/li><li>des probl\u00e8mes avec des administrations et la correspondance<\/li><li>la v\u00e9rification de vos droits \u00e0 der prestations sociales (p. ex. indemnit\u00e9s de ch\u00f4mage, retraite, aide sociale)<\/li><li>des difficult\u00e9s dans votre famille ou votre partenariat<\/li><li>une surcharge dans votre situation de vie actuelle<\/li><li>la recherche d&rsquo;un appartement<\/li><li>et bien plus encore<\/li><\/ul>\n\n\n\n<p>Nous vous renverrons vers des services de conseil professionnel, des th\u00e9rapeutes ou des aides juridiques.<\/p>\n\n\n\n<p>Les conseils sont fournis ind\u00e9pendamment de vos convictions religieuses ou politiques et de votre nationalit\u00e9. Nous fournissons nos conseils en toute ind\u00e9pendance, confidentiellement et gratuitement.&nbsp;&nbsp;&nbsp;<\/p>\n\n\n\n<p style=\"text-align:center\" class=\"is-style-roof-line\"><strong>Vos interlocuteurs<\/strong><\/p>\n\n\n\n<div class=\"wp-block-columns alignwide has-3-columns is-layout-flex wp-container-core-columns-is-layout-9d6595d7 wp-block-columns-is-layout-flex\">\n<div class=\"wp-block-column is-layout-flow wp-block-column-is-layout-flow\">\n<div class=\"wp-block-erv-id-card\"><div class=\"id-card-content\"><figure class=\"id-card-photo\"><img decoding=\"async\" src=\"https:\/\/evangelische-beratung.com\/wp-content\/uploads\/2020\/01\/portrait_platzhalter-1-300x300.jpg\" \/><\/figure><div class=\"id-card-details\"><p class=\"id-card-name\">Johanna Wagner<\/p><p class=\"id-card-job\">Verwaltung<\/p><p class=\"id-card-location\">Offenbach<\/p><p class=\"id-card-phone\">069 \/ 82 97 70 99<\/p><p class=\"id-card-email\"><a href=\"ma&#105;&#108;&#x74;&#x6f;&#x3a;&#x62;er&#97;&#116;&#x75;&#x6e;&#x67;&#x73;ze&#110;&#116;&#114;&#x75;&#x6d;&#x40;&#x6f;ff&#101;&#110;&#x62;&#x61;&#x63;&#x68;-e&#118;&#97;&#x6e;&#x67;&#x65;&#x6c;is&#99;&#104;&#46;&#x64;&#x65;\">E-Mail<\/a><\/p><\/div><\/div><\/div>\n<\/div>\n\n\n\n<div class=\"wp-block-column is-layout-flow wp-block-column-is-layout-flow\">\n<div class=\"wp-block-erv-id-card\"><div class=\"id-card-content\"><figure class=\"id-card-photo\"><img decoding=\"async\" src=\"https:\/\/evangelische-beratung.com\/wp-content\/uploads\/2020\/10\/Ute-Foehre_Bild-300x200.jpg\" \/><\/figure><div class=\"id-card-details\"><p class=\"id-card-name\">Ute F\u00f6hre<\/p><p class=\"id-card-job\">Verwaltung<\/p><p class=\"id-card-location\">Offenbach<\/p><p class=\"id-card-phone\">069 \/ 82 97 70 99<\/p><p class=\"id-card-email\"><a href=\"m&#97;&#105;&#x6c;&#x74;o:&#98;&#101;&#x72;&#x61;tu&#110;&#103;&#x73;&#x7a;en&#116;&#x72;&#x75;&#x6d;&#64;&#111;&#102;&#x66;&#x65;&#x6e;b&#97;&#99;&#x68;&#x2d;&#x65;v&#97;&#110;&#x67;&#x65;&#x6c;i&#115;&#99;&#x68;&#x2e;&#x64;e\">E-Mail<\/a><\/p><\/div><\/div><\/div>\n<\/div>\n\n\n\n<div class=\"wp-block-column is-layout-flow wp-block-column-is-layout-flow\">\n<div class=\"wp-block-erv-id-card\"><div class=\"id-card-content\"><figure class=\"id-card-photo\"><img decoding=\"async\" src=\"https:\/\/evangelische-beratung.com\/wp-content\/uploads\/2022\/10\/Bild-Barbara-Schwab-225x300.jpg\" \/><\/figure><div class=\"id-card-details\"><p class=\"id-card-name\">Barbara Schwab<\/p><p class=\"id-card-job\">Lebensberatung<\/p><p class=\"id-card-location\">Offenbach<\/p><p class=\"id-card-phone\">069 \/ 82 97 70 99<\/p><p class=\"id-card-email\"><a href=\"&#109;&#97;&#x69;&#x6c;&#116;&#111;&#x3a;&#x62;&#101;&#114;&#x61;&#x74;&#117;&#110;&#x67;&#x73;&#122;&#101;&#x6e;&#x74;&#114;&#117;&#x6d;&#x40;&#111;&#102;&#x66;&#x65;&#110;&#98;&#x61;&#x63;&#104;&#45;&#x65;&#x76;&#97;&#110;&#x67;&#x65;&#108;&#105;&#x73;&#x63;&#104;&#46;&#x64;&#x65;\">E-Mail<\/a><\/p><\/div><\/div><\/div>\n<\/div>\n<\/div>\n","protected":false},"excerpt":{"rendered":"<p>Tout ne se passe toujours comme pr\u00e9vu. Peut-\u00eatre ne savez-vous m\u00eame pas vous-m\u00eame o\u00f9 r\u00e9side le probl\u00e8me et encore moins \u00e0 qui vous adresser. Ou bien est-ce que tout change d\u2019un coup et bien trop de choses pour vous ? Adressez-vous \u00e0 nous \u00e0 propos de sujets tels que : des crises aig\u00fces des probl\u00e8mes [&hellip;]<\/p>\n","protected":false},"author":3,"featured_media":0,"parent":38,"menu_order":0,"comment_status":"closed","ping_status":"closed","template":"","meta":{"footnotes":""},"class_list":["post-291","page","type-page","status-publish","hentry"],"yoast_head":"<!-- This site is optimized with the Yoast SEO plugin v27.5 - https:\/\/yoast.com\/product\/yoast-seo-wordpress\/ -->\n<title>Allgemeine Lebensberatung in Offenbach. Vertraulich und kostenlos.<\/title>\n<meta name=\"description\" content=\"Wir sind f\u00fcr Sie da bei akuten Krisen, Problemen mit Beh\u00f6rden, \u00dcberlastung, Schwierigkeiten in der Partnerschaft und Familie. Wenden Sie sich an uns.\" \/>\n<meta name=\"robots\" content=\"index, follow, max-snippet:-1, max-image-preview:large, max-video-preview:-1\" \/>\n<link rel=\"canonical\" href=\"https:\/\/evangelische-beratung.com\/fr\/partnerschaft-lebensfragen\/allgemeine-lebensberatung\/\" \/>\n<meta property=\"og:locale\" content=\"fr_FR\" \/>\n<meta property=\"og:type\" content=\"article\" \/>\n<meta property=\"og:title\" content=\"Allgemeine Lebensberatung in Offenbach. Vertraulich und kostenlos.\" \/>\n<meta property=\"og:description\" content=\"Wir sind f\u00fcr Sie da bei akuten Krisen, Problemen mit Beh\u00f6rden, \u00dcberlastung, Schwierigkeiten in der Partnerschaft und Familie. Wenden Sie sich an uns.\" \/>\n<meta property=\"og:url\" content=\"https:\/\/evangelische-beratung.com\/fr\/partnerschaft-lebensfragen\/allgemeine-lebensberatung\/\" \/>\n<meta property=\"og:site_name\" content=\"Evangelischer Regionalverband\" \/>\n<meta property=\"article:modified_time\" content=\"2020-03-19T15:53:54+00:00\" \/>\n<meta property=\"og:image\" content=\"https:\/\/evangelische-beratung.com\/fr\/wp-content\/uploads\/sites\/5\/2019\/08\/Allg.-Sozialberatung_Offenbach-2_Hero-1024x512.jpg\" \/>\n<meta name=\"twitter:card\" content=\"summary_large_image\" \/>\n<meta name=\"twitter:label1\" content=\"Dur\u00e9e de lecture estim\u00e9e\" \/>\n\t<meta name=\"twitter:data1\" content=\"1 minute\" \/>\n<script type=\"application\/ld+json\" class=\"yoast-schema-graph\">{\"@context\":\"https:\\\/\\\/schema.org\",\"@graph\":[{\"@type\":\"WebPage\",\"@id\":\"https:\\\/\\\/evangelische-beratung.com\\\/fr\\\/partnerschaft-lebensfragen\\\/allgemeine-lebensberatung\\\/\",\"url\":\"https:\\\/\\\/evangelische-beratung.com\\\/fr\\\/partnerschaft-lebensfragen\\\/allgemeine-lebensberatung\\\/\",\"name\":\"Allgemeine Lebensberatung in Offenbach. Vertraulich und kostenlos.\",\"isPartOf\":{\"@id\":\"https:\\\/\\\/evangelische-beratung.com\\\/fr\\\/#website\"},\"primaryImageOfPage\":{\"@id\":\"https:\\\/\\\/evangelische-beratung.com\\\/fr\\\/partnerschaft-lebensfragen\\\/allgemeine-lebensberatung\\\/#primaryimage\"},\"image\":{\"@id\":\"https:\\\/\\\/evangelische-beratung.com\\\/fr\\\/partnerschaft-lebensfragen\\\/allgemeine-lebensberatung\\\/#primaryimage\"},\"thumbnailUrl\":\"https:\\\/\\\/evangelische-beratung.com\\\/fr\\\/wp-content\\\/uploads\\\/sites\\\/5\\\/2019\\\/08\\\/Allg.-Sozialberatung_Offenbach-2_Hero-1024x512.jpg\",\"datePublished\":\"2019-08-16T15:22:34+00:00\",\"dateModified\":\"2020-03-19T15:53:54+00:00\",\"description\":\"Wir sind f\u00fcr Sie da bei akuten Krisen, Problemen mit Beh\u00f6rden, \u00dcberlastung, Schwierigkeiten in der Partnerschaft und Familie. Wenden Sie sich an uns.\",\"breadcrumb\":{\"@id\":\"https:\\\/\\\/evangelische-beratung.com\\\/fr\\\/partnerschaft-lebensfragen\\\/allgemeine-lebensberatung\\\/#breadcrumb\"},\"inLanguage\":\"fr-FR\",\"potentialAction\":[{\"@type\":\"ReadAction\",\"target\":[\"https:\\\/\\\/evangelische-beratung.com\\\/fr\\\/partnerschaft-lebensfragen\\\/allgemeine-lebensberatung\\\/\"]}]},{\"@type\":\"ImageObject\",\"inLanguage\":\"fr-FR\",\"@id\":\"https:\\\/\\\/evangelische-beratung.com\\\/fr\\\/partnerschaft-lebensfragen\\\/allgemeine-lebensberatung\\\/#primaryimage\",\"url\":\"https:\\\/\\\/evangelische-beratung.com\\\/fr\\\/wp-content\\\/uploads\\\/sites\\\/5\\\/2019\\\/08\\\/Allg.-Sozialberatung_Offenbach-2_Hero-1024x512.jpg\",\"contentUrl\":\"https:\\\/\\\/evangelische-beratung.com\\\/fr\\\/wp-content\\\/uploads\\\/sites\\\/5\\\/2019\\\/08\\\/Allg.-Sozialberatung_Offenbach-2_Hero-1024x512.jpg\"},{\"@type\":\"BreadcrumbList\",\"@id\":\"https:\\\/\\\/evangelische-beratung.com\\\/fr\\\/partnerschaft-lebensfragen\\\/allgemeine-lebensberatung\\\/#breadcrumb\",\"itemListElement\":[{\"@type\":\"ListItem\",\"position\":1,\"name\":\"Startseite\",\"item\":\"https:\\\/\\\/evangelische-beratung.com\\\/fr\\\/\"},{\"@type\":\"ListItem\",\"position\":2,\"name\":\"Partenariat et questions de vie\",\"item\":\"https:\\\/\\\/evangelische-beratung.com\\\/fr\\\/partnerschaft-lebensfragen\\\/\"},{\"@type\":\"ListItem\",\"position\":3,\"name\":\"Conseil g\u00e9n\u00e9ral de vie\"}]},{\"@type\":\"WebSite\",\"@id\":\"https:\\\/\\\/evangelische-beratung.com\\\/fr\\\/#website\",\"url\":\"https:\\\/\\\/evangelische-beratung.com\\\/fr\\\/\",\"name\":\"Evangelischer Regionalverband\",\"description\":\"\",\"publisher\":{\"@id\":\"https:\\\/\\\/evangelische-beratung.com\\\/fr\\\/#organization\"},\"potentialAction\":[{\"@type\":\"SearchAction\",\"target\":{\"@type\":\"EntryPoint\",\"urlTemplate\":\"https:\\\/\\\/evangelische-beratung.com\\\/fr\\\/?s={search_term_string}\"},\"query-input\":{\"@type\":\"PropertyValueSpecification\",\"valueRequired\":true,\"valueName\":\"search_term_string\"}}],\"inLanguage\":\"fr-FR\"},{\"@type\":\"Organization\",\"@id\":\"https:\\\/\\\/evangelische-beratung.com\\\/fr\\\/#organization\",\"name\":\"Evangelischer Regionalverband Frankfurt und Offenbach\",\"url\":\"https:\\\/\\\/evangelische-beratung.com\\\/fr\\\/\",\"logo\":{\"@type\":\"ImageObject\",\"inLanguage\":\"fr-FR\",\"@id\":\"https:\\\/\\\/evangelische-beratung.com\\\/fr\\\/#\\\/schema\\\/logo\\\/image\\\/\",\"url\":\"https:\\\/\\\/evangelische-beratung.com\\\/fr\\\/wp-content\\\/uploads\\\/sites\\\/5\\\/2019\\\/10\\\/erv-logo.png\",\"contentUrl\":\"https:\\\/\\\/evangelische-beratung.com\\\/fr\\\/wp-content\\\/uploads\\\/sites\\\/5\\\/2019\\\/10\\\/erv-logo.png\",\"width\":1127,\"height\":595,\"caption\":\"Evangelischer Regionalverband Frankfurt und Offenbach\"},\"image\":{\"@id\":\"https:\\\/\\\/evangelische-beratung.com\\\/fr\\\/#\\\/schema\\\/logo\\\/image\\\/\"}}]}<\/script>\n<!-- \/ Yoast SEO plugin. -->","yoast_head_json":{"title":"Allgemeine Lebensberatung in Offenbach. Vertraulich und kostenlos.","description":"Wir sind f\u00fcr Sie da bei akuten Krisen, Problemen mit Beh\u00f6rden, \u00dcberlastung, Schwierigkeiten in der Partnerschaft und Familie. Wenden Sie sich an uns.","robots":{"index":"index","follow":"follow","max-snippet":"max-snippet:-1","max-image-preview":"max-image-preview:large","max-video-preview":"max-video-preview:-1"},"canonical":"https:\/\/evangelische-beratung.com\/fr\/partnerschaft-lebensfragen\/allgemeine-lebensberatung\/","og_locale":"fr_FR","og_type":"article","og_title":"Allgemeine Lebensberatung in Offenbach. Vertraulich und kostenlos.","og_description":"Wir sind f\u00fcr Sie da bei akuten Krisen, Problemen mit Beh\u00f6rden, \u00dcberlastung, Schwierigkeiten in der Partnerschaft und Familie. Wenden Sie sich an uns.","og_url":"https:\/\/evangelische-beratung.com\/fr\/partnerschaft-lebensfragen\/allgemeine-lebensberatung\/","og_site_name":"Evangelischer Regionalverband","article_modified_time":"2020-03-19T15:53:54+00:00","og_image":[{"url":"https:\/\/evangelische-beratung.com\/fr\/wp-content\/uploads\/sites\/5\/2019\/08\/Allg.-Sozialberatung_Offenbach-2_Hero-1024x512.jpg","type":"","width":"","height":""}],"twitter_card":"summary_large_image","twitter_misc":{"Dur\u00e9e de lecture estim\u00e9e":"1 minute"},"schema":{"@context":"https:\/\/schema.org","@graph":[{"@type":"WebPage","@id":"https:\/\/evangelische-beratung.com\/fr\/partnerschaft-lebensfragen\/allgemeine-lebensberatung\/","url":"https:\/\/evangelische-beratung.com\/fr\/partnerschaft-lebensfragen\/allgemeine-lebensberatung\/","name":"Allgemeine Lebensberatung in Offenbach. Vertraulich und kostenlos.","isPartOf":{"@id":"https:\/\/evangelische-beratung.com\/fr\/#website"},"primaryImageOfPage":{"@id":"https:\/\/evangelische-beratung.com\/fr\/partnerschaft-lebensfragen\/allgemeine-lebensberatung\/#primaryimage"},"image":{"@id":"https:\/\/evangelische-beratung.com\/fr\/partnerschaft-lebensfragen\/allgemeine-lebensberatung\/#primaryimage"},"thumbnailUrl":"https:\/\/evangelische-beratung.com\/fr\/wp-content\/uploads\/sites\/5\/2019\/08\/Allg.-Sozialberatung_Offenbach-2_Hero-1024x512.jpg","datePublished":"2019-08-16T15:22:34+00:00","dateModified":"2020-03-19T15:53:54+00:00","description":"Wir sind f\u00fcr Sie da bei akuten Krisen, Problemen mit Beh\u00f6rden, \u00dcberlastung, Schwierigkeiten in der Partnerschaft und Familie. Wenden Sie sich an uns.","breadcrumb":{"@id":"https:\/\/evangelische-beratung.com\/fr\/partnerschaft-lebensfragen\/allgemeine-lebensberatung\/#breadcrumb"},"inLanguage":"fr-FR","potentialAction":[{"@type":"ReadAction","target":["https:\/\/evangelische-beratung.com\/fr\/partnerschaft-lebensfragen\/allgemeine-lebensberatung\/"]}]},{"@type":"ImageObject","inLanguage":"fr-FR","@id":"https:\/\/evangelische-beratung.com\/fr\/partnerschaft-lebensfragen\/allgemeine-lebensberatung\/#primaryimage","url":"https:\/\/evangelische-beratung.com\/fr\/wp-content\/uploads\/sites\/5\/2019\/08\/Allg.-Sozialberatung_Offenbach-2_Hero-1024x512.jpg","contentUrl":"https:\/\/evangelische-beratung.com\/fr\/wp-content\/uploads\/sites\/5\/2019\/08\/Allg.-Sozialberatung_Offenbach-2_Hero-1024x512.jpg"},{"@type":"BreadcrumbList","@id":"https:\/\/evangelische-beratung.com\/fr\/partnerschaft-lebensfragen\/allgemeine-lebensberatung\/#breadcrumb","itemListElement":[{"@type":"ListItem","position":1,"name":"Startseite","item":"https:\/\/evangelische-beratung.com\/fr\/"},{"@type":"ListItem","position":2,"name":"Partenariat et questions de vie","item":"https:\/\/evangelische-beratung.com\/fr\/partnerschaft-lebensfragen\/"},{"@type":"ListItem","position":3,"name":"Conseil g\u00e9n\u00e9ral de vie"}]},{"@type":"WebSite","@id":"https:\/\/evangelische-beratung.com\/fr\/#website","url":"https:\/\/evangelische-beratung.com\/fr\/","name":"Evangelischer Regionalverband","description":"","publisher":{"@id":"https:\/\/evangelische-beratung.com\/fr\/#organization"},"potentialAction":[{"@type":"SearchAction","target":{"@type":"EntryPoint","urlTemplate":"https:\/\/evangelische-beratung.com\/fr\/?s={search_term_string}"},"query-input":{"@type":"PropertyValueSpecification","valueRequired":true,"valueName":"search_term_string"}}],"inLanguage":"fr-FR"},{"@type":"Organization","@id":"https:\/\/evangelische-beratung.com\/fr\/#organization","name":"Evangelischer Regionalverband Frankfurt und Offenbach","url":"https:\/\/evangelische-beratung.com\/fr\/","logo":{"@type":"ImageObject","inLanguage":"fr-FR","@id":"https:\/\/evangelische-beratung.com\/fr\/#\/schema\/logo\/image\/","url":"https:\/\/evangelische-beratung.com\/fr\/wp-content\/uploads\/sites\/5\/2019\/10\/erv-logo.png","contentUrl":"https:\/\/evangelische-beratung.com\/fr\/wp-content\/uploads\/sites\/5\/2019\/10\/erv-logo.png","width":1127,"height":595,"caption":"Evangelischer Regionalverband Frankfurt und Offenbach"},"image":{"@id":"https:\/\/evangelische-beratung.com\/fr\/#\/schema\/logo\/image\/"}}]}},"_links":{"self":[{"href":"https:\/\/evangelische-beratung.com\/fr\/wp-json\/wp\/v2\/pages\/291","targetHints":{"allow":["GET"]}}],"collection":[{"href":"https:\/\/evangelische-beratung.com\/fr\/wp-json\/wp\/v2\/pages"}],"about":[{"href":"https:\/\/evangelische-beratung.com\/fr\/wp-json\/wp\/v2\/types\/page"}],"author":[{"embeddable":true,"href":"https:\/\/evangelische-beratung.com\/fr\/wp-json\/wp\/v2\/users\/3"}],"replies":[{"embeddable":true,"href":"https:\/\/evangelische-beratung.com\/fr\/wp-json\/wp\/v2\/comments?post=291"}],"version-history":[{"count":5,"href":"https:\/\/evangelische-beratung.com\/fr\/wp-json\/wp\/v2\/pages\/291\/revisions"}],"predecessor-version":[{"id":1556,"href":"https:\/\/evangelische-beratung.com\/fr\/wp-json\/wp\/v2\/pages\/291\/revisions\/1556"}],"up":[{"embeddable":true,"href":"https:\/\/evangelische-beratung.com\/fr\/wp-json\/wp\/v2\/pages\/38"}],"wp:attachment":[{"href":"https:\/\/evangelische-beratung.com\/fr\/wp-json\/wp\/v2\/media?parent=291"}],"curies":[{"name":"wp","href":"https:\/\/api.w.org\/{rel}","templated":true}]}}