{"id":276,"date":"2019-08-16T15:19:05","date_gmt":"2019-08-16T13:19:05","guid":{"rendered":"https:\/\/evangelische-beratung.com\/fr\/?page_id=276"},"modified":"2020-03-17T18:09:49","modified_gmt":"2020-03-17T17:09:49","slug":"mentorenprogramm-socius","status":"publish","type":"page","link":"https:\/\/evangelische-beratung.com\/fr\/migration-flucht\/mentorenprogramm-socius\/","title":{"rendered":"Programme de mentors SOCIUS"},"content":{"rendered":"\n<p class=\"is-style-teaser\">Vous souhaitez accompagner des r\u00e9fugi\u00e9s dans leur quotidien en Allemagne et apporter un soutien important ?<\/p>\n\n\n\n<figure class=\"wp-block-image alignwide\"><img loading=\"lazy\" decoding=\"async\" width=\"1024\" height=\"512\" src=\"https:\/\/evangelische-beratung.com\/fr\/wp-content\/uploads\/sites\/5\/2019\/08\/SOCIUS_HERO-1024x512.jpg\" alt=\"\" class=\"wp-image-475\" srcset=\"https:\/\/evangelische-beratung.com\/fr\/wp-content\/uploads\/sites\/5\/2019\/08\/SOCIUS_HERO-1024x512.jpg 1024w, https:\/\/evangelische-beratung.com\/fr\/wp-content\/uploads\/sites\/5\/2019\/08\/SOCIUS_HERO-300x150.jpg 300w, https:\/\/evangelische-beratung.com\/fr\/wp-content\/uploads\/sites\/5\/2019\/08\/SOCIUS_HERO-768x384.jpg 768w, https:\/\/evangelische-beratung.com\/fr\/wp-content\/uploads\/sites\/5\/2019\/08\/SOCIUS_HERO.jpg 1840w\" sizes=\"auto, 100vw\" \/><\/figure>\n\n\n\n<p>Nos mentors SOCIUS b\u00e9n\u00e9voles s\u2019engagent en moyenne deux heures par semaines et soutiennent les r\u00e9fugi\u00e9s et les migrants (mentees) \u00e0 apprendre l\u2019allemand, \u00e0 chercher un poste d\u2019apprentissage ou dans leurs d\u00e9marches administratives. Ils explorent ensemble en tandem Francfort ou passent une partie de leur temps libre ensemble. Les sujets de l\u2019accompagnement r\u00e9sultent des besoins individuels du mentee.<\/p>\n\n\n\n<p>Depuis 2012, nous formons des mentors b\u00e9n\u00e9voles dans le cadre du programme SOCIUS. Les tandems SOCIUS (constitu\u00e9s du mentor et du mentee) sont r\u00e9unis de fa\u00e7on cibl\u00e9e par notre coordinatrice de pratique.<\/p>\n\n\n\n<p>La coordinatrice de pratique accompagne le tandem SOCIUS pendant toute l\u2019intervention pratique. Elle travaille simultan\u00e9ment avec intensit\u00e9 avec le conseiller technique. Les mentors peuvent en outre \u00e9changer leurs exp\u00e9riences de leur accompagnement dans le cadre de groupes de supervision tenus r\u00e9guli\u00e8rement.<\/p>\n\n\n\n<h2 class=\"wp-block-heading\">Formation de Socius<\/h2>\n\n\n\n<p>Vous voulez vous engager b\u00e9n\u00e9volement et devenir un mentor SOCIUS ? <br>Vous trouverez des informations plus pr\u00e9cises sur cette formation ici.<\/p>\n\n\n<div class=\"wp-block-erv-tile \">\n\t\t\t<div>\n\t\t\t<a href=\"https:\/\/www.efo-magazin.de\/kirche\/wer-wir-sind\/ev-regionalverband\/fachbereich-i-beratung-bildung-jugend\/die-arbeitsbereiche-und-einrichtungen\/socius\/\" tabindex=\"-1\" aria-hidden=\"true\"  target=\"_blank\"><\/a>\n\t\t\t<h2 class=\"tile-title\"><a href=\"https:\/\/www.efo-magazin.de\/kirche\/wer-wir-sind\/ev-regionalverband\/fachbereich-i-beratung-bildung-jugend\/die-arbeitsbereiche-und-einrichtungen\/socius\/\"  target=\"_blank\">www.efo-magazin.de<\/a><\/h2>\n\t\t\t\n\t\t\t<p aria-hidden=\"true\" class=\"-is-micro\">Go to website<svg xmlns=\"http:\/\/www.w3.org\/2000\/svg\" viewBox=\"0 0 13 10\"><path d=\"M1.5 5H12M8 1l4 4-4 4\" fill=\"none\" stroke=\"#a22a45\" stroke-width=\"1.2\" stroke-linecap=\"round\" stroke-linejoin=\"round\"\/><\/svg><\/p>\n\t\t\t<\/div>\n\t\t<\/div>\n\n\n<p style=\"text-align:center\" class=\"is-style-roof-line\"><strong>Contact avec la coordination du programme de mentor SOCIUS<\/strong><\/p>\n\n\n\n<div class=\"wp-block-columns alignwide has-2-columns is-layout-flex wp-container-core-columns-is-layout-9d6595d7 wp-block-columns-is-layout-flex\">\n<div class=\"wp-block-column is-layout-flow wp-block-column-is-layout-flow\">\n<div class=\"wp-block-erv-id-card\"><div class=\"id-card-content\"><figure class=\"id-card-photo\"><img decoding=\"async\" src=\"https:\/\/evangelische-beratung.com\/wp-content\/uploads\/2019\/08\/Silja-Dickemann_Mentorenprogramm-Socius_neu-3-e1576337773912-300x285.jpg\" \/><\/figure><div class=\"id-card-details\"><p class=\"id-card-name\">Silja Dickemann<\/p><p class=\"id-card-job\">Leitung<\/p><p class=\"id-card-location\">Frankfurt<\/p><p class=\"id-card-phone\">069 \/ 53 02 161<\/p><p class=\"id-card-email\"><a href=\"m&#97;&#105;&#x6c;&#x74;&#x6f;:&#115;&#105;&#x6c;&#x6a;&#x61;&#46;d&#105;&#x63;&#x6b;&#x65;ma&#110;&#110;&#x40;&#x66;&#x72;a&#110;&#107;&#x66;&#x75;&#x72;t&#45;&#101;&#x76;&#x61;&#x6e;ge&#108;&#x69;&#x73;&#x63;h&#46;&#100;&#101;\">E-Mail<\/a><\/p><\/div><\/div><\/div>\n<\/div>\n\n\n\n<div class=\"wp-block-column is-layout-flow wp-block-column-is-layout-flow\">\n<div class=\"wp-block-erv-id-card\"><div class=\"id-card-content\"><figure class=\"id-card-photo\"><img decoding=\"async\" src=\"https:\/\/evangelische-beratung.com\/fr\/wp-content\/uploads\/sites\/5\/2019\/11\/ev-zentrum-am-weissen-stein-_-saskya-photography-00709-e1576337676946-300x279.jpg\" \/><\/figure><div class=\"id-card-details\"><p class=\"id-card-name\">Petra Buschk\u00e4mper<\/p><p class=\"id-card-job\">Sekretariat<\/p><p class=\"id-card-location\">Frankfurt<\/p><p class=\"id-card-phone\">069 \/ 53 02 225<\/p><p class=\"id-card-email\"><a href=\"m&#97;&#x69;&#x6c;t&#111;&#58;&#x70;&#x65;t&#114;&#97;&#x2e;&#x62;u&#115;&#x63;&#x68;&#x6b;a&#101;&#x6d;&#x70;e&#114;&#64;&#x66;&#x72;a&#110;&#107;&#x66;&#x75;r&#116;&#x2d;&#x65;&#x76;a&#110;&#x67;&#x65;li&#115;&#x63;&#x68;&#46;&#100;&#101;\">E-Mail<\/a><\/p><\/div><\/div><\/div>\n<\/div>\n<\/div>\n","protected":false},"excerpt":{"rendered":"<p>Vous souhaitez accompagner des r\u00e9fugi\u00e9s dans leur quotidien en Allemagne et apporter un soutien important ? Nos mentors SOCIUS b\u00e9n\u00e9voles s\u2019engagent en moyenne deux heures par semaines et soutiennent les r\u00e9fugi\u00e9s et les migrants (mentees) \u00e0 apprendre l\u2019allemand, \u00e0 chercher un poste d\u2019apprentissage ou dans leurs d\u00e9marches administratives. Ils explorent ensemble en tandem Francfort ou [&hellip;]<\/p>\n","protected":false},"author":5,"featured_media":36,"parent":16,"menu_order":0,"comment_status":"closed","ping_status":"closed","template":"","meta":{"footnotes":""},"class_list":["post-276","page","type-page","status-publish","has-post-thumbnail","hentry"],"yoast_head":"<!-- This site is optimized with the Yoast SEO plugin v27.3 - https:\/\/yoast.com\/product\/yoast-seo-wordpress\/ -->\n<title>Ehrenamt: Begleitung von Gefl\u00fcchteten in deren Alltag in Frankfurt<\/title>\n<meta name=\"description\" content=\"Beim ehrenamtliche Mentorenprogramm SOCIUS k\u00f6nnen Sie gefl\u00fcchteten Menschen in deren Alltag hier in Deutschland begleiten und wichtige Unterst\u00fctzung leisten.\" \/>\n<meta name=\"robots\" content=\"index, follow, max-snippet:-1, max-image-preview:large, max-video-preview:-1\" \/>\n<link rel=\"canonical\" href=\"https:\/\/evangelische-beratung.com\/fr\/migration-flucht\/mentorenprogramm-socius\/\" \/>\n<meta property=\"og:locale\" content=\"fr_FR\" \/>\n<meta property=\"og:type\" content=\"article\" \/>\n<meta property=\"og:title\" content=\"Ehrenamt: Begleitung von Gefl\u00fcchteten in deren Alltag in Frankfurt\" \/>\n<meta property=\"og:description\" content=\"Beim ehrenamtliche Mentorenprogramm SOCIUS k\u00f6nnen Sie gefl\u00fcchteten Menschen in deren Alltag hier in Deutschland begleiten und wichtige Unterst\u00fctzung leisten.\" \/>\n<meta property=\"og:url\" content=\"https:\/\/evangelische-beratung.com\/fr\/migration-flucht\/mentorenprogramm-socius\/\" \/>\n<meta property=\"og:site_name\" content=\"Evangelischer Regionalverband\" \/>\n<meta property=\"article:modified_time\" content=\"2020-03-17T17:09:49+00:00\" \/>\n<meta property=\"og:image\" content=\"https:\/\/evangelische-beratung.com\/fr\/wp-content\/uploads\/sites\/5\/2019\/07\/humberto-chavez-Ilo0ZD5o-q8-unsplash.jpg\" \/>\n\t<meta property=\"og:image:width\" content=\"1800\" \/>\n\t<meta property=\"og:image:height\" content=\"1200\" \/>\n\t<meta property=\"og:image:type\" content=\"image\/jpeg\" \/>\n<meta name=\"twitter:card\" content=\"summary_large_image\" \/>\n<meta name=\"twitter:label1\" content=\"Dur\u00e9e de lecture estim\u00e9e\" \/>\n\t<meta name=\"twitter:data1\" content=\"1 minute\" \/>\n<script type=\"application\/ld+json\" class=\"yoast-schema-graph\">{\"@context\":\"https:\\\/\\\/schema.org\",\"@graph\":[{\"@type\":\"WebPage\",\"@id\":\"https:\\\/\\\/evangelische-beratung.com\\\/fr\\\/migration-flucht\\\/mentorenprogramm-socius\\\/\",\"url\":\"https:\\\/\\\/evangelische-beratung.com\\\/fr\\\/migration-flucht\\\/mentorenprogramm-socius\\\/\",\"name\":\"Ehrenamt: Begleitung von Gefl\u00fcchteten in deren Alltag in Frankfurt\",\"isPartOf\":{\"@id\":\"https:\\\/\\\/evangelische-beratung.com\\\/fr\\\/#website\"},\"primaryImageOfPage\":{\"@id\":\"https:\\\/\\\/evangelische-beratung.com\\\/fr\\\/migration-flucht\\\/mentorenprogramm-socius\\\/#primaryimage\"},\"image\":{\"@id\":\"https:\\\/\\\/evangelische-beratung.com\\\/fr\\\/migration-flucht\\\/mentorenprogramm-socius\\\/#primaryimage\"},\"thumbnailUrl\":\"https:\\\/\\\/evangelische-beratung.com\\\/fr\\\/wp-content\\\/uploads\\\/sites\\\/5\\\/2019\\\/07\\\/humberto-chavez-Ilo0ZD5o-q8-unsplash.jpg\",\"datePublished\":\"2019-08-16T13:19:05+00:00\",\"dateModified\":\"2020-03-17T17:09:49+00:00\",\"description\":\"Beim ehrenamtliche Mentorenprogramm SOCIUS k\u00f6nnen Sie gefl\u00fcchteten Menschen in deren Alltag hier in Deutschland begleiten und wichtige Unterst\u00fctzung leisten.\",\"breadcrumb\":{\"@id\":\"https:\\\/\\\/evangelische-beratung.com\\\/fr\\\/migration-flucht\\\/mentorenprogramm-socius\\\/#breadcrumb\"},\"inLanguage\":\"fr-FR\",\"potentialAction\":[{\"@type\":\"ReadAction\",\"target\":[\"https:\\\/\\\/evangelische-beratung.com\\\/fr\\\/migration-flucht\\\/mentorenprogramm-socius\\\/\"]}]},{\"@type\":\"ImageObject\",\"inLanguage\":\"fr-FR\",\"@id\":\"https:\\\/\\\/evangelische-beratung.com\\\/fr\\\/migration-flucht\\\/mentorenprogramm-socius\\\/#primaryimage\",\"url\":\"https:\\\/\\\/evangelische-beratung.com\\\/fr\\\/wp-content\\\/uploads\\\/sites\\\/5\\\/2019\\\/07\\\/humberto-chavez-Ilo0ZD5o-q8-unsplash.jpg\",\"contentUrl\":\"https:\\\/\\\/evangelische-beratung.com\\\/fr\\\/wp-content\\\/uploads\\\/sites\\\/5\\\/2019\\\/07\\\/humberto-chavez-Ilo0ZD5o-q8-unsplash.jpg\",\"width\":1800,\"height\":1200},{\"@type\":\"BreadcrumbList\",\"@id\":\"https:\\\/\\\/evangelische-beratung.com\\\/fr\\\/migration-flucht\\\/mentorenprogramm-socius\\\/#breadcrumb\",\"itemListElement\":[{\"@type\":\"ListItem\",\"position\":1,\"name\":\"Startseite\",\"item\":\"https:\\\/\\\/evangelische-beratung.com\\\/fr\\\/\"},{\"@type\":\"ListItem\",\"position\":2,\"name\":\"Migration et refuge\",\"item\":\"https:\\\/\\\/evangelische-beratung.com\\\/fr\\\/migration-flucht\\\/\"},{\"@type\":\"ListItem\",\"position\":3,\"name\":\"Programme de mentors SOCIUS\"}]},{\"@type\":\"WebSite\",\"@id\":\"https:\\\/\\\/evangelische-beratung.com\\\/fr\\\/#website\",\"url\":\"https:\\\/\\\/evangelische-beratung.com\\\/fr\\\/\",\"name\":\"Evangelischer Regionalverband\",\"description\":\"\",\"publisher\":{\"@id\":\"https:\\\/\\\/evangelische-beratung.com\\\/fr\\\/#organization\"},\"potentialAction\":[{\"@type\":\"SearchAction\",\"target\":{\"@type\":\"EntryPoint\",\"urlTemplate\":\"https:\\\/\\\/evangelische-beratung.com\\\/fr\\\/?s={search_term_string}\"},\"query-input\":{\"@type\":\"PropertyValueSpecification\",\"valueRequired\":true,\"valueName\":\"search_term_string\"}}],\"inLanguage\":\"fr-FR\"},{\"@type\":\"Organization\",\"@id\":\"https:\\\/\\\/evangelische-beratung.com\\\/fr\\\/#organization\",\"name\":\"Evangelischer Regionalverband Frankfurt und Offenbach\",\"url\":\"https:\\\/\\\/evangelische-beratung.com\\\/fr\\\/\",\"logo\":{\"@type\":\"ImageObject\",\"inLanguage\":\"fr-FR\",\"@id\":\"https:\\\/\\\/evangelische-beratung.com\\\/fr\\\/#\\\/schema\\\/logo\\\/image\\\/\",\"url\":\"https:\\\/\\\/evangelische-beratung.com\\\/fr\\\/wp-content\\\/uploads\\\/sites\\\/5\\\/2019\\\/10\\\/erv-logo.png\",\"contentUrl\":\"https:\\\/\\\/evangelische-beratung.com\\\/fr\\\/wp-content\\\/uploads\\\/sites\\\/5\\\/2019\\\/10\\\/erv-logo.png\",\"width\":1127,\"height\":595,\"caption\":\"Evangelischer Regionalverband Frankfurt und Offenbach\"},\"image\":{\"@id\":\"https:\\\/\\\/evangelische-beratung.com\\\/fr\\\/#\\\/schema\\\/logo\\\/image\\\/\"}}]}<\/script>\n<!-- \/ Yoast SEO plugin. -->","yoast_head_json":{"title":"Ehrenamt: Begleitung von Gefl\u00fcchteten in deren Alltag in Frankfurt","description":"Beim ehrenamtliche Mentorenprogramm SOCIUS k\u00f6nnen Sie gefl\u00fcchteten Menschen in deren Alltag hier in Deutschland begleiten und wichtige Unterst\u00fctzung leisten.","robots":{"index":"index","follow":"follow","max-snippet":"max-snippet:-1","max-image-preview":"max-image-preview:large","max-video-preview":"max-video-preview:-1"},"canonical":"https:\/\/evangelische-beratung.com\/fr\/migration-flucht\/mentorenprogramm-socius\/","og_locale":"fr_FR","og_type":"article","og_title":"Ehrenamt: Begleitung von Gefl\u00fcchteten in deren Alltag in Frankfurt","og_description":"Beim ehrenamtliche Mentorenprogramm SOCIUS k\u00f6nnen Sie gefl\u00fcchteten Menschen in deren Alltag hier in Deutschland begleiten und wichtige Unterst\u00fctzung leisten.","og_url":"https:\/\/evangelische-beratung.com\/fr\/migration-flucht\/mentorenprogramm-socius\/","og_site_name":"Evangelischer Regionalverband","article_modified_time":"2020-03-17T17:09:49+00:00","og_image":[{"width":1800,"height":1200,"url":"https:\/\/evangelische-beratung.com\/fr\/wp-content\/uploads\/sites\/5\/2019\/07\/humberto-chavez-Ilo0ZD5o-q8-unsplash.jpg","type":"image\/jpeg"}],"twitter_card":"summary_large_image","twitter_misc":{"Dur\u00e9e de lecture estim\u00e9e":"1 minute"},"schema":{"@context":"https:\/\/schema.org","@graph":[{"@type":"WebPage","@id":"https:\/\/evangelische-beratung.com\/fr\/migration-flucht\/mentorenprogramm-socius\/","url":"https:\/\/evangelische-beratung.com\/fr\/migration-flucht\/mentorenprogramm-socius\/","name":"Ehrenamt: Begleitung von Gefl\u00fcchteten in deren Alltag in Frankfurt","isPartOf":{"@id":"https:\/\/evangelische-beratung.com\/fr\/#website"},"primaryImageOfPage":{"@id":"https:\/\/evangelische-beratung.com\/fr\/migration-flucht\/mentorenprogramm-socius\/#primaryimage"},"image":{"@id":"https:\/\/evangelische-beratung.com\/fr\/migration-flucht\/mentorenprogramm-socius\/#primaryimage"},"thumbnailUrl":"https:\/\/evangelische-beratung.com\/fr\/wp-content\/uploads\/sites\/5\/2019\/07\/humberto-chavez-Ilo0ZD5o-q8-unsplash.jpg","datePublished":"2019-08-16T13:19:05+00:00","dateModified":"2020-03-17T17:09:49+00:00","description":"Beim ehrenamtliche Mentorenprogramm SOCIUS k\u00f6nnen Sie gefl\u00fcchteten Menschen in deren Alltag hier in Deutschland begleiten und wichtige Unterst\u00fctzung leisten.","breadcrumb":{"@id":"https:\/\/evangelische-beratung.com\/fr\/migration-flucht\/mentorenprogramm-socius\/#breadcrumb"},"inLanguage":"fr-FR","potentialAction":[{"@type":"ReadAction","target":["https:\/\/evangelische-beratung.com\/fr\/migration-flucht\/mentorenprogramm-socius\/"]}]},{"@type":"ImageObject","inLanguage":"fr-FR","@id":"https:\/\/evangelische-beratung.com\/fr\/migration-flucht\/mentorenprogramm-socius\/#primaryimage","url":"https:\/\/evangelische-beratung.com\/fr\/wp-content\/uploads\/sites\/5\/2019\/07\/humberto-chavez-Ilo0ZD5o-q8-unsplash.jpg","contentUrl":"https:\/\/evangelische-beratung.com\/fr\/wp-content\/uploads\/sites\/5\/2019\/07\/humberto-chavez-Ilo0ZD5o-q8-unsplash.jpg","width":1800,"height":1200},{"@type":"BreadcrumbList","@id":"https:\/\/evangelische-beratung.com\/fr\/migration-flucht\/mentorenprogramm-socius\/#breadcrumb","itemListElement":[{"@type":"ListItem","position":1,"name":"Startseite","item":"https:\/\/evangelische-beratung.com\/fr\/"},{"@type":"ListItem","position":2,"name":"Migration et refuge","item":"https:\/\/evangelische-beratung.com\/fr\/migration-flucht\/"},{"@type":"ListItem","position":3,"name":"Programme de mentors SOCIUS"}]},{"@type":"WebSite","@id":"https:\/\/evangelische-beratung.com\/fr\/#website","url":"https:\/\/evangelische-beratung.com\/fr\/","name":"Evangelischer Regionalverband","description":"","publisher":{"@id":"https:\/\/evangelische-beratung.com\/fr\/#organization"},"potentialAction":[{"@type":"SearchAction","target":{"@type":"EntryPoint","urlTemplate":"https:\/\/evangelische-beratung.com\/fr\/?s={search_term_string}"},"query-input":{"@type":"PropertyValueSpecification","valueRequired":true,"valueName":"search_term_string"}}],"inLanguage":"fr-FR"},{"@type":"Organization","@id":"https:\/\/evangelische-beratung.com\/fr\/#organization","name":"Evangelischer Regionalverband Frankfurt und Offenbach","url":"https:\/\/evangelische-beratung.com\/fr\/","logo":{"@type":"ImageObject","inLanguage":"fr-FR","@id":"https:\/\/evangelische-beratung.com\/fr\/#\/schema\/logo\/image\/","url":"https:\/\/evangelische-beratung.com\/fr\/wp-content\/uploads\/sites\/5\/2019\/10\/erv-logo.png","contentUrl":"https:\/\/evangelische-beratung.com\/fr\/wp-content\/uploads\/sites\/5\/2019\/10\/erv-logo.png","width":1127,"height":595,"caption":"Evangelischer Regionalverband Frankfurt und Offenbach"},"image":{"@id":"https:\/\/evangelische-beratung.com\/fr\/#\/schema\/logo\/image\/"}}]}},"_links":{"self":[{"href":"https:\/\/evangelische-beratung.com\/fr\/wp-json\/wp\/v2\/pages\/276","targetHints":{"allow":["GET"]}}],"collection":[{"href":"https:\/\/evangelische-beratung.com\/fr\/wp-json\/wp\/v2\/pages"}],"about":[{"href":"https:\/\/evangelische-beratung.com\/fr\/wp-json\/wp\/v2\/types\/page"}],"author":[{"embeddable":true,"href":"https:\/\/evangelische-beratung.com\/fr\/wp-json\/wp\/v2\/users\/5"}],"replies":[{"embeddable":true,"href":"https:\/\/evangelische-beratung.com\/fr\/wp-json\/wp\/v2\/comments?post=276"}],"version-history":[{"count":5,"href":"https:\/\/evangelische-beratung.com\/fr\/wp-json\/wp\/v2\/pages\/276\/revisions"}],"predecessor-version":[{"id":1473,"href":"https:\/\/evangelische-beratung.com\/fr\/wp-json\/wp\/v2\/pages\/276\/revisions\/1473"}],"up":[{"embeddable":true,"href":"https:\/\/evangelische-beratung.com\/fr\/wp-json\/wp\/v2\/pages\/16"}],"wp:featuredmedia":[{"embeddable":true,"href":"https:\/\/evangelische-beratung.com\/fr\/wp-json\/wp\/v2\/media\/36"}],"wp:attachment":[{"href":"https:\/\/evangelische-beratung.com\/fr\/wp-json\/wp\/v2\/media?parent=276"}],"curies":[{"name":"wp","href":"https:\/\/api.w.org\/{rel}","templated":true}]}}