{"id":272,"date":"2019-08-16T15:10:50","date_gmt":"2019-08-16T13:10:50","guid":{"rendered":"https:\/\/evangelische-beratung.com\/fr\/?page_id=272"},"modified":"2020-03-24T19:09:06","modified_gmt":"2020-03-24T18:09:06","slug":"unabhaengige-freiwillige-rueckkehrberatung","status":"publish","type":"page","link":"https:\/\/evangelische-beratung.com\/fr\/migration-flucht\/unabhaengige-freiwillige-rueckkehrberatung\/","title":{"rendered":"Conseil sur le retour volontaire ind\u00e9pendant"},"content":{"rendered":"\n<p class=\"is-style-teaser\">Nous vous conseillons dans toutes les questions relatives \u00e0 un retour possibles ou une \u00e9migration ailleurs.<\/p>\n\n\n\n<p>Parlez avec nous si<\/p>\n\n\n\n<ul class=\"wp-block-list\"><li>Vous pensez \u00e0 un retour ou \u00e0 une \u00e9migration ailleurs et avez besoin d\u2019une aide \u00e0 la d\u00e9cision<\/li><li>Vous souhaitez retourner dans votre pays d\u2019origine<\/li><li>Vous devez clarifier la situation de votre droit au s\u00e9jour en Allemagne ou votre pays d\u2019origine<\/li><li>Vous souhaitez vous informer sur le travail et le logement dans votre pays d\u2019origine<\/li><li>Vous avez des questions sur votre obligation de quitter le pays et les conditions de d\u00e9part ?<\/li><li>Vous avez besoin de nouveaux passeports, papiers douaniers et papiers de substitution.<\/li><\/ul>\n\n\n\n<p>Notre conseil au retour est ind\u00e9pendant, <strong>volontaire<\/strong> et <strong>gratuit<\/strong>. La participation est <strong>confidentielle<\/strong> et <strong>n&rsquo;a pas d&rsquo;influence sur les proc\u00e9dures de demande d&rsquo;asile en cours<\/strong>.<\/p>\n\n\n\n<p><strong>Heure d&rsquo;entretien ouverte : <\/strong><br>Lundi 9h30\u201312h30 et jeudi de 14h00 \u00e0 17h30.<br>Il est en outre possible de convenir d&rsquo;un rendez-vous.<\/p>\n\n\n\n<p style=\"text-align:center\" class=\"is-style-roof-line\"><strong>Vos interlocuteurs<\/strong><\/p>\n\n\n\n<div class=\"wp-block-columns alignwide has-2-columns is-layout-flex wp-container-core-columns-is-layout-9d6595d7 wp-block-columns-is-layout-flex\">\n<div class=\"wp-block-column is-layout-flow wp-block-column-is-layout-flow\">\n<div class=\"wp-block-erv-id-card\"><div class=\"id-card-content\"><figure class=\"id-card-photo\"><img decoding=\"async\" src=\"https:\/\/evangelische-beratung.com\/wp-content\/uploads\/2020\/01\/Leonie-Albert_Sozialberatung-Migranten-Hoechst-300x300.jpg\" \/><\/figure><div class=\"id-card-details\"><p class=\"id-card-name\">Leonie Albert<\/p><p class=\"id-card-job\">Leitung Sozial- und Migrationsberatung<\/p><p class=\"id-card-location\">Frankfurt<\/p><p class=\"id-card-phone\">069 \/ 75 93 672 40<\/p><p class=\"id-card-email\"><a href=\"&#109;&#x61;&#x69;&#108;&#x74;&#x6f;&#58;&#x6d;&#x69;&#103;&#x72;&#x61;&#116;&#x69;&#x6f;&#110;&#x73;&#x62;&#101;&#x72;&#x61;&#116;&#x75;&#x6e;&#103;&#x2e;&#x68;o&#x65;&#x63;h&#x73;&#x74;&#64;&#102;&#x72;a&#110;&#x6b;f&#117;&#x72;t&#45;&#x65;v&#97;&#x6e;g&#101;&#x6c;i&#115;&#x63;h&#46;&#x64;e\">E-Mail<\/a><\/p><\/div><\/div><\/div>\n<\/div>\n\n\n\n<div class=\"wp-block-column is-layout-flow wp-block-column-is-layout-flow\">\n<div class=\"wp-block-erv-id-card\"><div class=\"id-card-content\"><figure class=\"id-card-photo\"><img decoding=\"async\" src=\"https:\/\/evangelische-beratung.com\/wp-content\/uploads\/2020\/01\/portrait_platzhalter-1-300x300.jpg\" \/><\/figure><div class=\"id-card-details\"><p class=\"id-card-name\">Malale Schokory<\/p><p class=\"id-card-job\">Beratung<\/p><p class=\"id-card-location\">Ev. Zentrum am Wei\u00dfen Stein<\/p><p class=\"id-card-phone\">069 \/ 53 02 159<\/p><p class=\"id-card-email\"><a href=\"&#x6d;&#97;&#x69;&#x6c;t&#x6f;&#58;m&#x69;&#103;r&#x61;&#116;&#x69;&#x6f;n&#x73;&#98;e&#x72;&#97;t&#x75;&#110;&#x67;&#x40;&#102;&#x72;&#x61;n&#x6b;&#102;u&#x72;&#116;-&#x65;&#118;&#x61;&#x6e;g&#x65;&#108;i&#x73;&#99;h&#x2e;&#100;&#x65;\">E-Mail<\/a><\/p><\/div><\/div><\/div>\n<\/div>\n<\/div>\n","protected":false},"excerpt":{"rendered":"<p>Nous vous conseillons dans toutes les questions relatives \u00e0 un retour possibles ou une \u00e9migration ailleurs. Parlez avec nous si Vous pensez \u00e0 un retour ou \u00e0 une \u00e9migration ailleurs et avez besoin d\u2019une aide \u00e0 la d\u00e9cision Vous souhaitez retourner dans votre pays d\u2019origine Vous devez clarifier la situation de votre droit au s\u00e9jour [&hellip;]<\/p>\n","protected":false},"author":5,"featured_media":36,"parent":16,"menu_order":0,"comment_status":"closed","ping_status":"closed","template":"","meta":{"footnotes":""},"class_list":["post-272","page","type-page","status-publish","has-post-thumbnail","hentry"],"yoast_head":"<!-- This site is optimized with the Yoast SEO plugin v27.5 - https:\/\/yoast.com\/product\/yoast-seo-wordpress\/ -->\n<title>Unabh\u00e4ngige freiwillige R\u00fcckkehrberatung in Frankfurt<\/title>\n<meta name=\"description\" content=\"Wir beraten Sie in allen Fragen zu einer m\u00f6glichen R\u00fcckkehr oder Weiterwanderung. Unsere R\u00fcckkehrberatung ist kostenlos, freiwillig und unabh\u00e4ngig.\" \/>\n<meta name=\"robots\" content=\"index, follow, max-snippet:-1, max-image-preview:large, max-video-preview:-1\" \/>\n<link rel=\"canonical\" href=\"https:\/\/evangelische-beratung.com\/fr\/migration-flucht\/unabhaengige-freiwillige-rueckkehrberatung\/\" \/>\n<meta property=\"og:locale\" content=\"fr_FR\" \/>\n<meta property=\"og:type\" content=\"article\" \/>\n<meta property=\"og:title\" content=\"Unabh\u00e4ngige freiwillige R\u00fcckkehrberatung in Frankfurt\" \/>\n<meta property=\"og:description\" content=\"Wir beraten Sie in allen Fragen zu einer m\u00f6glichen R\u00fcckkehr oder Weiterwanderung. Unsere R\u00fcckkehrberatung ist kostenlos, freiwillig und unabh\u00e4ngig.\" \/>\n<meta property=\"og:url\" content=\"https:\/\/evangelische-beratung.com\/fr\/migration-flucht\/unabhaengige-freiwillige-rueckkehrberatung\/\" \/>\n<meta property=\"og:site_name\" content=\"Evangelischer Regionalverband\" \/>\n<meta property=\"article:modified_time\" content=\"2020-03-24T18:09:06+00:00\" \/>\n<meta property=\"og:image\" content=\"https:\/\/evangelische-beratung.com\/fr\/wp-content\/uploads\/sites\/5\/2019\/07\/humberto-chavez-Ilo0ZD5o-q8-unsplash.jpg\" \/>\n\t<meta property=\"og:image:width\" content=\"1800\" \/>\n\t<meta property=\"og:image:height\" content=\"1200\" \/>\n\t<meta property=\"og:image:type\" content=\"image\/jpeg\" \/>\n<meta name=\"twitter:card\" content=\"summary_large_image\" \/>\n<meta name=\"twitter:label1\" content=\"Dur\u00e9e de lecture estim\u00e9e\" \/>\n\t<meta name=\"twitter:data1\" content=\"1 minute\" \/>\n<script type=\"application\/ld+json\" class=\"yoast-schema-graph\">{\"@context\":\"https:\\\/\\\/schema.org\",\"@graph\":[{\"@type\":\"WebPage\",\"@id\":\"https:\\\/\\\/evangelische-beratung.com\\\/fr\\\/migration-flucht\\\/unabhaengige-freiwillige-rueckkehrberatung\\\/\",\"url\":\"https:\\\/\\\/evangelische-beratung.com\\\/fr\\\/migration-flucht\\\/unabhaengige-freiwillige-rueckkehrberatung\\\/\",\"name\":\"Unabh\u00e4ngige freiwillige R\u00fcckkehrberatung in Frankfurt\",\"isPartOf\":{\"@id\":\"https:\\\/\\\/evangelische-beratung.com\\\/fr\\\/#website\"},\"primaryImageOfPage\":{\"@id\":\"https:\\\/\\\/evangelische-beratung.com\\\/fr\\\/migration-flucht\\\/unabhaengige-freiwillige-rueckkehrberatung\\\/#primaryimage\"},\"image\":{\"@id\":\"https:\\\/\\\/evangelische-beratung.com\\\/fr\\\/migration-flucht\\\/unabhaengige-freiwillige-rueckkehrberatung\\\/#primaryimage\"},\"thumbnailUrl\":\"https:\\\/\\\/evangelische-beratung.com\\\/fr\\\/wp-content\\\/uploads\\\/sites\\\/5\\\/2019\\\/07\\\/humberto-chavez-Ilo0ZD5o-q8-unsplash.jpg\",\"datePublished\":\"2019-08-16T13:10:50+00:00\",\"dateModified\":\"2020-03-24T18:09:06+00:00\",\"description\":\"Wir beraten Sie in allen Fragen zu einer m\u00f6glichen R\u00fcckkehr oder Weiterwanderung. Unsere R\u00fcckkehrberatung ist kostenlos, freiwillig und unabh\u00e4ngig.\",\"breadcrumb\":{\"@id\":\"https:\\\/\\\/evangelische-beratung.com\\\/fr\\\/migration-flucht\\\/unabhaengige-freiwillige-rueckkehrberatung\\\/#breadcrumb\"},\"inLanguage\":\"fr-FR\",\"potentialAction\":[{\"@type\":\"ReadAction\",\"target\":[\"https:\\\/\\\/evangelische-beratung.com\\\/fr\\\/migration-flucht\\\/unabhaengige-freiwillige-rueckkehrberatung\\\/\"]}]},{\"@type\":\"ImageObject\",\"inLanguage\":\"fr-FR\",\"@id\":\"https:\\\/\\\/evangelische-beratung.com\\\/fr\\\/migration-flucht\\\/unabhaengige-freiwillige-rueckkehrberatung\\\/#primaryimage\",\"url\":\"https:\\\/\\\/evangelische-beratung.com\\\/fr\\\/wp-content\\\/uploads\\\/sites\\\/5\\\/2019\\\/07\\\/humberto-chavez-Ilo0ZD5o-q8-unsplash.jpg\",\"contentUrl\":\"https:\\\/\\\/evangelische-beratung.com\\\/fr\\\/wp-content\\\/uploads\\\/sites\\\/5\\\/2019\\\/07\\\/humberto-chavez-Ilo0ZD5o-q8-unsplash.jpg\",\"width\":1800,\"height\":1200},{\"@type\":\"BreadcrumbList\",\"@id\":\"https:\\\/\\\/evangelische-beratung.com\\\/fr\\\/migration-flucht\\\/unabhaengige-freiwillige-rueckkehrberatung\\\/#breadcrumb\",\"itemListElement\":[{\"@type\":\"ListItem\",\"position\":1,\"name\":\"Startseite\",\"item\":\"https:\\\/\\\/evangelische-beratung.com\\\/fr\\\/\"},{\"@type\":\"ListItem\",\"position\":2,\"name\":\"Migration et refuge\",\"item\":\"https:\\\/\\\/evangelische-beratung.com\\\/fr\\\/migration-flucht\\\/\"},{\"@type\":\"ListItem\",\"position\":3,\"name\":\"Conseil sur le retour volontaire ind\u00e9pendant\"}]},{\"@type\":\"WebSite\",\"@id\":\"https:\\\/\\\/evangelische-beratung.com\\\/fr\\\/#website\",\"url\":\"https:\\\/\\\/evangelische-beratung.com\\\/fr\\\/\",\"name\":\"Evangelischer Regionalverband\",\"description\":\"\",\"publisher\":{\"@id\":\"https:\\\/\\\/evangelische-beratung.com\\\/fr\\\/#organization\"},\"potentialAction\":[{\"@type\":\"SearchAction\",\"target\":{\"@type\":\"EntryPoint\",\"urlTemplate\":\"https:\\\/\\\/evangelische-beratung.com\\\/fr\\\/?s={search_term_string}\"},\"query-input\":{\"@type\":\"PropertyValueSpecification\",\"valueRequired\":true,\"valueName\":\"search_term_string\"}}],\"inLanguage\":\"fr-FR\"},{\"@type\":\"Organization\",\"@id\":\"https:\\\/\\\/evangelische-beratung.com\\\/fr\\\/#organization\",\"name\":\"Evangelischer Regionalverband Frankfurt und Offenbach\",\"url\":\"https:\\\/\\\/evangelische-beratung.com\\\/fr\\\/\",\"logo\":{\"@type\":\"ImageObject\",\"inLanguage\":\"fr-FR\",\"@id\":\"https:\\\/\\\/evangelische-beratung.com\\\/fr\\\/#\\\/schema\\\/logo\\\/image\\\/\",\"url\":\"https:\\\/\\\/evangelische-beratung.com\\\/fr\\\/wp-content\\\/uploads\\\/sites\\\/5\\\/2019\\\/10\\\/erv-logo.png\",\"contentUrl\":\"https:\\\/\\\/evangelische-beratung.com\\\/fr\\\/wp-content\\\/uploads\\\/sites\\\/5\\\/2019\\\/10\\\/erv-logo.png\",\"width\":1127,\"height\":595,\"caption\":\"Evangelischer Regionalverband Frankfurt und Offenbach\"},\"image\":{\"@id\":\"https:\\\/\\\/evangelische-beratung.com\\\/fr\\\/#\\\/schema\\\/logo\\\/image\\\/\"}}]}<\/script>\n<!-- \/ Yoast SEO plugin. -->","yoast_head_json":{"title":"Unabh\u00e4ngige freiwillige R\u00fcckkehrberatung in Frankfurt","description":"Wir beraten Sie in allen Fragen zu einer m\u00f6glichen R\u00fcckkehr oder Weiterwanderung. Unsere R\u00fcckkehrberatung ist kostenlos, freiwillig und unabh\u00e4ngig.","robots":{"index":"index","follow":"follow","max-snippet":"max-snippet:-1","max-image-preview":"max-image-preview:large","max-video-preview":"max-video-preview:-1"},"canonical":"https:\/\/evangelische-beratung.com\/fr\/migration-flucht\/unabhaengige-freiwillige-rueckkehrberatung\/","og_locale":"fr_FR","og_type":"article","og_title":"Unabh\u00e4ngige freiwillige R\u00fcckkehrberatung in Frankfurt","og_description":"Wir beraten Sie in allen Fragen zu einer m\u00f6glichen R\u00fcckkehr oder Weiterwanderung. Unsere R\u00fcckkehrberatung ist kostenlos, freiwillig und unabh\u00e4ngig.","og_url":"https:\/\/evangelische-beratung.com\/fr\/migration-flucht\/unabhaengige-freiwillige-rueckkehrberatung\/","og_site_name":"Evangelischer Regionalverband","article_modified_time":"2020-03-24T18:09:06+00:00","og_image":[{"width":1800,"height":1200,"url":"https:\/\/evangelische-beratung.com\/fr\/wp-content\/uploads\/sites\/5\/2019\/07\/humberto-chavez-Ilo0ZD5o-q8-unsplash.jpg","type":"image\/jpeg"}],"twitter_card":"summary_large_image","twitter_misc":{"Dur\u00e9e de lecture estim\u00e9e":"1 minute"},"schema":{"@context":"https:\/\/schema.org","@graph":[{"@type":"WebPage","@id":"https:\/\/evangelische-beratung.com\/fr\/migration-flucht\/unabhaengige-freiwillige-rueckkehrberatung\/","url":"https:\/\/evangelische-beratung.com\/fr\/migration-flucht\/unabhaengige-freiwillige-rueckkehrberatung\/","name":"Unabh\u00e4ngige freiwillige R\u00fcckkehrberatung in Frankfurt","isPartOf":{"@id":"https:\/\/evangelische-beratung.com\/fr\/#website"},"primaryImageOfPage":{"@id":"https:\/\/evangelische-beratung.com\/fr\/migration-flucht\/unabhaengige-freiwillige-rueckkehrberatung\/#primaryimage"},"image":{"@id":"https:\/\/evangelische-beratung.com\/fr\/migration-flucht\/unabhaengige-freiwillige-rueckkehrberatung\/#primaryimage"},"thumbnailUrl":"https:\/\/evangelische-beratung.com\/fr\/wp-content\/uploads\/sites\/5\/2019\/07\/humberto-chavez-Ilo0ZD5o-q8-unsplash.jpg","datePublished":"2019-08-16T13:10:50+00:00","dateModified":"2020-03-24T18:09:06+00:00","description":"Wir beraten Sie in allen Fragen zu einer m\u00f6glichen R\u00fcckkehr oder Weiterwanderung. Unsere R\u00fcckkehrberatung ist kostenlos, freiwillig und unabh\u00e4ngig.","breadcrumb":{"@id":"https:\/\/evangelische-beratung.com\/fr\/migration-flucht\/unabhaengige-freiwillige-rueckkehrberatung\/#breadcrumb"},"inLanguage":"fr-FR","potentialAction":[{"@type":"ReadAction","target":["https:\/\/evangelische-beratung.com\/fr\/migration-flucht\/unabhaengige-freiwillige-rueckkehrberatung\/"]}]},{"@type":"ImageObject","inLanguage":"fr-FR","@id":"https:\/\/evangelische-beratung.com\/fr\/migration-flucht\/unabhaengige-freiwillige-rueckkehrberatung\/#primaryimage","url":"https:\/\/evangelische-beratung.com\/fr\/wp-content\/uploads\/sites\/5\/2019\/07\/humberto-chavez-Ilo0ZD5o-q8-unsplash.jpg","contentUrl":"https:\/\/evangelische-beratung.com\/fr\/wp-content\/uploads\/sites\/5\/2019\/07\/humberto-chavez-Ilo0ZD5o-q8-unsplash.jpg","width":1800,"height":1200},{"@type":"BreadcrumbList","@id":"https:\/\/evangelische-beratung.com\/fr\/migration-flucht\/unabhaengige-freiwillige-rueckkehrberatung\/#breadcrumb","itemListElement":[{"@type":"ListItem","position":1,"name":"Startseite","item":"https:\/\/evangelische-beratung.com\/fr\/"},{"@type":"ListItem","position":2,"name":"Migration et refuge","item":"https:\/\/evangelische-beratung.com\/fr\/migration-flucht\/"},{"@type":"ListItem","position":3,"name":"Conseil sur le retour volontaire ind\u00e9pendant"}]},{"@type":"WebSite","@id":"https:\/\/evangelische-beratung.com\/fr\/#website","url":"https:\/\/evangelische-beratung.com\/fr\/","name":"Evangelischer Regionalverband","description":"","publisher":{"@id":"https:\/\/evangelische-beratung.com\/fr\/#organization"},"potentialAction":[{"@type":"SearchAction","target":{"@type":"EntryPoint","urlTemplate":"https:\/\/evangelische-beratung.com\/fr\/?s={search_term_string}"},"query-input":{"@type":"PropertyValueSpecification","valueRequired":true,"valueName":"search_term_string"}}],"inLanguage":"fr-FR"},{"@type":"Organization","@id":"https:\/\/evangelische-beratung.com\/fr\/#organization","name":"Evangelischer Regionalverband Frankfurt und Offenbach","url":"https:\/\/evangelische-beratung.com\/fr\/","logo":{"@type":"ImageObject","inLanguage":"fr-FR","@id":"https:\/\/evangelische-beratung.com\/fr\/#\/schema\/logo\/image\/","url":"https:\/\/evangelische-beratung.com\/fr\/wp-content\/uploads\/sites\/5\/2019\/10\/erv-logo.png","contentUrl":"https:\/\/evangelische-beratung.com\/fr\/wp-content\/uploads\/sites\/5\/2019\/10\/erv-logo.png","width":1127,"height":595,"caption":"Evangelischer Regionalverband Frankfurt und Offenbach"},"image":{"@id":"https:\/\/evangelische-beratung.com\/fr\/#\/schema\/logo\/image\/"}}]}},"_links":{"self":[{"href":"https:\/\/evangelische-beratung.com\/fr\/wp-json\/wp\/v2\/pages\/272","targetHints":{"allow":["GET"]}}],"collection":[{"href":"https:\/\/evangelische-beratung.com\/fr\/wp-json\/wp\/v2\/pages"}],"about":[{"href":"https:\/\/evangelische-beratung.com\/fr\/wp-json\/wp\/v2\/types\/page"}],"author":[{"embeddable":true,"href":"https:\/\/evangelische-beratung.com\/fr\/wp-json\/wp\/v2\/users\/5"}],"replies":[{"embeddable":true,"href":"https:\/\/evangelische-beratung.com\/fr\/wp-json\/wp\/v2\/comments?post=272"}],"version-history":[{"count":5,"href":"https:\/\/evangelische-beratung.com\/fr\/wp-json\/wp\/v2\/pages\/272\/revisions"}],"predecessor-version":[{"id":1653,"href":"https:\/\/evangelische-beratung.com\/fr\/wp-json\/wp\/v2\/pages\/272\/revisions\/1653"}],"up":[{"embeddable":true,"href":"https:\/\/evangelische-beratung.com\/fr\/wp-json\/wp\/v2\/pages\/16"}],"wp:featuredmedia":[{"embeddable":true,"href":"https:\/\/evangelische-beratung.com\/fr\/wp-json\/wp\/v2\/media\/36"}],"wp:attachment":[{"href":"https:\/\/evangelische-beratung.com\/fr\/wp-json\/wp\/v2\/media?parent=272"}],"curies":[{"name":"wp","href":"https:\/\/api.w.org\/{rel}","templated":true}]}}