{"id":269,"date":"2019-08-16T15:05:49","date_gmt":"2019-08-16T13:05:49","guid":{"rendered":"https:\/\/evangelische-beratung.com\/fr\/?page_id=269"},"modified":"2020-03-24T19:06:47","modified_gmt":"2020-03-24T18:06:47","slug":"verfahrensberatung-fur-gefluchtete","status":"publish","type":"page","link":"https:\/\/evangelische-beratung.com\/fr\/migration-flucht\/verfahrensberatung-fur-gefluchtete\/","title":{"rendered":"Conseil en proc\u00e9dure pour r\u00e9fugi\u00e9s"},"content":{"rendered":"\n<p class=\"is-style-teaser\">Nous vous conseillons dans toutes les questions relatives aux proc\u00e9dures de demande d&rsquo;asile et de permis de s\u00e9jour.<\/p>\n\n\n\n<p>Parlez avec nous si<\/p>\n\n\n\n<ul class=\"wp-block-list\"><li>Vous pr\u00e9parez votre entretien<\/li><li>Vous avez besoin de conseil pendant votre proc\u00e9dure de demande d\u2019asile<\/li><li> Vous aimeriez vous informer sur vos droits de s\u00e9jour <\/li><\/ul>\n\n\n\n<p>Nous conseillons en allemand, en anglais, en fran\u00e7ais et persan. Pour toutes les autres langues, nous vous prions de trouver quelqu\u2019un qui traduise pour vous, ou dites-nous lors de la prise de rendez-vous si vous avez besoins d\u2019un interpr\u00e8te. Nous trouverons une solution.<\/p>\n\n\n\n<p style=\"text-align:center\" class=\"is-style-roof-line\"><strong>Votre interlocutrice pour convenir d\u2019un RDV<\/strong><\/p>\n\n\n\n<div class=\"wp-block-erv-id-card\"><div class=\"id-card-content\"><figure class=\"id-card-photo\"><img decoding=\"async\" src=\"https:\/\/evangelische-beratung.com\/wp-content\/uploads\/2019\/11\/barbara-lueken_beratung-und-therpie-fuer-fluechtlinge-e1576337462749-300x260.jpg\" \/><\/figure><div class=\"id-card-details\"><p class=\"id-card-name\">Barbara Lueken <\/p><p class=\"id-card-job\">Beratung<\/p><p class=\"id-card-location\">Frankfurt<\/p><p class=\"id-card-phone\">069 \/ 53 02 291<\/p><p class=\"id-card-email\"><a href=\"&#109;&#x61;&#105;&#x6c;&#116;&#x6f;&#58;&#x66;l&#x75;e&#x63;h&#x74;l&#105;&#x6e;&#103;&#x73;&#98;&#x65;&#114;&#x61;&#116;&#x75;n&#x67;&#64;&#x66;r&#x61;n&#107;&#x66;&#117;&#x72;&#116;&#x2d;&#101;&#x76;&#97;&#x6e;g&#x65;l&#x69;s&#x63;h&#46;&#x64;&#101;\">E-Mail<\/a><\/p><\/div><\/div><\/div>\n","protected":false},"excerpt":{"rendered":"<p>Nous vous conseillons dans toutes les questions relatives aux proc\u00e9dures de demande d&rsquo;asile et de permis de s\u00e9jour. Parlez avec nous si Vous pr\u00e9parez votre entretien Vous avez besoin de conseil pendant votre proc\u00e9dure de demande d\u2019asile Vous aimeriez vous informer sur vos droits de s\u00e9jour Nous conseillons en allemand, en anglais, en fran\u00e7ais et [&hellip;]<\/p>\n","protected":false},"author":5,"featured_media":36,"parent":16,"menu_order":0,"comment_status":"closed","ping_status":"closed","template":"","meta":{"footnotes":""},"class_list":["post-269","page","type-page","status-publish","has-post-thumbnail","hentry"],"yoast_head":"<!-- This site is optimized with the Yoast SEO plugin v27.4 - https:\/\/yoast.com\/product\/yoast-seo-wordpress\/ -->\n<title>Verfahrensberatung f\u00fcr Gefl\u00fcchtete in Frankfurt beim Ev. Regionalverband<\/title>\n<meta name=\"description\" content=\"Wir beraten Sie in allen Fragen zu Ihrem Asyl- und Aufenthaltsverfahren.\" \/>\n<meta name=\"robots\" content=\"index, follow, max-snippet:-1, max-image-preview:large, max-video-preview:-1\" \/>\n<link rel=\"canonical\" href=\"https:\/\/evangelische-beratung.com\/fr\/migration-flucht\/verfahrensberatung-fur-gefluchtete\/\" \/>\n<meta property=\"og:locale\" content=\"fr_FR\" \/>\n<meta property=\"og:type\" content=\"article\" \/>\n<meta property=\"og:title\" content=\"Verfahrensberatung f\u00fcr Gefl\u00fcchtete in Frankfurt beim Ev. Regionalverband\" \/>\n<meta property=\"og:description\" content=\"Wir beraten Sie in allen Fragen zu Ihrem Asyl- und Aufenthaltsverfahren.\" \/>\n<meta property=\"og:url\" content=\"https:\/\/evangelische-beratung.com\/fr\/migration-flucht\/verfahrensberatung-fur-gefluchtete\/\" \/>\n<meta property=\"og:site_name\" content=\"Evangelischer Regionalverband\" \/>\n<meta property=\"article:modified_time\" content=\"2020-03-24T18:06:47+00:00\" \/>\n<meta property=\"og:image\" content=\"https:\/\/evangelische-beratung.com\/fr\/wp-content\/uploads\/sites\/5\/2019\/07\/humberto-chavez-Ilo0ZD5o-q8-unsplash.jpg\" \/>\n\t<meta property=\"og:image:width\" content=\"1800\" \/>\n\t<meta property=\"og:image:height\" content=\"1200\" \/>\n\t<meta property=\"og:image:type\" content=\"image\/jpeg\" \/>\n<meta name=\"twitter:card\" content=\"summary_large_image\" \/>\n<meta name=\"twitter:label1\" content=\"Dur\u00e9e de lecture estim\u00e9e\" \/>\n\t<meta name=\"twitter:data1\" content=\"1 minute\" \/>\n<script type=\"application\/ld+json\" class=\"yoast-schema-graph\">{\"@context\":\"https:\\\/\\\/schema.org\",\"@graph\":[{\"@type\":\"WebPage\",\"@id\":\"https:\\\/\\\/evangelische-beratung.com\\\/fr\\\/migration-flucht\\\/verfahrensberatung-fur-gefluchtete\\\/\",\"url\":\"https:\\\/\\\/evangelische-beratung.com\\\/fr\\\/migration-flucht\\\/verfahrensberatung-fur-gefluchtete\\\/\",\"name\":\"Verfahrensberatung f\u00fcr Gefl\u00fcchtete in Frankfurt beim Ev. Regionalverband\",\"isPartOf\":{\"@id\":\"https:\\\/\\\/evangelische-beratung.com\\\/fr\\\/#website\"},\"primaryImageOfPage\":{\"@id\":\"https:\\\/\\\/evangelische-beratung.com\\\/fr\\\/migration-flucht\\\/verfahrensberatung-fur-gefluchtete\\\/#primaryimage\"},\"image\":{\"@id\":\"https:\\\/\\\/evangelische-beratung.com\\\/fr\\\/migration-flucht\\\/verfahrensberatung-fur-gefluchtete\\\/#primaryimage\"},\"thumbnailUrl\":\"https:\\\/\\\/evangelische-beratung.com\\\/fr\\\/wp-content\\\/uploads\\\/sites\\\/5\\\/2019\\\/07\\\/humberto-chavez-Ilo0ZD5o-q8-unsplash.jpg\",\"datePublished\":\"2019-08-16T13:05:49+00:00\",\"dateModified\":\"2020-03-24T18:06:47+00:00\",\"description\":\"Wir beraten Sie in allen Fragen zu Ihrem Asyl- und Aufenthaltsverfahren.\",\"breadcrumb\":{\"@id\":\"https:\\\/\\\/evangelische-beratung.com\\\/fr\\\/migration-flucht\\\/verfahrensberatung-fur-gefluchtete\\\/#breadcrumb\"},\"inLanguage\":\"fr-FR\",\"potentialAction\":[{\"@type\":\"ReadAction\",\"target\":[\"https:\\\/\\\/evangelische-beratung.com\\\/fr\\\/migration-flucht\\\/verfahrensberatung-fur-gefluchtete\\\/\"]}]},{\"@type\":\"ImageObject\",\"inLanguage\":\"fr-FR\",\"@id\":\"https:\\\/\\\/evangelische-beratung.com\\\/fr\\\/migration-flucht\\\/verfahrensberatung-fur-gefluchtete\\\/#primaryimage\",\"url\":\"https:\\\/\\\/evangelische-beratung.com\\\/fr\\\/wp-content\\\/uploads\\\/sites\\\/5\\\/2019\\\/07\\\/humberto-chavez-Ilo0ZD5o-q8-unsplash.jpg\",\"contentUrl\":\"https:\\\/\\\/evangelische-beratung.com\\\/fr\\\/wp-content\\\/uploads\\\/sites\\\/5\\\/2019\\\/07\\\/humberto-chavez-Ilo0ZD5o-q8-unsplash.jpg\",\"width\":1800,\"height\":1200},{\"@type\":\"BreadcrumbList\",\"@id\":\"https:\\\/\\\/evangelische-beratung.com\\\/fr\\\/migration-flucht\\\/verfahrensberatung-fur-gefluchtete\\\/#breadcrumb\",\"itemListElement\":[{\"@type\":\"ListItem\",\"position\":1,\"name\":\"Startseite\",\"item\":\"https:\\\/\\\/evangelische-beratung.com\\\/fr\\\/\"},{\"@type\":\"ListItem\",\"position\":2,\"name\":\"Migration et refuge\",\"item\":\"https:\\\/\\\/evangelische-beratung.com\\\/fr\\\/migration-flucht\\\/\"},{\"@type\":\"ListItem\",\"position\":3,\"name\":\"Conseil en proc\u00e9dure pour r\u00e9fugi\u00e9s\"}]},{\"@type\":\"WebSite\",\"@id\":\"https:\\\/\\\/evangelische-beratung.com\\\/fr\\\/#website\",\"url\":\"https:\\\/\\\/evangelische-beratung.com\\\/fr\\\/\",\"name\":\"Evangelischer Regionalverband\",\"description\":\"\",\"publisher\":{\"@id\":\"https:\\\/\\\/evangelische-beratung.com\\\/fr\\\/#organization\"},\"potentialAction\":[{\"@type\":\"SearchAction\",\"target\":{\"@type\":\"EntryPoint\",\"urlTemplate\":\"https:\\\/\\\/evangelische-beratung.com\\\/fr\\\/?s={search_term_string}\"},\"query-input\":{\"@type\":\"PropertyValueSpecification\",\"valueRequired\":true,\"valueName\":\"search_term_string\"}}],\"inLanguage\":\"fr-FR\"},{\"@type\":\"Organization\",\"@id\":\"https:\\\/\\\/evangelische-beratung.com\\\/fr\\\/#organization\",\"name\":\"Evangelischer Regionalverband Frankfurt und Offenbach\",\"url\":\"https:\\\/\\\/evangelische-beratung.com\\\/fr\\\/\",\"logo\":{\"@type\":\"ImageObject\",\"inLanguage\":\"fr-FR\",\"@id\":\"https:\\\/\\\/evangelische-beratung.com\\\/fr\\\/#\\\/schema\\\/logo\\\/image\\\/\",\"url\":\"https:\\\/\\\/evangelische-beratung.com\\\/fr\\\/wp-content\\\/uploads\\\/sites\\\/5\\\/2019\\\/10\\\/erv-logo.png\",\"contentUrl\":\"https:\\\/\\\/evangelische-beratung.com\\\/fr\\\/wp-content\\\/uploads\\\/sites\\\/5\\\/2019\\\/10\\\/erv-logo.png\",\"width\":1127,\"height\":595,\"caption\":\"Evangelischer Regionalverband Frankfurt und Offenbach\"},\"image\":{\"@id\":\"https:\\\/\\\/evangelische-beratung.com\\\/fr\\\/#\\\/schema\\\/logo\\\/image\\\/\"}}]}<\/script>\n<!-- \/ Yoast SEO plugin. -->","yoast_head_json":{"title":"Verfahrensberatung f\u00fcr Gefl\u00fcchtete in Frankfurt beim Ev. Regionalverband","description":"Wir beraten Sie in allen Fragen zu Ihrem Asyl- und Aufenthaltsverfahren.","robots":{"index":"index","follow":"follow","max-snippet":"max-snippet:-1","max-image-preview":"max-image-preview:large","max-video-preview":"max-video-preview:-1"},"canonical":"https:\/\/evangelische-beratung.com\/fr\/migration-flucht\/verfahrensberatung-fur-gefluchtete\/","og_locale":"fr_FR","og_type":"article","og_title":"Verfahrensberatung f\u00fcr Gefl\u00fcchtete in Frankfurt beim Ev. Regionalverband","og_description":"Wir beraten Sie in allen Fragen zu Ihrem Asyl- und Aufenthaltsverfahren.","og_url":"https:\/\/evangelische-beratung.com\/fr\/migration-flucht\/verfahrensberatung-fur-gefluchtete\/","og_site_name":"Evangelischer Regionalverband","article_modified_time":"2020-03-24T18:06:47+00:00","og_image":[{"width":1800,"height":1200,"url":"https:\/\/evangelische-beratung.com\/fr\/wp-content\/uploads\/sites\/5\/2019\/07\/humberto-chavez-Ilo0ZD5o-q8-unsplash.jpg","type":"image\/jpeg"}],"twitter_card":"summary_large_image","twitter_misc":{"Dur\u00e9e de lecture estim\u00e9e":"1 minute"},"schema":{"@context":"https:\/\/schema.org","@graph":[{"@type":"WebPage","@id":"https:\/\/evangelische-beratung.com\/fr\/migration-flucht\/verfahrensberatung-fur-gefluchtete\/","url":"https:\/\/evangelische-beratung.com\/fr\/migration-flucht\/verfahrensberatung-fur-gefluchtete\/","name":"Verfahrensberatung f\u00fcr Gefl\u00fcchtete in Frankfurt beim Ev. Regionalverband","isPartOf":{"@id":"https:\/\/evangelische-beratung.com\/fr\/#website"},"primaryImageOfPage":{"@id":"https:\/\/evangelische-beratung.com\/fr\/migration-flucht\/verfahrensberatung-fur-gefluchtete\/#primaryimage"},"image":{"@id":"https:\/\/evangelische-beratung.com\/fr\/migration-flucht\/verfahrensberatung-fur-gefluchtete\/#primaryimage"},"thumbnailUrl":"https:\/\/evangelische-beratung.com\/fr\/wp-content\/uploads\/sites\/5\/2019\/07\/humberto-chavez-Ilo0ZD5o-q8-unsplash.jpg","datePublished":"2019-08-16T13:05:49+00:00","dateModified":"2020-03-24T18:06:47+00:00","description":"Wir beraten Sie in allen Fragen zu Ihrem Asyl- und Aufenthaltsverfahren.","breadcrumb":{"@id":"https:\/\/evangelische-beratung.com\/fr\/migration-flucht\/verfahrensberatung-fur-gefluchtete\/#breadcrumb"},"inLanguage":"fr-FR","potentialAction":[{"@type":"ReadAction","target":["https:\/\/evangelische-beratung.com\/fr\/migration-flucht\/verfahrensberatung-fur-gefluchtete\/"]}]},{"@type":"ImageObject","inLanguage":"fr-FR","@id":"https:\/\/evangelische-beratung.com\/fr\/migration-flucht\/verfahrensberatung-fur-gefluchtete\/#primaryimage","url":"https:\/\/evangelische-beratung.com\/fr\/wp-content\/uploads\/sites\/5\/2019\/07\/humberto-chavez-Ilo0ZD5o-q8-unsplash.jpg","contentUrl":"https:\/\/evangelische-beratung.com\/fr\/wp-content\/uploads\/sites\/5\/2019\/07\/humberto-chavez-Ilo0ZD5o-q8-unsplash.jpg","width":1800,"height":1200},{"@type":"BreadcrumbList","@id":"https:\/\/evangelische-beratung.com\/fr\/migration-flucht\/verfahrensberatung-fur-gefluchtete\/#breadcrumb","itemListElement":[{"@type":"ListItem","position":1,"name":"Startseite","item":"https:\/\/evangelische-beratung.com\/fr\/"},{"@type":"ListItem","position":2,"name":"Migration et refuge","item":"https:\/\/evangelische-beratung.com\/fr\/migration-flucht\/"},{"@type":"ListItem","position":3,"name":"Conseil en proc\u00e9dure pour r\u00e9fugi\u00e9s"}]},{"@type":"WebSite","@id":"https:\/\/evangelische-beratung.com\/fr\/#website","url":"https:\/\/evangelische-beratung.com\/fr\/","name":"Evangelischer Regionalverband","description":"","publisher":{"@id":"https:\/\/evangelische-beratung.com\/fr\/#organization"},"potentialAction":[{"@type":"SearchAction","target":{"@type":"EntryPoint","urlTemplate":"https:\/\/evangelische-beratung.com\/fr\/?s={search_term_string}"},"query-input":{"@type":"PropertyValueSpecification","valueRequired":true,"valueName":"search_term_string"}}],"inLanguage":"fr-FR"},{"@type":"Organization","@id":"https:\/\/evangelische-beratung.com\/fr\/#organization","name":"Evangelischer Regionalverband Frankfurt und Offenbach","url":"https:\/\/evangelische-beratung.com\/fr\/","logo":{"@type":"ImageObject","inLanguage":"fr-FR","@id":"https:\/\/evangelische-beratung.com\/fr\/#\/schema\/logo\/image\/","url":"https:\/\/evangelische-beratung.com\/fr\/wp-content\/uploads\/sites\/5\/2019\/10\/erv-logo.png","contentUrl":"https:\/\/evangelische-beratung.com\/fr\/wp-content\/uploads\/sites\/5\/2019\/10\/erv-logo.png","width":1127,"height":595,"caption":"Evangelischer Regionalverband Frankfurt und Offenbach"},"image":{"@id":"https:\/\/evangelische-beratung.com\/fr\/#\/schema\/logo\/image\/"}}]}},"_links":{"self":[{"href":"https:\/\/evangelische-beratung.com\/fr\/wp-json\/wp\/v2\/pages\/269","targetHints":{"allow":["GET"]}}],"collection":[{"href":"https:\/\/evangelische-beratung.com\/fr\/wp-json\/wp\/v2\/pages"}],"about":[{"href":"https:\/\/evangelische-beratung.com\/fr\/wp-json\/wp\/v2\/types\/page"}],"author":[{"embeddable":true,"href":"https:\/\/evangelische-beratung.com\/fr\/wp-json\/wp\/v2\/users\/5"}],"replies":[{"embeddable":true,"href":"https:\/\/evangelische-beratung.com\/fr\/wp-json\/wp\/v2\/comments?post=269"}],"version-history":[{"count":5,"href":"https:\/\/evangelische-beratung.com\/fr\/wp-json\/wp\/v2\/pages\/269\/revisions"}],"predecessor-version":[{"id":1652,"href":"https:\/\/evangelische-beratung.com\/fr\/wp-json\/wp\/v2\/pages\/269\/revisions\/1652"}],"up":[{"embeddable":true,"href":"https:\/\/evangelische-beratung.com\/fr\/wp-json\/wp\/v2\/pages\/16"}],"wp:featuredmedia":[{"embeddable":true,"href":"https:\/\/evangelische-beratung.com\/fr\/wp-json\/wp\/v2\/media\/36"}],"wp:attachment":[{"href":"https:\/\/evangelische-beratung.com\/fr\/wp-json\/wp\/v2\/media?parent=269"}],"curies":[{"name":"wp","href":"https:\/\/api.w.org\/{rel}","templated":true}]}}