{"id":257,"date":"2019-08-16T14:45:38","date_gmt":"2019-08-16T12:45:38","guid":{"rendered":"https:\/\/evangelische-beratung.com\/fr\/?page_id=257"},"modified":"2020-03-17T14:34:03","modified_gmt":"2020-03-17T13:34:03","slug":"beratung-und-therapie-fuer-fluechtlinge","status":"publish","type":"page","link":"https:\/\/evangelische-beratung.com\/fr\/migration-flucht\/beratung-und-therapie-fuer-fluechtlinge\/","title":{"rendered":"Conseil et th\u00e9rapie pour r\u00e9fugi\u00e9s"},"content":{"rendered":"\n<p class=\"is-style-teaser\">Nous vous conseillons si vous avez besoin d&rsquo;une aide psychologique.<\/p>\n\n\n\n<figure class=\"wp-block-image alignwide\"><img loading=\"lazy\" decoding=\"async\" width=\"1024\" height=\"512\" src=\"https:\/\/evangelische-beratung.com\/fr\/wp-content\/uploads\/sites\/5\/2020\/01\/Beratung-und-Therapie-fuer-Fluechtlinge_HERO-1024x512.jpg\" alt=\"\" class=\"wp-image-822\" srcset=\"https:\/\/evangelische-beratung.com\/fr\/wp-content\/uploads\/sites\/5\/2020\/01\/Beratung-und-Therapie-fuer-Fluechtlinge_HERO-1024x512.jpg 1024w, https:\/\/evangelische-beratung.com\/fr\/wp-content\/uploads\/sites\/5\/2020\/01\/Beratung-und-Therapie-fuer-Fluechtlinge_HERO-300x150.jpg 300w, https:\/\/evangelische-beratung.com\/fr\/wp-content\/uploads\/sites\/5\/2020\/01\/Beratung-und-Therapie-fuer-Fluechtlinge_HERO-768x384.jpg 768w, https:\/\/evangelische-beratung.com\/fr\/wp-content\/uploads\/sites\/5\/2020\/01\/Beratung-und-Therapie-fuer-Fluechtlinge_HERO.jpg 1840w\" sizes=\"auto, 100vw\" \/><\/figure>\n\n\n\n<p>Contactez-nous \u00e0 propos de questions telles que :<\/p>\n\n\n\n<ul class=\"wp-block-list\"><li>Vous avez besoin de conseils et d\u2019une th\u00e9rapie psychologique ?<\/li><li>Vous avez des anxi\u00e9t\u00e9s ou vous sentez triste ?<\/li><li>Vous avez des difficult\u00e9s \u00e0 vous souvenir de certaines choses ?<\/li><li>Vous avec des difficult\u00e9s \u00e0 dormir la nuit ?<\/li><li>Vous vous r\u00e9veillez la nuit avec de forts battements de c\u0153ur ?<\/li><\/ul>\n\n\n\n<p>La fuite, la torture et d\u2019autres exp\u00e9riences de violence laissent leurs marques chez les adultes, les adolescents les enfants. Recourez \u00e0 nos services de conseil. Nous vous aiderons \u00e0 g\u00e9rer les traumatismes mentaux et physiques et exp\u00e9riences difficiles. <\/p>\n\n\n\n<p>Nos conseillers fournissent des diagnostics psychologiques, des conseils et des th\u00e9rapies en allemand et via des interpr\u00e8tes.<\/p>\n\n\n\n<p>Ces consultations sont&nbsp;<strong>volontaires<\/strong>&nbsp;et&nbsp;<strong>gratuites<\/strong>. <\/p>\n\n\n\n<p style=\"text-align:center\" class=\"is-style-roof-line\"><strong>Vos interlocutrices pour convenir d\u2019un RDV<\/strong><\/p>\n\n\n\n<div class=\"wp-block-columns alignwide has-3-columns is-layout-flex wp-container-core-columns-is-layout-9d6595d7 wp-block-columns-is-layout-flex\">\n<div class=\"wp-block-column is-layout-flow wp-block-column-is-layout-flow\">\n<div class=\"wp-block-erv-id-card\"><div class=\"id-card-content\"><figure class=\"id-card-photo\"><img decoding=\"async\" src=\"https:\/\/evangelische-beratung.com\/wp-content\/uploads\/2025\/01\/29112024CarolinAbraham05-300x200.jpeg\" \/><\/figure><div class=\"id-card-details\"><p class=\"id-card-name\">Carolin Abraham<\/p><p class=\"id-card-job\">Beratung<\/p><p class=\"id-card-location\">Frankfurt<\/p><p class=\"id-card-phone\">069 \/ 53 02 291<\/p><p class=\"id-card-email\"><a href=\"&#x6d;&#x61;&#105;&#108;to&#x3a;&#x66;&#x6c;&#117;ec&#x68;&#x74;&#x6c;&#105;&#110;g&#x73;&#x62;&#x65;&#114;&#97;t&#x75;&#x6e;&#x67;&#64;&#102;ra&#x6e;&#x6b;&#x66;&#117;rt&#x2d;&#x65;&#x76;&#97;&#110;g&#x65;&#x6c;&#x69;&#115;&#99;h&#x2e;&#x64;&#x65;\">E-Mail<\/a><\/p><\/div><\/div><\/div>\n\n\n\n<div class=\"wp-block-erv-id-card\"><div class=\"id-card-content\"><figure class=\"id-card-photo\"><img decoding=\"async\" src=\"https:\/\/evangelische-beratung.com\/fr\/wp-content\/uploads\/sites\/5\/2020\/01\/Susanne-Schupp_Beratung-und-Therapie-fuer-Fluechtlinge-300x300.jpg\" \/><\/figure><div class=\"id-card-details\"><p class=\"id-card-name\">Susanne Schupp<\/p><p class=\"id-card-job\">Beratung<\/p><p class=\"id-card-location\">Frankfurt<\/p><p class=\"id-card-phone\">069 \/ 53 02 291<\/p><p class=\"id-card-email\"><a href=\"&#109;&#x61;&#105;&#x6c;&#116;&#x6f;:&#x73;u&#115;&#x61;&#110;&#x6e;&#101;&#x2e;s&#x63;h&#117;&#x70;&#112;&#x40;&#102;&#x72;&#97;&#x6e;k&#x66;u&#114;&#x74;&#45;&#x65;&#118;&#x61;n&#x67;e&#108;&#x69;&#115;&#x63;&#104;&#x2e;&#100;&#x65;\">E-Mail<\/a><\/p><\/div><\/div><\/div>\n<\/div>\n\n\n\n<div class=\"wp-block-column is-layout-flow wp-block-column-is-layout-flow\">\n<div class=\"wp-block-erv-id-card\"><div class=\"id-card-content\"><figure class=\"id-card-photo\"><img decoding=\"async\" src=\"https:\/\/evangelische-beratung.com\/wp-content\/uploads\/2019\/11\/barbara-lueken_beratung-und-therpie-fuer-fluechtlinge-e1576337462749-300x260.jpg\" \/><\/figure><div class=\"id-card-details\"><p class=\"id-card-name\">Barbara Lueken <\/p><p class=\"id-card-job\">Beratung<\/p><p class=\"id-card-location\">Frankfurt<\/p><p class=\"id-card-phone\">069 \/ 53 02 291<\/p><p class=\"id-card-email\"><a href=\"m&#97;&#x69;&#x6c;t&#111;&#58;&#x66;&#x6c;u&#101;&#x63;&#x68;t&#108;&#105;&#x6e;&#x67;s&#98;&#x65;&#x72;a&#116;&#117;&#x6e;&#x67;&#64;&#102;&#x72;&#x61;n&#107;&#102;&#x75;&#x72;t&#45;&#x65;&#x76;an&#103;&#x65;&#x6c;i&#115;&#x63;&#x68;&#x2e;d&#101;\">E-Mail<\/a><\/p><\/div><\/div><\/div>\n\n\n\n<div class=\"wp-block-erv-id-card\"><div class=\"id-card-content\"><figure class=\"id-card-photo\"><img decoding=\"async\" src=\"https:\/\/evangelische-beratung.com\/wp-content\/uploads\/2020\/01\/Miriam-Schwarz_Beratung-und-Therapie-fuer-Fluechtlinge-300x300.jpg\" \/><\/figure><div class=\"id-card-details\"><p class=\"id-card-name\">Miriam Schwarz<\/p><p class=\"id-card-job\">Beratung<\/p><p class=\"id-card-location\">Frankfurt<\/p><p class=\"id-card-phone\">069 \/ 53 02 291<\/p><p class=\"id-card-email\"><a href=\"m&#97;&#x69;&#x6c;t&#111;&#x3a;&#x66;l&#117;&#x65;&#x63;h&#116;&#x6c;&#x69;n&#103;&#x73;&#x62;e&#114;&#97;&#x74;&#x75;n&#103;&#x40;&#x66;r&#97;&#x6e;&#x6b;f&#117;&#x72;&#x74;-&#101;&#x76;&#x61;n&#103;&#x65;&#x6c;i&#115;&#99;&#x68;&#x2e;d&#101;\">E-Mail<\/a><\/p><\/div><\/div><\/div>\n<\/div>\n\n\n\n<div class=\"wp-block-column is-layout-flow wp-block-column-is-layout-flow\">\n<div class=\"wp-block-erv-id-card\"><div class=\"id-card-content\"><figure class=\"id-card-photo\"><img decoding=\"async\" src=\"https:\/\/evangelische-beratung.com\/fr\/wp-content\/uploads\/sites\/5\/2020\/01\/Karin-Mueller_Verwaltung-Beratung-und-Therapie-fuer-Fluechtlinge-und-Sozialberatung-fuer-Migranten-300x300.jpg\" \/><\/figure><div class=\"id-card-details\"><p class=\"id-card-name\">Karin M\u00fcller<\/p><p class=\"id-card-job\">Sekretariat<\/p><p class=\"id-card-location\">Frankfurt<\/p><p class=\"id-card-phone\">069 \/ 53 02 291<\/p><p class=\"id-card-email\"><a href=\"mailto:fluec&#104;&#116;&#108;&#105;&#110;&#103;&#115;&#98;&#101;&#114;&#97;&#116;&#117;&#110;&#103;&#x40;&#x66;&#x72;&#x61;&#x6e;&#x6b;&#x66;&#x75;&#x72;&#x74;&#x2d;&#x65;&#x76;&#x61;&#x6e;&#x67;&#x65;&#x6c;&#x69;&#x73;&#x63;&#x68;&#x2e;de\">E-Mail<\/a><\/p><\/div><\/div><\/div>\n<\/div>\n<\/div>\n","protected":false},"excerpt":{"rendered":"<p>Nous vous conseillons si vous avez besoin d&rsquo;une aide psychologique. Contactez-nous \u00e0 propos de questions telles que : Vous avez besoin de conseils et d\u2019une th\u00e9rapie psychologique ? Vous avez des anxi\u00e9t\u00e9s ou vous sentez triste ? Vous avez des difficult\u00e9s \u00e0 vous souvenir de certaines choses ? Vous avec des difficult\u00e9s \u00e0 dormir la [&hellip;]<\/p>\n","protected":false},"author":5,"featured_media":36,"parent":16,"menu_order":0,"comment_status":"closed","ping_status":"closed","template":"","meta":{"footnotes":""},"class_list":["post-257","page","type-page","status-publish","has-post-thumbnail","hentry"],"yoast_head":"<!-- This site is optimized with the Yoast SEO plugin v27.4 - https:\/\/yoast.com\/product\/yoast-seo-wordpress\/ -->\n<title>Beratung und Therapie f\u00fcr Fl\u00fcchtlinge in Frankfurt beim Ev. Regionalverband<\/title>\n<meta name=\"description\" content=\"Flucht und Folter hinterlassen Spuren bei Erwachsenen, Jugendlichen und Kindern. Nutzen Sie unserer Beratungsangebot. Wir helfen Ihnen.\" \/>\n<meta name=\"robots\" content=\"index, follow, max-snippet:-1, max-image-preview:large, max-video-preview:-1\" \/>\n<link rel=\"canonical\" href=\"https:\/\/evangelische-beratung.com\/fr\/migration-flucht\/beratung-und-therapie-fuer-fluechtlinge\/\" \/>\n<meta property=\"og:locale\" content=\"fr_FR\" \/>\n<meta property=\"og:type\" content=\"article\" \/>\n<meta property=\"og:title\" content=\"Beratung und Therapie f\u00fcr Fl\u00fcchtlinge in Frankfurt beim Ev. Regionalverband\" \/>\n<meta property=\"og:description\" content=\"Flucht und Folter hinterlassen Spuren bei Erwachsenen, Jugendlichen und Kindern. Nutzen Sie unserer Beratungsangebot. Wir helfen Ihnen.\" \/>\n<meta property=\"og:url\" content=\"https:\/\/evangelische-beratung.com\/fr\/migration-flucht\/beratung-und-therapie-fuer-fluechtlinge\/\" \/>\n<meta property=\"og:site_name\" content=\"Evangelischer Regionalverband\" \/>\n<meta property=\"article:modified_time\" content=\"2020-03-17T13:34:03+00:00\" \/>\n<meta property=\"og:image\" content=\"https:\/\/evangelische-beratung.com\/fr\/wp-content\/uploads\/sites\/5\/2019\/07\/humberto-chavez-Ilo0ZD5o-q8-unsplash.jpg\" \/>\n\t<meta property=\"og:image:width\" content=\"1800\" \/>\n\t<meta property=\"og:image:height\" content=\"1200\" \/>\n\t<meta property=\"og:image:type\" content=\"image\/jpeg\" \/>\n<meta name=\"twitter:card\" content=\"summary_large_image\" \/>\n<meta name=\"twitter:label1\" content=\"Dur\u00e9e de lecture estim\u00e9e\" \/>\n\t<meta name=\"twitter:data1\" content=\"1 minute\" \/>\n<script type=\"application\/ld+json\" class=\"yoast-schema-graph\">{\"@context\":\"https:\\\/\\\/schema.org\",\"@graph\":[{\"@type\":\"WebPage\",\"@id\":\"https:\\\/\\\/evangelische-beratung.com\\\/fr\\\/migration-flucht\\\/beratung-und-therapie-fuer-fluechtlinge\\\/\",\"url\":\"https:\\\/\\\/evangelische-beratung.com\\\/fr\\\/migration-flucht\\\/beratung-und-therapie-fuer-fluechtlinge\\\/\",\"name\":\"Beratung und Therapie f\u00fcr Fl\u00fcchtlinge in Frankfurt beim Ev. Regionalverband\",\"isPartOf\":{\"@id\":\"https:\\\/\\\/evangelische-beratung.com\\\/fr\\\/#website\"},\"primaryImageOfPage\":{\"@id\":\"https:\\\/\\\/evangelische-beratung.com\\\/fr\\\/migration-flucht\\\/beratung-und-therapie-fuer-fluechtlinge\\\/#primaryimage\"},\"image\":{\"@id\":\"https:\\\/\\\/evangelische-beratung.com\\\/fr\\\/migration-flucht\\\/beratung-und-therapie-fuer-fluechtlinge\\\/#primaryimage\"},\"thumbnailUrl\":\"https:\\\/\\\/evangelische-beratung.com\\\/fr\\\/wp-content\\\/uploads\\\/sites\\\/5\\\/2019\\\/07\\\/humberto-chavez-Ilo0ZD5o-q8-unsplash.jpg\",\"datePublished\":\"2019-08-16T12:45:38+00:00\",\"dateModified\":\"2020-03-17T13:34:03+00:00\",\"description\":\"Flucht und Folter hinterlassen Spuren bei Erwachsenen, Jugendlichen und Kindern. Nutzen Sie unserer Beratungsangebot. Wir helfen Ihnen.\",\"breadcrumb\":{\"@id\":\"https:\\\/\\\/evangelische-beratung.com\\\/fr\\\/migration-flucht\\\/beratung-und-therapie-fuer-fluechtlinge\\\/#breadcrumb\"},\"inLanguage\":\"fr-FR\",\"potentialAction\":[{\"@type\":\"ReadAction\",\"target\":[\"https:\\\/\\\/evangelische-beratung.com\\\/fr\\\/migration-flucht\\\/beratung-und-therapie-fuer-fluechtlinge\\\/\"]}]},{\"@type\":\"ImageObject\",\"inLanguage\":\"fr-FR\",\"@id\":\"https:\\\/\\\/evangelische-beratung.com\\\/fr\\\/migration-flucht\\\/beratung-und-therapie-fuer-fluechtlinge\\\/#primaryimage\",\"url\":\"https:\\\/\\\/evangelische-beratung.com\\\/fr\\\/wp-content\\\/uploads\\\/sites\\\/5\\\/2019\\\/07\\\/humberto-chavez-Ilo0ZD5o-q8-unsplash.jpg\",\"contentUrl\":\"https:\\\/\\\/evangelische-beratung.com\\\/fr\\\/wp-content\\\/uploads\\\/sites\\\/5\\\/2019\\\/07\\\/humberto-chavez-Ilo0ZD5o-q8-unsplash.jpg\",\"width\":1800,\"height\":1200},{\"@type\":\"BreadcrumbList\",\"@id\":\"https:\\\/\\\/evangelische-beratung.com\\\/fr\\\/migration-flucht\\\/beratung-und-therapie-fuer-fluechtlinge\\\/#breadcrumb\",\"itemListElement\":[{\"@type\":\"ListItem\",\"position\":1,\"name\":\"Startseite\",\"item\":\"https:\\\/\\\/evangelische-beratung.com\\\/fr\\\/\"},{\"@type\":\"ListItem\",\"position\":2,\"name\":\"Migration et refuge\",\"item\":\"https:\\\/\\\/evangelische-beratung.com\\\/fr\\\/migration-flucht\\\/\"},{\"@type\":\"ListItem\",\"position\":3,\"name\":\"Conseil et th\u00e9rapie pour r\u00e9fugi\u00e9s\"}]},{\"@type\":\"WebSite\",\"@id\":\"https:\\\/\\\/evangelische-beratung.com\\\/fr\\\/#website\",\"url\":\"https:\\\/\\\/evangelische-beratung.com\\\/fr\\\/\",\"name\":\"Evangelischer Regionalverband\",\"description\":\"\",\"publisher\":{\"@id\":\"https:\\\/\\\/evangelische-beratung.com\\\/fr\\\/#organization\"},\"potentialAction\":[{\"@type\":\"SearchAction\",\"target\":{\"@type\":\"EntryPoint\",\"urlTemplate\":\"https:\\\/\\\/evangelische-beratung.com\\\/fr\\\/?s={search_term_string}\"},\"query-input\":{\"@type\":\"PropertyValueSpecification\",\"valueRequired\":true,\"valueName\":\"search_term_string\"}}],\"inLanguage\":\"fr-FR\"},{\"@type\":\"Organization\",\"@id\":\"https:\\\/\\\/evangelische-beratung.com\\\/fr\\\/#organization\",\"name\":\"Evangelischer Regionalverband Frankfurt und Offenbach\",\"url\":\"https:\\\/\\\/evangelische-beratung.com\\\/fr\\\/\",\"logo\":{\"@type\":\"ImageObject\",\"inLanguage\":\"fr-FR\",\"@id\":\"https:\\\/\\\/evangelische-beratung.com\\\/fr\\\/#\\\/schema\\\/logo\\\/image\\\/\",\"url\":\"https:\\\/\\\/evangelische-beratung.com\\\/fr\\\/wp-content\\\/uploads\\\/sites\\\/5\\\/2019\\\/10\\\/erv-logo.png\",\"contentUrl\":\"https:\\\/\\\/evangelische-beratung.com\\\/fr\\\/wp-content\\\/uploads\\\/sites\\\/5\\\/2019\\\/10\\\/erv-logo.png\",\"width\":1127,\"height\":595,\"caption\":\"Evangelischer Regionalverband Frankfurt und Offenbach\"},\"image\":{\"@id\":\"https:\\\/\\\/evangelische-beratung.com\\\/fr\\\/#\\\/schema\\\/logo\\\/image\\\/\"}}]}<\/script>\n<!-- \/ Yoast SEO plugin. -->","yoast_head_json":{"title":"Beratung und Therapie f\u00fcr Fl\u00fcchtlinge in Frankfurt beim Ev. Regionalverband","description":"Flucht und Folter hinterlassen Spuren bei Erwachsenen, Jugendlichen und Kindern. Nutzen Sie unserer Beratungsangebot. Wir helfen Ihnen.","robots":{"index":"index","follow":"follow","max-snippet":"max-snippet:-1","max-image-preview":"max-image-preview:large","max-video-preview":"max-video-preview:-1"},"canonical":"https:\/\/evangelische-beratung.com\/fr\/migration-flucht\/beratung-und-therapie-fuer-fluechtlinge\/","og_locale":"fr_FR","og_type":"article","og_title":"Beratung und Therapie f\u00fcr Fl\u00fcchtlinge in Frankfurt beim Ev. Regionalverband","og_description":"Flucht und Folter hinterlassen Spuren bei Erwachsenen, Jugendlichen und Kindern. Nutzen Sie unserer Beratungsangebot. Wir helfen Ihnen.","og_url":"https:\/\/evangelische-beratung.com\/fr\/migration-flucht\/beratung-und-therapie-fuer-fluechtlinge\/","og_site_name":"Evangelischer Regionalverband","article_modified_time":"2020-03-17T13:34:03+00:00","og_image":[{"width":1800,"height":1200,"url":"https:\/\/evangelische-beratung.com\/fr\/wp-content\/uploads\/sites\/5\/2019\/07\/humberto-chavez-Ilo0ZD5o-q8-unsplash.jpg","type":"image\/jpeg"}],"twitter_card":"summary_large_image","twitter_misc":{"Dur\u00e9e de lecture estim\u00e9e":"1 minute"},"schema":{"@context":"https:\/\/schema.org","@graph":[{"@type":"WebPage","@id":"https:\/\/evangelische-beratung.com\/fr\/migration-flucht\/beratung-und-therapie-fuer-fluechtlinge\/","url":"https:\/\/evangelische-beratung.com\/fr\/migration-flucht\/beratung-und-therapie-fuer-fluechtlinge\/","name":"Beratung und Therapie f\u00fcr Fl\u00fcchtlinge in Frankfurt beim Ev. Regionalverband","isPartOf":{"@id":"https:\/\/evangelische-beratung.com\/fr\/#website"},"primaryImageOfPage":{"@id":"https:\/\/evangelische-beratung.com\/fr\/migration-flucht\/beratung-und-therapie-fuer-fluechtlinge\/#primaryimage"},"image":{"@id":"https:\/\/evangelische-beratung.com\/fr\/migration-flucht\/beratung-und-therapie-fuer-fluechtlinge\/#primaryimage"},"thumbnailUrl":"https:\/\/evangelische-beratung.com\/fr\/wp-content\/uploads\/sites\/5\/2019\/07\/humberto-chavez-Ilo0ZD5o-q8-unsplash.jpg","datePublished":"2019-08-16T12:45:38+00:00","dateModified":"2020-03-17T13:34:03+00:00","description":"Flucht und Folter hinterlassen Spuren bei Erwachsenen, Jugendlichen und Kindern. Nutzen Sie unserer Beratungsangebot. Wir helfen Ihnen.","breadcrumb":{"@id":"https:\/\/evangelische-beratung.com\/fr\/migration-flucht\/beratung-und-therapie-fuer-fluechtlinge\/#breadcrumb"},"inLanguage":"fr-FR","potentialAction":[{"@type":"ReadAction","target":["https:\/\/evangelische-beratung.com\/fr\/migration-flucht\/beratung-und-therapie-fuer-fluechtlinge\/"]}]},{"@type":"ImageObject","inLanguage":"fr-FR","@id":"https:\/\/evangelische-beratung.com\/fr\/migration-flucht\/beratung-und-therapie-fuer-fluechtlinge\/#primaryimage","url":"https:\/\/evangelische-beratung.com\/fr\/wp-content\/uploads\/sites\/5\/2019\/07\/humberto-chavez-Ilo0ZD5o-q8-unsplash.jpg","contentUrl":"https:\/\/evangelische-beratung.com\/fr\/wp-content\/uploads\/sites\/5\/2019\/07\/humberto-chavez-Ilo0ZD5o-q8-unsplash.jpg","width":1800,"height":1200},{"@type":"BreadcrumbList","@id":"https:\/\/evangelische-beratung.com\/fr\/migration-flucht\/beratung-und-therapie-fuer-fluechtlinge\/#breadcrumb","itemListElement":[{"@type":"ListItem","position":1,"name":"Startseite","item":"https:\/\/evangelische-beratung.com\/fr\/"},{"@type":"ListItem","position":2,"name":"Migration et refuge","item":"https:\/\/evangelische-beratung.com\/fr\/migration-flucht\/"},{"@type":"ListItem","position":3,"name":"Conseil et th\u00e9rapie pour r\u00e9fugi\u00e9s"}]},{"@type":"WebSite","@id":"https:\/\/evangelische-beratung.com\/fr\/#website","url":"https:\/\/evangelische-beratung.com\/fr\/","name":"Evangelischer Regionalverband","description":"","publisher":{"@id":"https:\/\/evangelische-beratung.com\/fr\/#organization"},"potentialAction":[{"@type":"SearchAction","target":{"@type":"EntryPoint","urlTemplate":"https:\/\/evangelische-beratung.com\/fr\/?s={search_term_string}"},"query-input":{"@type":"PropertyValueSpecification","valueRequired":true,"valueName":"search_term_string"}}],"inLanguage":"fr-FR"},{"@type":"Organization","@id":"https:\/\/evangelische-beratung.com\/fr\/#organization","name":"Evangelischer Regionalverband Frankfurt und Offenbach","url":"https:\/\/evangelische-beratung.com\/fr\/","logo":{"@type":"ImageObject","inLanguage":"fr-FR","@id":"https:\/\/evangelische-beratung.com\/fr\/#\/schema\/logo\/image\/","url":"https:\/\/evangelische-beratung.com\/fr\/wp-content\/uploads\/sites\/5\/2019\/10\/erv-logo.png","contentUrl":"https:\/\/evangelische-beratung.com\/fr\/wp-content\/uploads\/sites\/5\/2019\/10\/erv-logo.png","width":1127,"height":595,"caption":"Evangelischer Regionalverband Frankfurt und Offenbach"},"image":{"@id":"https:\/\/evangelische-beratung.com\/fr\/#\/schema\/logo\/image\/"}}]}},"_links":{"self":[{"href":"https:\/\/evangelische-beratung.com\/fr\/wp-json\/wp\/v2\/pages\/257","targetHints":{"allow":["GET"]}}],"collection":[{"href":"https:\/\/evangelische-beratung.com\/fr\/wp-json\/wp\/v2\/pages"}],"about":[{"href":"https:\/\/evangelische-beratung.com\/fr\/wp-json\/wp\/v2\/types\/page"}],"author":[{"embeddable":true,"href":"https:\/\/evangelische-beratung.com\/fr\/wp-json\/wp\/v2\/users\/5"}],"replies":[{"embeddable":true,"href":"https:\/\/evangelische-beratung.com\/fr\/wp-json\/wp\/v2\/comments?post=257"}],"version-history":[{"count":5,"href":"https:\/\/evangelische-beratung.com\/fr\/wp-json\/wp\/v2\/pages\/257\/revisions"}],"predecessor-version":[{"id":1428,"href":"https:\/\/evangelische-beratung.com\/fr\/wp-json\/wp\/v2\/pages\/257\/revisions\/1428"}],"up":[{"embeddable":true,"href":"https:\/\/evangelische-beratung.com\/fr\/wp-json\/wp\/v2\/pages\/16"}],"wp:featuredmedia":[{"embeddable":true,"href":"https:\/\/evangelische-beratung.com\/fr\/wp-json\/wp\/v2\/media\/36"}],"wp:attachment":[{"href":"https:\/\/evangelische-beratung.com\/fr\/wp-json\/wp\/v2\/media?parent=257"}],"curies":[{"name":"wp","href":"https:\/\/api.w.org\/{rel}","templated":true}]}}