{"id":256,"date":"2019-08-16T13:33:36","date_gmt":"2019-08-16T11:33:36","guid":{"rendered":"https:\/\/evangelische-beratung.com\/fr\/?page_id=256"},"modified":"2020-03-15T11:25:34","modified_gmt":"2020-03-15T10:25:34","slug":"gluecksspiel","status":"publish","type":"page","link":"https:\/\/evangelische-beratung.com\/fr\/sucht\/gluecksspiel\/","title":{"rendered":"Jeu"},"content":{"rendered":"\n<p class=\"is-style-teaser\">Vous avez des probl\u00e8mes avec l&rsquo;addiction au jeu ? Nous pouvons vous aider \u00e0 vous en sortir.<\/p>\n\n\n\n<p>Le jeu inclut toutes les formes de jeu impliquant la chance et les paris. Par exemple :&nbsp;&nbsp;&nbsp; <\/p>\n\n\n\n<ul class=\"wp-block-list\"><li>Les machines de jeu (dans des salles de jeu ou des bars)<\/li><li>Les paris sportifs <\/li><li>Le poker<\/li><li>Les cartes \u00e0 gratter<\/li><li>Le loto<\/li><\/ul>\n\n\n\n<p>Les jeux de hasard peuvent devenir un risque : ce qui \u00e9tait un jeu devient s\u00e9rieux, la passion devient d\u00e9pendance. Le jeu de hasard domine le quotidien des personnes affect\u00e9es et peut conduire \u00e0 des probl\u00e8mes financiers et sociaux massifs.<\/p>\n\n\n\n<p>N&rsquo;h\u00e9sitez pas \u00e0 venir \u00e0 nos heures d&rsquo;entretien ouvertes \u00e0 la Haus am Wei\u00dfen Stein ou convenez d&rsquo;un rendez-vous individuel.<\/p>\n\n\n\n<p><strong>Horaires de consultation ouvertes : <\/strong><br>Lun, mer, ven : 9h00 am \u2013 11h00 am<br>Mar : 1h30 \u2013 3h00 pm<br>Jeu : 4h00 \u2013 5h30 pm<\/p>\n\n\n\n<div class=\"wp-block-columns alignwide has-3-columns is-layout-flex wp-container-core-columns-is-layout-9d6595d7 wp-block-columns-is-layout-flex\">\n<div class=\"wp-block-column is-layout-flow wp-block-column-is-layout-flow\"><div class=\"wp-block-erv-tile \">\n\t\t\t<div>\n\t\t\t<a href=\"https:\/\/evangelische-beratung.com\/fr\/sucht\/gluecksspiel\/therapieangebote\/\" tabindex=\"-1\" aria-hidden=\"true\" ><\/a>\n\t\t\t<h2 class=\"tile-title\"><a href=\"https:\/\/evangelische-beratung.com\/fr\/sucht\/gluecksspiel\/therapieangebote\/\" >Adolescents et jeunes adultes (16\u201025 ans)<\/a><\/h2>\n\t\t\t\n\t\t\t<p aria-hidden=\"true\" class=\"-is-micro\"><svg xmlns=\"http:\/\/www.w3.org\/2000\/svg\" viewBox=\"0 0 13 10\"><path d=\"M1.5 5H12M8 1l4 4-4 4\" fill=\"none\" stroke=\"#a22a45\" stroke-width=\"1.2\" stroke-linecap=\"round\" stroke-linejoin=\"round\"\/><\/svg><\/p>\n\t\t\t<\/div>\n\t\t<\/div>\n\n<div class=\"wp-block-erv-tile \">\n\t\t\t<div>\n\t\t\t<a href=\"https:\/\/evangelische-beratung.com\/fr\/sucht\/gluecksspiel\/schulungen-fuer-spielhallen\/\" tabindex=\"-1\" aria-hidden=\"true\" ><\/a>\n\t\t\t<h2 class=\"tile-title\"><a href=\"https:\/\/evangelische-beratung.com\/fr\/sucht\/gluecksspiel\/schulungen-fuer-spielhallen\/\" >Formations pour les salles de jeu<\/a><\/h2>\n\t\t\t\n\t\t\t<p aria-hidden=\"true\" class=\"-is-micro\"><svg xmlns=\"http:\/\/www.w3.org\/2000\/svg\" viewBox=\"0 0 13 10\"><path d=\"M1.5 5H12M8 1l4 4-4 4\" fill=\"none\" stroke=\"#a22a45\" stroke-width=\"1.2\" stroke-linecap=\"round\" stroke-linejoin=\"round\"\/><\/svg><\/p>\n\t\t\t<\/div>\n\t\t<\/div><\/div>\n\n\n\n<div class=\"wp-block-column is-layout-flow wp-block-column-is-layout-flow\"><div class=\"wp-block-erv-tile \">\n\t\t\t<div>\n\t\t\t<a href=\"https:\/\/evangelische-beratung.com\/fr\/sucht\/gluecksspiel\/angebote-fuer-menschen-die-mit-jugendlichen-und-jungen-erwachsenen-16%e2%80%9025-jahre-arbeiten-schulen-jugendhaeuser-vereine-etc\/\" tabindex=\"-1\" aria-hidden=\"true\" ><\/a>\n\t\t\t<h2 class=\"tile-title\"><a href=\"https:\/\/evangelische-beratung.com\/fr\/sucht\/gluecksspiel\/angebote-fuer-menschen-die-mit-jugendlichen-und-jungen-erwachsenen-16%e2%80%9025-jahre-arbeiten-schulen-jugendhaeuser-vereine-etc\/\" >Offre aux gens qui travaillent avec des adolescents et des jeunes adultes (16\u201025 ans) (\u00e9coles, maisons de la jeunesse, associations etc.)<\/a><\/h2>\n\t\t\t\n\t\t\t<p aria-hidden=\"true\" class=\"-is-micro\"><svg xmlns=\"http:\/\/www.w3.org\/2000\/svg\" viewBox=\"0 0 13 10\"><path d=\"M1.5 5H12M8 1l4 4-4 4\" fill=\"none\" stroke=\"#a22a45\" stroke-width=\"1.2\" stroke-linecap=\"round\" stroke-linejoin=\"round\"\/><\/svg><\/p>\n\t\t\t<\/div>\n\t\t<\/div><\/div>\n\n\n\n<div class=\"wp-block-column is-layout-flow wp-block-column-is-layout-flow\"><div class=\"wp-block-erv-tile \">\n\t\t\t<div>\n\t\t\t<a href=\"https:\/\/evangelische-beratung.com\/fr\/sucht\/gluecksspiel\/praevention-beratung-fuer-erwachsene-ab-18-jahren\/\" tabindex=\"-1\" aria-hidden=\"true\" ><\/a>\n\t\t\t<h2 class=\"tile-title\"><a href=\"https:\/\/evangelische-beratung.com\/fr\/sucht\/gluecksspiel\/praevention-beratung-fuer-erwachsene-ab-18-jahren\/\" >Pr\u00e9vention et soutien aux adultes (plus de 18 ans)<\/a><\/h2>\n\t\t\t\n\t\t\t<p aria-hidden=\"true\" class=\"-is-micro\"><svg xmlns=\"http:\/\/www.w3.org\/2000\/svg\" viewBox=\"0 0 13 10\"><path d=\"M1.5 5H12M8 1l4 4-4 4\" fill=\"none\" stroke=\"#a22a45\" stroke-width=\"1.2\" stroke-linecap=\"round\" stroke-linejoin=\"round\"\/><\/svg><\/p>\n\t\t\t<\/div>\n\t\t<\/div><\/div>\n<\/div>\n\n\n\n<p style=\"text-align:center\" class=\"is-style-roof-line\"><strong>Vos interlocuteurs<\/strong><\/p>\n\n\n\n<div class=\"wp-block-columns alignwide has-3-columns is-layout-flex wp-container-core-columns-is-layout-9d6595d7 wp-block-columns-is-layout-flex\">\n<div class=\"wp-block-column is-layout-flow wp-block-column-is-layout-flow\">\n<div class=\"wp-block-erv-id-card\"><div class=\"id-card-content\"><figure class=\"id-card-photo\"><img decoding=\"async\" src=\"https:\/\/evangelische-beratung.com\/wp-content\/uploads\/2019\/08\/Monika-Schiemann_Verwaltung-Suchtberatung-300x200.jpg\" \/><\/figure><div class=\"id-card-details\"><p class=\"id-card-name\">Monika Schiemann<\/p><p class=\"id-card-job\">Sekretariat &amp; Anmeldung<\/p><p class=\"id-card-location\">Frankfurt<\/p><p class=\"id-card-phone\">069 \/ 53 02 302 <\/p><p class=\"id-card-email\"><a href=\"&#x6d;&#97;i&#x6c;&#x74;&#111;:&#x73;&#117;c&#x68;&#x74;&#98;e&#x72;&#97;t&#x75;&#x6e;&#103;&#64;&#x66;&#x72;&#97;&#x6e;&#x6b;&#102;u&#x72;&#x74;&#45;e&#x76;&#97;n&#x67;&#x65;&#108;i&#x73;&#99;h&#x2e;&#x64;&#101;\">E-Mail<\/a><\/p><\/div><\/div><\/div>\n\n\n\n<div class=\"wp-block-erv-id-card\"><div class=\"id-card-content\"><figure class=\"id-card-photo\"><img decoding=\"async\" src=\"https:\/\/evangelische-beratung.com\/wp-content\/uploads\/2020\/02\/Veit-Wennhak_2-300x200.jpg\" \/><\/figure><div class=\"id-card-details\"><p class=\"id-card-name\">Veit Wennhak <\/p><p class=\"id-card-job\">Fachberater Gl\u00fccksspiel<\/p><p class=\"id-card-location\">Frankfurt<\/p><p class=\"id-card-phone\">069 \/ 53 02 307<\/p><p class=\"id-card-email\"><a href=\"&#109;&#x61;&#105;&#x6c;t&#111;&#x3a;&#118;&#x65;i&#x74;&#46;&#119;&#x65;&#110;&#x6e;h&#x61;&#x6b;&#64;&#x66;r&#x61;n&#107;&#x66;&#117;&#x72;t&#x2d;e&#118;&#x61;&#110;&#x67;e&#108;&#x69;&#115;&#x63;h&#x2e;d&#101;\">E-Mail<\/a><\/p><\/div><\/div><\/div>\n<\/div>\n\n\n\n<div class=\"wp-block-column is-layout-flow wp-block-column-is-layout-flow\">\n<div class=\"wp-block-erv-id-card\"><div class=\"id-card-content\"><figure class=\"id-card-photo\"><img decoding=\"async\" src=\"https:\/\/evangelische-beratung.com\/wp-content\/uploads\/2025\/04\/portrait_platzhalter-1-300x300-1.jpg\" \/><\/figure><div class=\"id-card-details\"><p class=\"id-card-name\">N. N. <\/p><p class=\"id-card-job\">Leitung<\/p><p class=\"id-card-location\">Frankfurt<\/p><p class=\"id-card-phone\">069 \/ 53 02 301<\/p><p class=\"id-card-email\"><a href=\"&#109;&#x61;&#x69;l&#116;&#x6f;:&#115;&#x75;&#x63;h&#116;&#x62;e&#114;&#x61;&#x74;u&#110;&#x67;&#64;&#102;&#x72;&#x61;&#110;&#107;&#x66;u&#114;&#x74;&#x2d;&#101;&#x76;&#x61;n&#103;&#x65;l&#105;&#x73;&#x63;h&#46;&#x64;e\">E-Mail<\/a><\/p><\/div><\/div><\/div>\n\n\n\n<div class=\"wp-block-erv-id-card\"><div class=\"id-card-content\"><figure class=\"id-card-photo\"><img decoding=\"async\" src=\"https:\/\/evangelische-beratung.com\/wp-content\/uploads\/2019\/08\/beate-fuchs_suchtberatung-hoechst-e1576424435131-300x268.jpg\" \/><\/figure><div class=\"id-card-details\"><p class=\"id-card-name\">Beate Fuchs<\/p><p class=\"id-card-job\">Beratung<\/p><p class=\"id-card-location\">H\u00f6chst<\/p><p class=\"id-card-phone\">069 \/ 75 93 672 60<\/p><p class=\"id-card-email\"><a href=\"&#x6d;&#x61;&#x69;&#x6c;&#x74;&#x6f;&#x3a;&#x62;&#x65;&#x61;&#x74;&#x65;&#x2e;&#x66;&#117;&#99;&#104;&#115;&#64;&#102;&#114;&#97;&#110;&#107;&#102;urt-evan&#x67;&#x65;&#x6c;&#x69;&#x73;&#x63;&#x68;&#x2e;&#x64;&#x65;\">E-Mail<\/a><\/p><\/div><\/div><\/div>\n<\/div>\n\n\n\n<div class=\"wp-block-column is-layout-flow wp-block-column-is-layout-flow\">\n<div class=\"wp-block-erv-id-card\"><div class=\"id-card-content\"><figure class=\"id-card-photo\"><img decoding=\"async\" src=\"https:\/\/evangelische-beratung.com\/wp-content\/uploads\/2020\/01\/Ralf-Hoelzel_Suchtberatung-300x300.jpg\" \/><\/figure><div class=\"id-card-details\"><p class=\"id-card-name\">Ralf H\u00f6lzel<\/p><p class=\"id-card-job\">Fachberater Gl\u00fccksspiel<\/p><p class=\"id-card-location\">Frankfurt<\/p><p class=\"id-card-phone\">069 \/ 53 02 306<\/p><p class=\"id-card-email\"><a href=\"mai&#108;&#116;&#111;&#58;&#x72;&#x61;&#x6c;&#x66;&#x2e;&#x68;&#x6f;elz&#101;&#108;&#64;&#102;&#114;&#x61;&#x6e;&#x6b;&#x66;&#x75;&#x72;t-ev&#97;&#110;&#103;&#101;&#x6c;&#x69;&#x73;&#x63;&#x68;&#x2e;de\">E-Mail<\/a><\/p><\/div><\/div><\/div>\n<\/div>\n<\/div>\n\n\n\n<p><\/p>\n","protected":false},"excerpt":{"rendered":"<p>Vous avez des probl\u00e8mes avec l&rsquo;addiction au jeu ? Nous pouvons vous aider \u00e0 vous en sortir. Le jeu inclut toutes les formes de jeu impliquant la chance et les paris. Par exemple :&nbsp;&nbsp;&nbsp; Les machines de jeu (dans des salles de jeu ou des bars) Les paris sportifs Le poker Les cartes \u00e0 gratter [&hellip;]<\/p>\n","protected":false},"author":3,"featured_media":0,"parent":37,"menu_order":0,"comment_status":"closed","ping_status":"closed","template":"","meta":{"footnotes":""},"class_list":["post-256","page","type-page","status-publish","hentry"],"yoast_head":"<!-- This site is optimized with the Yoast SEO plugin v27.5 - https:\/\/yoast.com\/product\/yoast-seo-wordpress\/ -->\n<title>Probleme mit Spielsucht in Frankfurt? Der Ev. Regionalverband hilft Ihnen<\/title>\n<meta name=\"description\" content=\"Gl\u00fcckspiele k\u00f6nnen zum Risiko werden. Schnell kann eine Abh\u00e4ngigkeit entstehen. Kommen Sie zu unseren Offenen Sprechzeiten. Wir sind f\u00fcr Sie da.\" \/>\n<meta name=\"robots\" content=\"index, follow, max-snippet:-1, max-image-preview:large, max-video-preview:-1\" \/>\n<link rel=\"canonical\" href=\"https:\/\/evangelische-beratung.com\/fr\/sucht\/gluecksspiel\/\" \/>\n<meta property=\"og:locale\" content=\"fr_FR\" \/>\n<meta property=\"og:type\" content=\"article\" \/>\n<meta property=\"og:title\" content=\"Probleme mit Spielsucht in Frankfurt? Der Ev. Regionalverband hilft Ihnen\" \/>\n<meta property=\"og:description\" content=\"Gl\u00fcckspiele k\u00f6nnen zum Risiko werden. Schnell kann eine Abh\u00e4ngigkeit entstehen. Kommen Sie zu unseren Offenen Sprechzeiten. Wir sind f\u00fcr Sie da.\" \/>\n<meta property=\"og:url\" content=\"https:\/\/evangelische-beratung.com\/fr\/sucht\/gluecksspiel\/\" \/>\n<meta property=\"og:site_name\" content=\"Evangelischer Regionalverband\" \/>\n<meta property=\"article:modified_time\" content=\"2020-03-15T10:25:34+00:00\" \/>\n<meta name=\"twitter:card\" content=\"summary_large_image\" \/>\n<meta name=\"twitter:label1\" content=\"Dur\u00e9e de lecture estim\u00e9e\" \/>\n\t<meta name=\"twitter:data1\" content=\"1 minute\" \/>\n<script type=\"application\/ld+json\" class=\"yoast-schema-graph\">{\"@context\":\"https:\\\/\\\/schema.org\",\"@graph\":[{\"@type\":\"WebPage\",\"@id\":\"https:\\\/\\\/evangelische-beratung.com\\\/fr\\\/sucht\\\/gluecksspiel\\\/\",\"url\":\"https:\\\/\\\/evangelische-beratung.com\\\/fr\\\/sucht\\\/gluecksspiel\\\/\",\"name\":\"Probleme mit Spielsucht in Frankfurt? Der Ev. Regionalverband hilft Ihnen\",\"isPartOf\":{\"@id\":\"https:\\\/\\\/evangelische-beratung.com\\\/fr\\\/#website\"},\"datePublished\":\"2019-08-16T11:33:36+00:00\",\"dateModified\":\"2020-03-15T10:25:34+00:00\",\"description\":\"Gl\u00fcckspiele k\u00f6nnen zum Risiko werden. Schnell kann eine Abh\u00e4ngigkeit entstehen. Kommen Sie zu unseren Offenen Sprechzeiten. Wir sind f\u00fcr Sie da.\",\"breadcrumb\":{\"@id\":\"https:\\\/\\\/evangelische-beratung.com\\\/fr\\\/sucht\\\/gluecksspiel\\\/#breadcrumb\"},\"inLanguage\":\"fr-FR\",\"potentialAction\":[{\"@type\":\"ReadAction\",\"target\":[\"https:\\\/\\\/evangelische-beratung.com\\\/fr\\\/sucht\\\/gluecksspiel\\\/\"]}]},{\"@type\":\"BreadcrumbList\",\"@id\":\"https:\\\/\\\/evangelische-beratung.com\\\/fr\\\/sucht\\\/gluecksspiel\\\/#breadcrumb\",\"itemListElement\":[{\"@type\":\"ListItem\",\"position\":1,\"name\":\"Startseite\",\"item\":\"https:\\\/\\\/evangelische-beratung.com\\\/fr\\\/\"},{\"@type\":\"ListItem\",\"position\":2,\"name\":\"Addiction\",\"item\":\"https:\\\/\\\/evangelische-beratung.com\\\/fr\\\/sucht\\\/\"},{\"@type\":\"ListItem\",\"position\":3,\"name\":\"Jeu\"}]},{\"@type\":\"WebSite\",\"@id\":\"https:\\\/\\\/evangelische-beratung.com\\\/fr\\\/#website\",\"url\":\"https:\\\/\\\/evangelische-beratung.com\\\/fr\\\/\",\"name\":\"Evangelischer Regionalverband\",\"description\":\"\",\"publisher\":{\"@id\":\"https:\\\/\\\/evangelische-beratung.com\\\/fr\\\/#organization\"},\"potentialAction\":[{\"@type\":\"SearchAction\",\"target\":{\"@type\":\"EntryPoint\",\"urlTemplate\":\"https:\\\/\\\/evangelische-beratung.com\\\/fr\\\/?s={search_term_string}\"},\"query-input\":{\"@type\":\"PropertyValueSpecification\",\"valueRequired\":true,\"valueName\":\"search_term_string\"}}],\"inLanguage\":\"fr-FR\"},{\"@type\":\"Organization\",\"@id\":\"https:\\\/\\\/evangelische-beratung.com\\\/fr\\\/#organization\",\"name\":\"Evangelischer Regionalverband Frankfurt und Offenbach\",\"url\":\"https:\\\/\\\/evangelische-beratung.com\\\/fr\\\/\",\"logo\":{\"@type\":\"ImageObject\",\"inLanguage\":\"fr-FR\",\"@id\":\"https:\\\/\\\/evangelische-beratung.com\\\/fr\\\/#\\\/schema\\\/logo\\\/image\\\/\",\"url\":\"https:\\\/\\\/evangelische-beratung.com\\\/fr\\\/wp-content\\\/uploads\\\/sites\\\/5\\\/2019\\\/10\\\/erv-logo.png\",\"contentUrl\":\"https:\\\/\\\/evangelische-beratung.com\\\/fr\\\/wp-content\\\/uploads\\\/sites\\\/5\\\/2019\\\/10\\\/erv-logo.png\",\"width\":1127,\"height\":595,\"caption\":\"Evangelischer Regionalverband Frankfurt und Offenbach\"},\"image\":{\"@id\":\"https:\\\/\\\/evangelische-beratung.com\\\/fr\\\/#\\\/schema\\\/logo\\\/image\\\/\"}}]}<\/script>\n<!-- \/ Yoast SEO plugin. -->","yoast_head_json":{"title":"Probleme mit Spielsucht in Frankfurt? Der Ev. Regionalverband hilft Ihnen","description":"Gl\u00fcckspiele k\u00f6nnen zum Risiko werden. Schnell kann eine Abh\u00e4ngigkeit entstehen. Kommen Sie zu unseren Offenen Sprechzeiten. Wir sind f\u00fcr Sie da.","robots":{"index":"index","follow":"follow","max-snippet":"max-snippet:-1","max-image-preview":"max-image-preview:large","max-video-preview":"max-video-preview:-1"},"canonical":"https:\/\/evangelische-beratung.com\/fr\/sucht\/gluecksspiel\/","og_locale":"fr_FR","og_type":"article","og_title":"Probleme mit Spielsucht in Frankfurt? Der Ev. Regionalverband hilft Ihnen","og_description":"Gl\u00fcckspiele k\u00f6nnen zum Risiko werden. Schnell kann eine Abh\u00e4ngigkeit entstehen. Kommen Sie zu unseren Offenen Sprechzeiten. Wir sind f\u00fcr Sie da.","og_url":"https:\/\/evangelische-beratung.com\/fr\/sucht\/gluecksspiel\/","og_site_name":"Evangelischer Regionalverband","article_modified_time":"2020-03-15T10:25:34+00:00","twitter_card":"summary_large_image","twitter_misc":{"Dur\u00e9e de lecture estim\u00e9e":"1 minute"},"schema":{"@context":"https:\/\/schema.org","@graph":[{"@type":"WebPage","@id":"https:\/\/evangelische-beratung.com\/fr\/sucht\/gluecksspiel\/","url":"https:\/\/evangelische-beratung.com\/fr\/sucht\/gluecksspiel\/","name":"Probleme mit Spielsucht in Frankfurt? Der Ev. Regionalverband hilft Ihnen","isPartOf":{"@id":"https:\/\/evangelische-beratung.com\/fr\/#website"},"datePublished":"2019-08-16T11:33:36+00:00","dateModified":"2020-03-15T10:25:34+00:00","description":"Gl\u00fcckspiele k\u00f6nnen zum Risiko werden. Schnell kann eine Abh\u00e4ngigkeit entstehen. Kommen Sie zu unseren Offenen Sprechzeiten. Wir sind f\u00fcr Sie da.","breadcrumb":{"@id":"https:\/\/evangelische-beratung.com\/fr\/sucht\/gluecksspiel\/#breadcrumb"},"inLanguage":"fr-FR","potentialAction":[{"@type":"ReadAction","target":["https:\/\/evangelische-beratung.com\/fr\/sucht\/gluecksspiel\/"]}]},{"@type":"BreadcrumbList","@id":"https:\/\/evangelische-beratung.com\/fr\/sucht\/gluecksspiel\/#breadcrumb","itemListElement":[{"@type":"ListItem","position":1,"name":"Startseite","item":"https:\/\/evangelische-beratung.com\/fr\/"},{"@type":"ListItem","position":2,"name":"Addiction","item":"https:\/\/evangelische-beratung.com\/fr\/sucht\/"},{"@type":"ListItem","position":3,"name":"Jeu"}]},{"@type":"WebSite","@id":"https:\/\/evangelische-beratung.com\/fr\/#website","url":"https:\/\/evangelische-beratung.com\/fr\/","name":"Evangelischer Regionalverband","description":"","publisher":{"@id":"https:\/\/evangelische-beratung.com\/fr\/#organization"},"potentialAction":[{"@type":"SearchAction","target":{"@type":"EntryPoint","urlTemplate":"https:\/\/evangelische-beratung.com\/fr\/?s={search_term_string}"},"query-input":{"@type":"PropertyValueSpecification","valueRequired":true,"valueName":"search_term_string"}}],"inLanguage":"fr-FR"},{"@type":"Organization","@id":"https:\/\/evangelische-beratung.com\/fr\/#organization","name":"Evangelischer Regionalverband Frankfurt und Offenbach","url":"https:\/\/evangelische-beratung.com\/fr\/","logo":{"@type":"ImageObject","inLanguage":"fr-FR","@id":"https:\/\/evangelische-beratung.com\/fr\/#\/schema\/logo\/image\/","url":"https:\/\/evangelische-beratung.com\/fr\/wp-content\/uploads\/sites\/5\/2019\/10\/erv-logo.png","contentUrl":"https:\/\/evangelische-beratung.com\/fr\/wp-content\/uploads\/sites\/5\/2019\/10\/erv-logo.png","width":1127,"height":595,"caption":"Evangelischer Regionalverband Frankfurt und Offenbach"},"image":{"@id":"https:\/\/evangelische-beratung.com\/fr\/#\/schema\/logo\/image\/"}}]}},"_links":{"self":[{"href":"https:\/\/evangelische-beratung.com\/fr\/wp-json\/wp\/v2\/pages\/256","targetHints":{"allow":["GET"]}}],"collection":[{"href":"https:\/\/evangelische-beratung.com\/fr\/wp-json\/wp\/v2\/pages"}],"about":[{"href":"https:\/\/evangelische-beratung.com\/fr\/wp-json\/wp\/v2\/types\/page"}],"author":[{"embeddable":true,"href":"https:\/\/evangelische-beratung.com\/fr\/wp-json\/wp\/v2\/users\/3"}],"replies":[{"embeddable":true,"href":"https:\/\/evangelische-beratung.com\/fr\/wp-json\/wp\/v2\/comments?post=256"}],"version-history":[{"count":5,"href":"https:\/\/evangelische-beratung.com\/fr\/wp-json\/wp\/v2\/pages\/256\/revisions"}],"predecessor-version":[{"id":1116,"href":"https:\/\/evangelische-beratung.com\/fr\/wp-json\/wp\/v2\/pages\/256\/revisions\/1116"}],"up":[{"embeddable":true,"href":"https:\/\/evangelische-beratung.com\/fr\/wp-json\/wp\/v2\/pages\/37"}],"wp:attachment":[{"href":"https:\/\/evangelische-beratung.com\/fr\/wp-json\/wp\/v2\/media?parent=256"}],"curies":[{"name":"wp","href":"https:\/\/api.w.org\/{rel}","templated":true}]}}