{"id":253,"date":"2019-08-16T13:20:18","date_gmt":"2019-08-16T11:20:18","guid":{"rendered":"https:\/\/evangelische-beratung.com\/fr\/?page_id=253"},"modified":"2020-03-15T15:38:27","modified_gmt":"2020-03-15T14:38:27","slug":"medikatmente","status":"publish","type":"page","link":"https:\/\/evangelische-beratung.com\/fr\/sucht\/medikatmente\/","title":{"rendered":"M\u00e9dicaments"},"content":{"rendered":"\n<p class=\"is-style-teaser\">Vous avez-vous des probl\u00e8mes avec les m\u00e9dicaments ? Nous proposons de vous orienter \u00e0 ce sujet.<\/p>\n\n\n\n<p> Consultez-nous pour :<\/p>\n\n\n\n<ul class=\"wp-block-list\"><li>Une information compl\u00e8te sur le sujet des m\u00e9dicaments<\/li><li>Une \u00e9valuation neutre et exempte de jugement de votre consommation de m\u00e9dicaments<\/li><li>Un soutien et des conseils pour des consommations probl\u00e9matiques de m\u00e9dicaments<\/li><li><a href=\"https:\/\/evangelische-beratung.com\/fr\/sucht\/angehoerigenberatung\/\">Conseil de vos proches<\/a><\/li><\/ul>\n\n\n\n<p>Nous proposons une \u00e9valuation de votre consommation de m\u00e9dicaments :<\/p>\n\n\n\n<p>Apr\u00e8s cette \u00e9valuation, nous vous ferons une description des aides disponibles dans votre diagnostic et cas personnel. Ceci pourrait par exemple inclure par exemple : une th\u00e9rapie de d\u00e9sintoxication ou un changement de m\u00e9dication en consultant votre m\u00e9decin traitant. <\/p>\n\n\n\n<p>Nous offrons du soutien aux individus, aux couples et aux familles. <\/p>\n\n\n\n<p>Le traitement des addictions exige un support complet et holistique. C\u2019est la raison pour laquelle nous travaillons en \u00e9troite collaboration avec des cliniques de d\u00e9sintoxication, des cliniques sp\u00e9cialis\u00e9es, des groupes de support, des conseillers en endettement et d\u2019autres services sociaux.<\/p>\n\n\n\n<p>Nous coop\u00e9rons avec 15 groupes de support vou\u00e9s \u00e0 la lutte contre l\u2019addiction. Ces groupes de support sont organis\u00e9s en tant que parties int\u00e9grantes du Freundeskreis Frankfurt (Cercle des amis de Francfort). Le Freundeskreis Frankfurt se propose d\u2019aider pour tous les types de probl\u00e8mes d\u2019addiction (alcool, drogues ill\u00e9gales, jeu, addictions comportementales). Il existe aussi des groupes de support consacr\u00e9s \u00e0 un domaine d\u2019intervention particulier, par exemple des groupes pour les femmes ou les membres de famille affect\u00e9s. C\u2019est volontiers que nous vous dirigerons vers un groupe de support. <\/p>\n\n\n\n<p>Nos conseillers sont des sp\u00e9cialistes dans les domaines de la p\u00e9dagogie sociale, du travail social et de la psychologie.<\/p>\n\n\n\n<p>Les consultations sont&nbsp;<strong>volontaires<\/strong>&nbsp;et&nbsp;<strong>gratuites<\/strong>. Toutes les consultations sont&nbsp;<strong>confidentielles<\/strong>. Des interpr\u00e8tes sont engag\u00e9s au besoin.<\/p>\n\n\n\n<div class=\"wp-block-erv-download -show-file-extension\"><span aria-hidden=\"true\"><span class=\"file-extension\">pdf<\/span><\/span><div class=\"title-and-description\"><p class=\"download-title -inverted-link-style\"><a href=\"https:\/\/evangelische-beratung.com\/fr\/wp-content\/uploads\/sites\/5\/2020\/01\/Faltblatt-Fachberater-Sucht-Angehoerigenworkshop-2019-Allgemein-Ohne-Termin.pdf\" target=\"_blank\" rel=\"noopener noreferrer\">Infoblatt zur Angeh\u00f6rigenberatung<\/a><\/p><p class=\"download-description\"><\/p><\/div><\/div>\n\n\n<div class=\"wp-block-erv-tile \">\n\t\t\t<div>\n\t\t\t<a href=\"https:\/\/evangelische-beratung.com\/fr\/sucht\/medikatmente\/therapieangebote\/\" tabindex=\"-1\" aria-hidden=\"true\" ><\/a>\n\t\t\t<h2 class=\"tile-title\"><a href=\"https:\/\/evangelische-beratung.com\/fr\/sucht\/medikatmente\/therapieangebote\/\" >Offres de th\u00e9rapie sur la d\u00e9pendance aux m\u00e9dicaments<\/a><\/h2>\n\t\t\t\n\t\t\t<p aria-hidden=\"true\" class=\"-is-micro\"><svg xmlns=\"http:\/\/www.w3.org\/2000\/svg\" viewBox=\"0 0 13 10\"><path d=\"M1.5 5H12M8 1l4 4-4 4\" fill=\"none\" stroke=\"#a22a45\" stroke-width=\"1.2\" stroke-linecap=\"round\" stroke-linejoin=\"round\"\/><\/svg><\/p>\n\t\t\t<\/div>\n\t\t<\/div>\n\n\n<p style=\"text-align:center\" class=\"is-style-roof-line\"><strong>Vos interlocuteurs<\/strong><\/p>\n\n\n\n<div class=\"wp-block-columns alignwide has-3-columns is-layout-flex wp-container-core-columns-is-layout-9d6595d7 wp-block-columns-is-layout-flex\">\n<div class=\"wp-block-column is-layout-flow wp-block-column-is-layout-flow\">\n<div class=\"wp-block-erv-id-card\"><div class=\"id-card-content\"><figure class=\"id-card-photo\"><img decoding=\"async\" src=\"https:\/\/evangelische-beratung.com\/wp-content\/uploads\/2019\/08\/Monika-Schiemann_Verwaltung-Suchtberatung-300x200.jpg\" \/><\/figure><div class=\"id-card-details\"><p class=\"id-card-name\">Monika Schiemann<\/p><p class=\"id-card-job\">Sekretariat &amp; Anmeldung<\/p><p class=\"id-card-location\">Frankfurt<\/p><p class=\"id-card-phone\">069 \/ 53 02 302 <\/p><p class=\"id-card-email\"><a href=\"&#x6d;&#97;&#x69;&#x6c;&#116;&#x6f;&#x3a;&#115;&#x75;&#x63;&#104;&#x74;&#x62;e&#x72;&#x61;t&#x75;&#110;g&#x40;&#102;r&#x61;&#110;k&#x66;&#117;r&#x74;&#45;e&#x76;&#97;n&#x67;&#101;l&#x69;&#115;c&#x68;&#46;d&#x65;\">E-Mail<\/a><\/p><\/div><\/div><\/div>\n\n\n\n<div class=\"wp-block-erv-id-card\"><div class=\"id-card-content\"><figure class=\"id-card-photo\"><img decoding=\"async\" src=\"https:\/\/evangelische-beratung.com\/wp-content\/uploads\/2020\/01\/portrait_platzhalter-1-300x300.jpg\"\/><\/figure><div class=\"id-card-details\"><p class=\"id-card-name\">Katrin Werland<\/p><p class=\"id-card-job\">Beratung &amp; Therapie<\/p><p class=\"id-card-location\">Frankfurt<\/p><p class=\"id-card-phone\">069 \/ 53 02 305<\/p><p class=\"id-card-email\"><a href=\"mailto:katri&#110;&#46;&#119;&#101;&#114;&#108;&#97;&#110;&#100;&#64;&#102;&#114;&#97;&#110;&#107;&#x66;&#x75;&#x72;&#x74;&#x2d;&#x65;&#x76;&#x61;&#x6e;&#x67;&#x65;&#x6c;&#x69;&#x73;&#x63;&#x68;&#x2e;&#x64;&#x65;\">E-Mail<\/a><\/p><\/div><\/div><\/div>\n<\/div>\n\n\n\n<div class=\"wp-block-column is-layout-flow wp-block-column-is-layout-flow\">\n<div class=\"wp-block-erv-id-card\"><div class=\"id-card-content\"><figure class=\"id-card-photo\"><img decoding=\"async\" src=\"https:\/\/evangelische-beratung.com\/wp-content\/uploads\/2025\/04\/portrait_platzhalter-1-300x300-1.jpg\" \/><\/figure><div class=\"id-card-details\"><p class=\"id-card-name\">N. N. <\/p><p class=\"id-card-job\">Leitung<\/p><p class=\"id-card-location\">Frankfurt<\/p><p class=\"id-card-phone\">069 \/ 53 02 301<\/p><p class=\"id-card-email\"><a href=\"&#109;&#x61;&#105;&#x6c;t&#111;&#x3a;&#115;&#x75;c&#x68;t&#98;&#x65;&#114;&#x61;t&#x75;&#x6e;&#103;&#x40;f&#x72;a&#110;&#x6b;&#102;&#x75;r&#x74;-&#101;&#x76;&#97;&#x6e;g&#101;&#x6c;&#105;&#x73;c&#x68;&#46;&#100;&#x65;\">E-Mail<\/a><\/p><\/div><\/div><\/div>\n<\/div>\n\n\n\n<div class=\"wp-block-column is-layout-flow wp-block-column-is-layout-flow\">\n<div class=\"wp-block-erv-id-card\"><div class=\"id-card-content\"><figure class=\"id-card-photo\"><img decoding=\"async\" src=\"https:\/\/evangelische-beratung.com\/wp-content\/uploads\/2020\/01\/portrait_platzhalter-1-300x300.jpg\"\/><\/figure><div class=\"id-card-details\"><p class=\"id-card-name\">Anzhelina Blum<\/p><p class=\"id-card-job\">Beratung &amp; Therapie<\/p><p class=\"id-card-location\">Frankfurt<\/p><p class=\"id-card-phone\">069 \/ 53 02 303<\/p><p class=\"id-card-email\"><a href=\"mailto:anzhelina&#46;blum&#64;fr&#97;&#110;&#107;&#102;&#117;&#114;&#116;&#45;&#101;&#118;&#97;&#110;&#103;&#101;&#108;&#105;&#115;&#99;&#104;&#46;&#100;&#101;\">E-Mail<\/a><\/p><\/div><\/div><\/div>\n<\/div>\n<\/div>\n","protected":false},"excerpt":{"rendered":"<p>Vous avez-vous des probl\u00e8mes avec les m\u00e9dicaments ? Nous proposons de vous orienter \u00e0 ce sujet. Consultez-nous pour : Une information compl\u00e8te sur le sujet des m\u00e9dicaments Une \u00e9valuation neutre et exempte de jugement de votre consommation de m\u00e9dicaments Un soutien et des conseils pour des consommations probl\u00e9matiques de m\u00e9dicaments Conseil de vos proches Nous [&hellip;]<\/p>\n","protected":false},"author":3,"featured_media":0,"parent":37,"menu_order":0,"comment_status":"closed","ping_status":"closed","template":"","meta":{"footnotes":""},"class_list":["post-253","page","type-page","status-publish","hentry"],"yoast_head":"<!-- This site is optimized with the Yoast SEO plugin v27.5 - https:\/\/yoast.com\/product\/yoast-seo-wordpress\/ -->\n<title>Probleme mit Medikamenten? Wir bieten eine orientierende Beratung in Frankfurt.<\/title>\n<meta name=\"description\" content=\"Kommen Sie zu uns f\u00fcr alle Fragen rund um das Thema Medikamente. Wir beraten auch Angeh\u00f6rige und bieten Einzel-, Paar- und Familiengespr\u00e4che an.\" \/>\n<meta name=\"robots\" content=\"index, follow, max-snippet:-1, max-image-preview:large, max-video-preview:-1\" \/>\n<link rel=\"canonical\" href=\"https:\/\/evangelische-beratung.com\/fr\/sucht\/medikatmente\/\" \/>\n<meta property=\"og:locale\" content=\"fr_FR\" \/>\n<meta property=\"og:type\" content=\"article\" \/>\n<meta property=\"og:title\" content=\"Probleme mit Medikamenten? Wir bieten eine orientierende Beratung in Frankfurt.\" \/>\n<meta property=\"og:description\" content=\"Kommen Sie zu uns f\u00fcr alle Fragen rund um das Thema Medikamente. Wir beraten auch Angeh\u00f6rige und bieten Einzel-, Paar- und Familiengespr\u00e4che an.\" \/>\n<meta property=\"og:url\" content=\"https:\/\/evangelische-beratung.com\/fr\/sucht\/medikatmente\/\" \/>\n<meta property=\"og:site_name\" content=\"Evangelischer Regionalverband\" \/>\n<meta property=\"article:modified_time\" content=\"2020-03-15T14:38:27+00:00\" \/>\n<meta name=\"twitter:card\" content=\"summary_large_image\" \/>\n<meta name=\"twitter:label1\" content=\"Dur\u00e9e de lecture estim\u00e9e\" \/>\n\t<meta name=\"twitter:data1\" content=\"2 minutes\" \/>\n<script type=\"application\/ld+json\" class=\"yoast-schema-graph\">{\"@context\":\"https:\\\/\\\/schema.org\",\"@graph\":[{\"@type\":\"WebPage\",\"@id\":\"https:\\\/\\\/evangelische-beratung.com\\\/fr\\\/sucht\\\/medikatmente\\\/\",\"url\":\"https:\\\/\\\/evangelische-beratung.com\\\/fr\\\/sucht\\\/medikatmente\\\/\",\"name\":\"Probleme mit Medikamenten? Wir bieten eine orientierende Beratung in Frankfurt.\",\"isPartOf\":{\"@id\":\"https:\\\/\\\/evangelische-beratung.com\\\/fr\\\/#website\"},\"datePublished\":\"2019-08-16T11:20:18+00:00\",\"dateModified\":\"2020-03-15T14:38:27+00:00\",\"description\":\"Kommen Sie zu uns f\u00fcr alle Fragen rund um das Thema Medikamente. Wir beraten auch Angeh\u00f6rige und bieten Einzel-, Paar- und Familiengespr\u00e4che an.\",\"breadcrumb\":{\"@id\":\"https:\\\/\\\/evangelische-beratung.com\\\/fr\\\/sucht\\\/medikatmente\\\/#breadcrumb\"},\"inLanguage\":\"fr-FR\",\"potentialAction\":[{\"@type\":\"ReadAction\",\"target\":[\"https:\\\/\\\/evangelische-beratung.com\\\/fr\\\/sucht\\\/medikatmente\\\/\"]}]},{\"@type\":\"BreadcrumbList\",\"@id\":\"https:\\\/\\\/evangelische-beratung.com\\\/fr\\\/sucht\\\/medikatmente\\\/#breadcrumb\",\"itemListElement\":[{\"@type\":\"ListItem\",\"position\":1,\"name\":\"Startseite\",\"item\":\"https:\\\/\\\/evangelische-beratung.com\\\/fr\\\/\"},{\"@type\":\"ListItem\",\"position\":2,\"name\":\"Addiction\",\"item\":\"https:\\\/\\\/evangelische-beratung.com\\\/fr\\\/sucht\\\/\"},{\"@type\":\"ListItem\",\"position\":3,\"name\":\"M\u00e9dicaments\"}]},{\"@type\":\"WebSite\",\"@id\":\"https:\\\/\\\/evangelische-beratung.com\\\/fr\\\/#website\",\"url\":\"https:\\\/\\\/evangelische-beratung.com\\\/fr\\\/\",\"name\":\"Evangelischer Regionalverband\",\"description\":\"\",\"publisher\":{\"@id\":\"https:\\\/\\\/evangelische-beratung.com\\\/fr\\\/#organization\"},\"potentialAction\":[{\"@type\":\"SearchAction\",\"target\":{\"@type\":\"EntryPoint\",\"urlTemplate\":\"https:\\\/\\\/evangelische-beratung.com\\\/fr\\\/?s={search_term_string}\"},\"query-input\":{\"@type\":\"PropertyValueSpecification\",\"valueRequired\":true,\"valueName\":\"search_term_string\"}}],\"inLanguage\":\"fr-FR\"},{\"@type\":\"Organization\",\"@id\":\"https:\\\/\\\/evangelische-beratung.com\\\/fr\\\/#organization\",\"name\":\"Evangelischer Regionalverband Frankfurt und Offenbach\",\"url\":\"https:\\\/\\\/evangelische-beratung.com\\\/fr\\\/\",\"logo\":{\"@type\":\"ImageObject\",\"inLanguage\":\"fr-FR\",\"@id\":\"https:\\\/\\\/evangelische-beratung.com\\\/fr\\\/#\\\/schema\\\/logo\\\/image\\\/\",\"url\":\"https:\\\/\\\/evangelische-beratung.com\\\/fr\\\/wp-content\\\/uploads\\\/sites\\\/5\\\/2019\\\/10\\\/erv-logo.png\",\"contentUrl\":\"https:\\\/\\\/evangelische-beratung.com\\\/fr\\\/wp-content\\\/uploads\\\/sites\\\/5\\\/2019\\\/10\\\/erv-logo.png\",\"width\":1127,\"height\":595,\"caption\":\"Evangelischer Regionalverband Frankfurt und Offenbach\"},\"image\":{\"@id\":\"https:\\\/\\\/evangelische-beratung.com\\\/fr\\\/#\\\/schema\\\/logo\\\/image\\\/\"}}]}<\/script>\n<!-- \/ Yoast SEO plugin. -->","yoast_head_json":{"title":"Probleme mit Medikamenten? Wir bieten eine orientierende Beratung in Frankfurt.","description":"Kommen Sie zu uns f\u00fcr alle Fragen rund um das Thema Medikamente. Wir beraten auch Angeh\u00f6rige und bieten Einzel-, Paar- und Familiengespr\u00e4che an.","robots":{"index":"index","follow":"follow","max-snippet":"max-snippet:-1","max-image-preview":"max-image-preview:large","max-video-preview":"max-video-preview:-1"},"canonical":"https:\/\/evangelische-beratung.com\/fr\/sucht\/medikatmente\/","og_locale":"fr_FR","og_type":"article","og_title":"Probleme mit Medikamenten? Wir bieten eine orientierende Beratung in Frankfurt.","og_description":"Kommen Sie zu uns f\u00fcr alle Fragen rund um das Thema Medikamente. Wir beraten auch Angeh\u00f6rige und bieten Einzel-, Paar- und Familiengespr\u00e4che an.","og_url":"https:\/\/evangelische-beratung.com\/fr\/sucht\/medikatmente\/","og_site_name":"Evangelischer Regionalverband","article_modified_time":"2020-03-15T14:38:27+00:00","twitter_card":"summary_large_image","twitter_misc":{"Dur\u00e9e de lecture estim\u00e9e":"2 minutes"},"schema":{"@context":"https:\/\/schema.org","@graph":[{"@type":"WebPage","@id":"https:\/\/evangelische-beratung.com\/fr\/sucht\/medikatmente\/","url":"https:\/\/evangelische-beratung.com\/fr\/sucht\/medikatmente\/","name":"Probleme mit Medikamenten? Wir bieten eine orientierende Beratung in Frankfurt.","isPartOf":{"@id":"https:\/\/evangelische-beratung.com\/fr\/#website"},"datePublished":"2019-08-16T11:20:18+00:00","dateModified":"2020-03-15T14:38:27+00:00","description":"Kommen Sie zu uns f\u00fcr alle Fragen rund um das Thema Medikamente. Wir beraten auch Angeh\u00f6rige und bieten Einzel-, Paar- und Familiengespr\u00e4che an.","breadcrumb":{"@id":"https:\/\/evangelische-beratung.com\/fr\/sucht\/medikatmente\/#breadcrumb"},"inLanguage":"fr-FR","potentialAction":[{"@type":"ReadAction","target":["https:\/\/evangelische-beratung.com\/fr\/sucht\/medikatmente\/"]}]},{"@type":"BreadcrumbList","@id":"https:\/\/evangelische-beratung.com\/fr\/sucht\/medikatmente\/#breadcrumb","itemListElement":[{"@type":"ListItem","position":1,"name":"Startseite","item":"https:\/\/evangelische-beratung.com\/fr\/"},{"@type":"ListItem","position":2,"name":"Addiction","item":"https:\/\/evangelische-beratung.com\/fr\/sucht\/"},{"@type":"ListItem","position":3,"name":"M\u00e9dicaments"}]},{"@type":"WebSite","@id":"https:\/\/evangelische-beratung.com\/fr\/#website","url":"https:\/\/evangelische-beratung.com\/fr\/","name":"Evangelischer Regionalverband","description":"","publisher":{"@id":"https:\/\/evangelische-beratung.com\/fr\/#organization"},"potentialAction":[{"@type":"SearchAction","target":{"@type":"EntryPoint","urlTemplate":"https:\/\/evangelische-beratung.com\/fr\/?s={search_term_string}"},"query-input":{"@type":"PropertyValueSpecification","valueRequired":true,"valueName":"search_term_string"}}],"inLanguage":"fr-FR"},{"@type":"Organization","@id":"https:\/\/evangelische-beratung.com\/fr\/#organization","name":"Evangelischer Regionalverband Frankfurt und Offenbach","url":"https:\/\/evangelische-beratung.com\/fr\/","logo":{"@type":"ImageObject","inLanguage":"fr-FR","@id":"https:\/\/evangelische-beratung.com\/fr\/#\/schema\/logo\/image\/","url":"https:\/\/evangelische-beratung.com\/fr\/wp-content\/uploads\/sites\/5\/2019\/10\/erv-logo.png","contentUrl":"https:\/\/evangelische-beratung.com\/fr\/wp-content\/uploads\/sites\/5\/2019\/10\/erv-logo.png","width":1127,"height":595,"caption":"Evangelischer Regionalverband Frankfurt und Offenbach"},"image":{"@id":"https:\/\/evangelische-beratung.com\/fr\/#\/schema\/logo\/image\/"}}]}},"_links":{"self":[{"href":"https:\/\/evangelische-beratung.com\/fr\/wp-json\/wp\/v2\/pages\/253","targetHints":{"allow":["GET"]}}],"collection":[{"href":"https:\/\/evangelische-beratung.com\/fr\/wp-json\/wp\/v2\/pages"}],"about":[{"href":"https:\/\/evangelische-beratung.com\/fr\/wp-json\/wp\/v2\/types\/page"}],"author":[{"embeddable":true,"href":"https:\/\/evangelische-beratung.com\/fr\/wp-json\/wp\/v2\/users\/3"}],"replies":[{"embeddable":true,"href":"https:\/\/evangelische-beratung.com\/fr\/wp-json\/wp\/v2\/comments?post=253"}],"version-history":[{"count":5,"href":"https:\/\/evangelische-beratung.com\/fr\/wp-json\/wp\/v2\/pages\/253\/revisions"}],"predecessor-version":[{"id":1187,"href":"https:\/\/evangelische-beratung.com\/fr\/wp-json\/wp\/v2\/pages\/253\/revisions\/1187"}],"up":[{"embeddable":true,"href":"https:\/\/evangelische-beratung.com\/fr\/wp-json\/wp\/v2\/pages\/37"}],"wp:attachment":[{"href":"https:\/\/evangelische-beratung.com\/fr\/wp-json\/wp\/v2\/media?parent=253"}],"curies":[{"name":"wp","href":"https:\/\/api.w.org\/{rel}","templated":true}]}}