{"id":246,"date":"2019-08-16T12:58:04","date_gmt":"2019-08-16T10:58:04","guid":{"rendered":"https:\/\/evangelische-beratung.com\/fr\/?page_id=246"},"modified":"2020-03-16T13:01:41","modified_gmt":"2020-03-16T12:01:41","slug":"angehoerigenberatung","status":"publish","type":"page","link":"https:\/\/evangelische-beratung.com\/fr\/sucht\/angehoerigenberatung\/","title":{"rendered":"Conseil des parents"},"content":{"rendered":"\n<p class=\"is-style-teaser\">L&rsquo;addiction touche aussi l&rsquo;entourage social du toxicomane. Nous offrons aux parents de pr\u00e9cieux conseils et de l&rsquo;aide quant \u00e0 l&rsquo;attitude \u00e0 adopter par rapport \u00e0 l&rsquo;addiction.<\/p>\n\n\n\n<p>Adressez-vous \u00e0 nous \u00e0 propos de sujets tels que :<\/p>\n\n\n\n<ul class=\"wp-block-list\"><li>Votre parent est d\u00e9pendant d&rsquo;une addiction ?<\/li><li>Vous avez perdu tout contr\u00f4le sur votre vie ?<\/li><li>Vous avez fait tout ce que vous avez pu pour aider ? Vous avez parl\u00e9, suppli\u00e9, menac\u00e9, cri\u00e9 et bien plus encore ?<\/li><li>Vous continuez \u00e0 croire aux promesses en l\u2019air ?<\/li><li>Reprochez-vous \u00ab&nbsp;d\u2019avoir fait des erreurs&nbsp;\u00bb<\/li><li>Vous sentez-vous coupable du fait que votre partenaire ou votre enfant est tomb\u00e9 dans l\u2019adduction ?<\/li><li>\u00cates-vous ballot\u00e9 entre des moments d\u2019espoir toujours suivis de d\u00e9ceptions ?<\/li><li>\u00c9prouvez-vous des sentiments de peur existentielle, col\u00e8re, r\u00e9signation et impuissance ?<\/li><li>Vous sentez-vous parfois \u00e9puis\u00e9 ?<\/li><li>Toute votre vie s\u2019oriente d\u2019apr\u00e8s la personne affect\u00e9e ?<\/li><\/ul>\n\n\n\n<p>Lorsqu\u2019une addiction domine votre quotidien, cela conduit souvent \u00e0 des probl\u00e8mes financiers et sociaux massifs. Tout cet environnement cr\u00e9e des souffrances : mensonges, manque de fiabilit\u00e9 ou dettes font peser de fortes contraintes psychiques et financi\u00e8res sur les partenaires, la famille ou les amis. Les proches doivent bien prendre soin d\u2019eux dans cette situation.&nbsp;<\/p>\n\n\n\n<p>Nous vous conseillons en tant que parents (ou d\u2019autres personne touch\u00e9es de l\u2019environnement &nbsp;social), individuellement et dans le cadre d\u2019entretiens individuels.<\/p>\n\n\n\n<p>Nous proposons des ateliers \u00e0 l\u2019attention des proches. Cet atelier destin\u00e9 aux proches a lieu environ toutes les six semaines. Le nombre de participants varie ici entre six et dix participants. L\u2019atelier destin\u00e9 aux proches est dirig\u00e9 par deux conseill\u00e8res exp\u00e9riment\u00e9s ou conseillers exp\u00e9riment\u00e9s.&nbsp;<\/p>\n\n\n\n<div class=\"wp-block-erv-download -show-file-extension\"><span aria-hidden=\"true\"><span class=\"file-extension\">pdf<\/span><\/span><div class=\"title-and-description\"><p class=\"download-title -inverted-link-style\"><a href=\"https:\/\/evangelische-beratung.com\/fr\/wp-content\/uploads\/sites\/5\/2020\/01\/Faltblatt-Fachberater-Sucht-Angehoerigenworkshop-2019-Allgemein-Ohne-Termin.pdf\" target=\"_blank\" rel=\"noopener noreferrer\">Flyer Angeh\u00f6rigenworkshop<\/a><\/p><p class=\"download-description\"><\/p><\/div><\/div>\n\n\n\n<p style=\"text-align:center\" class=\"is-style-roof-line\"><strong>Pour des dates actuelles des ateliers destin\u00e9s aux proches, adressez-vous \u00e0 :<\/strong><\/p>\n\n\n\n<div class=\"wp-block-columns alignwide has-3-columns is-layout-flex wp-container-core-columns-is-layout-9d6595d7 wp-block-columns-is-layout-flex\">\n<div class=\"wp-block-column is-layout-flow wp-block-column-is-layout-flow\">\n<div class=\"wp-block-erv-id-card\"><div class=\"id-card-content\"><figure class=\"id-card-photo\"><img decoding=\"async\" src=\"https:\/\/evangelische-beratung.com\/wp-content\/uploads\/2019\/08\/Monika-Schiemann_Verwaltung-Suchtberatung-300x200.jpg\" \/><\/figure><div class=\"id-card-details\"><p class=\"id-card-name\">Monika Schiemann<\/p><p class=\"id-card-job\">Sekretariat &amp; Anmeldung<\/p><p class=\"id-card-location\">Frankfurt<\/p><p class=\"id-card-phone\">069 \/ 53 02 302 <\/p><p class=\"id-card-email\"><a href=\"&#109;&#x61;i&#108;&#x74;o&#58;&#x73;u&#x63;&#x68;&#116;&#x62;e&#114;&#x61;t&#117;&#x6e;g&#x40;&#x66;&#114;&#x61;&#x6e;&#107;&#x66;u&#114;&#x74;-&#101;&#x76;a&#x6e;&#x67;&#101;&#x6c;i&#115;&#x63;h&#46;&#x64;e\">E-Mail<\/a><\/p><\/div><\/div><\/div>\n\n\n\n<div class=\"wp-block-erv-id-card\"><div class=\"id-card-content\"><figure class=\"id-card-photo\"><img decoding=\"async\" src=\"https:\/\/evangelische-beratung.com\/wp-content\/uploads\/2020\/01\/portrait_platzhalter-1-300x300.jpg\"\/><\/figure><div class=\"id-card-details\"><p class=\"id-card-name\">Katrin Werland<\/p><p class=\"id-card-job\">Beratung &amp; Therapie<\/p><p class=\"id-card-location\">Frankfurt<\/p><p class=\"id-card-phone\">069 \/ 53 02 305<\/p><p class=\"id-card-email\"><a href=\"&#109;&#x61;&#x69;&#108;&#x74;&#x6f;:&#x6b;&#x61;t&#114;&#x69;n&#46;&#x77;e&#114;&#x6c;a&#110;&#x64;&#64;&#102;&#x72;&#x61;&#110;&#x6b;&#x66;&#117;&#x72;&#x74;-&#x65;&#x76;a&#110;&#x67;e&#108;&#x69;s&#99;&#x68;&#46;&#100;&#x65;\">E-Mail<\/a><\/p><\/div><\/div><\/div>\n\n\n\n<div class=\"wp-block-erv-id-card\"><div class=\"id-card-content\"><figure class=\"id-card-photo\"><img decoding=\"async\" src=\"https:\/\/evangelische-beratung.com\/wp-content\/uploads\/2019\/08\/beate-fuchs_suchtberatung-hoechst-e1576424435131-300x268.jpg\" \/><\/figure><div class=\"id-card-details\"><p class=\"id-card-name\">Beate Fuchs<\/p><p class=\"id-card-job\">Beratung<\/p><p class=\"id-card-location\">H\u00f6chst<\/p><p class=\"id-card-phone\">069 \/ 75 93 672 60<\/p><p class=\"id-card-email\"><a href=\"m&#97;&#105;&#x6c;&#x74;o&#58;&#98;&#x65;&#x61;&#x74;e&#46;&#102;&#x75;&#x63;hs&#64;&#x66;&#x72;&#x61;n&#107;&#102;&#x75;&#x72;t-&#101;&#x76;&#x61;&#x6e;g&#101;&#108;&#x69;&#x73;ch&#46;&#x64;&#x65;\">E-Mail<\/a><\/p><\/div><\/div><\/div>\n<\/div>\n\n\n\n<div class=\"wp-block-column is-layout-flow wp-block-column-is-layout-flow\">\n<div class=\"wp-block-erv-id-card\"><div class=\"id-card-content\"><figure class=\"id-card-photo\"><img decoding=\"async\" src=\"https:\/\/evangelische-beratung.com\/wp-content\/uploads\/2025\/04\/portrait_platzhalter-1-300x300-1.jpg\" \/><\/figure><div class=\"id-card-details\"><p class=\"id-card-name\">N. N. <\/p><p class=\"id-card-job\">Leitung<\/p><p class=\"id-card-location\">Frankfurt<\/p><p class=\"id-card-phone\">069 \/ 53 02 301<\/p><p class=\"id-card-email\"><a href=\"&#x6d;&#x61;&#x69;&#x6c;&#116;&#111;&#58;su&#x63;&#x68;&#x74;&#x62;&#x65;&#114;&#97;&#116;un&#x67;&#x40;&#x66;&#x72;&#x61;&#110;&#107;&#102;ur&#x74;&#x2d;&#x65;&#x76;&#x61;&#110;&#103;&#101;li&#x73;&#x63;&#x68;&#x2e;&#x64;&#101;\">E-Mail<\/a><\/p><\/div><\/div><\/div>\n\n\n\n<div class=\"wp-block-erv-id-card\"><div class=\"id-card-content\"><figure class=\"id-card-photo\"><img decoding=\"async\" src=\"https:\/\/evangelische-beratung.com\/wp-content\/uploads\/2020\/01\/Ralf-Hoelzel_Suchtberatung-300x300.jpg\" \/><\/figure><div class=\"id-card-details\"><p class=\"id-card-name\">Ralf H\u00f6lzel<\/p><p class=\"id-card-job\">Fachberater Gl\u00fccksspiel<\/p><p class=\"id-card-location\">Frankfurt<\/p><p class=\"id-card-phone\">069 \/ 53 02 306<\/p><p class=\"id-card-email\"><a href=\"&#x6d;&#x61;&#x69;&#x6c;&#116;&#111;&#58;ra&#x6c;&#x66;&#x2e;&#x68;&#x6f;&#101;&#108;&#122;el&#x40;&#x66;&#x72;&#x61;&#x6e;&#107;&#102;&#117;rt&#x2d;&#x65;&#x76;&#x61;&#x6e;&#103;&#101;&#108;is&#x63;&#x68;&#x2e;&#x64;&#x65;\">E-Mail<\/a><\/p><\/div><\/div><\/div>\n<\/div>\n\n\n\n<div class=\"wp-block-column is-layout-flow wp-block-column-is-layout-flow\">\n<div class=\"wp-block-erv-id-card\"><div class=\"id-card-content\"><figure class=\"id-card-photo\"><img decoding=\"async\" src=\"https:\/\/evangelische-beratung.com\/wp-content\/uploads\/2020\/01\/portrait_platzhalter-1-300x300.jpg\"\/><\/figure><div class=\"id-card-details\"><p class=\"id-card-name\">Anzhelina Blum<\/p><p class=\"id-card-job\">Beratung &amp; Therapie<\/p><p class=\"id-card-location\">Frankfurt<\/p><p class=\"id-card-phone\">069 \/ 53 02 303<\/p><p class=\"id-card-email\"><a href=\"mail&#116;&#111;&#58;&#97;&#110;&#x7a;&#x68;&#x65;&#x6c;&#x69;&#x6e;&#x61;&#46;blu&#109;&#64;&#102;&#114;&#97;&#x6e;&#x6b;&#x66;&#x75;&#x72;&#x74;&#x2d;&#x65;vang&#101;&#108;&#105;&#115;&#99;&#x68;&#x2e;&#x64;&#x65;\">E-Mail<\/a><\/p><\/div><\/div><\/div>\n\n\n\n<div class=\"wp-block-erv-id-card\"><div class=\"id-card-content\"><figure class=\"id-card-photo\"><img decoding=\"async\" src=\"https:\/\/evangelische-beratung.com\/wp-content\/uploads\/2020\/02\/Veit-Wennhak_2-300x200.jpg\" \/><\/figure><div class=\"id-card-details\"><p class=\"id-card-name\">Veit Wennhak <\/p><p class=\"id-card-job\">Fachberater Gl\u00fccksspiel<\/p><p class=\"id-card-location\">Frankfurt<\/p><p class=\"id-card-phone\">069 \/ 53 02 307<\/p><p class=\"id-card-email\"><a href=\"&#x6d;&#97;i&#x6c;&#116;o&#x3a;&#118;e&#x69;&#116;&#46;&#x77;&#101;n&#x6e;&#x68;a&#x6b;&#x40;&#102;&#x72;&#x61;&#110;&#x6b;&#x66;&#117;r&#x74;&#45;e&#x76;&#97;n&#x67;&#101;l&#x69;&#115;c&#x68;&#x2e;d&#x65;\">E-Mail<\/a><\/p><\/div><\/div><\/div>\n<\/div>\n<\/div>\n","protected":false},"excerpt":{"rendered":"<p>L&rsquo;addiction touche aussi l&rsquo;entourage social du toxicomane. Nous offrons aux parents de pr\u00e9cieux conseils et de l&rsquo;aide quant \u00e0 l&rsquo;attitude \u00e0 adopter par rapport \u00e0 l&rsquo;addiction. Adressez-vous \u00e0 nous \u00e0 propos de sujets tels que : Votre parent est d\u00e9pendant d&rsquo;une addiction ? Vous avez perdu tout contr\u00f4le sur votre vie ? Vous avez fait [&hellip;]<\/p>\n","protected":false},"author":3,"featured_media":0,"parent":37,"menu_order":0,"comment_status":"closed","ping_status":"closed","template":"","meta":{"footnotes":""},"class_list":["post-246","page","type-page","status-publish","hentry"],"yoast_head":"<!-- This site is optimized with the Yoast SEO plugin v27.5 - https:\/\/yoast.com\/product\/yoast-seo-wordpress\/ -->\n<title>Angeh\u00f6rigenberatung rund um das Thema Sucht in Frankfurt<\/title>\n<meta name=\"description\" content=\"Wir bieten Angeh\u00f6rigen wertvolle Beratung und Hilfe zum Thema Umgang mit Sucht. Aktuelle Termine geben Ihnen unsere Fachberater gerne bekannt.\" \/>\n<meta name=\"robots\" content=\"index, follow, max-snippet:-1, max-image-preview:large, max-video-preview:-1\" \/>\n<link rel=\"canonical\" href=\"https:\/\/evangelische-beratung.com\/fr\/sucht\/angehoerigenberatung\/\" \/>\n<meta property=\"og:locale\" content=\"fr_FR\" \/>\n<meta property=\"og:type\" content=\"article\" \/>\n<meta property=\"og:title\" content=\"Angeh\u00f6rigenberatung rund um das Thema Sucht in Frankfurt\" \/>\n<meta property=\"og:description\" content=\"Wir bieten Angeh\u00f6rigen wertvolle Beratung und Hilfe zum Thema Umgang mit Sucht. Aktuelle Termine geben Ihnen unsere Fachberater gerne bekannt.\" \/>\n<meta property=\"og:url\" content=\"https:\/\/evangelische-beratung.com\/fr\/sucht\/angehoerigenberatung\/\" \/>\n<meta property=\"og:site_name\" content=\"Evangelischer Regionalverband\" \/>\n<meta property=\"article:modified_time\" content=\"2020-03-16T12:01:41+00:00\" \/>\n<meta name=\"twitter:card\" content=\"summary_large_image\" \/>\n<meta name=\"twitter:label1\" content=\"Dur\u00e9e de lecture estim\u00e9e\" \/>\n\t<meta name=\"twitter:data1\" content=\"1 minute\" \/>\n<script type=\"application\/ld+json\" class=\"yoast-schema-graph\">{\"@context\":\"https:\\\/\\\/schema.org\",\"@graph\":[{\"@type\":\"WebPage\",\"@id\":\"https:\\\/\\\/evangelische-beratung.com\\\/fr\\\/sucht\\\/angehoerigenberatung\\\/\",\"url\":\"https:\\\/\\\/evangelische-beratung.com\\\/fr\\\/sucht\\\/angehoerigenberatung\\\/\",\"name\":\"Angeh\u00f6rigenberatung rund um das Thema Sucht in Frankfurt\",\"isPartOf\":{\"@id\":\"https:\\\/\\\/evangelische-beratung.com\\\/fr\\\/#website\"},\"datePublished\":\"2019-08-16T10:58:04+00:00\",\"dateModified\":\"2020-03-16T12:01:41+00:00\",\"description\":\"Wir bieten Angeh\u00f6rigen wertvolle Beratung und Hilfe zum Thema Umgang mit Sucht. Aktuelle Termine geben Ihnen unsere Fachberater gerne bekannt.\",\"breadcrumb\":{\"@id\":\"https:\\\/\\\/evangelische-beratung.com\\\/fr\\\/sucht\\\/angehoerigenberatung\\\/#breadcrumb\"},\"inLanguage\":\"fr-FR\",\"potentialAction\":[{\"@type\":\"ReadAction\",\"target\":[\"https:\\\/\\\/evangelische-beratung.com\\\/fr\\\/sucht\\\/angehoerigenberatung\\\/\"]}]},{\"@type\":\"BreadcrumbList\",\"@id\":\"https:\\\/\\\/evangelische-beratung.com\\\/fr\\\/sucht\\\/angehoerigenberatung\\\/#breadcrumb\",\"itemListElement\":[{\"@type\":\"ListItem\",\"position\":1,\"name\":\"Startseite\",\"item\":\"https:\\\/\\\/evangelische-beratung.com\\\/fr\\\/\"},{\"@type\":\"ListItem\",\"position\":2,\"name\":\"Addiction\",\"item\":\"https:\\\/\\\/evangelische-beratung.com\\\/fr\\\/sucht\\\/\"},{\"@type\":\"ListItem\",\"position\":3,\"name\":\"Conseil des parents\"}]},{\"@type\":\"WebSite\",\"@id\":\"https:\\\/\\\/evangelische-beratung.com\\\/fr\\\/#website\",\"url\":\"https:\\\/\\\/evangelische-beratung.com\\\/fr\\\/\",\"name\":\"Evangelischer Regionalverband\",\"description\":\"\",\"publisher\":{\"@id\":\"https:\\\/\\\/evangelische-beratung.com\\\/fr\\\/#organization\"},\"potentialAction\":[{\"@type\":\"SearchAction\",\"target\":{\"@type\":\"EntryPoint\",\"urlTemplate\":\"https:\\\/\\\/evangelische-beratung.com\\\/fr\\\/?s={search_term_string}\"},\"query-input\":{\"@type\":\"PropertyValueSpecification\",\"valueRequired\":true,\"valueName\":\"search_term_string\"}}],\"inLanguage\":\"fr-FR\"},{\"@type\":\"Organization\",\"@id\":\"https:\\\/\\\/evangelische-beratung.com\\\/fr\\\/#organization\",\"name\":\"Evangelischer Regionalverband Frankfurt und Offenbach\",\"url\":\"https:\\\/\\\/evangelische-beratung.com\\\/fr\\\/\",\"logo\":{\"@type\":\"ImageObject\",\"inLanguage\":\"fr-FR\",\"@id\":\"https:\\\/\\\/evangelische-beratung.com\\\/fr\\\/#\\\/schema\\\/logo\\\/image\\\/\",\"url\":\"https:\\\/\\\/evangelische-beratung.com\\\/fr\\\/wp-content\\\/uploads\\\/sites\\\/5\\\/2019\\\/10\\\/erv-logo.png\",\"contentUrl\":\"https:\\\/\\\/evangelische-beratung.com\\\/fr\\\/wp-content\\\/uploads\\\/sites\\\/5\\\/2019\\\/10\\\/erv-logo.png\",\"width\":1127,\"height\":595,\"caption\":\"Evangelischer Regionalverband Frankfurt und Offenbach\"},\"image\":{\"@id\":\"https:\\\/\\\/evangelische-beratung.com\\\/fr\\\/#\\\/schema\\\/logo\\\/image\\\/\"}}]}<\/script>\n<!-- \/ Yoast SEO plugin. -->","yoast_head_json":{"title":"Angeh\u00f6rigenberatung rund um das Thema Sucht in Frankfurt","description":"Wir bieten Angeh\u00f6rigen wertvolle Beratung und Hilfe zum Thema Umgang mit Sucht. Aktuelle Termine geben Ihnen unsere Fachberater gerne bekannt.","robots":{"index":"index","follow":"follow","max-snippet":"max-snippet:-1","max-image-preview":"max-image-preview:large","max-video-preview":"max-video-preview:-1"},"canonical":"https:\/\/evangelische-beratung.com\/fr\/sucht\/angehoerigenberatung\/","og_locale":"fr_FR","og_type":"article","og_title":"Angeh\u00f6rigenberatung rund um das Thema Sucht in Frankfurt","og_description":"Wir bieten Angeh\u00f6rigen wertvolle Beratung und Hilfe zum Thema Umgang mit Sucht. Aktuelle Termine geben Ihnen unsere Fachberater gerne bekannt.","og_url":"https:\/\/evangelische-beratung.com\/fr\/sucht\/angehoerigenberatung\/","og_site_name":"Evangelischer Regionalverband","article_modified_time":"2020-03-16T12:01:41+00:00","twitter_card":"summary_large_image","twitter_misc":{"Dur\u00e9e de lecture estim\u00e9e":"1 minute"},"schema":{"@context":"https:\/\/schema.org","@graph":[{"@type":"WebPage","@id":"https:\/\/evangelische-beratung.com\/fr\/sucht\/angehoerigenberatung\/","url":"https:\/\/evangelische-beratung.com\/fr\/sucht\/angehoerigenberatung\/","name":"Angeh\u00f6rigenberatung rund um das Thema Sucht in Frankfurt","isPartOf":{"@id":"https:\/\/evangelische-beratung.com\/fr\/#website"},"datePublished":"2019-08-16T10:58:04+00:00","dateModified":"2020-03-16T12:01:41+00:00","description":"Wir bieten Angeh\u00f6rigen wertvolle Beratung und Hilfe zum Thema Umgang mit Sucht. Aktuelle Termine geben Ihnen unsere Fachberater gerne bekannt.","breadcrumb":{"@id":"https:\/\/evangelische-beratung.com\/fr\/sucht\/angehoerigenberatung\/#breadcrumb"},"inLanguage":"fr-FR","potentialAction":[{"@type":"ReadAction","target":["https:\/\/evangelische-beratung.com\/fr\/sucht\/angehoerigenberatung\/"]}]},{"@type":"BreadcrumbList","@id":"https:\/\/evangelische-beratung.com\/fr\/sucht\/angehoerigenberatung\/#breadcrumb","itemListElement":[{"@type":"ListItem","position":1,"name":"Startseite","item":"https:\/\/evangelische-beratung.com\/fr\/"},{"@type":"ListItem","position":2,"name":"Addiction","item":"https:\/\/evangelische-beratung.com\/fr\/sucht\/"},{"@type":"ListItem","position":3,"name":"Conseil des parents"}]},{"@type":"WebSite","@id":"https:\/\/evangelische-beratung.com\/fr\/#website","url":"https:\/\/evangelische-beratung.com\/fr\/","name":"Evangelischer Regionalverband","description":"","publisher":{"@id":"https:\/\/evangelische-beratung.com\/fr\/#organization"},"potentialAction":[{"@type":"SearchAction","target":{"@type":"EntryPoint","urlTemplate":"https:\/\/evangelische-beratung.com\/fr\/?s={search_term_string}"},"query-input":{"@type":"PropertyValueSpecification","valueRequired":true,"valueName":"search_term_string"}}],"inLanguage":"fr-FR"},{"@type":"Organization","@id":"https:\/\/evangelische-beratung.com\/fr\/#organization","name":"Evangelischer Regionalverband Frankfurt und Offenbach","url":"https:\/\/evangelische-beratung.com\/fr\/","logo":{"@type":"ImageObject","inLanguage":"fr-FR","@id":"https:\/\/evangelische-beratung.com\/fr\/#\/schema\/logo\/image\/","url":"https:\/\/evangelische-beratung.com\/fr\/wp-content\/uploads\/sites\/5\/2019\/10\/erv-logo.png","contentUrl":"https:\/\/evangelische-beratung.com\/fr\/wp-content\/uploads\/sites\/5\/2019\/10\/erv-logo.png","width":1127,"height":595,"caption":"Evangelischer Regionalverband Frankfurt und Offenbach"},"image":{"@id":"https:\/\/evangelische-beratung.com\/fr\/#\/schema\/logo\/image\/"}}]}},"_links":{"self":[{"href":"https:\/\/evangelische-beratung.com\/fr\/wp-json\/wp\/v2\/pages\/246","targetHints":{"allow":["GET"]}}],"collection":[{"href":"https:\/\/evangelische-beratung.com\/fr\/wp-json\/wp\/v2\/pages"}],"about":[{"href":"https:\/\/evangelische-beratung.com\/fr\/wp-json\/wp\/v2\/types\/page"}],"author":[{"embeddable":true,"href":"https:\/\/evangelische-beratung.com\/fr\/wp-json\/wp\/v2\/users\/3"}],"replies":[{"embeddable":true,"href":"https:\/\/evangelische-beratung.com\/fr\/wp-json\/wp\/v2\/comments?post=246"}],"version-history":[{"count":5,"href":"https:\/\/evangelische-beratung.com\/fr\/wp-json\/wp\/v2\/pages\/246\/revisions"}],"predecessor-version":[{"id":1285,"href":"https:\/\/evangelische-beratung.com\/fr\/wp-json\/wp\/v2\/pages\/246\/revisions\/1285"}],"up":[{"embeddable":true,"href":"https:\/\/evangelische-beratung.com\/fr\/wp-json\/wp\/v2\/pages\/37"}],"wp:attachment":[{"href":"https:\/\/evangelische-beratung.com\/fr\/wp-json\/wp\/v2\/media?parent=246"}],"curies":[{"name":"wp","href":"https:\/\/api.w.org\/{rel}","templated":true}]}}