{"id":237,"date":"2019-08-16T12:45:08","date_gmt":"2019-08-16T10:45:08","guid":{"rendered":"https:\/\/evangelische-beratung.com\/fr\/?page_id=237"},"modified":"2020-03-14T11:36:50","modified_gmt":"2020-03-14T10:36:50","slug":"alkohol","status":"publish","type":"page","link":"https:\/\/evangelische-beratung.com\/fr\/sucht\/alkohol\/","title":{"rendered":"Alcool"},"content":{"rendered":"\n<p class=\"is-style-teaser\">L\u2019alcool vous pose-t-il un probl\u00e8me ? C\u2019est volontiers que nous en discuterons avec vous.<\/p>\n\n\n\n<p>Contactez-nous \u00e0 propos de questions telles que :<\/p>\n\n\n\n<ul class=\"wp-block-list\"><li>Croyez-vous que vous buvez trop ?<\/li><li>Quelqu\u2019un vous a-t-il dit que vous buviez trop ?<\/li><li>Vous avez eu des difficult\u00e9s \u00e0 cause de votre consommation d\u2019alcool&nbsp;?<\/li><li>Vous avez \u00e9t\u00e9 malade au travail parce que vous aviez trop bu&nbsp;?<\/li><li>Vous buvez tous les jours&nbsp;?<\/li><li>Vous avez l\u2019impression que vous ne seriez pas en mesure de vous arr\u00eater de boire ?<\/li><li> Vous avez des probl\u00e8mes avec votre partenaire\/votre famille \u00e0 cause de votre consommation d\u2019alcool ?<\/li><\/ul>\n\n\n\n<p>N\u2019h\u00e9sitez pas \u00e0 assister \u00e0 nos consultations libres ou \u00e0 prendre un rendez-vous personnel.<\/p>\n\n\n\n<p>Les consultations sont&nbsp;<strong>volontaires<\/strong>&nbsp;et&nbsp;<strong>gratuites.<\/strong>&nbsp;Toutes les consultations sont&nbsp;<strong>confidentielles<\/strong>. Des interpr\u00e8tes sont engag\u00e9s si n\u00e9cessaire.<\/p>\n\n\n\n<p><strong>Heures des consultations<\/strong> <strong>:&nbsp;<br><\/strong>Lun, mer, ven : 9h00 am \u2013 11h00 am<br>Mar : 1h30 \u2013 3h00 pm<br>Jeu : 4h00 \u2013 5h30 pm <\/p>\n\n\n\n<div class=\"wp-block-columns alignwide has-3-columns is-layout-flex wp-container-core-columns-is-layout-9d6595d7 wp-block-columns-is-layout-flex\">\n<div class=\"wp-block-column is-layout-flow wp-block-column-is-layout-flow\"><div class=\"wp-block-erv-tile \">\n\t\t\t<div>\n\t\t\t<a href=\"https:\/\/evangelische-beratung.com\/fr\/sucht\/alkohol\/orientierende-beratung\/\" tabindex=\"-1\" aria-hidden=\"true\" ><\/a>\n\t\t\t<h2 class=\"tile-title\"><a href=\"https:\/\/evangelische-beratung.com\/fr\/sucht\/alkohol\/orientierende-beratung\/\" >Conseil d&rsquo;orientation<\/a><\/h2>\n\t\t\t\n\t\t\t<p aria-hidden=\"true\" class=\"-is-micro\"><svg xmlns=\"http:\/\/www.w3.org\/2000\/svg\" viewBox=\"0 0 13 10\"><path d=\"M1.5 5H12M8 1l4 4-4 4\" fill=\"none\" stroke=\"#a22a45\" stroke-width=\"1.2\" stroke-linecap=\"round\" stroke-linejoin=\"round\"\/><\/svg><\/p>\n\t\t\t<\/div>\n\t\t<\/div><\/div>\n\n\n\n<div class=\"wp-block-column is-layout-flow wp-block-column-is-layout-flow\"><div class=\"wp-block-erv-tile \">\n\t\t\t<div>\n\t\t\t<a href=\"https:\/\/evangelische-beratung.com\/fr\/sucht\/alkohol\/therapieangebote\/\" tabindex=\"-1\" aria-hidden=\"true\" ><\/a>\n\t\t\t<h2 class=\"tile-title\"><a href=\"https:\/\/evangelische-beratung.com\/fr\/sucht\/alkohol\/therapieangebote\/\" >Offres de th\u00e9rapie<\/a><\/h2>\n\t\t\t\n\t\t\t<p aria-hidden=\"true\" class=\"-is-micro\"><svg xmlns=\"http:\/\/www.w3.org\/2000\/svg\" viewBox=\"0 0 13 10\"><path d=\"M1.5 5H12M8 1l4 4-4 4\" fill=\"none\" stroke=\"#a22a45\" stroke-width=\"1.2\" stroke-linecap=\"round\" stroke-linejoin=\"round\"\/><\/svg><\/p>\n\t\t\t<\/div>\n\t\t<\/div><\/div>\n\n\n\n<div class=\"wp-block-column is-layout-flow wp-block-column-is-layout-flow\"><div class=\"wp-block-erv-tile \">\n\t\t\t<div>\n\t\t\t<a href=\"https:\/\/evangelische-beratung.com\/fr\/sucht\/alkohol\/kontrolliertes-trinken\/\" tabindex=\"-1\" aria-hidden=\"true\" ><\/a>\n\t\t\t<h2 class=\"tile-title\"><a href=\"https:\/\/evangelische-beratung.com\/fr\/sucht\/alkohol\/kontrolliertes-trinken\/\" >La consommation d\u2019alcool contr\u00f4l\u00e9e<\/a><\/h2>\n\t\t\t\n\t\t\t<p aria-hidden=\"true\" class=\"-is-micro\"><svg xmlns=\"http:\/\/www.w3.org\/2000\/svg\" viewBox=\"0 0 13 10\"><path d=\"M1.5 5H12M8 1l4 4-4 4\" fill=\"none\" stroke=\"#a22a45\" stroke-width=\"1.2\" stroke-linecap=\"round\" stroke-linejoin=\"round\"\/><\/svg><\/p>\n\t\t\t<\/div>\n\t\t<\/div><\/div>\n<\/div>\n\n\n\n<div class=\"wp-block-columns alignwide has-3-columns is-layout-flex wp-container-core-columns-is-layout-9d6595d7 wp-block-columns-is-layout-flex\">\n<div class=\"wp-block-column is-layout-flow wp-block-column-is-layout-flow\"><div class=\"wp-block-erv-tile \">\n\t\t\t<div>\n\t\t\t<a href=\"https:\/\/evangelische-beratung.com\/fr\/sucht\/alkohol\/medizinisch-psychologische-untersuchung-mpu-vorbereitung\/\" tabindex=\"-1\" aria-hidden=\"true\" ><\/a>\n\t\t\t<h2 class=\"tile-title\"><a href=\"https:\/\/evangelische-beratung.com\/fr\/sucht\/alkohol\/medizinisch-psychologische-untersuchung-mpu-vorbereitung\/\" >Pr\u00e9paration \u00e0 une \u00e9valuation m\u00e9dicale et psychologique (MPU)<\/a><\/h2>\n\t\t\t\n\t\t\t<p aria-hidden=\"true\" class=\"-is-micro\"><svg xmlns=\"http:\/\/www.w3.org\/2000\/svg\" viewBox=\"0 0 13 10\"><path d=\"M1.5 5H12M8 1l4 4-4 4\" fill=\"none\" stroke=\"#a22a45\" stroke-width=\"1.2\" stroke-linecap=\"round\" stroke-linejoin=\"round\"\/><\/svg><\/p>\n\t\t\t<\/div>\n\t\t<\/div><\/div>\n\n\n\n<div class=\"wp-block-column is-layout-flow wp-block-column-is-layout-flow\"><div class=\"wp-block-erv-tile \">\n\t\t\t<div>\n\t\t\t<a href=\"https:\/\/evangelische-beratung.com\/fr\/sucht\/alkohol\/sucht-und-alter\/\" tabindex=\"-1\" aria-hidden=\"true\" ><\/a>\n\t\t\t<h2 class=\"tile-title\"><a href=\"https:\/\/evangelische-beratung.com\/fr\/sucht\/alkohol\/sucht-und-alter\/\" >Addiction et \u00e2ge<\/a><\/h2>\n\t\t\t\n\t\t\t<p aria-hidden=\"true\" class=\"-is-micro\"><svg xmlns=\"http:\/\/www.w3.org\/2000\/svg\" viewBox=\"0 0 13 10\"><path d=\"M1.5 5H12M8 1l4 4-4 4\" fill=\"none\" stroke=\"#a22a45\" stroke-width=\"1.2\" stroke-linecap=\"round\" stroke-linejoin=\"round\"\/><\/svg><\/p>\n\t\t\t<\/div>\n\t\t<\/div><\/div>\n\n\n\n<div class=\"wp-block-column is-layout-flow wp-block-column-is-layout-flow\"><div class=\"wp-block-erv-tile \">\n\t\t\t<div>\n\t\t\t<a href=\"https:\/\/evangelische-beratung.com\/fr\/sucht\/alkohol\/betriebliche-suchtberatung\/\" tabindex=\"-1\" aria-hidden=\"true\" ><\/a>\n\t\t\t<h2 class=\"tile-title\"><a href=\"https:\/\/evangelische-beratung.com\/fr\/sucht\/alkohol\/betriebliche-suchtberatung\/\" >Conseil sur l&rsquo;addiction sur le lieu de travail<\/a><\/h2>\n\t\t\t\n\t\t\t<p aria-hidden=\"true\" class=\"-is-micro\"><svg xmlns=\"http:\/\/www.w3.org\/2000\/svg\" viewBox=\"0 0 13 10\"><path d=\"M1.5 5H12M8 1l4 4-4 4\" fill=\"none\" stroke=\"#a22a45\" stroke-width=\"1.2\" stroke-linecap=\"round\" stroke-linejoin=\"round\"\/><\/svg><\/p>\n\t\t\t<\/div>\n\t\t<\/div><\/div>\n<\/div>\n\n\n\n<div class=\"wp-block-columns alignwide has-3-columns is-layout-flex wp-container-core-columns-is-layout-9d6595d7 wp-block-columns-is-layout-flex\">\n<div class=\"wp-block-column is-layout-flow wp-block-column-is-layout-flow\"><div class=\"wp-block-erv-tile \">\n\t\t\t<div>\n\t\t\t<a href=\"https:\/\/evangelische-beratung.com\/fr\/?page_id=368\" tabindex=\"-1\" aria-hidden=\"true\" ><\/a>\n\t\t\t<h2 class=\"tile-title\"><a href=\"https:\/\/evangelische-beratung.com\/fr\/?page_id=368\" >Priv\u00e9\u00a0: Groupe de support contre l\u2019addiction \u00ab Freundeskreis Frankfurt und Offenbach \u00bb (Cercles des amis de Frankfurt et d\u2019Offenbach)<\/a><\/h2>\n\t\t\t\n\t\t\t<p aria-hidden=\"true\" class=\"-is-micro\"><svg xmlns=\"http:\/\/www.w3.org\/2000\/svg\" viewBox=\"0 0 13 10\"><path d=\"M1.5 5H12M8 1l4 4-4 4\" fill=\"none\" stroke=\"#a22a45\" stroke-width=\"1.2\" stroke-linecap=\"round\" stroke-linejoin=\"round\"\/><\/svg><\/p>\n\t\t\t<\/div>\n\t\t<\/div><\/div>\n\n\n\n<div class=\"wp-block-column is-layout-flow wp-block-column-is-layout-flow\"><div class=\"wp-block-erv-tile \">\n\t\t\t<div>\n\t\t\t<a href=\"https:\/\/evangelische-beratung.com\/fr\/sucht\/alkohol\/alkoholfreies-begegnungszentrum-cafe-alte-backstube\/\" tabindex=\"-1\" aria-hidden=\"true\" ><\/a>\n\t\t\t<h2 class=\"tile-title\"><a href=\"https:\/\/evangelische-beratung.com\/fr\/sucht\/alkohol\/alkoholfreies-begegnungszentrum-cafe-alte-backstube\/\" >Centre communautaire sans alcool \u00ab Caf\u00e9 Alte Backstube \u00bb<\/a><\/h2>\n\t\t\t\n\t\t\t<p aria-hidden=\"true\" class=\"-is-micro\"><svg xmlns=\"http:\/\/www.w3.org\/2000\/svg\" viewBox=\"0 0 13 10\"><path d=\"M1.5 5H12M8 1l4 4-4 4\" fill=\"none\" stroke=\"#a22a45\" stroke-width=\"1.2\" stroke-linecap=\"round\" stroke-linejoin=\"round\"\/><\/svg><\/p>\n\t\t\t<\/div>\n\t\t<\/div><\/div>\n\n\n\n<div class=\"wp-block-column is-layout-flow wp-block-column-is-layout-flow\"><\/div>\n<\/div>\n\n\n\n<p style=\"text-align:center\" class=\"is-style-roof-line\"><strong>Vos interlocuteurs<\/strong><\/p>\n\n\n\n<div class=\"wp-block-columns alignwide has-3-columns is-layout-flex wp-container-core-columns-is-layout-9d6595d7 wp-block-columns-is-layout-flex\">\n<div class=\"wp-block-column is-layout-flow wp-block-column-is-layout-flow\">\n<div class=\"wp-block-erv-id-card\"><div class=\"id-card-content\"><figure class=\"id-card-photo\"><img decoding=\"async\" src=\"https:\/\/evangelische-beratung.com\/wp-content\/uploads\/2019\/08\/Monika-Schiemann_Verwaltung-Suchtberatung-300x200.jpg\" \/><\/figure><div class=\"id-card-details\"><p class=\"id-card-name\">Monika Schiemann<\/p><p class=\"id-card-job\">Sekretariat &amp; Anmeldung<\/p><p class=\"id-card-location\">Frankfurt<\/p><p class=\"id-card-phone\">069 \/ 53 02 302 <\/p><p class=\"id-card-email\"><a href=\"&#109;&#x61;&#105;&#x6c;&#116;&#x6f;:&#x73;u&#99;&#x68;&#116;&#x62;&#101;&#x72;a&#x74;u&#110;&#x67;&#64;&#x66;&#114;&#x61;&#110;&#x6b;f&#x75;r&#116;&#x2d;&#101;&#x76;&#97;&#x6e;g&#x65;l&#105;&#x73;&#99;&#x68;&#46;&#x64;&#101;\">E-Mail<\/a><\/p><\/div><\/div><\/div>\n\n\n\n<div class=\"wp-block-erv-id-card\"><div class=\"id-card-content\"><figure class=\"id-card-photo\"><img decoding=\"async\" src=\"https:\/\/evangelische-beratung.com\/wp-content\/uploads\/2020\/01\/portrait_platzhalter-1-300x300.jpg\"\/><\/figure><div class=\"id-card-details\"><p class=\"id-card-name\">Katrin Werland<\/p><p class=\"id-card-job\">Beratung &amp; Therapie<\/p><p class=\"id-card-location\">Frankfurt<\/p><p class=\"id-card-phone\">069 \/ 53 02 305<\/p><p class=\"id-card-email\"><a href=\"mailto:katri&#110;&#46;&#119;&#101;&#114;&#108;&#97;&#110;&#100;&#64;&#102;&#114;&#97;&#110;&#107;&#x66;&#x75;&#x72;&#x74;&#x2d;&#x65;&#x76;&#x61;&#x6e;&#x67;&#x65;&#x6c;&#x69;&#x73;&#x63;&#x68;&#x2e;&#x64;&#x65;\">E-Mail<\/a><\/p><\/div><\/div><\/div>\n<\/div>\n\n\n\n<div class=\"wp-block-column is-layout-flow wp-block-column-is-layout-flow\">\n<div class=\"wp-block-erv-id-card\"><div class=\"id-card-content\"><figure class=\"id-card-photo\"><img decoding=\"async\" src=\"https:\/\/evangelische-beratung.com\/wp-content\/uploads\/2025\/04\/portrait_platzhalter-1-300x300-1.jpg\" \/><\/figure><div class=\"id-card-details\"><p class=\"id-card-name\">N. N. <\/p><p class=\"id-card-job\">Leitung<\/p><p class=\"id-card-location\">Frankfurt<\/p><p class=\"id-card-phone\">069 \/ 53 02 301<\/p><p class=\"id-card-email\"><a href=\"m&#97;&#x69;&#x6c;t&#111;&#58;&#x73;&#x75;c&#104;&#116;&#x62;&#x65;r&#97;&#x74;&#x75;&#x6e;g&#64;&#x66;&#x72;a&#110;&#107;&#x66;&#x75;r&#116;&#45;&#x65;&#x76;a&#110;&#x67;&#x65;&#x6c;i&#115;&#x63;&#x68;&#46;d&#101;\">E-Mail<\/a><\/p><\/div><\/div><\/div>\n\n\n\n<div class=\"wp-block-erv-id-card\"><div class=\"id-card-content\"><figure class=\"id-card-photo\"><img decoding=\"async\" src=\"https:\/\/evangelische-beratung.com\/wp-content\/uploads\/2019\/08\/beate-fuchs_suchtberatung-hoechst-e1576424435131-300x268.jpg\" \/><\/figure><div class=\"id-card-details\"><p class=\"id-card-name\">Beate Fuchs<\/p><p class=\"id-card-job\">Beratung<\/p><p class=\"id-card-location\">H\u00f6chst<\/p><p class=\"id-card-phone\">069 \/ 75 93 672 60<\/p><p class=\"id-card-email\"><a href=\"&#x6d;&#x61;&#105;&#108;to&#x3a;&#x62;&#x65;&#97;te&#x2e;&#x66;&#x75;&#99;&#104;s&#x40;&#x66;&#x72;&#97;&#110;k&#x66;&#x75;&#x72;&#116;&#45;ev&#x61;&#x6e;&#x67;&#101;li&#x73;&#x63;&#x68;&#46;&#100;e\">E-Mail<\/a><\/p><\/div><\/div><\/div>\n<\/div>\n\n\n\n<div class=\"wp-block-column is-layout-flow wp-block-column-is-layout-flow\">\n<div class=\"wp-block-erv-id-card\"><div class=\"id-card-content\"><figure class=\"id-card-photo\"><img decoding=\"async\" src=\"https:\/\/evangelische-beratung.com\/wp-content\/uploads\/2020\/01\/portrait_platzhalter-1-300x300.jpg\"\/><\/figure><div class=\"id-card-details\"><p class=\"id-card-name\">Anzhelina Blum<\/p><p class=\"id-card-job\">Beratung &amp; Therapie<\/p><p class=\"id-card-location\">Frankfurt<\/p><p class=\"id-card-phone\">069 \/ 53 02 303<\/p><p class=\"id-card-email\"><a href=\"&#109;&#x61;&#x69;&#108;&#x74;&#x6f;:&#x61;&#x6e;z&#104;&#x65;l&#105;&#x6e;a&#46;&#x62;l&#117;&#x6d;&#64;&#102;&#x72;&#x61;&#110;&#x6b;&#x66;&#117;&#x72;&#x74;-&#x65;&#x76;a&#110;&#x67;e&#108;&#x69;s&#99;&#x68;&#46;&#100;&#x65;\">E-Mail<\/a><\/p><\/div><\/div><\/div>\n<\/div>\n<\/div>\n\n\n\n<p><\/p>\n","protected":false},"excerpt":{"rendered":"<p>L\u2019alcool vous pose-t-il un probl\u00e8me ? C\u2019est volontiers que nous en discuterons avec vous. Contactez-nous \u00e0 propos de questions telles que : Croyez-vous que vous buvez trop ? Quelqu\u2019un vous a-t-il dit que vous buviez trop ? Vous avez eu des difficult\u00e9s \u00e0 cause de votre consommation d\u2019alcool&nbsp;? Vous avez \u00e9t\u00e9 malade au travail parce [&hellip;]<\/p>\n","protected":false},"author":3,"featured_media":0,"parent":37,"menu_order":0,"comment_status":"closed","ping_status":"closed","template":"","meta":{"footnotes":""},"class_list":["post-237","page","type-page","status-publish","hentry"],"yoast_head":"<!-- This site is optimized with the Yoast SEO plugin v27.4 - https:\/\/yoast.com\/product\/yoast-seo-wordpress\/ -->\n<title>Hilfe bei Alkoholsucht in Frankfurt und Offenbach beim Ev. Regionalverband<\/title>\n<meta name=\"description\" content=\"Wir helfen Ihnen bei allen Fragen rund um das Thema Alkoholsucht. Die Beratung ist freiwillig und kostenlos. Alle Beratungsgespr\u00e4che sind vertraulich.\" \/>\n<meta name=\"robots\" content=\"index, follow, max-snippet:-1, max-image-preview:large, max-video-preview:-1\" \/>\n<link rel=\"canonical\" href=\"https:\/\/evangelische-beratung.com\/fr\/sucht\/alkohol\/\" \/>\n<meta property=\"og:locale\" content=\"fr_FR\" \/>\n<meta property=\"og:type\" content=\"article\" \/>\n<meta property=\"og:title\" content=\"Hilfe bei Alkoholsucht in Frankfurt und Offenbach beim Ev. Regionalverband\" \/>\n<meta property=\"og:description\" content=\"Wir helfen Ihnen bei allen Fragen rund um das Thema Alkoholsucht. Die Beratung ist freiwillig und kostenlos. Alle Beratungsgespr\u00e4che sind vertraulich.\" \/>\n<meta property=\"og:url\" content=\"https:\/\/evangelische-beratung.com\/fr\/sucht\/alkohol\/\" \/>\n<meta property=\"og:site_name\" content=\"Evangelischer Regionalverband\" \/>\n<meta property=\"article:modified_time\" content=\"2020-03-14T10:36:50+00:00\" \/>\n<meta name=\"twitter:card\" content=\"summary_large_image\" \/>\n<meta name=\"twitter:label1\" content=\"Dur\u00e9e de lecture estim\u00e9e\" \/>\n\t<meta name=\"twitter:data1\" content=\"1 minute\" \/>\n<script type=\"application\/ld+json\" class=\"yoast-schema-graph\">{\"@context\":\"https:\\\/\\\/schema.org\",\"@graph\":[{\"@type\":\"WebPage\",\"@id\":\"https:\\\/\\\/evangelische-beratung.com\\\/fr\\\/sucht\\\/alkohol\\\/\",\"url\":\"https:\\\/\\\/evangelische-beratung.com\\\/fr\\\/sucht\\\/alkohol\\\/\",\"name\":\"Hilfe bei Alkoholsucht in Frankfurt und Offenbach beim Ev. Regionalverband\",\"isPartOf\":{\"@id\":\"https:\\\/\\\/evangelische-beratung.com\\\/fr\\\/#website\"},\"datePublished\":\"2019-08-16T10:45:08+00:00\",\"dateModified\":\"2020-03-14T10:36:50+00:00\",\"description\":\"Wir helfen Ihnen bei allen Fragen rund um das Thema Alkoholsucht. Die Beratung ist freiwillig und kostenlos. Alle Beratungsgespr\u00e4che sind vertraulich.\",\"breadcrumb\":{\"@id\":\"https:\\\/\\\/evangelische-beratung.com\\\/fr\\\/sucht\\\/alkohol\\\/#breadcrumb\"},\"inLanguage\":\"fr-FR\",\"potentialAction\":[{\"@type\":\"ReadAction\",\"target\":[\"https:\\\/\\\/evangelische-beratung.com\\\/fr\\\/sucht\\\/alkohol\\\/\"]}]},{\"@type\":\"BreadcrumbList\",\"@id\":\"https:\\\/\\\/evangelische-beratung.com\\\/fr\\\/sucht\\\/alkohol\\\/#breadcrumb\",\"itemListElement\":[{\"@type\":\"ListItem\",\"position\":1,\"name\":\"Startseite\",\"item\":\"https:\\\/\\\/evangelische-beratung.com\\\/fr\\\/\"},{\"@type\":\"ListItem\",\"position\":2,\"name\":\"Addiction\",\"item\":\"https:\\\/\\\/evangelische-beratung.com\\\/fr\\\/sucht\\\/\"},{\"@type\":\"ListItem\",\"position\":3,\"name\":\"Alcool\"}]},{\"@type\":\"WebSite\",\"@id\":\"https:\\\/\\\/evangelische-beratung.com\\\/fr\\\/#website\",\"url\":\"https:\\\/\\\/evangelische-beratung.com\\\/fr\\\/\",\"name\":\"Evangelischer Regionalverband\",\"description\":\"\",\"publisher\":{\"@id\":\"https:\\\/\\\/evangelische-beratung.com\\\/fr\\\/#organization\"},\"potentialAction\":[{\"@type\":\"SearchAction\",\"target\":{\"@type\":\"EntryPoint\",\"urlTemplate\":\"https:\\\/\\\/evangelische-beratung.com\\\/fr\\\/?s={search_term_string}\"},\"query-input\":{\"@type\":\"PropertyValueSpecification\",\"valueRequired\":true,\"valueName\":\"search_term_string\"}}],\"inLanguage\":\"fr-FR\"},{\"@type\":\"Organization\",\"@id\":\"https:\\\/\\\/evangelische-beratung.com\\\/fr\\\/#organization\",\"name\":\"Evangelischer Regionalverband Frankfurt und Offenbach\",\"url\":\"https:\\\/\\\/evangelische-beratung.com\\\/fr\\\/\",\"logo\":{\"@type\":\"ImageObject\",\"inLanguage\":\"fr-FR\",\"@id\":\"https:\\\/\\\/evangelische-beratung.com\\\/fr\\\/#\\\/schema\\\/logo\\\/image\\\/\",\"url\":\"https:\\\/\\\/evangelische-beratung.com\\\/fr\\\/wp-content\\\/uploads\\\/sites\\\/5\\\/2019\\\/10\\\/erv-logo.png\",\"contentUrl\":\"https:\\\/\\\/evangelische-beratung.com\\\/fr\\\/wp-content\\\/uploads\\\/sites\\\/5\\\/2019\\\/10\\\/erv-logo.png\",\"width\":1127,\"height\":595,\"caption\":\"Evangelischer Regionalverband Frankfurt und Offenbach\"},\"image\":{\"@id\":\"https:\\\/\\\/evangelische-beratung.com\\\/fr\\\/#\\\/schema\\\/logo\\\/image\\\/\"}}]}<\/script>\n<!-- \/ Yoast SEO plugin. -->","yoast_head_json":{"title":"Hilfe bei Alkoholsucht in Frankfurt und Offenbach beim Ev. Regionalverband","description":"Wir helfen Ihnen bei allen Fragen rund um das Thema Alkoholsucht. Die Beratung ist freiwillig und kostenlos. Alle Beratungsgespr\u00e4che sind vertraulich.","robots":{"index":"index","follow":"follow","max-snippet":"max-snippet:-1","max-image-preview":"max-image-preview:large","max-video-preview":"max-video-preview:-1"},"canonical":"https:\/\/evangelische-beratung.com\/fr\/sucht\/alkohol\/","og_locale":"fr_FR","og_type":"article","og_title":"Hilfe bei Alkoholsucht in Frankfurt und Offenbach beim Ev. Regionalverband","og_description":"Wir helfen Ihnen bei allen Fragen rund um das Thema Alkoholsucht. Die Beratung ist freiwillig und kostenlos. Alle Beratungsgespr\u00e4che sind vertraulich.","og_url":"https:\/\/evangelische-beratung.com\/fr\/sucht\/alkohol\/","og_site_name":"Evangelischer Regionalverband","article_modified_time":"2020-03-14T10:36:50+00:00","twitter_card":"summary_large_image","twitter_misc":{"Dur\u00e9e de lecture estim\u00e9e":"1 minute"},"schema":{"@context":"https:\/\/schema.org","@graph":[{"@type":"WebPage","@id":"https:\/\/evangelische-beratung.com\/fr\/sucht\/alkohol\/","url":"https:\/\/evangelische-beratung.com\/fr\/sucht\/alkohol\/","name":"Hilfe bei Alkoholsucht in Frankfurt und Offenbach beim Ev. Regionalverband","isPartOf":{"@id":"https:\/\/evangelische-beratung.com\/fr\/#website"},"datePublished":"2019-08-16T10:45:08+00:00","dateModified":"2020-03-14T10:36:50+00:00","description":"Wir helfen Ihnen bei allen Fragen rund um das Thema Alkoholsucht. Die Beratung ist freiwillig und kostenlos. Alle Beratungsgespr\u00e4che sind vertraulich.","breadcrumb":{"@id":"https:\/\/evangelische-beratung.com\/fr\/sucht\/alkohol\/#breadcrumb"},"inLanguage":"fr-FR","potentialAction":[{"@type":"ReadAction","target":["https:\/\/evangelische-beratung.com\/fr\/sucht\/alkohol\/"]}]},{"@type":"BreadcrumbList","@id":"https:\/\/evangelische-beratung.com\/fr\/sucht\/alkohol\/#breadcrumb","itemListElement":[{"@type":"ListItem","position":1,"name":"Startseite","item":"https:\/\/evangelische-beratung.com\/fr\/"},{"@type":"ListItem","position":2,"name":"Addiction","item":"https:\/\/evangelische-beratung.com\/fr\/sucht\/"},{"@type":"ListItem","position":3,"name":"Alcool"}]},{"@type":"WebSite","@id":"https:\/\/evangelische-beratung.com\/fr\/#website","url":"https:\/\/evangelische-beratung.com\/fr\/","name":"Evangelischer Regionalverband","description":"","publisher":{"@id":"https:\/\/evangelische-beratung.com\/fr\/#organization"},"potentialAction":[{"@type":"SearchAction","target":{"@type":"EntryPoint","urlTemplate":"https:\/\/evangelische-beratung.com\/fr\/?s={search_term_string}"},"query-input":{"@type":"PropertyValueSpecification","valueRequired":true,"valueName":"search_term_string"}}],"inLanguage":"fr-FR"},{"@type":"Organization","@id":"https:\/\/evangelische-beratung.com\/fr\/#organization","name":"Evangelischer Regionalverband Frankfurt und Offenbach","url":"https:\/\/evangelische-beratung.com\/fr\/","logo":{"@type":"ImageObject","inLanguage":"fr-FR","@id":"https:\/\/evangelische-beratung.com\/fr\/#\/schema\/logo\/image\/","url":"https:\/\/evangelische-beratung.com\/fr\/wp-content\/uploads\/sites\/5\/2019\/10\/erv-logo.png","contentUrl":"https:\/\/evangelische-beratung.com\/fr\/wp-content\/uploads\/sites\/5\/2019\/10\/erv-logo.png","width":1127,"height":595,"caption":"Evangelischer Regionalverband Frankfurt und Offenbach"},"image":{"@id":"https:\/\/evangelische-beratung.com\/fr\/#\/schema\/logo\/image\/"}}]}},"_links":{"self":[{"href":"https:\/\/evangelische-beratung.com\/fr\/wp-json\/wp\/v2\/pages\/237","targetHints":{"allow":["GET"]}}],"collection":[{"href":"https:\/\/evangelische-beratung.com\/fr\/wp-json\/wp\/v2\/pages"}],"about":[{"href":"https:\/\/evangelische-beratung.com\/fr\/wp-json\/wp\/v2\/types\/page"}],"author":[{"embeddable":true,"href":"https:\/\/evangelische-beratung.com\/fr\/wp-json\/wp\/v2\/users\/3"}],"replies":[{"embeddable":true,"href":"https:\/\/evangelische-beratung.com\/fr\/wp-json\/wp\/v2\/comments?post=237"}],"version-history":[{"count":5,"href":"https:\/\/evangelische-beratung.com\/fr\/wp-json\/wp\/v2\/pages\/237\/revisions"}],"predecessor-version":[{"id":989,"href":"https:\/\/evangelische-beratung.com\/fr\/wp-json\/wp\/v2\/pages\/237\/revisions\/989"}],"up":[{"embeddable":true,"href":"https:\/\/evangelische-beratung.com\/fr\/wp-json\/wp\/v2\/pages\/37"}],"wp:attachment":[{"href":"https:\/\/evangelische-beratung.com\/fr\/wp-json\/wp\/v2\/media?parent=237"}],"curies":[{"name":"wp","href":"https:\/\/api.w.org\/{rel}","templated":true}]}}