{"id":234,"date":"2019-08-16T11:17:24","date_gmt":"2019-08-16T09:17:24","guid":{"rendered":"https:\/\/evangelische-beratung.com\/fr\/?page_id=234"},"modified":"2020-03-16T19:29:02","modified_gmt":"2020-03-16T18:29:02","slug":"elternkurs-kinder-im-blick","status":"publish","type":"page","link":"https:\/\/evangelische-beratung.com\/fr\/familie-kinder-jugend\/familie-erziehung\/elternkurs-kinder-im-blick\/","title":{"rendered":"Cours \u00e0 l&rsquo;attention des parents \u00ab Gardez l\u2019\u0153il sur vos enfants \u00bb"},"content":{"rendered":"\n<ul class=\"wp-block-list\"><li>Vous voulez garder le contact avec vos enfants apr\u00e8s une s\u00e9paration ?<\/li><li>Vous recherchez de l\u2019aide pour soutenir vos enfants ?<\/li><li>Vous voulez diminuer votre stress et rester d\u00e9contract\u00e9 ?<\/li><\/ul>\n\n\n\n<p>Le programme \u00ab Gardez l\u2019\u0153il sur vos enfants \u00bb aide les parents s\u00e9par\u00e9s \u00e0 organiser leur vie de famille de la fa\u00e7on la plus positive possible apr\u00e8s la s\u00e9paration pour le bien de leur enfant. Les m\u00e8res et p\u00e8res sont encourag\u00e9s \u00e0 soutenir leurs enfants dans cette situation difficile, de les accompagner utilement et de diminuer leur propre stress. <\/p>\n\n\n\n<p>\u00ab Gardez l\u2019\u0153il sur vos enfants \u00bb a \u00e9t\u00e9 d\u00e9velopp\u00e9 par l&rsquo;association Familien-Notruf M\u00fcnchen e.V. et la Ludwig-Maximilians-Universit\u00e4t M\u00fcnchen (LMU, Prof. Dr. Sabine Walper et son \u00e9quipe). <\/p>\n\n\n<div class=\"wp-block-erv-tile \">\n\t\t\t<div>\n\t\t\t<a href=\"https:\/\/www.kinder-im-blick.de\/\" tabindex=\"-1\" aria-hidden=\"true\"  target=\"_blank\"><\/a>\n\t\t\t<h2 class=\"tile-title\"><a href=\"https:\/\/www.kinder-im-blick.de\/\"  target=\"_blank\">Kinder im Blick<\/a><\/h2>\n\t\t\t\n\t\t\t<p aria-hidden=\"true\" class=\"-is-micro\">Go to website<svg xmlns=\"http:\/\/www.w3.org\/2000\/svg\" viewBox=\"0 0 13 10\"><path d=\"M1.5 5H12M8 1l4 4-4 4\" fill=\"none\" stroke=\"#a22a45\" stroke-width=\"1.2\" stroke-linecap=\"round\" stroke-linejoin=\"round\"\/><\/svg><\/p>\n\t\t\t<\/div>\n\t\t<\/div>\n\n\n<p>Le service de conseil psychologique de l\u2019Evangelisches Zentrum (Centre \u00e9vang\u00e9lique) d\u2019H\u00f6chst propose aux parent le cours \u00ab Gardez l\u2019\u0153il sur vos enfants \u00bb. Ce cours compte sept sessions de trois heures avec environ dix participants. Les couples de parents suivent le programme dans des groupes diff\u00e9rents. Les cours sont dirig\u00e9s par une \u00e9quipe professionnelle de deux personnes. Ce qui a \u00e9t\u00e9 appris peut \u00eatre approfondi \u00e0 la maison \u00e0 l\u2019aide d\u2019un dossier \u00e0 l\u2019attention des parents. <\/p>\n\n\n\n<p><strong>Co\u00fbts :<\/strong> 100 euros (les b\u00e9n\u00e9ficiaires d\u2019allocations de ch\u00f4mage\/personnes gagnant peu en sont dispens\u00e9s) <\/p>\n\n\n\n<p style=\"text-align:center\" class=\"is-style-roof-line\"><strong>Inscription<\/strong><\/p>\n\n\n\n<div class=\"wp-block-erv-id-card -hidden-image\"><div class=\"id-card-content\"><div class=\"id-card-details\"><p class=\"id-card-name\">Andrea Schare<\/p><p class=\"id-card-job\">Sekretariat<\/p><p class=\"id-card-location\">H\u00f6chst<\/p><p class=\"id-card-phone\">069 \/ 75 93 672 10<\/p><p class=\"id-card-email\"><a href=\"m&#97;&#105;&#x6c;&#x74;&#x6f;:p&#115;&#121;&#x63;&#x68;&#x6f;l&#111;&#103;&#105;&#x73;&#x63;&#x68;e&#98;&#101;&#x72;&#x61;&#x74;un&#103;&#46;&#x68;&#x6f;&#x65;c&#104;&#115;&#116;&#x40;&#x66;&#x72;a&#110;&#107;&#x66;&#x75;&#x72;t-&#101;&#118;&#x61;&#x6e;&#x67;e&#108;&#105;&#115;&#x63;&#x68;&#x2e;d&#101;\">E-Mail<\/a><\/p><\/div><\/div><\/div>\n","protected":false},"excerpt":{"rendered":"<p>Vous voulez garder le contact avec vos enfants apr\u00e8s une s\u00e9paration ? Vous recherchez de l\u2019aide pour soutenir vos enfants ? Vous voulez diminuer votre stress et rester d\u00e9contract\u00e9 ? Le programme \u00ab Gardez l\u2019\u0153il sur vos enfants \u00bb aide les parents s\u00e9par\u00e9s \u00e0 organiser leur vie de famille de la fa\u00e7on la plus positive [&hellip;]<\/p>\n","protected":false},"author":3,"featured_media":0,"parent":193,"menu_order":0,"comment_status":"closed","ping_status":"closed","template":"","meta":{"footnotes":""},"class_list":["post-234","page","type-page","status-publish","hentry"],"yoast_head":"<!-- This site is optimized with the Yoast SEO plugin v27.4 - https:\/\/yoast.com\/product\/yoast-seo-wordpress\/ -->\n<title>Kursangebot f\u00fcr Eltern &quot;Kinder im Blick&quot; in Frankfurt H\u00f6chst vom Ev. Regionalverband<\/title>\n<meta name=\"description\" content=\"Unters\u00fctzung f\u00fcr getrennt lebende Eltern. Ein Kurs mit sieben Sitzungen im Evangelischen Zentrum H\u00f6chst\" \/>\n<meta name=\"robots\" content=\"index, follow, max-snippet:-1, max-image-preview:large, max-video-preview:-1\" \/>\n<link rel=\"canonical\" href=\"https:\/\/evangelische-beratung.com\/fr\/familie-kinder-jugend\/familie-erziehung\/elternkurs-kinder-im-blick\/\" \/>\n<meta property=\"og:locale\" content=\"fr_FR\" \/>\n<meta property=\"og:type\" content=\"article\" \/>\n<meta property=\"og:title\" content=\"Kursangebot f\u00fcr Eltern &quot;Kinder im Blick&quot; in Frankfurt H\u00f6chst vom Ev. Regionalverband\" \/>\n<meta property=\"og:description\" content=\"Unters\u00fctzung f\u00fcr getrennt lebende Eltern. Ein Kurs mit sieben Sitzungen im Evangelischen Zentrum H\u00f6chst\" \/>\n<meta property=\"og:url\" content=\"https:\/\/evangelische-beratung.com\/fr\/familie-kinder-jugend\/familie-erziehung\/elternkurs-kinder-im-blick\/\" \/>\n<meta property=\"og:site_name\" content=\"Evangelischer Regionalverband\" \/>\n<meta property=\"article:modified_time\" content=\"2020-03-16T18:29:02+00:00\" \/>\n<meta name=\"twitter:card\" content=\"summary_large_image\" \/>\n<meta name=\"twitter:label1\" content=\"Dur\u00e9e de lecture estim\u00e9e\" \/>\n\t<meta name=\"twitter:data1\" content=\"1 minute\" \/>\n<script type=\"application\/ld+json\" class=\"yoast-schema-graph\">{\"@context\":\"https:\\\/\\\/schema.org\",\"@graph\":[{\"@type\":\"WebPage\",\"@id\":\"https:\\\/\\\/evangelische-beratung.com\\\/fr\\\/familie-kinder-jugend\\\/familie-erziehung\\\/elternkurs-kinder-im-blick\\\/\",\"url\":\"https:\\\/\\\/evangelische-beratung.com\\\/fr\\\/familie-kinder-jugend\\\/familie-erziehung\\\/elternkurs-kinder-im-blick\\\/\",\"name\":\"Kursangebot f\u00fcr Eltern \\\"Kinder im Blick\\\" in Frankfurt H\u00f6chst vom Ev. Regionalverband\",\"isPartOf\":{\"@id\":\"https:\\\/\\\/evangelische-beratung.com\\\/fr\\\/#website\"},\"datePublished\":\"2019-08-16T09:17:24+00:00\",\"dateModified\":\"2020-03-16T18:29:02+00:00\",\"description\":\"Unters\u00fctzung f\u00fcr getrennt lebende Eltern. Ein Kurs mit sieben Sitzungen im Evangelischen Zentrum H\u00f6chst\",\"breadcrumb\":{\"@id\":\"https:\\\/\\\/evangelische-beratung.com\\\/fr\\\/familie-kinder-jugend\\\/familie-erziehung\\\/elternkurs-kinder-im-blick\\\/#breadcrumb\"},\"inLanguage\":\"fr-FR\",\"potentialAction\":[{\"@type\":\"ReadAction\",\"target\":[\"https:\\\/\\\/evangelische-beratung.com\\\/fr\\\/familie-kinder-jugend\\\/familie-erziehung\\\/elternkurs-kinder-im-blick\\\/\"]}]},{\"@type\":\"BreadcrumbList\",\"@id\":\"https:\\\/\\\/evangelische-beratung.com\\\/fr\\\/familie-kinder-jugend\\\/familie-erziehung\\\/elternkurs-kinder-im-blick\\\/#breadcrumb\",\"itemListElement\":[{\"@type\":\"ListItem\",\"position\":1,\"name\":\"Startseite\",\"item\":\"https:\\\/\\\/evangelische-beratung.com\\\/fr\\\/\"},{\"@type\":\"ListItem\",\"position\":2,\"name\":\"Famille, enfants, jeunesse\",\"item\":\"https:\\\/\\\/evangelische-beratung.com\\\/fr\\\/familie-kinder-jugend\\\/\"},{\"@type\":\"ListItem\",\"position\":3,\"name\":\"Famille et \u00e9ducation\",\"item\":\"https:\\\/\\\/evangelische-beratung.com\\\/fr\\\/familie-kinder-jugend\\\/familie-erziehung\\\/\"},{\"@type\":\"ListItem\",\"position\":4,\"name\":\"Cours \u00e0 l&rsquo;attention des parents \u00ab Gardez l\u2019\u0153il sur vos enfants \u00bb\"}]},{\"@type\":\"WebSite\",\"@id\":\"https:\\\/\\\/evangelische-beratung.com\\\/fr\\\/#website\",\"url\":\"https:\\\/\\\/evangelische-beratung.com\\\/fr\\\/\",\"name\":\"Evangelischer Regionalverband\",\"description\":\"\",\"publisher\":{\"@id\":\"https:\\\/\\\/evangelische-beratung.com\\\/fr\\\/#organization\"},\"potentialAction\":[{\"@type\":\"SearchAction\",\"target\":{\"@type\":\"EntryPoint\",\"urlTemplate\":\"https:\\\/\\\/evangelische-beratung.com\\\/fr\\\/?s={search_term_string}\"},\"query-input\":{\"@type\":\"PropertyValueSpecification\",\"valueRequired\":true,\"valueName\":\"search_term_string\"}}],\"inLanguage\":\"fr-FR\"},{\"@type\":\"Organization\",\"@id\":\"https:\\\/\\\/evangelische-beratung.com\\\/fr\\\/#organization\",\"name\":\"Evangelischer Regionalverband Frankfurt und Offenbach\",\"url\":\"https:\\\/\\\/evangelische-beratung.com\\\/fr\\\/\",\"logo\":{\"@type\":\"ImageObject\",\"inLanguage\":\"fr-FR\",\"@id\":\"https:\\\/\\\/evangelische-beratung.com\\\/fr\\\/#\\\/schema\\\/logo\\\/image\\\/\",\"url\":\"https:\\\/\\\/evangelische-beratung.com\\\/fr\\\/wp-content\\\/uploads\\\/sites\\\/5\\\/2019\\\/10\\\/erv-logo.png\",\"contentUrl\":\"https:\\\/\\\/evangelische-beratung.com\\\/fr\\\/wp-content\\\/uploads\\\/sites\\\/5\\\/2019\\\/10\\\/erv-logo.png\",\"width\":1127,\"height\":595,\"caption\":\"Evangelischer Regionalverband Frankfurt und Offenbach\"},\"image\":{\"@id\":\"https:\\\/\\\/evangelische-beratung.com\\\/fr\\\/#\\\/schema\\\/logo\\\/image\\\/\"}}]}<\/script>\n<!-- \/ Yoast SEO plugin. -->","yoast_head_json":{"title":"Kursangebot f\u00fcr Eltern \"Kinder im Blick\" in Frankfurt H\u00f6chst vom Ev. Regionalverband","description":"Unters\u00fctzung f\u00fcr getrennt lebende Eltern. Ein Kurs mit sieben Sitzungen im Evangelischen Zentrum H\u00f6chst","robots":{"index":"index","follow":"follow","max-snippet":"max-snippet:-1","max-image-preview":"max-image-preview:large","max-video-preview":"max-video-preview:-1"},"canonical":"https:\/\/evangelische-beratung.com\/fr\/familie-kinder-jugend\/familie-erziehung\/elternkurs-kinder-im-blick\/","og_locale":"fr_FR","og_type":"article","og_title":"Kursangebot f\u00fcr Eltern \"Kinder im Blick\" in Frankfurt H\u00f6chst vom Ev. Regionalverband","og_description":"Unters\u00fctzung f\u00fcr getrennt lebende Eltern. Ein Kurs mit sieben Sitzungen im Evangelischen Zentrum H\u00f6chst","og_url":"https:\/\/evangelische-beratung.com\/fr\/familie-kinder-jugend\/familie-erziehung\/elternkurs-kinder-im-blick\/","og_site_name":"Evangelischer Regionalverband","article_modified_time":"2020-03-16T18:29:02+00:00","twitter_card":"summary_large_image","twitter_misc":{"Dur\u00e9e de lecture estim\u00e9e":"1 minute"},"schema":{"@context":"https:\/\/schema.org","@graph":[{"@type":"WebPage","@id":"https:\/\/evangelische-beratung.com\/fr\/familie-kinder-jugend\/familie-erziehung\/elternkurs-kinder-im-blick\/","url":"https:\/\/evangelische-beratung.com\/fr\/familie-kinder-jugend\/familie-erziehung\/elternkurs-kinder-im-blick\/","name":"Kursangebot f\u00fcr Eltern \"Kinder im Blick\" in Frankfurt H\u00f6chst vom Ev. Regionalverband","isPartOf":{"@id":"https:\/\/evangelische-beratung.com\/fr\/#website"},"datePublished":"2019-08-16T09:17:24+00:00","dateModified":"2020-03-16T18:29:02+00:00","description":"Unters\u00fctzung f\u00fcr getrennt lebende Eltern. Ein Kurs mit sieben Sitzungen im Evangelischen Zentrum H\u00f6chst","breadcrumb":{"@id":"https:\/\/evangelische-beratung.com\/fr\/familie-kinder-jugend\/familie-erziehung\/elternkurs-kinder-im-blick\/#breadcrumb"},"inLanguage":"fr-FR","potentialAction":[{"@type":"ReadAction","target":["https:\/\/evangelische-beratung.com\/fr\/familie-kinder-jugend\/familie-erziehung\/elternkurs-kinder-im-blick\/"]}]},{"@type":"BreadcrumbList","@id":"https:\/\/evangelische-beratung.com\/fr\/familie-kinder-jugend\/familie-erziehung\/elternkurs-kinder-im-blick\/#breadcrumb","itemListElement":[{"@type":"ListItem","position":1,"name":"Startseite","item":"https:\/\/evangelische-beratung.com\/fr\/"},{"@type":"ListItem","position":2,"name":"Famille, enfants, jeunesse","item":"https:\/\/evangelische-beratung.com\/fr\/familie-kinder-jugend\/"},{"@type":"ListItem","position":3,"name":"Famille et \u00e9ducation","item":"https:\/\/evangelische-beratung.com\/fr\/familie-kinder-jugend\/familie-erziehung\/"},{"@type":"ListItem","position":4,"name":"Cours \u00e0 l&rsquo;attention des parents \u00ab Gardez l\u2019\u0153il sur vos enfants \u00bb"}]},{"@type":"WebSite","@id":"https:\/\/evangelische-beratung.com\/fr\/#website","url":"https:\/\/evangelische-beratung.com\/fr\/","name":"Evangelischer Regionalverband","description":"","publisher":{"@id":"https:\/\/evangelische-beratung.com\/fr\/#organization"},"potentialAction":[{"@type":"SearchAction","target":{"@type":"EntryPoint","urlTemplate":"https:\/\/evangelische-beratung.com\/fr\/?s={search_term_string}"},"query-input":{"@type":"PropertyValueSpecification","valueRequired":true,"valueName":"search_term_string"}}],"inLanguage":"fr-FR"},{"@type":"Organization","@id":"https:\/\/evangelische-beratung.com\/fr\/#organization","name":"Evangelischer Regionalverband Frankfurt und Offenbach","url":"https:\/\/evangelische-beratung.com\/fr\/","logo":{"@type":"ImageObject","inLanguage":"fr-FR","@id":"https:\/\/evangelische-beratung.com\/fr\/#\/schema\/logo\/image\/","url":"https:\/\/evangelische-beratung.com\/fr\/wp-content\/uploads\/sites\/5\/2019\/10\/erv-logo.png","contentUrl":"https:\/\/evangelische-beratung.com\/fr\/wp-content\/uploads\/sites\/5\/2019\/10\/erv-logo.png","width":1127,"height":595,"caption":"Evangelischer Regionalverband Frankfurt und Offenbach"},"image":{"@id":"https:\/\/evangelische-beratung.com\/fr\/#\/schema\/logo\/image\/"}}]}},"_links":{"self":[{"href":"https:\/\/evangelische-beratung.com\/fr\/wp-json\/wp\/v2\/pages\/234","targetHints":{"allow":["GET"]}}],"collection":[{"href":"https:\/\/evangelische-beratung.com\/fr\/wp-json\/wp\/v2\/pages"}],"about":[{"href":"https:\/\/evangelische-beratung.com\/fr\/wp-json\/wp\/v2\/types\/page"}],"author":[{"embeddable":true,"href":"https:\/\/evangelische-beratung.com\/fr\/wp-json\/wp\/v2\/users\/3"}],"replies":[{"embeddable":true,"href":"https:\/\/evangelische-beratung.com\/fr\/wp-json\/wp\/v2\/comments?post=234"}],"version-history":[{"count":5,"href":"https:\/\/evangelische-beratung.com\/fr\/wp-json\/wp\/v2\/pages\/234\/revisions"}],"predecessor-version":[{"id":1335,"href":"https:\/\/evangelische-beratung.com\/fr\/wp-json\/wp\/v2\/pages\/234\/revisions\/1335"}],"up":[{"embeddable":true,"href":"https:\/\/evangelische-beratung.com\/fr\/wp-json\/wp\/v2\/pages\/193"}],"wp:attachment":[{"href":"https:\/\/evangelische-beratung.com\/fr\/wp-json\/wp\/v2\/media?parent=234"}],"curies":[{"name":"wp","href":"https:\/\/api.w.org\/{rel}","templated":true}]}}