{"id":227,"date":"2019-08-15T19:46:32","date_gmt":"2019-08-15T17:46:32","guid":{"rendered":"https:\/\/evangelische-beratung.com\/fr\/?page_id=227"},"modified":"2020-03-17T14:46:17","modified_gmt":"2020-03-17T13:46:17","slug":"fachstelle-fuer-migration-und-interkulturelle-beratung","status":"publish","type":"page","link":"https:\/\/evangelische-beratung.com\/fr\/migration-flucht\/fachstelle-fuer-migration-und-interkulturelle-beratung\/","title":{"rendered":"Migration, consultation interculturelle et centre de conseils"},"content":{"rendered":"\n<p class=\"is-style-teaser\">Vivez-vous dans la r\u00e9gion d\u2019Offenbach ? Avez-vous migr\u00e9 depuis un autre pays&nbsp;? Pr\u00e9voyez-vous de rester de fa\u00e7on permanente en Allemagne, de vivre et de travailler ici ? Avez-vous beaucoup de questions ?<\/p>\n\n\n\n<figure class=\"wp-block-image alignwide\"><img loading=\"lazy\" decoding=\"async\" width=\"1024\" height=\"512\" src=\"https:\/\/evangelische-beratung.com\/fr\/wp-content\/uploads\/sites\/5\/2019\/08\/Zentrum-Offenbach_HERO-1024x512.jpg\" alt=\"\" class=\"wp-image-494\" srcset=\"https:\/\/evangelische-beratung.com\/fr\/wp-content\/uploads\/sites\/5\/2019\/08\/Zentrum-Offenbach_HERO-1024x512.jpg 1024w, https:\/\/evangelische-beratung.com\/fr\/wp-content\/uploads\/sites\/5\/2019\/08\/Zentrum-Offenbach_HERO-300x150.jpg 300w, https:\/\/evangelische-beratung.com\/fr\/wp-content\/uploads\/sites\/5\/2019\/08\/Zentrum-Offenbach_HERO-768x384.jpg 768w, https:\/\/evangelische-beratung.com\/fr\/wp-content\/uploads\/sites\/5\/2019\/08\/Zentrum-Offenbach_HERO.jpg 1840w\" sizes=\"auto, 100vw\" \/><\/figure>\n\n\n\n<h4 class=\"wp-block-heading\">Nous fournissons des informations et une assistance pour<\/h4>\n\n\n\n<ul class=\"wp-block-list\"><li>les questions concernant la l\u00e9gislation relative aux \u00e9trangers<\/li><li>les questions concernant l\u2019emploi et les lois sociales<\/li><li>les questions concernant l\u2019\u00e9ducation de vos enfants<\/li><li>les questions concernant tous incapacit\u00e9 de travail et handicaps<\/li><li>les questions concernant les probl\u00e8mes avec votre appartement, propri\u00e9taire ou voisins<\/li><li>les probl\u00e8mes concernant les maladies et les soins<\/li><li>un retour possible dans votre pays d\u2019origine<\/li><li>les renvois vers d\u2019autres services de support, d\u2019int\u00e9gration et des cours de langue allemande<\/li><li>les questions concernant les loisirs, les sports et activit\u00e9s culturelles.<\/li><\/ul>\n\n\n\n<p><\/p>\n\n\n\n<h4 class=\"wp-block-heading\">Nous fournissons des conseils et une assistance pour<\/h4>\n\n\n\n<ul class=\"wp-block-list\"><li>les probl\u00e8mes de communication et les conflits interculturels<\/li><li>les cases de discrimination<\/li><li>les probl\u00e8mes familiaux, maritaux et parentaux<\/li><li>les conflits interg\u00e9n\u00e9rationnels<\/li><li> les difficult\u00e9s et la correspondance avec les organismes officiels et les autorit\u00e9s.<\/li><\/ul>\n\n\n\n<p>Les conseils sont fournis ind\u00e9pendamment de vos convictions religieuses et de votre nationalit\u00e9. Nous fournissons nos conseils en toute ind\u00e9pendance, confidentiellement et gratuitement. <\/p>\n\n\n\n<p><strong>Consultations ouvertes :<\/strong>&nbsp;les mardis apr\u00e8s-midi, 2 \u00e0 4 heures pm<\/p>\n\n\n\n<p style=\"text-align:center\" class=\"is-style-roof-line\"><strong>Vos interlocuteurs<\/strong><\/p>\n\n\n\n<div class=\"wp-block-columns alignwide has-3-columns -small-column-gap -columns-equal-height is-layout-flex wp-container-core-columns-is-layout-9d6595d7 wp-block-columns-is-layout-flex\">\n<div class=\"wp-block-column is-layout-flow wp-block-column-is-layout-flow\">\n<div class=\"wp-block-erv-id-card\"><div class=\"id-card-content\"><figure class=\"id-card-photo\"><img decoding=\"async\" src=\"https:\/\/evangelische-beratung.com\/wp-content\/uploads\/2020\/01\/portrait_platzhalter-1-300x300.jpg\" \/><\/figure><div class=\"id-card-details\"><p class=\"id-card-name\">Stephanie Laier<\/p><p class=\"id-card-job\">Verwaltung<\/p><p class=\"id-card-location\">Offenbach<\/p><p class=\"id-card-phone\">069 \/ 82 97 70 99<\/p><p class=\"id-card-email\"><a href=\"&#109;&#97;&#x69;&#x6c;&#116;&#111;&#x3a;&#x6d;&#105;&#103;&#x72;&#x61;&#116;&#105;&#x6f;&#x6e;&#115;&#98;&#x65;&#x72;&#97;&#116;&#x75;&#x6e;&#103;&#64;&#x6f;&#x66;&#102;&#101;&#x6e;&#x62;&#97;&#99;&#x68;&#x2d;&#101;&#118;&#x61;&#x6e;&#103;&#101;&#x6c;&#x69;&#115;&#99;&#x68;&#x2e;&#100;&#101;\">E-Mail<\/a><\/p><\/div><\/div><\/div>\n<\/div>\n\n\n\n<div class=\"wp-block-column is-layout-flow wp-block-column-is-layout-flow\"><\/div>\n\n\n\n<div class=\"wp-block-column is-layout-flow wp-block-column-is-layout-flow\">\n<div class=\"wp-block-erv-id-card\"><div class=\"id-card-content\"><figure class=\"id-card-photo\"><img decoding=\"async\" src=\"https:\/\/evangelische-beratung.com\/wp-content\/uploads\/2020\/01\/portrait_platzhalter-1-300x300.jpg\" \/><\/figure><div class=\"id-card-details\"><p class=\"id-card-name\">Anastassia-Tasoula Pentidou <\/p><p class=\"id-card-job\">Beratung<\/p><p class=\"id-card-location\">Ev. Beratungszentrum Offenbach<\/p><p class=\"id-card-phone\">069 \/ 82 97 70 99<\/p><p class=\"id-card-email\"><a href=\"&#x6d;a&#x69;&#108;t&#x6f;&#58;&#x6d;&#105;g&#x72;&#97;&#x74;&#105;o&#x6e;&#115;&#x62;&#x65;r&#x61;&#116;u&#x6e;&#103;&#x40;&#111;f&#x66;&#101;&#x6e;&#98;a&#x63;&#104;&#x2d;&#x65;v&#x61;&#110;g&#x65;l&#x69;&#115;c&#x68;&#46;&#x64;&#101;\">E-Mail<\/a><\/p><\/div><\/div><\/div>\n\n\n\n<p><\/p>\n<\/div>\n<\/div>\n","protected":false},"excerpt":{"rendered":"<p>Vivez-vous dans la r\u00e9gion d\u2019Offenbach ? Avez-vous migr\u00e9 depuis un autre pays&nbsp;? Pr\u00e9voyez-vous de rester de fa\u00e7on permanente en Allemagne, de vivre et de travailler ici ? Avez-vous beaucoup de questions ? Nous fournissons des informations et une assistance pour les questions concernant la l\u00e9gislation relative aux \u00e9trangers les questions concernant l\u2019emploi et les lois [&hellip;]<\/p>\n","protected":false},"author":5,"featured_media":36,"parent":16,"menu_order":0,"comment_status":"closed","ping_status":"closed","template":"","meta":{"footnotes":""},"class_list":["post-227","page","type-page","status-publish","has-post-thumbnail","hentry"],"yoast_head":"<!-- This site is optimized with the Yoast SEO plugin v27.3 - https:\/\/yoast.com\/product\/yoast-seo-wordpress\/ -->\n<title>Fachstelle f\u00fcr Migration und interkulturelle Beratung in Offenbach<\/title>\n<meta name=\"description\" content=\"Wir informieren Sie u. geben Ihnen Hilfestellungen zu vielen ausl\u00e4nderrechtlichen Fragen. Wir beraten Sie vertraulich, unabh\u00e4ngig und kostenlos.\" \/>\n<meta name=\"robots\" content=\"index, follow, max-snippet:-1, max-image-preview:large, max-video-preview:-1\" \/>\n<link rel=\"canonical\" href=\"https:\/\/evangelische-beratung.com\/fr\/migration-flucht\/fachstelle-fuer-migration-und-interkulturelle-beratung\/\" \/>\n<meta property=\"og:locale\" content=\"fr_FR\" \/>\n<meta property=\"og:type\" content=\"article\" \/>\n<meta property=\"og:title\" content=\"Fachstelle f\u00fcr Migration und interkulturelle Beratung in Offenbach\" \/>\n<meta property=\"og:description\" content=\"Wir informieren Sie u. geben Ihnen Hilfestellungen zu vielen ausl\u00e4nderrechtlichen Fragen. Wir beraten Sie vertraulich, unabh\u00e4ngig und kostenlos.\" \/>\n<meta property=\"og:url\" content=\"https:\/\/evangelische-beratung.com\/fr\/migration-flucht\/fachstelle-fuer-migration-und-interkulturelle-beratung\/\" \/>\n<meta property=\"og:site_name\" content=\"Evangelischer Regionalverband\" \/>\n<meta property=\"article:modified_time\" content=\"2020-03-17T13:46:17+00:00\" \/>\n<meta property=\"og:image\" content=\"https:\/\/evangelische-beratung.com\/fr\/wp-content\/uploads\/sites\/5\/2019\/07\/humberto-chavez-Ilo0ZD5o-q8-unsplash.jpg\" \/>\n\t<meta property=\"og:image:width\" content=\"1800\" \/>\n\t<meta property=\"og:image:height\" content=\"1200\" \/>\n\t<meta property=\"og:image:type\" content=\"image\/jpeg\" \/>\n<meta name=\"twitter:card\" content=\"summary_large_image\" \/>\n<meta name=\"twitter:label1\" content=\"Dur\u00e9e de lecture estim\u00e9e\" \/>\n\t<meta name=\"twitter:data1\" content=\"1 minute\" \/>\n<script type=\"application\/ld+json\" class=\"yoast-schema-graph\">{\"@context\":\"https:\\\/\\\/schema.org\",\"@graph\":[{\"@type\":\"WebPage\",\"@id\":\"https:\\\/\\\/evangelische-beratung.com\\\/fr\\\/migration-flucht\\\/fachstelle-fuer-migration-und-interkulturelle-beratung\\\/\",\"url\":\"https:\\\/\\\/evangelische-beratung.com\\\/fr\\\/migration-flucht\\\/fachstelle-fuer-migration-und-interkulturelle-beratung\\\/\",\"name\":\"Fachstelle f\u00fcr Migration und interkulturelle Beratung in Offenbach\",\"isPartOf\":{\"@id\":\"https:\\\/\\\/evangelische-beratung.com\\\/fr\\\/#website\"},\"primaryImageOfPage\":{\"@id\":\"https:\\\/\\\/evangelische-beratung.com\\\/fr\\\/migration-flucht\\\/fachstelle-fuer-migration-und-interkulturelle-beratung\\\/#primaryimage\"},\"image\":{\"@id\":\"https:\\\/\\\/evangelische-beratung.com\\\/fr\\\/migration-flucht\\\/fachstelle-fuer-migration-und-interkulturelle-beratung\\\/#primaryimage\"},\"thumbnailUrl\":\"https:\\\/\\\/evangelische-beratung.com\\\/fr\\\/wp-content\\\/uploads\\\/sites\\\/5\\\/2019\\\/07\\\/humberto-chavez-Ilo0ZD5o-q8-unsplash.jpg\",\"datePublished\":\"2019-08-15T17:46:32+00:00\",\"dateModified\":\"2020-03-17T13:46:17+00:00\",\"description\":\"Wir informieren Sie u. geben Ihnen Hilfestellungen zu vielen ausl\u00e4nderrechtlichen Fragen. Wir beraten Sie vertraulich, unabh\u00e4ngig und kostenlos.\",\"breadcrumb\":{\"@id\":\"https:\\\/\\\/evangelische-beratung.com\\\/fr\\\/migration-flucht\\\/fachstelle-fuer-migration-und-interkulturelle-beratung\\\/#breadcrumb\"},\"inLanguage\":\"fr-FR\",\"potentialAction\":[{\"@type\":\"ReadAction\",\"target\":[\"https:\\\/\\\/evangelische-beratung.com\\\/fr\\\/migration-flucht\\\/fachstelle-fuer-migration-und-interkulturelle-beratung\\\/\"]}]},{\"@type\":\"ImageObject\",\"inLanguage\":\"fr-FR\",\"@id\":\"https:\\\/\\\/evangelische-beratung.com\\\/fr\\\/migration-flucht\\\/fachstelle-fuer-migration-und-interkulturelle-beratung\\\/#primaryimage\",\"url\":\"https:\\\/\\\/evangelische-beratung.com\\\/fr\\\/wp-content\\\/uploads\\\/sites\\\/5\\\/2019\\\/07\\\/humberto-chavez-Ilo0ZD5o-q8-unsplash.jpg\",\"contentUrl\":\"https:\\\/\\\/evangelische-beratung.com\\\/fr\\\/wp-content\\\/uploads\\\/sites\\\/5\\\/2019\\\/07\\\/humberto-chavez-Ilo0ZD5o-q8-unsplash.jpg\",\"width\":1800,\"height\":1200},{\"@type\":\"BreadcrumbList\",\"@id\":\"https:\\\/\\\/evangelische-beratung.com\\\/fr\\\/migration-flucht\\\/fachstelle-fuer-migration-und-interkulturelle-beratung\\\/#breadcrumb\",\"itemListElement\":[{\"@type\":\"ListItem\",\"position\":1,\"name\":\"Startseite\",\"item\":\"https:\\\/\\\/evangelische-beratung.com\\\/fr\\\/\"},{\"@type\":\"ListItem\",\"position\":2,\"name\":\"Migration et refuge\",\"item\":\"https:\\\/\\\/evangelische-beratung.com\\\/fr\\\/migration-flucht\\\/\"},{\"@type\":\"ListItem\",\"position\":3,\"name\":\"Migration, consultation interculturelle et centre de conseils\"}]},{\"@type\":\"WebSite\",\"@id\":\"https:\\\/\\\/evangelische-beratung.com\\\/fr\\\/#website\",\"url\":\"https:\\\/\\\/evangelische-beratung.com\\\/fr\\\/\",\"name\":\"Evangelischer Regionalverband\",\"description\":\"\",\"publisher\":{\"@id\":\"https:\\\/\\\/evangelische-beratung.com\\\/fr\\\/#organization\"},\"potentialAction\":[{\"@type\":\"SearchAction\",\"target\":{\"@type\":\"EntryPoint\",\"urlTemplate\":\"https:\\\/\\\/evangelische-beratung.com\\\/fr\\\/?s={search_term_string}\"},\"query-input\":{\"@type\":\"PropertyValueSpecification\",\"valueRequired\":true,\"valueName\":\"search_term_string\"}}],\"inLanguage\":\"fr-FR\"},{\"@type\":\"Organization\",\"@id\":\"https:\\\/\\\/evangelische-beratung.com\\\/fr\\\/#organization\",\"name\":\"Evangelischer Regionalverband Frankfurt und Offenbach\",\"url\":\"https:\\\/\\\/evangelische-beratung.com\\\/fr\\\/\",\"logo\":{\"@type\":\"ImageObject\",\"inLanguage\":\"fr-FR\",\"@id\":\"https:\\\/\\\/evangelische-beratung.com\\\/fr\\\/#\\\/schema\\\/logo\\\/image\\\/\",\"url\":\"https:\\\/\\\/evangelische-beratung.com\\\/fr\\\/wp-content\\\/uploads\\\/sites\\\/5\\\/2019\\\/10\\\/erv-logo.png\",\"contentUrl\":\"https:\\\/\\\/evangelische-beratung.com\\\/fr\\\/wp-content\\\/uploads\\\/sites\\\/5\\\/2019\\\/10\\\/erv-logo.png\",\"width\":1127,\"height\":595,\"caption\":\"Evangelischer Regionalverband Frankfurt und Offenbach\"},\"image\":{\"@id\":\"https:\\\/\\\/evangelische-beratung.com\\\/fr\\\/#\\\/schema\\\/logo\\\/image\\\/\"}}]}<\/script>\n<!-- \/ Yoast SEO plugin. -->","yoast_head_json":{"title":"Fachstelle f\u00fcr Migration und interkulturelle Beratung in Offenbach","description":"Wir informieren Sie u. geben Ihnen Hilfestellungen zu vielen ausl\u00e4nderrechtlichen Fragen. Wir beraten Sie vertraulich, unabh\u00e4ngig und kostenlos.","robots":{"index":"index","follow":"follow","max-snippet":"max-snippet:-1","max-image-preview":"max-image-preview:large","max-video-preview":"max-video-preview:-1"},"canonical":"https:\/\/evangelische-beratung.com\/fr\/migration-flucht\/fachstelle-fuer-migration-und-interkulturelle-beratung\/","og_locale":"fr_FR","og_type":"article","og_title":"Fachstelle f\u00fcr Migration und interkulturelle Beratung in Offenbach","og_description":"Wir informieren Sie u. geben Ihnen Hilfestellungen zu vielen ausl\u00e4nderrechtlichen Fragen. Wir beraten Sie vertraulich, unabh\u00e4ngig und kostenlos.","og_url":"https:\/\/evangelische-beratung.com\/fr\/migration-flucht\/fachstelle-fuer-migration-und-interkulturelle-beratung\/","og_site_name":"Evangelischer Regionalverband","article_modified_time":"2020-03-17T13:46:17+00:00","og_image":[{"width":1800,"height":1200,"url":"https:\/\/evangelische-beratung.com\/fr\/wp-content\/uploads\/sites\/5\/2019\/07\/humberto-chavez-Ilo0ZD5o-q8-unsplash.jpg","type":"image\/jpeg"}],"twitter_card":"summary_large_image","twitter_misc":{"Dur\u00e9e de lecture estim\u00e9e":"1 minute"},"schema":{"@context":"https:\/\/schema.org","@graph":[{"@type":"WebPage","@id":"https:\/\/evangelische-beratung.com\/fr\/migration-flucht\/fachstelle-fuer-migration-und-interkulturelle-beratung\/","url":"https:\/\/evangelische-beratung.com\/fr\/migration-flucht\/fachstelle-fuer-migration-und-interkulturelle-beratung\/","name":"Fachstelle f\u00fcr Migration und interkulturelle Beratung in Offenbach","isPartOf":{"@id":"https:\/\/evangelische-beratung.com\/fr\/#website"},"primaryImageOfPage":{"@id":"https:\/\/evangelische-beratung.com\/fr\/migration-flucht\/fachstelle-fuer-migration-und-interkulturelle-beratung\/#primaryimage"},"image":{"@id":"https:\/\/evangelische-beratung.com\/fr\/migration-flucht\/fachstelle-fuer-migration-und-interkulturelle-beratung\/#primaryimage"},"thumbnailUrl":"https:\/\/evangelische-beratung.com\/fr\/wp-content\/uploads\/sites\/5\/2019\/07\/humberto-chavez-Ilo0ZD5o-q8-unsplash.jpg","datePublished":"2019-08-15T17:46:32+00:00","dateModified":"2020-03-17T13:46:17+00:00","description":"Wir informieren Sie u. geben Ihnen Hilfestellungen zu vielen ausl\u00e4nderrechtlichen Fragen. Wir beraten Sie vertraulich, unabh\u00e4ngig und kostenlos.","breadcrumb":{"@id":"https:\/\/evangelische-beratung.com\/fr\/migration-flucht\/fachstelle-fuer-migration-und-interkulturelle-beratung\/#breadcrumb"},"inLanguage":"fr-FR","potentialAction":[{"@type":"ReadAction","target":["https:\/\/evangelische-beratung.com\/fr\/migration-flucht\/fachstelle-fuer-migration-und-interkulturelle-beratung\/"]}]},{"@type":"ImageObject","inLanguage":"fr-FR","@id":"https:\/\/evangelische-beratung.com\/fr\/migration-flucht\/fachstelle-fuer-migration-und-interkulturelle-beratung\/#primaryimage","url":"https:\/\/evangelische-beratung.com\/fr\/wp-content\/uploads\/sites\/5\/2019\/07\/humberto-chavez-Ilo0ZD5o-q8-unsplash.jpg","contentUrl":"https:\/\/evangelische-beratung.com\/fr\/wp-content\/uploads\/sites\/5\/2019\/07\/humberto-chavez-Ilo0ZD5o-q8-unsplash.jpg","width":1800,"height":1200},{"@type":"BreadcrumbList","@id":"https:\/\/evangelische-beratung.com\/fr\/migration-flucht\/fachstelle-fuer-migration-und-interkulturelle-beratung\/#breadcrumb","itemListElement":[{"@type":"ListItem","position":1,"name":"Startseite","item":"https:\/\/evangelische-beratung.com\/fr\/"},{"@type":"ListItem","position":2,"name":"Migration et refuge","item":"https:\/\/evangelische-beratung.com\/fr\/migration-flucht\/"},{"@type":"ListItem","position":3,"name":"Migration, consultation interculturelle et centre de conseils"}]},{"@type":"WebSite","@id":"https:\/\/evangelische-beratung.com\/fr\/#website","url":"https:\/\/evangelische-beratung.com\/fr\/","name":"Evangelischer Regionalverband","description":"","publisher":{"@id":"https:\/\/evangelische-beratung.com\/fr\/#organization"},"potentialAction":[{"@type":"SearchAction","target":{"@type":"EntryPoint","urlTemplate":"https:\/\/evangelische-beratung.com\/fr\/?s={search_term_string}"},"query-input":{"@type":"PropertyValueSpecification","valueRequired":true,"valueName":"search_term_string"}}],"inLanguage":"fr-FR"},{"@type":"Organization","@id":"https:\/\/evangelische-beratung.com\/fr\/#organization","name":"Evangelischer Regionalverband Frankfurt und Offenbach","url":"https:\/\/evangelische-beratung.com\/fr\/","logo":{"@type":"ImageObject","inLanguage":"fr-FR","@id":"https:\/\/evangelische-beratung.com\/fr\/#\/schema\/logo\/image\/","url":"https:\/\/evangelische-beratung.com\/fr\/wp-content\/uploads\/sites\/5\/2019\/10\/erv-logo.png","contentUrl":"https:\/\/evangelische-beratung.com\/fr\/wp-content\/uploads\/sites\/5\/2019\/10\/erv-logo.png","width":1127,"height":595,"caption":"Evangelischer Regionalverband Frankfurt und Offenbach"},"image":{"@id":"https:\/\/evangelische-beratung.com\/fr\/#\/schema\/logo\/image\/"}}]}},"_links":{"self":[{"href":"https:\/\/evangelische-beratung.com\/fr\/wp-json\/wp\/v2\/pages\/227","targetHints":{"allow":["GET"]}}],"collection":[{"href":"https:\/\/evangelische-beratung.com\/fr\/wp-json\/wp\/v2\/pages"}],"about":[{"href":"https:\/\/evangelische-beratung.com\/fr\/wp-json\/wp\/v2\/types\/page"}],"author":[{"embeddable":true,"href":"https:\/\/evangelische-beratung.com\/fr\/wp-json\/wp\/v2\/users\/5"}],"replies":[{"embeddable":true,"href":"https:\/\/evangelische-beratung.com\/fr\/wp-json\/wp\/v2\/comments?post=227"}],"version-history":[{"count":5,"href":"https:\/\/evangelische-beratung.com\/fr\/wp-json\/wp\/v2\/pages\/227\/revisions"}],"predecessor-version":[{"id":1439,"href":"https:\/\/evangelische-beratung.com\/fr\/wp-json\/wp\/v2\/pages\/227\/revisions\/1439"}],"up":[{"embeddable":true,"href":"https:\/\/evangelische-beratung.com\/fr\/wp-json\/wp\/v2\/pages\/16"}],"wp:featuredmedia":[{"embeddable":true,"href":"https:\/\/evangelische-beratung.com\/fr\/wp-json\/wp\/v2\/media\/36"}],"wp:attachment":[{"href":"https:\/\/evangelische-beratung.com\/fr\/wp-json\/wp\/v2\/media?parent=227"}],"curies":[{"name":"wp","href":"https:\/\/api.w.org\/{rel}","templated":true}]}}