{"id":222,"date":"2019-08-15T19:21:14","date_gmt":"2019-08-15T17:21:14","guid":{"rendered":"https:\/\/evangelische-beratung.com\/fr\/?page_id=222"},"modified":"2020-03-17T06:49:00","modified_gmt":"2020-03-17T05:49:00","slug":"onlineberatung-fuer-eltern","status":"publish","type":"page","link":"https:\/\/evangelische-beratung.com\/fr\/familie-kinder-jugend\/familie-erziehung\/onlineberatung-fuer-eltern\/","title":{"rendered":"Conseil en ligne"},"content":{"rendered":"\n<p class=\"is-style-teaser\">Vous aimeriez b\u00e9n\u00e9ficier d\u2019un conseil anonyme en ligne sur les questions touchant \u00e0 la famille ?<\/p>\n\n\n\n<p>Notre association sp\u00e9cialis\u00e9e, la Bundeskonferenz f\u00fcr Erziehungsberatung (conf\u00e9rence allemande sur le conseil en \u00e9ducation) offre des consultations en ligne \u00e0 des jeunes gens et \u00e0 des parents. Ces consultations sont propos\u00e9es gratuitement, sont des consultations face \u00e0 face. <\/p>\n\n\n\n<p>Les consultations sont toujours fournies par des professionnels form\u00e9s disposant de nombreuses ann\u00e9es d\u2019exp\u00e9rience. Ils respectent le R\u00e8glement g\u00e9n\u00e9ral sur la protection des donn\u00e9es.<\/p>\n\n\n\n<p>Les conseils peuvent \u00eatre fournis par message \u00e9lectronique standard ou dans le cadre de sessions de chat de groupe. Vous pouvez en outre \u00e9changer des exp\u00e9riences avec d\u2019autres parents ou des gens dans le cadre de forums mod\u00e9r\u00e9s.<\/p>\n\n\n\n<div style=\"height:30px\" aria-hidden=\"true\" class=\"wp-block-spacer\"><\/div>\n\n\n\n<div class=\"wp-block-image\"><figure class=\"aligncenter is-resized\"><a href=\"http:\/\/www.bke-elternberatung.de\" target=\"_blank\" rel=\"noopener noreferrer\"><img loading=\"lazy\" decoding=\"async\" src=\"https:\/\/evangelische-beratung.com\/fr\/wp-content\/uploads\/sites\/5\/2019\/08\/Banner-92x30-alle3-1024x334.jpg\" alt=\"\" class=\"wp-image-533\" width=\"441\" height=\"143\" srcset=\"https:\/\/evangelische-beratung.com\/fr\/wp-content\/uploads\/sites\/5\/2019\/08\/Banner-92x30-alle3-1024x334.jpg 1024w, https:\/\/evangelische-beratung.com\/fr\/wp-content\/uploads\/sites\/5\/2019\/08\/Banner-92x30-alle3-300x98.jpg 300w, https:\/\/evangelische-beratung.com\/fr\/wp-content\/uploads\/sites\/5\/2019\/08\/Banner-92x30-alle3-768x251.jpg 768w, https:\/\/evangelische-beratung.com\/fr\/wp-content\/uploads\/sites\/5\/2019\/08\/Banner-92x30-alle3.jpg 1920w\" sizes=\"auto, (max-width: 441px) 100vw, 441px\" \/><\/a><\/figure><\/div>\n\n\n\n<p><\/p>\n","protected":false},"excerpt":{"rendered":"<p>Vous aimeriez b\u00e9n\u00e9ficier d\u2019un conseil anonyme en ligne sur les questions touchant \u00e0 la famille ? Notre association sp\u00e9cialis\u00e9e, la Bundeskonferenz f\u00fcr Erziehungsberatung (conf\u00e9rence allemande sur le conseil en \u00e9ducation) offre des consultations en ligne \u00e0 des jeunes gens et \u00e0 des parents. Ces consultations sont propos\u00e9es gratuitement, sont des consultations face \u00e0 face. Les [&hellip;]<\/p>\n","protected":false},"author":3,"featured_media":0,"parent":193,"menu_order":0,"comment_status":"closed","ping_status":"closed","template":"","meta":{"footnotes":""},"class_list":["post-222","page","type-page","status-publish","hentry"],"yoast_head":"<!-- This site is optimized with the Yoast SEO plugin v27.3 - https:\/\/yoast.com\/product\/yoast-seo-wordpress\/ -->\n<title>Anonyme Online Beratung f\u00fcr Eltern<\/title>\n<meta name=\"description\" content=\"Unser Fachverband bke bietet Onlineberatung f\u00fcr Jugendliche und Eltern an. Kostenfrei und anonym. Beratung erfolgt nur durch ausgebildete Fachkr\u00e4fte.\" \/>\n<meta name=\"robots\" content=\"index, follow, max-snippet:-1, max-image-preview:large, max-video-preview:-1\" \/>\n<link rel=\"canonical\" href=\"https:\/\/evangelische-beratung.com\/fr\/familie-kinder-jugend\/familie-erziehung\/onlineberatung-fuer-eltern\/\" \/>\n<meta property=\"og:locale\" content=\"fr_FR\" \/>\n<meta property=\"og:type\" content=\"article\" \/>\n<meta property=\"og:title\" content=\"Anonyme Online Beratung f\u00fcr Eltern\" \/>\n<meta property=\"og:description\" content=\"Unser Fachverband bke bietet Onlineberatung f\u00fcr Jugendliche und Eltern an. Kostenfrei und anonym. Beratung erfolgt nur durch ausgebildete Fachkr\u00e4fte.\" \/>\n<meta property=\"og:url\" content=\"https:\/\/evangelische-beratung.com\/fr\/familie-kinder-jugend\/familie-erziehung\/onlineberatung-fuer-eltern\/\" \/>\n<meta property=\"og:site_name\" content=\"Evangelischer Regionalverband\" \/>\n<meta property=\"article:modified_time\" content=\"2020-03-17T05:49:00+00:00\" \/>\n<meta property=\"og:image\" content=\"https:\/\/evangelische-beratung.com\/fr\/wp-content\/uploads\/sites\/5\/2019\/08\/Banner-92x30-alle3-1024x334.jpg\" \/>\n<meta name=\"twitter:card\" content=\"summary_large_image\" \/>\n<meta name=\"twitter:label1\" content=\"Dur\u00e9e de lecture estim\u00e9e\" \/>\n\t<meta name=\"twitter:data1\" content=\"1 minute\" \/>\n<script type=\"application\/ld+json\" class=\"yoast-schema-graph\">{\"@context\":\"https:\\\/\\\/schema.org\",\"@graph\":[{\"@type\":\"WebPage\",\"@id\":\"https:\\\/\\\/evangelische-beratung.com\\\/fr\\\/familie-kinder-jugend\\\/familie-erziehung\\\/onlineberatung-fuer-eltern\\\/\",\"url\":\"https:\\\/\\\/evangelische-beratung.com\\\/fr\\\/familie-kinder-jugend\\\/familie-erziehung\\\/onlineberatung-fuer-eltern\\\/\",\"name\":\"Anonyme Online Beratung f\u00fcr Eltern\",\"isPartOf\":{\"@id\":\"https:\\\/\\\/evangelische-beratung.com\\\/fr\\\/#website\"},\"primaryImageOfPage\":{\"@id\":\"https:\\\/\\\/evangelische-beratung.com\\\/fr\\\/familie-kinder-jugend\\\/familie-erziehung\\\/onlineberatung-fuer-eltern\\\/#primaryimage\"},\"image\":{\"@id\":\"https:\\\/\\\/evangelische-beratung.com\\\/fr\\\/familie-kinder-jugend\\\/familie-erziehung\\\/onlineberatung-fuer-eltern\\\/#primaryimage\"},\"thumbnailUrl\":\"https:\\\/\\\/evangelische-beratung.com\\\/fr\\\/wp-content\\\/uploads\\\/sites\\\/5\\\/2019\\\/08\\\/Banner-92x30-alle3-1024x334.jpg\",\"datePublished\":\"2019-08-15T17:21:14+00:00\",\"dateModified\":\"2020-03-17T05:49:00+00:00\",\"description\":\"Unser Fachverband bke bietet Onlineberatung f\u00fcr Jugendliche und Eltern an. Kostenfrei und anonym. Beratung erfolgt nur durch ausgebildete Fachkr\u00e4fte.\",\"breadcrumb\":{\"@id\":\"https:\\\/\\\/evangelische-beratung.com\\\/fr\\\/familie-kinder-jugend\\\/familie-erziehung\\\/onlineberatung-fuer-eltern\\\/#breadcrumb\"},\"inLanguage\":\"fr-FR\",\"potentialAction\":[{\"@type\":\"ReadAction\",\"target\":[\"https:\\\/\\\/evangelische-beratung.com\\\/fr\\\/familie-kinder-jugend\\\/familie-erziehung\\\/onlineberatung-fuer-eltern\\\/\"]}]},{\"@type\":\"ImageObject\",\"inLanguage\":\"fr-FR\",\"@id\":\"https:\\\/\\\/evangelische-beratung.com\\\/fr\\\/familie-kinder-jugend\\\/familie-erziehung\\\/onlineberatung-fuer-eltern\\\/#primaryimage\",\"url\":\"https:\\\/\\\/evangelische-beratung.com\\\/fr\\\/wp-content\\\/uploads\\\/sites\\\/5\\\/2019\\\/08\\\/Banner-92x30-alle3-1024x334.jpg\",\"contentUrl\":\"https:\\\/\\\/evangelische-beratung.com\\\/fr\\\/wp-content\\\/uploads\\\/sites\\\/5\\\/2019\\\/08\\\/Banner-92x30-alle3-1024x334.jpg\"},{\"@type\":\"BreadcrumbList\",\"@id\":\"https:\\\/\\\/evangelische-beratung.com\\\/fr\\\/familie-kinder-jugend\\\/familie-erziehung\\\/onlineberatung-fuer-eltern\\\/#breadcrumb\",\"itemListElement\":[{\"@type\":\"ListItem\",\"position\":1,\"name\":\"Startseite\",\"item\":\"https:\\\/\\\/evangelische-beratung.com\\\/fr\\\/\"},{\"@type\":\"ListItem\",\"position\":2,\"name\":\"Famille, enfants, jeunesse\",\"item\":\"https:\\\/\\\/evangelische-beratung.com\\\/fr\\\/familie-kinder-jugend\\\/\"},{\"@type\":\"ListItem\",\"position\":3,\"name\":\"Famille et \u00e9ducation\",\"item\":\"https:\\\/\\\/evangelische-beratung.com\\\/fr\\\/familie-kinder-jugend\\\/familie-erziehung\\\/\"},{\"@type\":\"ListItem\",\"position\":4,\"name\":\"Conseil en ligne\"}]},{\"@type\":\"WebSite\",\"@id\":\"https:\\\/\\\/evangelische-beratung.com\\\/fr\\\/#website\",\"url\":\"https:\\\/\\\/evangelische-beratung.com\\\/fr\\\/\",\"name\":\"Evangelischer Regionalverband\",\"description\":\"\",\"publisher\":{\"@id\":\"https:\\\/\\\/evangelische-beratung.com\\\/fr\\\/#organization\"},\"potentialAction\":[{\"@type\":\"SearchAction\",\"target\":{\"@type\":\"EntryPoint\",\"urlTemplate\":\"https:\\\/\\\/evangelische-beratung.com\\\/fr\\\/?s={search_term_string}\"},\"query-input\":{\"@type\":\"PropertyValueSpecification\",\"valueRequired\":true,\"valueName\":\"search_term_string\"}}],\"inLanguage\":\"fr-FR\"},{\"@type\":\"Organization\",\"@id\":\"https:\\\/\\\/evangelische-beratung.com\\\/fr\\\/#organization\",\"name\":\"Evangelischer Regionalverband Frankfurt und Offenbach\",\"url\":\"https:\\\/\\\/evangelische-beratung.com\\\/fr\\\/\",\"logo\":{\"@type\":\"ImageObject\",\"inLanguage\":\"fr-FR\",\"@id\":\"https:\\\/\\\/evangelische-beratung.com\\\/fr\\\/#\\\/schema\\\/logo\\\/image\\\/\",\"url\":\"https:\\\/\\\/evangelische-beratung.com\\\/fr\\\/wp-content\\\/uploads\\\/sites\\\/5\\\/2019\\\/10\\\/erv-logo.png\",\"contentUrl\":\"https:\\\/\\\/evangelische-beratung.com\\\/fr\\\/wp-content\\\/uploads\\\/sites\\\/5\\\/2019\\\/10\\\/erv-logo.png\",\"width\":1127,\"height\":595,\"caption\":\"Evangelischer Regionalverband Frankfurt und Offenbach\"},\"image\":{\"@id\":\"https:\\\/\\\/evangelische-beratung.com\\\/fr\\\/#\\\/schema\\\/logo\\\/image\\\/\"}}]}<\/script>\n<!-- \/ Yoast SEO plugin. -->","yoast_head_json":{"title":"Anonyme Online Beratung f\u00fcr Eltern","description":"Unser Fachverband bke bietet Onlineberatung f\u00fcr Jugendliche und Eltern an. Kostenfrei und anonym. Beratung erfolgt nur durch ausgebildete Fachkr\u00e4fte.","robots":{"index":"index","follow":"follow","max-snippet":"max-snippet:-1","max-image-preview":"max-image-preview:large","max-video-preview":"max-video-preview:-1"},"canonical":"https:\/\/evangelische-beratung.com\/fr\/familie-kinder-jugend\/familie-erziehung\/onlineberatung-fuer-eltern\/","og_locale":"fr_FR","og_type":"article","og_title":"Anonyme Online Beratung f\u00fcr Eltern","og_description":"Unser Fachverband bke bietet Onlineberatung f\u00fcr Jugendliche und Eltern an. Kostenfrei und anonym. Beratung erfolgt nur durch ausgebildete Fachkr\u00e4fte.","og_url":"https:\/\/evangelische-beratung.com\/fr\/familie-kinder-jugend\/familie-erziehung\/onlineberatung-fuer-eltern\/","og_site_name":"Evangelischer Regionalverband","article_modified_time":"2020-03-17T05:49:00+00:00","og_image":[{"url":"https:\/\/evangelische-beratung.com\/fr\/wp-content\/uploads\/sites\/5\/2019\/08\/Banner-92x30-alle3-1024x334.jpg","type":"","width":"","height":""}],"twitter_card":"summary_large_image","twitter_misc":{"Dur\u00e9e de lecture estim\u00e9e":"1 minute"},"schema":{"@context":"https:\/\/schema.org","@graph":[{"@type":"WebPage","@id":"https:\/\/evangelische-beratung.com\/fr\/familie-kinder-jugend\/familie-erziehung\/onlineberatung-fuer-eltern\/","url":"https:\/\/evangelische-beratung.com\/fr\/familie-kinder-jugend\/familie-erziehung\/onlineberatung-fuer-eltern\/","name":"Anonyme Online Beratung f\u00fcr Eltern","isPartOf":{"@id":"https:\/\/evangelische-beratung.com\/fr\/#website"},"primaryImageOfPage":{"@id":"https:\/\/evangelische-beratung.com\/fr\/familie-kinder-jugend\/familie-erziehung\/onlineberatung-fuer-eltern\/#primaryimage"},"image":{"@id":"https:\/\/evangelische-beratung.com\/fr\/familie-kinder-jugend\/familie-erziehung\/onlineberatung-fuer-eltern\/#primaryimage"},"thumbnailUrl":"https:\/\/evangelische-beratung.com\/fr\/wp-content\/uploads\/sites\/5\/2019\/08\/Banner-92x30-alle3-1024x334.jpg","datePublished":"2019-08-15T17:21:14+00:00","dateModified":"2020-03-17T05:49:00+00:00","description":"Unser Fachverband bke bietet Onlineberatung f\u00fcr Jugendliche und Eltern an. Kostenfrei und anonym. Beratung erfolgt nur durch ausgebildete Fachkr\u00e4fte.","breadcrumb":{"@id":"https:\/\/evangelische-beratung.com\/fr\/familie-kinder-jugend\/familie-erziehung\/onlineberatung-fuer-eltern\/#breadcrumb"},"inLanguage":"fr-FR","potentialAction":[{"@type":"ReadAction","target":["https:\/\/evangelische-beratung.com\/fr\/familie-kinder-jugend\/familie-erziehung\/onlineberatung-fuer-eltern\/"]}]},{"@type":"ImageObject","inLanguage":"fr-FR","@id":"https:\/\/evangelische-beratung.com\/fr\/familie-kinder-jugend\/familie-erziehung\/onlineberatung-fuer-eltern\/#primaryimage","url":"https:\/\/evangelische-beratung.com\/fr\/wp-content\/uploads\/sites\/5\/2019\/08\/Banner-92x30-alle3-1024x334.jpg","contentUrl":"https:\/\/evangelische-beratung.com\/fr\/wp-content\/uploads\/sites\/5\/2019\/08\/Banner-92x30-alle3-1024x334.jpg"},{"@type":"BreadcrumbList","@id":"https:\/\/evangelische-beratung.com\/fr\/familie-kinder-jugend\/familie-erziehung\/onlineberatung-fuer-eltern\/#breadcrumb","itemListElement":[{"@type":"ListItem","position":1,"name":"Startseite","item":"https:\/\/evangelische-beratung.com\/fr\/"},{"@type":"ListItem","position":2,"name":"Famille, enfants, jeunesse","item":"https:\/\/evangelische-beratung.com\/fr\/familie-kinder-jugend\/"},{"@type":"ListItem","position":3,"name":"Famille et \u00e9ducation","item":"https:\/\/evangelische-beratung.com\/fr\/familie-kinder-jugend\/familie-erziehung\/"},{"@type":"ListItem","position":4,"name":"Conseil en ligne"}]},{"@type":"WebSite","@id":"https:\/\/evangelische-beratung.com\/fr\/#website","url":"https:\/\/evangelische-beratung.com\/fr\/","name":"Evangelischer Regionalverband","description":"","publisher":{"@id":"https:\/\/evangelische-beratung.com\/fr\/#organization"},"potentialAction":[{"@type":"SearchAction","target":{"@type":"EntryPoint","urlTemplate":"https:\/\/evangelische-beratung.com\/fr\/?s={search_term_string}"},"query-input":{"@type":"PropertyValueSpecification","valueRequired":true,"valueName":"search_term_string"}}],"inLanguage":"fr-FR"},{"@type":"Organization","@id":"https:\/\/evangelische-beratung.com\/fr\/#organization","name":"Evangelischer Regionalverband Frankfurt und Offenbach","url":"https:\/\/evangelische-beratung.com\/fr\/","logo":{"@type":"ImageObject","inLanguage":"fr-FR","@id":"https:\/\/evangelische-beratung.com\/fr\/#\/schema\/logo\/image\/","url":"https:\/\/evangelische-beratung.com\/fr\/wp-content\/uploads\/sites\/5\/2019\/10\/erv-logo.png","contentUrl":"https:\/\/evangelische-beratung.com\/fr\/wp-content\/uploads\/sites\/5\/2019\/10\/erv-logo.png","width":1127,"height":595,"caption":"Evangelischer Regionalverband Frankfurt und Offenbach"},"image":{"@id":"https:\/\/evangelische-beratung.com\/fr\/#\/schema\/logo\/image\/"}}]}},"_links":{"self":[{"href":"https:\/\/evangelische-beratung.com\/fr\/wp-json\/wp\/v2\/pages\/222","targetHints":{"allow":["GET"]}}],"collection":[{"href":"https:\/\/evangelische-beratung.com\/fr\/wp-json\/wp\/v2\/pages"}],"about":[{"href":"https:\/\/evangelische-beratung.com\/fr\/wp-json\/wp\/v2\/types\/page"}],"author":[{"embeddable":true,"href":"https:\/\/evangelische-beratung.com\/fr\/wp-json\/wp\/v2\/users\/3"}],"replies":[{"embeddable":true,"href":"https:\/\/evangelische-beratung.com\/fr\/wp-json\/wp\/v2\/comments?post=222"}],"version-history":[{"count":5,"href":"https:\/\/evangelische-beratung.com\/fr\/wp-json\/wp\/v2\/pages\/222\/revisions"}],"predecessor-version":[{"id":1350,"href":"https:\/\/evangelische-beratung.com\/fr\/wp-json\/wp\/v2\/pages\/222\/revisions\/1350"}],"up":[{"embeddable":true,"href":"https:\/\/evangelische-beratung.com\/fr\/wp-json\/wp\/v2\/pages\/193"}],"wp:attachment":[{"href":"https:\/\/evangelische-beratung.com\/fr\/wp-json\/wp\/v2\/media?parent=222"}],"curies":[{"name":"wp","href":"https:\/\/api.w.org\/{rel}","templated":true}]}}