{"id":216,"date":"2019-08-15T19:17:22","date_gmt":"2019-08-15T17:17:22","guid":{"rendered":"https:\/\/evangelische-beratung.com\/fr\/?page_id=216"},"modified":"2020-03-17T06:43:45","modified_gmt":"2020-03-17T05:43:45","slug":"gruppenangebot-fuer-trennungskinder","status":"publish","type":"page","link":"https:\/\/evangelische-beratung.com\/fr\/familie-kinder-jugend\/familie-erziehung\/gruppenangebot-fuer-trennungskinder\/","title":{"rendered":"Sessions de groupe pour les enfants apr\u00e8s s\u00e9paration"},"content":{"rendered":"\n<p class=\"is-style-teaser\">La s\u00e9paration des parents marque fortement les enfants. <\/p>\n\n\n\n<p>Ils sont souvent laiss\u00e9s seuls avec leurs pens\u00e9es et leurs sentiments. Ces exp\u00e9riences stressantes peuvent demeurer longtemps apr\u00e8s la s\u00e9paration. Dans ce cas, les parents peuvent veiller \u00e0 faciliter \u00e0 leurs enfants la gestion de la &nbsp;s\u00e9paration.<\/p>\n\n\n\n<ul class=\"wp-block-list\"><li>Votre enfant a-t-il fait l\u2019exp\u00e9rience de la s\u00e9paration de leurs parents ?<\/li><li>Cherchez-vous \u00e0 obtenir de l\u2019aide pour aider vos enfants \u00e0 supporter la situation ?<\/li><\/ul>\n\n\n\n<p>Nous proposons des sessions de groupe r\u00e9guli\u00e8res pour les enfants \u00e2g\u00e9s de 8 \u00e0 11 ans provenant de familles dont les parents se sont s\u00e9par\u00e9s. Ces groupes procurent un environnement o\u00f9 ils peuvent parler de leurs exp\u00e9riences. <\/p>\n\n\n\n<p>Ce groupe peut les aider \u00e0 mieux g\u00e9rer cette situation. Les sessions de groupe se concentrant sur l\u2019\u00e9change d\u2019exp\u00e9riences, sur le renforcement de l\u2019estime de soi des enfants, sur la discussion des exp\u00e9riences personnelles et la d\u00e9tection de solutions. <\/p>\n\n\n\n<p>Les groupes d\u2019enfants se r\u00e9unissent en sessions de douze. Des soir\u00e9es consacr\u00e9es aux parent sont propos\u00e9es en parall\u00e8le.<\/p>\n\n\n\n<div class=\"wp-block-erv-download -show-file-extension\"><span aria-hidden=\"true\"><span class=\"file-extension\">pdf<\/span><\/span><div class=\"title-and-description\"><p class=\"download-title -inverted-link-style\"><a href=\"https:\/\/evangelische-beratung.com\/fr\/wp-content\/uploads\/sites\/5\/2019\/08\/Flyer-Gruppe-06-webversion.pdf\" target=\"_blank\" rel=\"noopener noreferrer\">Gruppenangebot<\/a><\/p><p class=\"download-description\">weitere Informationen<\/p><\/div><\/div>\n\n\n\n<p style=\"text-align:center\" class=\"is-style-roof-line\"><strong>Vos interlocuteurs<\/strong>&nbsp;pour convenir d\u2019un RDV<\/p>\n\n\n\n<div class=\"wp-block-columns alignwide has-3-columns is-layout-flex wp-container-core-columns-is-layout-9d6595d7 wp-block-columns-is-layout-flex\">\n<div class=\"wp-block-column is-layout-flow wp-block-column-is-layout-flow\"><\/div>\n\n\n\n<div class=\"wp-block-column is-layout-flow wp-block-column-is-layout-flow\">\n<div class=\"wp-block-erv-id-card\"><div class=\"id-card-content\"><figure class=\"id-card-photo\"><img decoding=\"async\" src=\"https:\/\/evangelische-beratung.com\/wp-content\/uploads\/2020\/01\/portrait_platzhalter-1-300x300.jpg\" \/><\/figure><div class=\"id-card-details\"><p class=\"id-card-name\">Claudia Hauer<\/p><p class=\"id-card-job\">Sekretariat<\/p><p class=\"id-card-location\">Frankfurt<\/p><p class=\"id-card-phone\">069 \/ 53 02 220<\/p><p class=\"id-card-email\"><a href=\"&#109;&#x61;i&#108;&#x74;o&#58;&#x66;a&#109;&#x69;l&#105;&#x65;&#110;&#x62;&#x65;&#114;&#x61;&#x74;&#117;&#x6e;g&#64;&#x66;r&#97;&#x6e;k&#102;&#x75;r&#116;&#x2d;&#101;&#x76;&#x61;&#110;&#x67;&#x65;&#108;&#x69;s&#99;&#x68;&#46;&#100;&#x65;\">E-Mail<\/a><\/p><\/div><\/div><\/div>\n<\/div>\n\n\n\n<div class=\"wp-block-column is-layout-flow wp-block-column-is-layout-flow\">\n<div class=\"wp-block-erv-id-card -hidden-image\"><div class=\"id-card-content\"><div class=\"id-card-details\"><p class=\"id-card-name\">Andrea Schare<\/p><p class=\"id-card-job\">Sekretariat<\/p><p class=\"id-card-location\">H\u00f6chst<\/p><p class=\"id-card-phone\">069 \/ 75 93 672 10<\/p><p class=\"id-card-email\"><a href=\"&#x6d;&#97;&#105;&#x6c;&#x74;&#111;&#58;&#x70;&#x73;&#121;&#99;&#x68;&#x6f;&#108;&#111;&#x67;&#x69;&#115;&#99;&#x68;&#x65;&#98;&#101;&#x72;&#x61;&#116;&#117;&#x6e;&#x67;&#46;&#104;&#x6f;&#x65;&#99;&#104;&#x73;&#x74;&#64;&#102;&#x72;&#x61;&#110;&#107;&#x66;&#x75;&#114;&#116;&#x2d;&#x65;&#118;&#97;&#x6e;&#x67;&#101;&#108;&#x69;&#x73;&#99;&#104;&#x2e;&#x64;&#101;\">E-Mail<\/a><\/p><\/div><\/div><\/div>\n<\/div>\n<\/div>\n","protected":false},"excerpt":{"rendered":"<p>La s\u00e9paration des parents marque fortement les enfants. Ils sont souvent laiss\u00e9s seuls avec leurs pens\u00e9es et leurs sentiments. Ces exp\u00e9riences stressantes peuvent demeurer longtemps apr\u00e8s la s\u00e9paration. Dans ce cas, les parents peuvent veiller \u00e0 faciliter \u00e0 leurs enfants la gestion de la &nbsp;s\u00e9paration. Votre enfant a-t-il fait l\u2019exp\u00e9rience de la s\u00e9paration de leurs [&hellip;]<\/p>\n","protected":false},"author":3,"featured_media":0,"parent":193,"menu_order":0,"comment_status":"closed","ping_status":"closed","template":"","meta":{"footnotes":""},"class_list":["post-216","page","type-page","status-publish","hentry"],"yoast_head":"<!-- This site is optimized with the Yoast SEO plugin v27.3 - https:\/\/yoast.com\/product\/yoast-seo-wordpress\/ -->\n<title>Gruppenangebot f\u00fcr Trennungskinder vom Ev. Regionalverband Frankfurt u. Offenbach<\/title>\n<meta name=\"description\" content=\"Wir bieten regelm\u00e4\u00dfig eine Gruppe f\u00fcr Kinder aus Trennungsfamilien (8-11 Jahre) an. In dieser Gruppe k\u00f6nnen Kinder ihre Erfahrungen u. Erlebnisse besprechen.\" \/>\n<meta name=\"robots\" content=\"index, follow, max-snippet:-1, max-image-preview:large, max-video-preview:-1\" \/>\n<link rel=\"canonical\" href=\"https:\/\/evangelische-beratung.com\/fr\/familie-kinder-jugend\/familie-erziehung\/gruppenangebot-fuer-trennungskinder\/\" \/>\n<meta property=\"og:locale\" content=\"fr_FR\" \/>\n<meta property=\"og:type\" content=\"article\" \/>\n<meta property=\"og:title\" content=\"Gruppenangebot f\u00fcr Trennungskinder vom Ev. Regionalverband Frankfurt u. Offenbach\" \/>\n<meta property=\"og:description\" content=\"Wir bieten regelm\u00e4\u00dfig eine Gruppe f\u00fcr Kinder aus Trennungsfamilien (8-11 Jahre) an. In dieser Gruppe k\u00f6nnen Kinder ihre Erfahrungen u. Erlebnisse besprechen.\" \/>\n<meta property=\"og:url\" content=\"https:\/\/evangelische-beratung.com\/fr\/familie-kinder-jugend\/familie-erziehung\/gruppenangebot-fuer-trennungskinder\/\" \/>\n<meta property=\"og:site_name\" content=\"Evangelischer Regionalverband\" \/>\n<meta property=\"article:modified_time\" content=\"2020-03-17T05:43:45+00:00\" \/>\n<meta name=\"twitter:card\" content=\"summary_large_image\" \/>\n<meta name=\"twitter:label1\" content=\"Dur\u00e9e de lecture estim\u00e9e\" \/>\n\t<meta name=\"twitter:data1\" content=\"1 minute\" \/>\n<script type=\"application\/ld+json\" class=\"yoast-schema-graph\">{\"@context\":\"https:\\\/\\\/schema.org\",\"@graph\":[{\"@type\":\"WebPage\",\"@id\":\"https:\\\/\\\/evangelische-beratung.com\\\/fr\\\/familie-kinder-jugend\\\/familie-erziehung\\\/gruppenangebot-fuer-trennungskinder\\\/\",\"url\":\"https:\\\/\\\/evangelische-beratung.com\\\/fr\\\/familie-kinder-jugend\\\/familie-erziehung\\\/gruppenangebot-fuer-trennungskinder\\\/\",\"name\":\"Gruppenangebot f\u00fcr Trennungskinder vom Ev. Regionalverband Frankfurt u. Offenbach\",\"isPartOf\":{\"@id\":\"https:\\\/\\\/evangelische-beratung.com\\\/fr\\\/#website\"},\"datePublished\":\"2019-08-15T17:17:22+00:00\",\"dateModified\":\"2020-03-17T05:43:45+00:00\",\"description\":\"Wir bieten regelm\u00e4\u00dfig eine Gruppe f\u00fcr Kinder aus Trennungsfamilien (8-11 Jahre) an. In dieser Gruppe k\u00f6nnen Kinder ihre Erfahrungen u. Erlebnisse besprechen.\",\"breadcrumb\":{\"@id\":\"https:\\\/\\\/evangelische-beratung.com\\\/fr\\\/familie-kinder-jugend\\\/familie-erziehung\\\/gruppenangebot-fuer-trennungskinder\\\/#breadcrumb\"},\"inLanguage\":\"fr-FR\",\"potentialAction\":[{\"@type\":\"ReadAction\",\"target\":[\"https:\\\/\\\/evangelische-beratung.com\\\/fr\\\/familie-kinder-jugend\\\/familie-erziehung\\\/gruppenangebot-fuer-trennungskinder\\\/\"]}]},{\"@type\":\"BreadcrumbList\",\"@id\":\"https:\\\/\\\/evangelische-beratung.com\\\/fr\\\/familie-kinder-jugend\\\/familie-erziehung\\\/gruppenangebot-fuer-trennungskinder\\\/#breadcrumb\",\"itemListElement\":[{\"@type\":\"ListItem\",\"position\":1,\"name\":\"Startseite\",\"item\":\"https:\\\/\\\/evangelische-beratung.com\\\/fr\\\/\"},{\"@type\":\"ListItem\",\"position\":2,\"name\":\"Famille, enfants, jeunesse\",\"item\":\"https:\\\/\\\/evangelische-beratung.com\\\/fr\\\/familie-kinder-jugend\\\/\"},{\"@type\":\"ListItem\",\"position\":3,\"name\":\"Famille et \u00e9ducation\",\"item\":\"https:\\\/\\\/evangelische-beratung.com\\\/fr\\\/familie-kinder-jugend\\\/familie-erziehung\\\/\"},{\"@type\":\"ListItem\",\"position\":4,\"name\":\"Sessions de groupe pour les enfants apr\u00e8s s\u00e9paration\"}]},{\"@type\":\"WebSite\",\"@id\":\"https:\\\/\\\/evangelische-beratung.com\\\/fr\\\/#website\",\"url\":\"https:\\\/\\\/evangelische-beratung.com\\\/fr\\\/\",\"name\":\"Evangelischer Regionalverband\",\"description\":\"\",\"publisher\":{\"@id\":\"https:\\\/\\\/evangelische-beratung.com\\\/fr\\\/#organization\"},\"potentialAction\":[{\"@type\":\"SearchAction\",\"target\":{\"@type\":\"EntryPoint\",\"urlTemplate\":\"https:\\\/\\\/evangelische-beratung.com\\\/fr\\\/?s={search_term_string}\"},\"query-input\":{\"@type\":\"PropertyValueSpecification\",\"valueRequired\":true,\"valueName\":\"search_term_string\"}}],\"inLanguage\":\"fr-FR\"},{\"@type\":\"Organization\",\"@id\":\"https:\\\/\\\/evangelische-beratung.com\\\/fr\\\/#organization\",\"name\":\"Evangelischer Regionalverband Frankfurt und Offenbach\",\"url\":\"https:\\\/\\\/evangelische-beratung.com\\\/fr\\\/\",\"logo\":{\"@type\":\"ImageObject\",\"inLanguage\":\"fr-FR\",\"@id\":\"https:\\\/\\\/evangelische-beratung.com\\\/fr\\\/#\\\/schema\\\/logo\\\/image\\\/\",\"url\":\"https:\\\/\\\/evangelische-beratung.com\\\/fr\\\/wp-content\\\/uploads\\\/sites\\\/5\\\/2019\\\/10\\\/erv-logo.png\",\"contentUrl\":\"https:\\\/\\\/evangelische-beratung.com\\\/fr\\\/wp-content\\\/uploads\\\/sites\\\/5\\\/2019\\\/10\\\/erv-logo.png\",\"width\":1127,\"height\":595,\"caption\":\"Evangelischer Regionalverband Frankfurt und Offenbach\"},\"image\":{\"@id\":\"https:\\\/\\\/evangelische-beratung.com\\\/fr\\\/#\\\/schema\\\/logo\\\/image\\\/\"}}]}<\/script>\n<!-- \/ Yoast SEO plugin. -->","yoast_head_json":{"title":"Gruppenangebot f\u00fcr Trennungskinder vom Ev. Regionalverband Frankfurt u. Offenbach","description":"Wir bieten regelm\u00e4\u00dfig eine Gruppe f\u00fcr Kinder aus Trennungsfamilien (8-11 Jahre) an. In dieser Gruppe k\u00f6nnen Kinder ihre Erfahrungen u. Erlebnisse besprechen.","robots":{"index":"index","follow":"follow","max-snippet":"max-snippet:-1","max-image-preview":"max-image-preview:large","max-video-preview":"max-video-preview:-1"},"canonical":"https:\/\/evangelische-beratung.com\/fr\/familie-kinder-jugend\/familie-erziehung\/gruppenangebot-fuer-trennungskinder\/","og_locale":"fr_FR","og_type":"article","og_title":"Gruppenangebot f\u00fcr Trennungskinder vom Ev. Regionalverband Frankfurt u. Offenbach","og_description":"Wir bieten regelm\u00e4\u00dfig eine Gruppe f\u00fcr Kinder aus Trennungsfamilien (8-11 Jahre) an. In dieser Gruppe k\u00f6nnen Kinder ihre Erfahrungen u. Erlebnisse besprechen.","og_url":"https:\/\/evangelische-beratung.com\/fr\/familie-kinder-jugend\/familie-erziehung\/gruppenangebot-fuer-trennungskinder\/","og_site_name":"Evangelischer Regionalverband","article_modified_time":"2020-03-17T05:43:45+00:00","twitter_card":"summary_large_image","twitter_misc":{"Dur\u00e9e de lecture estim\u00e9e":"1 minute"},"schema":{"@context":"https:\/\/schema.org","@graph":[{"@type":"WebPage","@id":"https:\/\/evangelische-beratung.com\/fr\/familie-kinder-jugend\/familie-erziehung\/gruppenangebot-fuer-trennungskinder\/","url":"https:\/\/evangelische-beratung.com\/fr\/familie-kinder-jugend\/familie-erziehung\/gruppenangebot-fuer-trennungskinder\/","name":"Gruppenangebot f\u00fcr Trennungskinder vom Ev. Regionalverband Frankfurt u. Offenbach","isPartOf":{"@id":"https:\/\/evangelische-beratung.com\/fr\/#website"},"datePublished":"2019-08-15T17:17:22+00:00","dateModified":"2020-03-17T05:43:45+00:00","description":"Wir bieten regelm\u00e4\u00dfig eine Gruppe f\u00fcr Kinder aus Trennungsfamilien (8-11 Jahre) an. In dieser Gruppe k\u00f6nnen Kinder ihre Erfahrungen u. Erlebnisse besprechen.","breadcrumb":{"@id":"https:\/\/evangelische-beratung.com\/fr\/familie-kinder-jugend\/familie-erziehung\/gruppenangebot-fuer-trennungskinder\/#breadcrumb"},"inLanguage":"fr-FR","potentialAction":[{"@type":"ReadAction","target":["https:\/\/evangelische-beratung.com\/fr\/familie-kinder-jugend\/familie-erziehung\/gruppenangebot-fuer-trennungskinder\/"]}]},{"@type":"BreadcrumbList","@id":"https:\/\/evangelische-beratung.com\/fr\/familie-kinder-jugend\/familie-erziehung\/gruppenangebot-fuer-trennungskinder\/#breadcrumb","itemListElement":[{"@type":"ListItem","position":1,"name":"Startseite","item":"https:\/\/evangelische-beratung.com\/fr\/"},{"@type":"ListItem","position":2,"name":"Famille, enfants, jeunesse","item":"https:\/\/evangelische-beratung.com\/fr\/familie-kinder-jugend\/"},{"@type":"ListItem","position":3,"name":"Famille et \u00e9ducation","item":"https:\/\/evangelische-beratung.com\/fr\/familie-kinder-jugend\/familie-erziehung\/"},{"@type":"ListItem","position":4,"name":"Sessions de groupe pour les enfants apr\u00e8s s\u00e9paration"}]},{"@type":"WebSite","@id":"https:\/\/evangelische-beratung.com\/fr\/#website","url":"https:\/\/evangelische-beratung.com\/fr\/","name":"Evangelischer Regionalverband","description":"","publisher":{"@id":"https:\/\/evangelische-beratung.com\/fr\/#organization"},"potentialAction":[{"@type":"SearchAction","target":{"@type":"EntryPoint","urlTemplate":"https:\/\/evangelische-beratung.com\/fr\/?s={search_term_string}"},"query-input":{"@type":"PropertyValueSpecification","valueRequired":true,"valueName":"search_term_string"}}],"inLanguage":"fr-FR"},{"@type":"Organization","@id":"https:\/\/evangelische-beratung.com\/fr\/#organization","name":"Evangelischer Regionalverband Frankfurt und Offenbach","url":"https:\/\/evangelische-beratung.com\/fr\/","logo":{"@type":"ImageObject","inLanguage":"fr-FR","@id":"https:\/\/evangelische-beratung.com\/fr\/#\/schema\/logo\/image\/","url":"https:\/\/evangelische-beratung.com\/fr\/wp-content\/uploads\/sites\/5\/2019\/10\/erv-logo.png","contentUrl":"https:\/\/evangelische-beratung.com\/fr\/wp-content\/uploads\/sites\/5\/2019\/10\/erv-logo.png","width":1127,"height":595,"caption":"Evangelischer Regionalverband Frankfurt und Offenbach"},"image":{"@id":"https:\/\/evangelische-beratung.com\/fr\/#\/schema\/logo\/image\/"}}]}},"_links":{"self":[{"href":"https:\/\/evangelische-beratung.com\/fr\/wp-json\/wp\/v2\/pages\/216","targetHints":{"allow":["GET"]}}],"collection":[{"href":"https:\/\/evangelische-beratung.com\/fr\/wp-json\/wp\/v2\/pages"}],"about":[{"href":"https:\/\/evangelische-beratung.com\/fr\/wp-json\/wp\/v2\/types\/page"}],"author":[{"embeddable":true,"href":"https:\/\/evangelische-beratung.com\/fr\/wp-json\/wp\/v2\/users\/3"}],"replies":[{"embeddable":true,"href":"https:\/\/evangelische-beratung.com\/fr\/wp-json\/wp\/v2\/comments?post=216"}],"version-history":[{"count":5,"href":"https:\/\/evangelische-beratung.com\/fr\/wp-json\/wp\/v2\/pages\/216\/revisions"}],"predecessor-version":[{"id":1345,"href":"https:\/\/evangelische-beratung.com\/fr\/wp-json\/wp\/v2\/pages\/216\/revisions\/1345"}],"up":[{"embeddable":true,"href":"https:\/\/evangelische-beratung.com\/fr\/wp-json\/wp\/v2\/pages\/193"}],"wp:attachment":[{"href":"https:\/\/evangelische-beratung.com\/fr\/wp-json\/wp\/v2\/media?parent=216"}],"curies":[{"name":"wp","href":"https:\/\/api.w.org\/{rel}","templated":true}]}}