{"id":193,"date":"2019-08-15T17:04:28","date_gmt":"2019-08-15T15:04:28","guid":{"rendered":"https:\/\/evangelische-beratung.com\/fr\/?page_id=193"},"modified":"2020-03-16T18:43:56","modified_gmt":"2020-03-16T17:43:56","slug":"familie-erziehung","status":"publish","type":"page","link":"https:\/\/evangelische-beratung.com\/fr\/familie-kinder-jugend\/familie-erziehung\/","title":{"rendered":"Famille et \u00e9ducation"},"content":{"rendered":"\n<p class=\"is-style-teaser\">Vous \u00eates \u00e0 la bonne adresse si vous avez des petits et des grands probl\u00e8mes dans tout ce qui touche \u00e0 la vie familiale et l\u2019\u00e9ducation de vos enfants.<\/p>\n\n\n\n<figure class=\"wp-block-image alignwide\"><img loading=\"lazy\" decoding=\"async\" width=\"1024\" height=\"512\" src=\"https:\/\/evangelische-beratung.com\/fr\/wp-content\/uploads\/sites\/5\/2019\/08\/Familien-Erziehungs-und-Jugendberatung-15_HERO2_MS-1-1024x512.jpg\" alt=\"\" class=\"wp-image-539\" srcset=\"https:\/\/evangelische-beratung.com\/fr\/wp-content\/uploads\/sites\/5\/2019\/08\/Familien-Erziehungs-und-Jugendberatung-15_HERO2_MS-1-1024x512.jpg 1024w, https:\/\/evangelische-beratung.com\/fr\/wp-content\/uploads\/sites\/5\/2019\/08\/Familien-Erziehungs-und-Jugendberatung-15_HERO2_MS-1-300x150.jpg 300w, https:\/\/evangelische-beratung.com\/fr\/wp-content\/uploads\/sites\/5\/2019\/08\/Familien-Erziehungs-und-Jugendberatung-15_HERO2_MS-1-768x384.jpg 768w, https:\/\/evangelische-beratung.com\/fr\/wp-content\/uploads\/sites\/5\/2019\/08\/Familien-Erziehungs-und-Jugendberatung-15_HERO2_MS-1.jpg 1840w\" sizes=\"auto, 100vw\" \/><\/figure>\n\n\n\n<p>Venez nous voir pour des sujets tels que par exemple :<\/p>\n\n\n\n<ul class=\"wp-block-list\"><li>Votre enfant vous pose des probl\u00e8mes insurmontables<\/li><li>Votre enfant a des difficult\u00e9s avec ses amis, \u00e0 la cr\u00e8che, \u00e0 l\u2019\u00e9cole ou avec l\u2019\u00e9ducation<\/li><li>Vous avez des incertitudes ou n\u2019\u00eates pas d\u2019accord dans des questions d\u2019\u00e9ducation<\/li><li>Votre enfant entre dans la pubert\u00e9 et il y a des probl\u00e8mes<\/li><li>Il y a des conflits dans votre partenariat et dans la vie commune en famille<\/li><li>Vous vous \u00eates s\u00e9par\u00e9s ou envisagez une s\u00e9paration ou un divorce et ne savez pas comment la vie va continuer<\/li><li>Vous venez d\u2019avoir un enfant et voulez tout faire comme il faut<\/li><li> Vous \u00eates enceinte et avez beaucoup de questions<\/li><\/ul>\n\n\n\n<div class=\"wp-block-columns has-2-columns -right-outside-content is-layout-flow wp-block-columns-is-layout-flow\">\n<div class=\"wp-block-column is-layout-flow wp-block-column-is-layout-flow\">\n<p>Le conseil est volontaire et gratuit. Tous les entretiens de conseil sont confidentiels. Nous faisons appel \u00e0 des interpr\u00e8tes au besoin. <\/p>\n\n\n\n<p>Nos conseillers sont des p\u00e9dagogues et des sociop\u00e9dagogues. Nous avons re\u00e7u le label \u00ab&nbsp;Qualit\u00e9 contr\u00f4l\u00e9e de l\u2019association sp\u00e9cialis\u00e9e \u00ab&nbsp;Conf\u00e9rence f\u00e9d\u00e9rale pour le conseil en \u00e9ducation&nbsp;\u00bb.  <\/p>\n\n\n\n<div class=\"wp-block-erv-download -show-file-extension\"><span aria-hidden=\"true\"><span class=\"file-extension\">pdf<\/span><\/span><div class=\"title-and-description\"><p class=\"download-title -inverted-link-style\"><a href=\"https:\/\/evangelische-beratung.com\/fr\/wp-content\/uploads\/sites\/5\/2020\/01\/Download-zu-Text-Familie-und-Erziehung-Infos-und-Datenschutzerklaerung-07_2019.pdf\" target=\"_blank\" rel=\"noopener noreferrer\">Infoblatt Datenschutz<\/a><\/p><\/div><\/div>\n<\/div>\n\n\n\n<div class=\"wp-block-column is-layout-flow wp-block-column-is-layout-flow\">\n<figure class=\"wp-block-image is-resized\"><img loading=\"lazy\" decoding=\"async\" src=\"https:\/\/evangelische-beratung.com\/fr\/wp-content\/uploads\/sites\/5\/2019\/08\/BKE_SIEGEL.svg\" alt=\"\" class=\"wp-image-133\" width=\"184\" height=\"184\" \/><\/figure>\n<\/div>\n<\/div>\n\n\n\n<div class=\"wp-block-columns alignwide has-3-columns is-layout-flex wp-container-core-columns-is-layout-9d6595d7 wp-block-columns-is-layout-flex\">\n<div class=\"wp-block-column is-layout-flow wp-block-column-is-layout-flow\"><div class=\"wp-block-erv-tile \">\n\t\t\t<div>\n\t\t\t<a href=\"https:\/\/evangelische-beratung.com\/fr\/familie-kinder-jugend\/familie-erziehung\/gruppenangebot-fuer-trennungskinder\/\" tabindex=\"-1\" aria-hidden=\"true\" ><\/a>\n\t\t\t<h2 class=\"tile-title\"><a href=\"https:\/\/evangelische-beratung.com\/fr\/familie-kinder-jugend\/familie-erziehung\/gruppenangebot-fuer-trennungskinder\/\" >Sessions de groupe pour les enfants apr\u00e8s s\u00e9paration<\/a><\/h2>\n\t\t\t\n\t\t\t<p aria-hidden=\"true\" class=\"-is-micro\"><svg xmlns=\"http:\/\/www.w3.org\/2000\/svg\" viewBox=\"0 0 13 10\"><path d=\"M1.5 5H12M8 1l4 4-4 4\" fill=\"none\" stroke=\"#a22a45\" stroke-width=\"1.2\" stroke-linecap=\"round\" stroke-linejoin=\"round\"\/><\/svg><\/p>\n\t\t\t<\/div>\n\t\t<\/div><\/div>\n\n\n\n<div class=\"wp-block-column is-layout-flow wp-block-column-is-layout-flow\"><div class=\"wp-block-erv-tile \">\n\t\t\t<div>\n\t\t\t<a href=\"https:\/\/evangelische-beratung.com\/fr\/familie-kinder-jugend\/familie-erziehung\/onlineberatung-fuer-eltern\/\" tabindex=\"-1\" aria-hidden=\"true\" ><\/a>\n\t\t\t<h2 class=\"tile-title\"><a href=\"https:\/\/evangelische-beratung.com\/fr\/familie-kinder-jugend\/familie-erziehung\/onlineberatung-fuer-eltern\/\" >Conseil en ligne<\/a><\/h2>\n\t\t\t\n\t\t\t<p aria-hidden=\"true\" class=\"-is-micro\"><svg xmlns=\"http:\/\/www.w3.org\/2000\/svg\" viewBox=\"0 0 13 10\"><path d=\"M1.5 5H12M8 1l4 4-4 4\" fill=\"none\" stroke=\"#a22a45\" stroke-width=\"1.2\" stroke-linecap=\"round\" stroke-linejoin=\"round\"\/><\/svg><\/p>\n\t\t\t<\/div>\n\t\t<\/div><\/div>\n\n\n\n<div class=\"wp-block-column is-layout-flow wp-block-column-is-layout-flow\"><div class=\"wp-block-erv-tile \">\n\t\t\t<div>\n\t\t\t<a href=\"https:\/\/evangelische-beratung.com\/fr\/familie-kinder-jugend\/familie-erziehung\/elternkurs-kinder-im-blick\/\" tabindex=\"-1\" aria-hidden=\"true\" ><\/a>\n\t\t\t<h2 class=\"tile-title\"><a href=\"https:\/\/evangelische-beratung.com\/fr\/familie-kinder-jugend\/familie-erziehung\/elternkurs-kinder-im-blick\/\" >Cours \u00e0 l&rsquo;attention des parents \u00ab Gardez l\u2019\u0153il sur vos enfants \u00bb<\/a><\/h2>\n\t\t\t\n\t\t\t<p aria-hidden=\"true\" class=\"-is-micro\"><svg xmlns=\"http:\/\/www.w3.org\/2000\/svg\" viewBox=\"0 0 13 10\"><path d=\"M1.5 5H12M8 1l4 4-4 4\" fill=\"none\" stroke=\"#a22a45\" stroke-width=\"1.2\" stroke-linecap=\"round\" stroke-linejoin=\"round\"\/><\/svg><\/p>\n\t\t\t<\/div>\n\t\t<\/div><\/div>\n<\/div>\n","protected":false},"excerpt":{"rendered":"<p>Vous \u00eates \u00e0 la bonne adresse si vous avez des petits et des grands probl\u00e8mes dans tout ce qui touche \u00e0 la vie familiale et l\u2019\u00e9ducation de vos enfants. Venez nous voir pour des sujets tels que par exemple : Votre enfant vous pose des probl\u00e8mes insurmontables Votre enfant a des difficult\u00e9s avec ses amis, [&hellip;]<\/p>\n","protected":false},"author":3,"featured_media":97,"parent":15,"menu_order":0,"comment_status":"closed","ping_status":"closed","template":"","meta":{"footnotes":""},"class_list":["post-193","page","type-page","status-publish","has-post-thumbnail","hentry"],"yoast_head":"<!-- This site is optimized with the Yoast SEO plugin v27.3 - https:\/\/yoast.com\/product\/yoast-seo-wordpress\/ -->\n<title>Beratung Famille et \u00e9ducation in Frankfurt und Offenbach<\/title>\n<meta name=\"description\" content=\"Wir bieten Ihnen Beratung rund um das Familienleben u. die Erziehung Ihrer Kinder. Die Beratungsgespr\u00e4che sind vertraulich u. kostenlos.\" \/>\n<meta name=\"robots\" content=\"index, follow, max-snippet:-1, max-image-preview:large, max-video-preview:-1\" \/>\n<link rel=\"canonical\" href=\"https:\/\/evangelische-beratung.com\/fr\/familie-kinder-jugend\/familie-erziehung\/\" \/>\n<meta property=\"og:locale\" content=\"fr_FR\" \/>\n<meta property=\"og:type\" content=\"article\" \/>\n<meta property=\"og:title\" content=\"Beratung Famille et \u00e9ducation in Frankfurt und Offenbach\" \/>\n<meta property=\"og:description\" content=\"Wir bieten Ihnen Beratung rund um das Familienleben u. die Erziehung Ihrer Kinder. Die Beratungsgespr\u00e4che sind vertraulich u. kostenlos.\" \/>\n<meta property=\"og:url\" content=\"https:\/\/evangelische-beratung.com\/fr\/familie-kinder-jugend\/familie-erziehung\/\" \/>\n<meta property=\"og:site_name\" content=\"Evangelischer Regionalverband\" \/>\n<meta property=\"article:modified_time\" content=\"2020-03-16T17:43:56+00:00\" \/>\n<meta property=\"og:image\" content=\"https:\/\/evangelische-beratung.com\/fr\/wp-content\/uploads\/sites\/5\/2019\/07\/sai-de-silva-httxBNGKapo-unsplash.jpg\" \/>\n\t<meta property=\"og:image:width\" content=\"1365\" \/>\n\t<meta property=\"og:image:height\" content=\"2048\" \/>\n\t<meta property=\"og:image:type\" content=\"image\/jpeg\" \/>\n<meta name=\"twitter:card\" content=\"summary_large_image\" \/>\n<meta name=\"twitter:label1\" content=\"Dur\u00e9e de lecture estim\u00e9e\" \/>\n\t<meta name=\"twitter:data1\" content=\"1 minute\" \/>\n<script type=\"application\/ld+json\" class=\"yoast-schema-graph\">{\"@context\":\"https:\\\/\\\/schema.org\",\"@graph\":[{\"@type\":\"WebPage\",\"@id\":\"https:\\\/\\\/evangelische-beratung.com\\\/fr\\\/familie-kinder-jugend\\\/familie-erziehung\\\/\",\"url\":\"https:\\\/\\\/evangelische-beratung.com\\\/fr\\\/familie-kinder-jugend\\\/familie-erziehung\\\/\",\"name\":\"Beratung Famille et \u00e9ducation in Frankfurt und Offenbach\",\"isPartOf\":{\"@id\":\"https:\\\/\\\/evangelische-beratung.com\\\/fr\\\/#website\"},\"primaryImageOfPage\":{\"@id\":\"https:\\\/\\\/evangelische-beratung.com\\\/fr\\\/familie-kinder-jugend\\\/familie-erziehung\\\/#primaryimage\"},\"image\":{\"@id\":\"https:\\\/\\\/evangelische-beratung.com\\\/fr\\\/familie-kinder-jugend\\\/familie-erziehung\\\/#primaryimage\"},\"thumbnailUrl\":\"https:\\\/\\\/evangelische-beratung.com\\\/fr\\\/wp-content\\\/uploads\\\/sites\\\/5\\\/2019\\\/07\\\/sai-de-silva-httxBNGKapo-unsplash.jpg\",\"datePublished\":\"2019-08-15T15:04:28+00:00\",\"dateModified\":\"2020-03-16T17:43:56+00:00\",\"description\":\"Wir bieten Ihnen Beratung rund um das Familienleben u. die Erziehung Ihrer Kinder. Die Beratungsgespr\u00e4che sind vertraulich u. kostenlos.\",\"breadcrumb\":{\"@id\":\"https:\\\/\\\/evangelische-beratung.com\\\/fr\\\/familie-kinder-jugend\\\/familie-erziehung\\\/#breadcrumb\"},\"inLanguage\":\"fr-FR\",\"potentialAction\":[{\"@type\":\"ReadAction\",\"target\":[\"https:\\\/\\\/evangelische-beratung.com\\\/fr\\\/familie-kinder-jugend\\\/familie-erziehung\\\/\"]}]},{\"@type\":\"ImageObject\",\"inLanguage\":\"fr-FR\",\"@id\":\"https:\\\/\\\/evangelische-beratung.com\\\/fr\\\/familie-kinder-jugend\\\/familie-erziehung\\\/#primaryimage\",\"url\":\"https:\\\/\\\/evangelische-beratung.com\\\/fr\\\/wp-content\\\/uploads\\\/sites\\\/5\\\/2019\\\/07\\\/sai-de-silva-httxBNGKapo-unsplash.jpg\",\"contentUrl\":\"https:\\\/\\\/evangelische-beratung.com\\\/fr\\\/wp-content\\\/uploads\\\/sites\\\/5\\\/2019\\\/07\\\/sai-de-silva-httxBNGKapo-unsplash.jpg\",\"width\":1365,\"height\":2048,\"caption\":\"Photo by Sai De Silva on Unsplash\"},{\"@type\":\"BreadcrumbList\",\"@id\":\"https:\\\/\\\/evangelische-beratung.com\\\/fr\\\/familie-kinder-jugend\\\/familie-erziehung\\\/#breadcrumb\",\"itemListElement\":[{\"@type\":\"ListItem\",\"position\":1,\"name\":\"Startseite\",\"item\":\"https:\\\/\\\/evangelische-beratung.com\\\/fr\\\/\"},{\"@type\":\"ListItem\",\"position\":2,\"name\":\"Famille, enfants, jeunesse\",\"item\":\"https:\\\/\\\/evangelische-beratung.com\\\/fr\\\/familie-kinder-jugend\\\/\"},{\"@type\":\"ListItem\",\"position\":3,\"name\":\"Famille et \u00e9ducation\"}]},{\"@type\":\"WebSite\",\"@id\":\"https:\\\/\\\/evangelische-beratung.com\\\/fr\\\/#website\",\"url\":\"https:\\\/\\\/evangelische-beratung.com\\\/fr\\\/\",\"name\":\"Evangelischer Regionalverband\",\"description\":\"\",\"publisher\":{\"@id\":\"https:\\\/\\\/evangelische-beratung.com\\\/fr\\\/#organization\"},\"potentialAction\":[{\"@type\":\"SearchAction\",\"target\":{\"@type\":\"EntryPoint\",\"urlTemplate\":\"https:\\\/\\\/evangelische-beratung.com\\\/fr\\\/?s={search_term_string}\"},\"query-input\":{\"@type\":\"PropertyValueSpecification\",\"valueRequired\":true,\"valueName\":\"search_term_string\"}}],\"inLanguage\":\"fr-FR\"},{\"@type\":\"Organization\",\"@id\":\"https:\\\/\\\/evangelische-beratung.com\\\/fr\\\/#organization\",\"name\":\"Evangelischer Regionalverband Frankfurt und Offenbach\",\"url\":\"https:\\\/\\\/evangelische-beratung.com\\\/fr\\\/\",\"logo\":{\"@type\":\"ImageObject\",\"inLanguage\":\"fr-FR\",\"@id\":\"https:\\\/\\\/evangelische-beratung.com\\\/fr\\\/#\\\/schema\\\/logo\\\/image\\\/\",\"url\":\"https:\\\/\\\/evangelische-beratung.com\\\/fr\\\/wp-content\\\/uploads\\\/sites\\\/5\\\/2019\\\/10\\\/erv-logo.png\",\"contentUrl\":\"https:\\\/\\\/evangelische-beratung.com\\\/fr\\\/wp-content\\\/uploads\\\/sites\\\/5\\\/2019\\\/10\\\/erv-logo.png\",\"width\":1127,\"height\":595,\"caption\":\"Evangelischer Regionalverband Frankfurt und Offenbach\"},\"image\":{\"@id\":\"https:\\\/\\\/evangelische-beratung.com\\\/fr\\\/#\\\/schema\\\/logo\\\/image\\\/\"}}]}<\/script>\n<!-- \/ Yoast SEO plugin. -->","yoast_head_json":{"title":"Beratung Famille et \u00e9ducation in Frankfurt und Offenbach","description":"Wir bieten Ihnen Beratung rund um das Familienleben u. die Erziehung Ihrer Kinder. Die Beratungsgespr\u00e4che sind vertraulich u. kostenlos.","robots":{"index":"index","follow":"follow","max-snippet":"max-snippet:-1","max-image-preview":"max-image-preview:large","max-video-preview":"max-video-preview:-1"},"canonical":"https:\/\/evangelische-beratung.com\/fr\/familie-kinder-jugend\/familie-erziehung\/","og_locale":"fr_FR","og_type":"article","og_title":"Beratung Famille et \u00e9ducation in Frankfurt und Offenbach","og_description":"Wir bieten Ihnen Beratung rund um das Familienleben u. die Erziehung Ihrer Kinder. Die Beratungsgespr\u00e4che sind vertraulich u. kostenlos.","og_url":"https:\/\/evangelische-beratung.com\/fr\/familie-kinder-jugend\/familie-erziehung\/","og_site_name":"Evangelischer Regionalverband","article_modified_time":"2020-03-16T17:43:56+00:00","og_image":[{"width":1365,"height":2048,"url":"https:\/\/evangelische-beratung.com\/fr\/wp-content\/uploads\/sites\/5\/2019\/07\/sai-de-silva-httxBNGKapo-unsplash.jpg","type":"image\/jpeg"}],"twitter_card":"summary_large_image","twitter_misc":{"Dur\u00e9e de lecture estim\u00e9e":"1 minute"},"schema":{"@context":"https:\/\/schema.org","@graph":[{"@type":"WebPage","@id":"https:\/\/evangelische-beratung.com\/fr\/familie-kinder-jugend\/familie-erziehung\/","url":"https:\/\/evangelische-beratung.com\/fr\/familie-kinder-jugend\/familie-erziehung\/","name":"Beratung Famille et \u00e9ducation in Frankfurt und Offenbach","isPartOf":{"@id":"https:\/\/evangelische-beratung.com\/fr\/#website"},"primaryImageOfPage":{"@id":"https:\/\/evangelische-beratung.com\/fr\/familie-kinder-jugend\/familie-erziehung\/#primaryimage"},"image":{"@id":"https:\/\/evangelische-beratung.com\/fr\/familie-kinder-jugend\/familie-erziehung\/#primaryimage"},"thumbnailUrl":"https:\/\/evangelische-beratung.com\/fr\/wp-content\/uploads\/sites\/5\/2019\/07\/sai-de-silva-httxBNGKapo-unsplash.jpg","datePublished":"2019-08-15T15:04:28+00:00","dateModified":"2020-03-16T17:43:56+00:00","description":"Wir bieten Ihnen Beratung rund um das Familienleben u. die Erziehung Ihrer Kinder. Die Beratungsgespr\u00e4che sind vertraulich u. kostenlos.","breadcrumb":{"@id":"https:\/\/evangelische-beratung.com\/fr\/familie-kinder-jugend\/familie-erziehung\/#breadcrumb"},"inLanguage":"fr-FR","potentialAction":[{"@type":"ReadAction","target":["https:\/\/evangelische-beratung.com\/fr\/familie-kinder-jugend\/familie-erziehung\/"]}]},{"@type":"ImageObject","inLanguage":"fr-FR","@id":"https:\/\/evangelische-beratung.com\/fr\/familie-kinder-jugend\/familie-erziehung\/#primaryimage","url":"https:\/\/evangelische-beratung.com\/fr\/wp-content\/uploads\/sites\/5\/2019\/07\/sai-de-silva-httxBNGKapo-unsplash.jpg","contentUrl":"https:\/\/evangelische-beratung.com\/fr\/wp-content\/uploads\/sites\/5\/2019\/07\/sai-de-silva-httxBNGKapo-unsplash.jpg","width":1365,"height":2048,"caption":"Photo by Sai De Silva on Unsplash"},{"@type":"BreadcrumbList","@id":"https:\/\/evangelische-beratung.com\/fr\/familie-kinder-jugend\/familie-erziehung\/#breadcrumb","itemListElement":[{"@type":"ListItem","position":1,"name":"Startseite","item":"https:\/\/evangelische-beratung.com\/fr\/"},{"@type":"ListItem","position":2,"name":"Famille, enfants, jeunesse","item":"https:\/\/evangelische-beratung.com\/fr\/familie-kinder-jugend\/"},{"@type":"ListItem","position":3,"name":"Famille et \u00e9ducation"}]},{"@type":"WebSite","@id":"https:\/\/evangelische-beratung.com\/fr\/#website","url":"https:\/\/evangelische-beratung.com\/fr\/","name":"Evangelischer Regionalverband","description":"","publisher":{"@id":"https:\/\/evangelische-beratung.com\/fr\/#organization"},"potentialAction":[{"@type":"SearchAction","target":{"@type":"EntryPoint","urlTemplate":"https:\/\/evangelische-beratung.com\/fr\/?s={search_term_string}"},"query-input":{"@type":"PropertyValueSpecification","valueRequired":true,"valueName":"search_term_string"}}],"inLanguage":"fr-FR"},{"@type":"Organization","@id":"https:\/\/evangelische-beratung.com\/fr\/#organization","name":"Evangelischer Regionalverband Frankfurt und Offenbach","url":"https:\/\/evangelische-beratung.com\/fr\/","logo":{"@type":"ImageObject","inLanguage":"fr-FR","@id":"https:\/\/evangelische-beratung.com\/fr\/#\/schema\/logo\/image\/","url":"https:\/\/evangelische-beratung.com\/fr\/wp-content\/uploads\/sites\/5\/2019\/10\/erv-logo.png","contentUrl":"https:\/\/evangelische-beratung.com\/fr\/wp-content\/uploads\/sites\/5\/2019\/10\/erv-logo.png","width":1127,"height":595,"caption":"Evangelischer Regionalverband Frankfurt und Offenbach"},"image":{"@id":"https:\/\/evangelische-beratung.com\/fr\/#\/schema\/logo\/image\/"}}]}},"_links":{"self":[{"href":"https:\/\/evangelische-beratung.com\/fr\/wp-json\/wp\/v2\/pages\/193","targetHints":{"allow":["GET"]}}],"collection":[{"href":"https:\/\/evangelische-beratung.com\/fr\/wp-json\/wp\/v2\/pages"}],"about":[{"href":"https:\/\/evangelische-beratung.com\/fr\/wp-json\/wp\/v2\/types\/page"}],"author":[{"embeddable":true,"href":"https:\/\/evangelische-beratung.com\/fr\/wp-json\/wp\/v2\/users\/3"}],"replies":[{"embeddable":true,"href":"https:\/\/evangelische-beratung.com\/fr\/wp-json\/wp\/v2\/comments?post=193"}],"version-history":[{"count":5,"href":"https:\/\/evangelische-beratung.com\/fr\/wp-json\/wp\/v2\/pages\/193\/revisions"}],"predecessor-version":[{"id":1320,"href":"https:\/\/evangelische-beratung.com\/fr\/wp-json\/wp\/v2\/pages\/193\/revisions\/1320"}],"up":[{"embeddable":true,"href":"https:\/\/evangelische-beratung.com\/fr\/wp-json\/wp\/v2\/pages\/15"}],"wp:featuredmedia":[{"embeddable":true,"href":"https:\/\/evangelische-beratung.com\/fr\/wp-json\/wp\/v2\/media\/97"}],"wp:attachment":[{"href":"https:\/\/evangelische-beratung.com\/fr\/wp-json\/wp\/v2\/media?parent=193"}],"curies":[{"name":"wp","href":"https:\/\/api.w.org\/{rel}","templated":true}]}}