{"id":144,"date":"2019-08-14T17:45:57","date_gmt":"2019-08-14T15:45:57","guid":{"rendered":"https:\/\/evangelische-beratung.com\/fr\/?page_id=144"},"modified":"2020-03-17T07:24:38","modified_gmt":"2020-03-17T06:24:38","slug":"konfliktregulierende-beratung-bei-trennung-und-scheidung","status":"publish","type":"page","link":"https:\/\/evangelische-beratung.com\/fr\/familie-kinder-jugend\/konfliktregulierende-beratung-bei-trennung-und-scheidung\/","title":{"rendered":"Conseil en r\u00e8glement de conflit en cas de s\u00e9paration et de divorce"},"content":{"rendered":"\n<p class=\"is-style-teaser\">Le conseil en r\u00e8glement de conflits vous aide \u00e0 trouver un accord \u00e0 l&rsquo;amiable pour le bien de leurs enfants.<\/p>\n\n\n\n<p>Adressez-vous \u00e0 nous si vous vous trouvez dans une de ces situations :<\/p>\n\n\n\n<ul class=\"wp-block-list\"><li>Vous \u00eates s\u00e9par\u00e9 et engag\u00e9 dans des proc\u00e9dures judiciaires concernant les droits d\u2019acc\u00e8s et de garde ?<\/li><li>Vous recherchez le support d\u2019un tiers objectif ?<\/li><li>Vous aimeriez parvenir \u00e0 un accord dans le meilleur int\u00e9r\u00eat de votre enfant ?<\/li><\/ul>\n\n\n\n<p>Parfois les parents ont besoin de s\u2019entendre sur les droits de visite et la garde pour leurs enfants apr\u00e8s une s\u00e9paration ou un divorce. Le conseil dans le r\u00e8glement de conflits peut les assister \u00e0 reconstruire la confiance perdue. Ceci peut les aider \u00e0 parvenir \u00e0 des accords consensuels qui sont dans le meilleur int\u00e9r\u00eat des enfants. S\u2019ils y parviennent, aucune d\u00e9cision de justice n\u2019est n\u00e9cessaire. <\/p>\n\n\n\n<p>Ce type de conseil est bas\u00e9 sur trois concepts fondamentaux :<\/p>\n\n\n\n<div class=\"wp-block-erv-infobox\"><p class=\"infobox-title\">Les enfants ont besoin de relations bonnes et stables entre leurs deux parents<\/p><div class=\"infobox-content\">\n<p><\/p>\n<\/div><\/div>\n\n\n\n<div class=\"wp-block-erv-infobox\"><p class=\"infobox-title\">Les relations ne peuvent pas \u00eatre impos\u00e9es par des d\u00e9cisions de justice<\/p><div class=\"infobox-content\">\n<p><\/p>\n<\/div><\/div>\n\n\n\n<div class=\"wp-block-erv-infobox\"><p class=\"infobox-title\">Les parents en conflit de s\u00e9paration peuvent favoriser les bonnes relations de leur enfant avec l&rsquo;autre parent <\/p><div class=\"infobox-content\">\n<p><\/p>\n<\/div><\/div>\n\n\n\n<p>Le renvoi vers un conseil de r\u00e8glement de conflit passe par le tribunal comp\u00e9tent. Vous pouvez ici d\u00e9poser une demande dans ce sens.<\/p>\n\n\n\n<p>\u00c0 Francfort, cette forme de conseil support\u00e9e par la justice a \u00e9t\u00e9 propos\u00e9e par l\u2019association Caritas et l\u2019Evangelischer Regionalverband Frankfurt (Association luth\u00e9rienne r\u00e9gionale de Francfort) depuis 2009. <\/p>\n\n\n\n<div class=\"wp-block-columns has-2-columns is-layout-flex wp-container-core-columns-is-layout-9d6595d7 wp-block-columns-is-layout-flex\">\n<div class=\"wp-block-column is-layout-flow wp-block-column-is-layout-flow\">\n<div class=\"wp-block-erv-download -show-file-extension\"><span aria-hidden=\"true\"><span class=\"file-extension\">pdf<\/span><\/span><div class=\"title-and-description\"><p class=\"download-title -inverted-link-style\"><a href=\"https:\/\/evangelische-beratung.com\/fr\/wp-content\/uploads\/sites\/5\/2019\/11\/KrB-Infoblatt.pdf\" target=\"_blank\" rel=\"noopener noreferrer\">Infoblatt<\/a><\/p><p class=\"download-description\"><\/p><\/div><\/div>\n\n\n\n<p><\/p>\n<\/div>\n\n\n\n<div class=\"wp-block-column is-layout-flow wp-block-column-is-layout-flow\"><\/div>\n<\/div>\n\n\n\n<p style=\"text-align:center\" class=\"is-style-roof-line\"><strong>Vos interlocuteurs pour convenir d\u2019un RDV<\/strong><\/p>\n\n\n\n<div class=\"wp-block-columns has-2-columns is-layout-flex wp-container-core-columns-is-layout-9d6595d7 wp-block-columns-is-layout-flex\">\n<div class=\"wp-block-column is-layout-flow wp-block-column-is-layout-flow\">\n<div class=\"wp-block-erv-id-card -hidden-image\"><div class=\"id-card-content\"><div class=\"id-card-details\"><p class=\"id-card-name\">Mandy Hanke<\/p><p class=\"id-card-job\">Sekretariat<\/p><p class=\"id-card-location\">Frankfurt<\/p><p class=\"id-card-phone\">069 \/ 53 02 221<\/p><p class=\"id-card-email\"><a href=\"&#x6d;&#x61;&#x69;&#x6c;&#x74;&#x6f;&#x3a;&#x6c;&#101;&#98;&#101;&#110;&#115;&#98;&#101;ratu&#x6e;&#x67;&#x40;&#x66;&#x72;&#x61;&#x6e;&#x6b;&#x66;&#117;&#114;&#116;&#45;&#101;&#118;&#97;ngel&#x69;&#x73;&#x63;&#x68;&#x2e;&#x64;&#x65;\">E-Mail<\/a><\/p><\/div><\/div><\/div>\n<\/div>\n\n\n\n<div class=\"wp-block-column is-layout-flow wp-block-column-is-layout-flow\">\n<div class=\"wp-block-erv-id-card -hidden-image\"><div class=\"id-card-content\"><div class=\"id-card-details\"><p class=\"id-card-name\">Andrea Schare<\/p><p class=\"id-card-job\">Sekretariat<\/p><p class=\"id-card-location\">H\u00f6chst<\/p><p class=\"id-card-phone\">069 \/ 75 93 672 10<\/p><p class=\"id-card-email\"><a href=\"ma&#105;&#108;&#116;&#111;&#x3a;&#x70;&#x73;&#x79;&#x63;ho&#108;&#111;&#103;&#105;&#x73;&#x63;&#x68;&#x65;&#x62;er&#97;&#116;&#117;&#110;&#x67;&#x2e;&#x68;&#x6f;&#x65;chs&#116;&#64;&#102;&#x72;&#x61;&#x6e;&#x6b;&#x66;urt&#45;&#101;&#118;&#x61;&#x6e;&#x67;&#x65;&#x6c;isc&#104;&#46;&#100;&#x65;\">E-Mail<\/a><\/p><\/div><\/div><\/div>\n<\/div>\n<\/div>\n","protected":false},"excerpt":{"rendered":"<p>Le conseil en r\u00e8glement de conflits vous aide \u00e0 trouver un accord \u00e0 l&rsquo;amiable pour le bien de leurs enfants. Adressez-vous \u00e0 nous si vous vous trouvez dans une de ces situations : Vous \u00eates s\u00e9par\u00e9 et engag\u00e9 dans des proc\u00e9dures judiciaires concernant les droits d\u2019acc\u00e8s et de garde ? Vous recherchez le support d\u2019un [&hellip;]<\/p>\n","protected":false},"author":3,"featured_media":0,"parent":15,"menu_order":0,"comment_status":"closed","ping_status":"closed","template":"","meta":{"footnotes":""},"class_list":["post-144","page","type-page","status-publish","hentry"],"yoast_head":"<!-- This site is optimized with the Yoast SEO plugin v27.3 - https:\/\/yoast.com\/product\/yoast-seo-wordpress\/ -->\n<title>Konfliktregulierende Beratung bei Trennung &amp; Scheidung in Frankfurt u. H\u00f6chst<\/title>\n<meta name=\"description\" content=\"Die Konfliktregulierende Beratung hilft Ihnen, einvernehmliche Vereinbarungen zum Wohle Ihrer Kinder zu erarbeiten. Beratungsstellen in Frankfurt u. H\u00f6chst\" \/>\n<meta name=\"robots\" content=\"index, follow, max-snippet:-1, max-image-preview:large, max-video-preview:-1\" \/>\n<link rel=\"canonical\" href=\"https:\/\/evangelische-beratung.com\/fr\/familie-kinder-jugend\/konfliktregulierende-beratung-bei-trennung-und-scheidung\/\" \/>\n<meta property=\"og:locale\" content=\"fr_FR\" \/>\n<meta property=\"og:type\" content=\"article\" \/>\n<meta property=\"og:title\" content=\"Konfliktregulierende Beratung bei Trennung &amp; Scheidung in Frankfurt u. H\u00f6chst\" \/>\n<meta property=\"og:description\" content=\"Die Konfliktregulierende Beratung hilft Ihnen, einvernehmliche Vereinbarungen zum Wohle Ihrer Kinder zu erarbeiten. Beratungsstellen in Frankfurt u. H\u00f6chst\" \/>\n<meta property=\"og:url\" content=\"https:\/\/evangelische-beratung.com\/fr\/familie-kinder-jugend\/konfliktregulierende-beratung-bei-trennung-und-scheidung\/\" \/>\n<meta property=\"og:site_name\" content=\"Evangelischer Regionalverband\" \/>\n<meta property=\"article:modified_time\" content=\"2020-03-17T06:24:38+00:00\" \/>\n<meta name=\"twitter:card\" content=\"summary_large_image\" \/>\n<meta name=\"twitter:label1\" content=\"Dur\u00e9e de lecture estim\u00e9e\" \/>\n\t<meta name=\"twitter:data1\" content=\"1 minute\" \/>\n<script type=\"application\/ld+json\" class=\"yoast-schema-graph\">{\"@context\":\"https:\\\/\\\/schema.org\",\"@graph\":[{\"@type\":\"WebPage\",\"@id\":\"https:\\\/\\\/evangelische-beratung.com\\\/fr\\\/familie-kinder-jugend\\\/konfliktregulierende-beratung-bei-trennung-und-scheidung\\\/\",\"url\":\"https:\\\/\\\/evangelische-beratung.com\\\/fr\\\/familie-kinder-jugend\\\/konfliktregulierende-beratung-bei-trennung-und-scheidung\\\/\",\"name\":\"Konfliktregulierende Beratung bei Trennung & Scheidung in Frankfurt u. H\u00f6chst\",\"isPartOf\":{\"@id\":\"https:\\\/\\\/evangelische-beratung.com\\\/fr\\\/#website\"},\"datePublished\":\"2019-08-14T15:45:57+00:00\",\"dateModified\":\"2020-03-17T06:24:38+00:00\",\"description\":\"Die Konfliktregulierende Beratung hilft Ihnen, einvernehmliche Vereinbarungen zum Wohle Ihrer Kinder zu erarbeiten. Beratungsstellen in Frankfurt u. H\u00f6chst\",\"breadcrumb\":{\"@id\":\"https:\\\/\\\/evangelische-beratung.com\\\/fr\\\/familie-kinder-jugend\\\/konfliktregulierende-beratung-bei-trennung-und-scheidung\\\/#breadcrumb\"},\"inLanguage\":\"fr-FR\",\"potentialAction\":[{\"@type\":\"ReadAction\",\"target\":[\"https:\\\/\\\/evangelische-beratung.com\\\/fr\\\/familie-kinder-jugend\\\/konfliktregulierende-beratung-bei-trennung-und-scheidung\\\/\"]}]},{\"@type\":\"BreadcrumbList\",\"@id\":\"https:\\\/\\\/evangelische-beratung.com\\\/fr\\\/familie-kinder-jugend\\\/konfliktregulierende-beratung-bei-trennung-und-scheidung\\\/#breadcrumb\",\"itemListElement\":[{\"@type\":\"ListItem\",\"position\":1,\"name\":\"Startseite\",\"item\":\"https:\\\/\\\/evangelische-beratung.com\\\/fr\\\/\"},{\"@type\":\"ListItem\",\"position\":2,\"name\":\"Famille, enfants, jeunesse\",\"item\":\"https:\\\/\\\/evangelische-beratung.com\\\/fr\\\/familie-kinder-jugend\\\/\"},{\"@type\":\"ListItem\",\"position\":3,\"name\":\"Conseil en r\u00e8glement de conflit en cas de s\u00e9paration et de divorce\"}]},{\"@type\":\"WebSite\",\"@id\":\"https:\\\/\\\/evangelische-beratung.com\\\/fr\\\/#website\",\"url\":\"https:\\\/\\\/evangelische-beratung.com\\\/fr\\\/\",\"name\":\"Evangelischer Regionalverband\",\"description\":\"\",\"publisher\":{\"@id\":\"https:\\\/\\\/evangelische-beratung.com\\\/fr\\\/#organization\"},\"potentialAction\":[{\"@type\":\"SearchAction\",\"target\":{\"@type\":\"EntryPoint\",\"urlTemplate\":\"https:\\\/\\\/evangelische-beratung.com\\\/fr\\\/?s={search_term_string}\"},\"query-input\":{\"@type\":\"PropertyValueSpecification\",\"valueRequired\":true,\"valueName\":\"search_term_string\"}}],\"inLanguage\":\"fr-FR\"},{\"@type\":\"Organization\",\"@id\":\"https:\\\/\\\/evangelische-beratung.com\\\/fr\\\/#organization\",\"name\":\"Evangelischer Regionalverband Frankfurt und Offenbach\",\"url\":\"https:\\\/\\\/evangelische-beratung.com\\\/fr\\\/\",\"logo\":{\"@type\":\"ImageObject\",\"inLanguage\":\"fr-FR\",\"@id\":\"https:\\\/\\\/evangelische-beratung.com\\\/fr\\\/#\\\/schema\\\/logo\\\/image\\\/\",\"url\":\"https:\\\/\\\/evangelische-beratung.com\\\/fr\\\/wp-content\\\/uploads\\\/sites\\\/5\\\/2019\\\/10\\\/erv-logo.png\",\"contentUrl\":\"https:\\\/\\\/evangelische-beratung.com\\\/fr\\\/wp-content\\\/uploads\\\/sites\\\/5\\\/2019\\\/10\\\/erv-logo.png\",\"width\":1127,\"height\":595,\"caption\":\"Evangelischer Regionalverband Frankfurt und Offenbach\"},\"image\":{\"@id\":\"https:\\\/\\\/evangelische-beratung.com\\\/fr\\\/#\\\/schema\\\/logo\\\/image\\\/\"}}]}<\/script>\n<!-- \/ Yoast SEO plugin. -->","yoast_head_json":{"title":"Konfliktregulierende Beratung bei Trennung & Scheidung in Frankfurt u. H\u00f6chst","description":"Die Konfliktregulierende Beratung hilft Ihnen, einvernehmliche Vereinbarungen zum Wohle Ihrer Kinder zu erarbeiten. Beratungsstellen in Frankfurt u. H\u00f6chst","robots":{"index":"index","follow":"follow","max-snippet":"max-snippet:-1","max-image-preview":"max-image-preview:large","max-video-preview":"max-video-preview:-1"},"canonical":"https:\/\/evangelische-beratung.com\/fr\/familie-kinder-jugend\/konfliktregulierende-beratung-bei-trennung-und-scheidung\/","og_locale":"fr_FR","og_type":"article","og_title":"Konfliktregulierende Beratung bei Trennung & Scheidung in Frankfurt u. H\u00f6chst","og_description":"Die Konfliktregulierende Beratung hilft Ihnen, einvernehmliche Vereinbarungen zum Wohle Ihrer Kinder zu erarbeiten. Beratungsstellen in Frankfurt u. H\u00f6chst","og_url":"https:\/\/evangelische-beratung.com\/fr\/familie-kinder-jugend\/konfliktregulierende-beratung-bei-trennung-und-scheidung\/","og_site_name":"Evangelischer Regionalverband","article_modified_time":"2020-03-17T06:24:38+00:00","twitter_card":"summary_large_image","twitter_misc":{"Dur\u00e9e de lecture estim\u00e9e":"1 minute"},"schema":{"@context":"https:\/\/schema.org","@graph":[{"@type":"WebPage","@id":"https:\/\/evangelische-beratung.com\/fr\/familie-kinder-jugend\/konfliktregulierende-beratung-bei-trennung-und-scheidung\/","url":"https:\/\/evangelische-beratung.com\/fr\/familie-kinder-jugend\/konfliktregulierende-beratung-bei-trennung-und-scheidung\/","name":"Konfliktregulierende Beratung bei Trennung & Scheidung in Frankfurt u. H\u00f6chst","isPartOf":{"@id":"https:\/\/evangelische-beratung.com\/fr\/#website"},"datePublished":"2019-08-14T15:45:57+00:00","dateModified":"2020-03-17T06:24:38+00:00","description":"Die Konfliktregulierende Beratung hilft Ihnen, einvernehmliche Vereinbarungen zum Wohle Ihrer Kinder zu erarbeiten. Beratungsstellen in Frankfurt u. H\u00f6chst","breadcrumb":{"@id":"https:\/\/evangelische-beratung.com\/fr\/familie-kinder-jugend\/konfliktregulierende-beratung-bei-trennung-und-scheidung\/#breadcrumb"},"inLanguage":"fr-FR","potentialAction":[{"@type":"ReadAction","target":["https:\/\/evangelische-beratung.com\/fr\/familie-kinder-jugend\/konfliktregulierende-beratung-bei-trennung-und-scheidung\/"]}]},{"@type":"BreadcrumbList","@id":"https:\/\/evangelische-beratung.com\/fr\/familie-kinder-jugend\/konfliktregulierende-beratung-bei-trennung-und-scheidung\/#breadcrumb","itemListElement":[{"@type":"ListItem","position":1,"name":"Startseite","item":"https:\/\/evangelische-beratung.com\/fr\/"},{"@type":"ListItem","position":2,"name":"Famille, enfants, jeunesse","item":"https:\/\/evangelische-beratung.com\/fr\/familie-kinder-jugend\/"},{"@type":"ListItem","position":3,"name":"Conseil en r\u00e8glement de conflit en cas de s\u00e9paration et de divorce"}]},{"@type":"WebSite","@id":"https:\/\/evangelische-beratung.com\/fr\/#website","url":"https:\/\/evangelische-beratung.com\/fr\/","name":"Evangelischer Regionalverband","description":"","publisher":{"@id":"https:\/\/evangelische-beratung.com\/fr\/#organization"},"potentialAction":[{"@type":"SearchAction","target":{"@type":"EntryPoint","urlTemplate":"https:\/\/evangelische-beratung.com\/fr\/?s={search_term_string}"},"query-input":{"@type":"PropertyValueSpecification","valueRequired":true,"valueName":"search_term_string"}}],"inLanguage":"fr-FR"},{"@type":"Organization","@id":"https:\/\/evangelische-beratung.com\/fr\/#organization","name":"Evangelischer Regionalverband Frankfurt und Offenbach","url":"https:\/\/evangelische-beratung.com\/fr\/","logo":{"@type":"ImageObject","inLanguage":"fr-FR","@id":"https:\/\/evangelische-beratung.com\/fr\/#\/schema\/logo\/image\/","url":"https:\/\/evangelische-beratung.com\/fr\/wp-content\/uploads\/sites\/5\/2019\/10\/erv-logo.png","contentUrl":"https:\/\/evangelische-beratung.com\/fr\/wp-content\/uploads\/sites\/5\/2019\/10\/erv-logo.png","width":1127,"height":595,"caption":"Evangelischer Regionalverband Frankfurt und Offenbach"},"image":{"@id":"https:\/\/evangelische-beratung.com\/fr\/#\/schema\/logo\/image\/"}}]}},"_links":{"self":[{"href":"https:\/\/evangelische-beratung.com\/fr\/wp-json\/wp\/v2\/pages\/144","targetHints":{"allow":["GET"]}}],"collection":[{"href":"https:\/\/evangelische-beratung.com\/fr\/wp-json\/wp\/v2\/pages"}],"about":[{"href":"https:\/\/evangelische-beratung.com\/fr\/wp-json\/wp\/v2\/types\/page"}],"author":[{"embeddable":true,"href":"https:\/\/evangelische-beratung.com\/fr\/wp-json\/wp\/v2\/users\/3"}],"replies":[{"embeddable":true,"href":"https:\/\/evangelische-beratung.com\/fr\/wp-json\/wp\/v2\/comments?post=144"}],"version-history":[{"count":5,"href":"https:\/\/evangelische-beratung.com\/fr\/wp-json\/wp\/v2\/pages\/144\/revisions"}],"predecessor-version":[{"id":1364,"href":"https:\/\/evangelische-beratung.com\/fr\/wp-json\/wp\/v2\/pages\/144\/revisions\/1364"}],"up":[{"embeddable":true,"href":"https:\/\/evangelische-beratung.com\/fr\/wp-json\/wp\/v2\/pages\/15"}],"wp:attachment":[{"href":"https:\/\/evangelische-beratung.com\/fr\/wp-json\/wp\/v2\/media?parent=144"}],"curies":[{"name":"wp","href":"https:\/\/api.w.org\/{rel}","templated":true}]}}