{"id":12,"date":"2019-07-12T11:06:38","date_gmt":"2019-07-12T09:06:38","guid":{"rendered":"https:\/\/erv.test\/?page_id=11"},"modified":"2026-04-14T09:39:59","modified_gmt":"2026-04-14T07:39:59","slug":"ehrenamt","status":"publish","type":"page","link":"https:\/\/evangelische-beratung.com\/fr\/ehrenamt\/","title":{"rendered":"B\u00e9n\u00e9volat"},"content":{"rendered":"\n<h2 class=\"wp-block-heading\"><strong>Il y a de nombreuses raisons de s&rsquo;engager b\u00e9n\u00e9volement<\/strong><\/h2>\n\n\n\n<ul class=\"wp-block-list\"><li>Vous \u00eates \u00e0 la recherche d\u2019un engagement pendant votre retraite ?<\/li><li>Vous voudriez accumuler des exp\u00e9riences, employer vos connaissances et votre temps \u00e0 aider vos semblables ?<\/li><li> Vous cherchez une compensation \u00e0 votre quotidien de travail ?<\/li><\/ul>\n\n\n\n<p>Nous vous offrons un bon cadre pour une activit\u00e9 b\u00e9n\u00e9vole avec p\u00e9riode de rodage, d&rsquo;accompagnement et de qualification. <\/p>\n\n\n\n<h2 class=\"wp-block-heading\">De combien de temps avez-vous besoin<\/h2>\n\n\n\n<p>Le temps que vous consacrez \u00e0 votre engagement peut \u00eatre clarifi\u00e9 au mieux dans le cadre d\u2019un entretien personnel avec nos collaboratrices\/collaborateurs. Mais en r\u00e8gle g\u00e9n\u00e9rale, il s\u2019oriente d\u2019apr\u00e8s le domaine dans lequel vous d\u00e9sirez intervenir et d\u2019apr\u00e8s vos possibilit\u00e9s individuelles.<\/p>\n\n\n\n<h2 class=\"wp-block-heading\"><strong>Possibilit\u00e9s de collaboration gratuite<\/strong><\/h2>\n\n\n\n<p>Il existe dans nos organismes un grand nombre de possibilit\u00e9s d\u2019engagements. Nos collaboratrices et collaborateurs se tiennent volontiers \u00e0 votre disposition pour un premier entretien sans engagement de votre part: apprenez-en davantage&nbsp;ici :<\/p>\n\n\n\n<h2 class=\"wp-block-heading\"><strong>Aide \u00e0 l\u2019addiction \u00ab&nbsp;Freundeskreis Frankfurt et Offenbach&nbsp;\u00bb <\/strong><\/h2>\n\n\n\n<p>Les gens qui ont r\u00e9ussi par leurs propres moyens \u00e0 sortir de l\u2019addiction jouent un r\u00f4le important dans le soutien de personnes ayant des probl\u00e8mes d\u2019alcool et autres addictions. Ils s\u2019engagent&nbsp; titre b\u00e9n\u00e9vole et mettent leurs connaissances et exp\u00e9riences \u00e0 disposition. Ils savent de quoi ils parlent. Ils \u00e9taient en fin de compte eux-m\u00eames d\u00e9pendants et b\u00e9n\u00e9ficient en outre dans le cadre d\u2019une formation d\u2019auxiliaires b\u00e9n\u00e9voles pour leur t\u00e2che. <\/p>\n\n\n\n<p><strong>Apprenez-en ici davantage sur les cercles d\u2019amis b\u00e9n\u00e9voles de l\u2019evangelische Suchtselbsthilfe Frankfurt und Offenbach<\/strong> :<\/p>\n\n\n<div class=\"wp-block-erv-tile \">\n\t\t\t<div>\n\t\t\t<a href=\"https:\/\/evangelische-beratung.com\/fr\/sucht\/alkohol\/suchtselbsthilfe-freundeskreis-frankfurt-und-offenbach\/\" tabindex=\"-1\" aria-hidden=\"true\"  target=\"_blank\"><\/a>\n\t\t\t<h2 class=\"tile-title\"><a href=\"https:\/\/evangelische-beratung.com\/fr\/sucht\/alkohol\/suchtselbsthilfe-freundeskreis-frankfurt-und-offenbach\/\"  target=\"_blank\"><\/a><\/h2>\n\t\t\t\n\t\t\t<p aria-hidden=\"true\" class=\"-is-micro\">Go to website<svg xmlns=\"http:\/\/www.w3.org\/2000\/svg\" viewBox=\"0 0 13 10\"><path d=\"M1.5 5H12M8 1l4 4-4 4\" fill=\"none\" stroke=\"#a22a45\" stroke-width=\"1.2\" stroke-linecap=\"round\" stroke-linejoin=\"round\"\/><\/svg><\/p>\n\t\t\t<\/div>\n\t\t<\/div>\n\n\n<h2 class=\"wp-block-heading\"><strong>Programme de mentors socius<\/strong><\/h2>\n\n\n\n<p>Nous formons des mentors b\u00e9n\u00e9voles dans le cadre du programme de mentors SOCIUS depuis 2012. Ces b\u00e9n\u00e9voles aident les migrants et les r\u00e9fugi\u00e9s, tous des clients du programme d\u2019aide aux migrants et aux r\u00e9fugi\u00e9s de l\u2019Evangelischer Regionalverband Frankfurt und Offenbach dans leur quotidien. Ils sont pr\u00e9par\u00e9s de fa\u00e7on intense \u00e0 cette mission dans le cadre de plusieurs s\u00e9minaires organis\u00e9s le soir, de jour et en semaine pendant une ann\u00e9e enti\u00e8re. <\/p>\n\n\n\n<p><strong>Apprenez-en davantage sur le programme de formation <\/strong>:<\/p>\n\n\n\n<div class=\"wp-block-columns has-2-columns is-layout-flex wp-container-core-columns-is-layout-9d6595d7 wp-block-columns-is-layout-flex\">\n<div class=\"wp-block-column is-layout-flow wp-block-column-is-layout-flow\"><div class=\"wp-block-erv-tile \">\n\t\t\t<div>\n\t\t\t<a href=\"https:\/\/evangelische-beratung.com\/fr\/migration-flucht\/mentorenprogramm-socius\/\" tabindex=\"-1\" aria-hidden=\"true\" ><\/a>\n\t\t\t<h2 class=\"tile-title\"><a href=\"https:\/\/evangelische-beratung.com\/fr\/migration-flucht\/mentorenprogramm-socius\/\" >Programme de mentors SOCIUS<\/a><\/h2>\n\t\t\t\n\t\t\t<p aria-hidden=\"true\" class=\"-is-micro\"><svg xmlns=\"http:\/\/www.w3.org\/2000\/svg\" viewBox=\"0 0 13 10\"><path d=\"M1.5 5H12M8 1l4 4-4 4\" fill=\"none\" stroke=\"#a22a45\" stroke-width=\"1.2\" stroke-linecap=\"round\" stroke-linejoin=\"round\"\/><\/svg><\/p>\n\t\t\t<\/div>\n\t\t<\/div><\/div>\n\n\n\n<div class=\"wp-block-column is-layout-flow wp-block-column-is-layout-flow\"><div class=\"wp-block-erv-tile \">\n\t\t\t<div>\n\t\t\t<a href=\"https:\/\/www.efo-magazin.de\/kirche\/wer-wir-sind\/ev-regionalverband\/fachbereich-i-beratung-bildung-jugend\/die-arbeitsbereiche-und-einrichtungen\/socius\/\" tabindex=\"-1\" aria-hidden=\"true\"  target=\"_blank\"><\/a>\n\t\t\t<h2 class=\"tile-title\"><a href=\"https:\/\/www.efo-magazin.de\/kirche\/wer-wir-sind\/ev-regionalverband\/fachbereich-i-beratung-bildung-jugend\/die-arbeitsbereiche-und-einrichtungen\/socius\/\"  target=\"_blank\">SOCIUS im EFO MAGAZIN<\/a><\/h2>\n\t\t\t\n\t\t\t<p aria-hidden=\"true\" class=\"-is-micro\">Go to website<svg xmlns=\"http:\/\/www.w3.org\/2000\/svg\" viewBox=\"0 0 13 10\"><path d=\"M1.5 5H12M8 1l4 4-4 4\" fill=\"none\" stroke=\"#a22a45\" stroke-width=\"1.2\" stroke-linecap=\"round\" stroke-linejoin=\"round\"\/><\/svg><\/p>\n\t\t\t<\/div>\n\t\t<\/div><\/div>\n<\/div>\n","protected":false},"excerpt":{"rendered":"<p>Il y a de nombreuses raisons de s&rsquo;engager b\u00e9n\u00e9volement Vous \u00eates \u00e0 la recherche d\u2019un engagement pendant votre retraite ? Vous voudriez accumuler des exp\u00e9riences, employer vos connaissances et votre temps \u00e0 aider vos semblables ? Vous cherchez une compensation \u00e0 votre quotidien de travail ? Nous vous offrons un bon cadre pour une activit\u00e9 [&hellip;]<\/p>\n","protected":false},"author":36,"featured_media":0,"parent":0,"menu_order":0,"comment_status":"closed","ping_status":"closed","template":"","meta":{"footnotes":""},"class_list":["post-12","page","type-page","status-publish","hentry"],"yoast_head":"<!-- This site is optimized with the Yoast SEO plugin v27.6 - https:\/\/yoast.com\/product\/yoast-seo-wordpress\/ -->\n<title>Ehrenamtliches Engagement<\/title>\n<meta name=\"description\" content=\"Wir bieten Ihnen in unseren Einrichtungen verschiedene M\u00f6glichkeiten, sich ehrenamtlich zu engagieren. Wir freuen uns auf Ihren Kontakt!\" \/>\n<meta name=\"robots\" content=\"index, follow, max-snippet:-1, max-image-preview:large, max-video-preview:-1\" \/>\n<link rel=\"canonical\" href=\"https:\/\/evangelische-beratung.com\/fr\/ehrenamt\/\" \/>\n<meta property=\"og:locale\" content=\"fr_FR\" \/>\n<meta property=\"og:type\" content=\"article\" \/>\n<meta property=\"og:title\" content=\"Ehrenamtliches Engagement\" \/>\n<meta property=\"og:description\" content=\"Wir bieten Ihnen in unseren Einrichtungen verschiedene M\u00f6glichkeiten, sich ehrenamtlich zu engagieren. Wir freuen uns auf Ihren Kontakt!\" \/>\n<meta property=\"og:url\" content=\"https:\/\/evangelische-beratung.com\/fr\/ehrenamt\/\" \/>\n<meta property=\"og:site_name\" content=\"Evangelischer Regionalverband\" \/>\n<meta property=\"article:modified_time\" content=\"2026-04-14T07:39:59+00:00\" \/>\n<meta name=\"twitter:card\" content=\"summary_large_image\" \/>\n<meta name=\"twitter:label1\" content=\"Dur\u00e9e de lecture estim\u00e9e\" \/>\n\t<meta name=\"twitter:data1\" content=\"2 minutes\" \/>\n<script type=\"application\/ld+json\" class=\"yoast-schema-graph\">{\"@context\":\"https:\\\/\\\/schema.org\",\"@graph\":[{\"@type\":\"WebPage\",\"@id\":\"https:\\\/\\\/evangelische-beratung.com\\\/fr\\\/ehrenamt\\\/\",\"url\":\"https:\\\/\\\/evangelische-beratung.com\\\/fr\\\/ehrenamt\\\/\",\"name\":\"Ehrenamtliches Engagement\",\"isPartOf\":{\"@id\":\"https:\\\/\\\/evangelische-beratung.com\\\/fr\\\/#website\"},\"datePublished\":\"2019-07-12T09:06:38+00:00\",\"dateModified\":\"2026-04-14T07:39:59+00:00\",\"description\":\"Wir bieten Ihnen in unseren Einrichtungen verschiedene M\u00f6glichkeiten, sich ehrenamtlich zu engagieren. Wir freuen uns auf Ihren Kontakt!\",\"breadcrumb\":{\"@id\":\"https:\\\/\\\/evangelische-beratung.com\\\/fr\\\/ehrenamt\\\/#breadcrumb\"},\"inLanguage\":\"fr-FR\",\"potentialAction\":[{\"@type\":\"ReadAction\",\"target\":[\"https:\\\/\\\/evangelische-beratung.com\\\/fr\\\/ehrenamt\\\/\"]}]},{\"@type\":\"BreadcrumbList\",\"@id\":\"https:\\\/\\\/evangelische-beratung.com\\\/fr\\\/ehrenamt\\\/#breadcrumb\",\"itemListElement\":[{\"@type\":\"ListItem\",\"position\":1,\"name\":\"Startseite\",\"item\":\"https:\\\/\\\/evangelische-beratung.com\\\/fr\\\/\"},{\"@type\":\"ListItem\",\"position\":2,\"name\":\"B\u00e9n\u00e9volat\"}]},{\"@type\":\"WebSite\",\"@id\":\"https:\\\/\\\/evangelische-beratung.com\\\/fr\\\/#website\",\"url\":\"https:\\\/\\\/evangelische-beratung.com\\\/fr\\\/\",\"name\":\"Evangelischer Regionalverband\",\"description\":\"\",\"publisher\":{\"@id\":\"https:\\\/\\\/evangelische-beratung.com\\\/fr\\\/#organization\"},\"potentialAction\":[{\"@type\":\"SearchAction\",\"target\":{\"@type\":\"EntryPoint\",\"urlTemplate\":\"https:\\\/\\\/evangelische-beratung.com\\\/fr\\\/?s={search_term_string}\"},\"query-input\":{\"@type\":\"PropertyValueSpecification\",\"valueRequired\":true,\"valueName\":\"search_term_string\"}}],\"inLanguage\":\"fr-FR\"},{\"@type\":\"Organization\",\"@id\":\"https:\\\/\\\/evangelische-beratung.com\\\/fr\\\/#organization\",\"name\":\"Evangelischer Regionalverband Frankfurt und Offenbach\",\"url\":\"https:\\\/\\\/evangelische-beratung.com\\\/fr\\\/\",\"logo\":{\"@type\":\"ImageObject\",\"inLanguage\":\"fr-FR\",\"@id\":\"https:\\\/\\\/evangelische-beratung.com\\\/fr\\\/#\\\/schema\\\/logo\\\/image\\\/\",\"url\":\"https:\\\/\\\/evangelische-beratung.com\\\/fr\\\/wp-content\\\/uploads\\\/sites\\\/5\\\/2019\\\/10\\\/erv-logo.png\",\"contentUrl\":\"https:\\\/\\\/evangelische-beratung.com\\\/fr\\\/wp-content\\\/uploads\\\/sites\\\/5\\\/2019\\\/10\\\/erv-logo.png\",\"width\":1127,\"height\":595,\"caption\":\"Evangelischer Regionalverband Frankfurt und Offenbach\"},\"image\":{\"@id\":\"https:\\\/\\\/evangelische-beratung.com\\\/fr\\\/#\\\/schema\\\/logo\\\/image\\\/\"}}]}<\/script>\n<!-- \/ Yoast SEO plugin. -->","yoast_head_json":{"title":"Ehrenamtliches Engagement","description":"Wir bieten Ihnen in unseren Einrichtungen verschiedene M\u00f6glichkeiten, sich ehrenamtlich zu engagieren. Wir freuen uns auf Ihren Kontakt!","robots":{"index":"index","follow":"follow","max-snippet":"max-snippet:-1","max-image-preview":"max-image-preview:large","max-video-preview":"max-video-preview:-1"},"canonical":"https:\/\/evangelische-beratung.com\/fr\/ehrenamt\/","og_locale":"fr_FR","og_type":"article","og_title":"Ehrenamtliches Engagement","og_description":"Wir bieten Ihnen in unseren Einrichtungen verschiedene M\u00f6glichkeiten, sich ehrenamtlich zu engagieren. Wir freuen uns auf Ihren Kontakt!","og_url":"https:\/\/evangelische-beratung.com\/fr\/ehrenamt\/","og_site_name":"Evangelischer Regionalverband","article_modified_time":"2026-04-14T07:39:59+00:00","twitter_card":"summary_large_image","twitter_misc":{"Dur\u00e9e de lecture estim\u00e9e":"2 minutes"},"schema":{"@context":"https:\/\/schema.org","@graph":[{"@type":"WebPage","@id":"https:\/\/evangelische-beratung.com\/fr\/ehrenamt\/","url":"https:\/\/evangelische-beratung.com\/fr\/ehrenamt\/","name":"Ehrenamtliches Engagement","isPartOf":{"@id":"https:\/\/evangelische-beratung.com\/fr\/#website"},"datePublished":"2019-07-12T09:06:38+00:00","dateModified":"2026-04-14T07:39:59+00:00","description":"Wir bieten Ihnen in unseren Einrichtungen verschiedene M\u00f6glichkeiten, sich ehrenamtlich zu engagieren. Wir freuen uns auf Ihren Kontakt!","breadcrumb":{"@id":"https:\/\/evangelische-beratung.com\/fr\/ehrenamt\/#breadcrumb"},"inLanguage":"fr-FR","potentialAction":[{"@type":"ReadAction","target":["https:\/\/evangelische-beratung.com\/fr\/ehrenamt\/"]}]},{"@type":"BreadcrumbList","@id":"https:\/\/evangelische-beratung.com\/fr\/ehrenamt\/#breadcrumb","itemListElement":[{"@type":"ListItem","position":1,"name":"Startseite","item":"https:\/\/evangelische-beratung.com\/fr\/"},{"@type":"ListItem","position":2,"name":"B\u00e9n\u00e9volat"}]},{"@type":"WebSite","@id":"https:\/\/evangelische-beratung.com\/fr\/#website","url":"https:\/\/evangelische-beratung.com\/fr\/","name":"Evangelischer Regionalverband","description":"","publisher":{"@id":"https:\/\/evangelische-beratung.com\/fr\/#organization"},"potentialAction":[{"@type":"SearchAction","target":{"@type":"EntryPoint","urlTemplate":"https:\/\/evangelische-beratung.com\/fr\/?s={search_term_string}"},"query-input":{"@type":"PropertyValueSpecification","valueRequired":true,"valueName":"search_term_string"}}],"inLanguage":"fr-FR"},{"@type":"Organization","@id":"https:\/\/evangelische-beratung.com\/fr\/#organization","name":"Evangelischer Regionalverband Frankfurt und Offenbach","url":"https:\/\/evangelische-beratung.com\/fr\/","logo":{"@type":"ImageObject","inLanguage":"fr-FR","@id":"https:\/\/evangelische-beratung.com\/fr\/#\/schema\/logo\/image\/","url":"https:\/\/evangelische-beratung.com\/fr\/wp-content\/uploads\/sites\/5\/2019\/10\/erv-logo.png","contentUrl":"https:\/\/evangelische-beratung.com\/fr\/wp-content\/uploads\/sites\/5\/2019\/10\/erv-logo.png","width":1127,"height":595,"caption":"Evangelischer Regionalverband Frankfurt und Offenbach"},"image":{"@id":"https:\/\/evangelische-beratung.com\/fr\/#\/schema\/logo\/image\/"}}]}},"_links":{"self":[{"href":"https:\/\/evangelische-beratung.com\/fr\/wp-json\/wp\/v2\/pages\/12","targetHints":{"allow":["GET"]}}],"collection":[{"href":"https:\/\/evangelische-beratung.com\/fr\/wp-json\/wp\/v2\/pages"}],"about":[{"href":"https:\/\/evangelische-beratung.com\/fr\/wp-json\/wp\/v2\/types\/page"}],"author":[{"embeddable":true,"href":"https:\/\/evangelische-beratung.com\/fr\/wp-json\/wp\/v2\/users\/36"}],"replies":[{"embeddable":true,"href":"https:\/\/evangelische-beratung.com\/fr\/wp-json\/wp\/v2\/comments?post=12"}],"version-history":[{"count":5,"href":"https:\/\/evangelische-beratung.com\/fr\/wp-json\/wp\/v2\/pages\/12\/revisions"}],"predecessor-version":[{"id":1252,"href":"https:\/\/evangelische-beratung.com\/fr\/wp-json\/wp\/v2\/pages\/12\/revisions\/1252"}],"wp:attachment":[{"href":"https:\/\/evangelische-beratung.com\/fr\/wp-json\/wp\/v2\/media?parent=12"}],"curies":[{"name":"wp","href":"https:\/\/api.w.org\/{rel}","templated":true}]}}