{"id":80,"date":"2019-07-21T23:20:38","date_gmt":"2019-07-21T21:20:38","guid":{"rendered":"https:\/\/evangelische-beratung.com\/en\/?page_id=80"},"modified":"2020-01-12T19:13:06","modified_gmt":"2020-01-12T18:13:06","slug":"offene-sprechstunden","status":"publish","type":"page","link":"https:\/\/evangelische-beratung.com\/en\/familie-kinder-jugend\/offene-sprechstunden\/","title":{"rendered":"Open Consultations"},"content":{"rendered":"\n<p class=\"is-style-teaser\">We provide open consultations at Adolf-Reichwein primary school, K\u00e4the-Kollwitz primary school and Ziehen school.<\/p>\n\n\n\n<figure class=\"wp-block-image alignwide\"><img loading=\"lazy\" decoding=\"async\" width=\"1024\" height=\"512\" src=\"https:\/\/evangelische-beratung.com\/en\/wp-content\/uploads\/sites\/3\/2019\/08\/Familien-Erziehungs-und-Jugendberatung-18_HERO-1024x512.jpg\" alt=\"\" class=\"wp-image-466\" srcset=\"https:\/\/evangelische-beratung.com\/en\/wp-content\/uploads\/sites\/3\/2019\/08\/Familien-Erziehungs-und-Jugendberatung-18_HERO-1024x512.jpg 1024w, https:\/\/evangelische-beratung.com\/en\/wp-content\/uploads\/sites\/3\/2019\/08\/Familien-Erziehungs-und-Jugendberatung-18_HERO-300x150.jpg 300w, https:\/\/evangelische-beratung.com\/en\/wp-content\/uploads\/sites\/3\/2019\/08\/Familien-Erziehungs-und-Jugendberatung-18_HERO-768x384.jpg 768w, https:\/\/evangelische-beratung.com\/en\/wp-content\/uploads\/sites\/3\/2019\/08\/Familien-Erziehungs-und-Jugendberatung-18_HERO.jpg 1840w\" sizes=\"auto, 100vw\" \/><\/figure>\n\n\n\n<h3 class=\"wp-block-heading\">Adolf-Reichwein- Grundschule  &amp; K\u00e4the-Kollwitz-Grundschule in Zeilsheim<\/h3>\n\n\n\n<p>The psychological counselling service at the Evangelisches Zentrum H\u00f6chst offers <strong>on-site consultations<\/strong> in a consultation room at Adolf-Reichwein primary school and K\u00e4the-Kollwitz primary school in Zeilsheim. <\/p>\n\n\n\n<p>These consultations can be accessed by parents and families both with and without a referral from a teacher. <\/p>\n\n\n\n<h3 class=\"wp-block-heading\">Counselling Service at Evangelisches Zentrum H\u00f6chst<\/h3>\n\n\n\n<p>The psychological counselling service at the Evangelisches Zentrum H\u00f6chst also offers <strong>baby and toddler consultations.<\/strong><\/p>\n\n\n\n<p>Many questions regarding your child\u2019s development and parenting can arise immediately after birth or during your child\u2019s first three years of life. We work with you to find possible solutions for problems such as: <\/p>\n\n\n\n<ul class=\"wp-block-list\"><li>Frequent crying<\/li><li>Sleeping difficulties<\/li><li>Feeding difficulties<\/li><li>Separation anxiety<\/li><li>Strongly defiant behaviour<\/li><li>Coping with stress <\/li><li>and any other matters you are concerned about<\/li><\/ul>\n\n\n\n<div class=\"wp-block-erv-download -show-file-extension\"><span aria-hidden=\"true\"><span class=\"file-extension\">pdf<\/span><\/span><div class=\"title-and-description\"><p class=\"download-title -inverted-link-style\"><a href=\"https:\/\/evangelische-beratung.com\/en\/wp-content\/uploads\/sites\/3\/2019\/08\/Flyer-Baby-2019-aktuell_neu-15.05.2019.pdf\" target=\"_blank\" rel=\"noopener noreferrer\">Infoflyer &#8220;Baby- und Kleinkindsprechstunde&#8221;<\/a><\/p><p class=\"download-description\">German<\/p><\/div><\/div>\n\n\n\n<h3 class=\"wp-block-heading\"><strong>Ziehen School<\/strong><\/h3>\n\n\n\n<p>The Family, Education and Youth Counselling Service at the Evangelisches Zentrum am Wei\u00dfen Stein offers <strong>on-site consultations every Tuesday from 12 noon to 2pm<\/strong>. This service is provided in a consultation room at Ziehen School throughout the school term. Consultations are provided as part of the school\u2019s general counselling services and can be accessed both with and without a referral from a teacher. <\/p>\n\n\n\n<p>Some problems can\u2019t be solved alone. Counselling can help in these cases. Or you can just drop in to meet us, or if you\u2019re concerned about anybody among your friends. We\u2019ll work with you to look for solutions and help you to help yourself.<\/p>\n","protected":false},"excerpt":{"rendered":"<p>We provide open consultations at Adolf-Reichwein primary school, K\u00e4the-Kollwitz primary school and Ziehen school. Adolf-Reichwein- Grundschule &amp; K\u00e4the-Kollwitz-Grundschule in Zeilsheim The psychological counselling service at the Evangelisches Zentrum H\u00f6chst offers on-site consultations in a consultation room at Adolf-Reichwein primary school and K\u00e4the-Kollwitz primary school in Zeilsheim. These consultations can be accessed by parents and families [&hellip;]<\/p>\n","protected":false},"author":2,"featured_media":0,"parent":15,"menu_order":0,"comment_status":"closed","ping_status":"closed","template":"","meta":{"footnotes":""},"class_list":["post-80","page","type-page","status-publish","hentry"],"yoast_head":"<!-- This site is optimized with the Yoast SEO plugin v27.3 - https:\/\/yoast.com\/product\/yoast-seo-wordpress\/ -->\n<title>Open Consultations - Evangelischer Regionalverband<\/title>\n<meta name=\"robots\" content=\"index, follow, max-snippet:-1, max-image-preview:large, max-video-preview:-1\" \/>\n<link rel=\"canonical\" href=\"https:\/\/evangelische-beratung.com\/en\/familie-kinder-jugend\/offene-sprechstunden\/\" \/>\n<meta property=\"og:locale\" content=\"en_US\" \/>\n<meta property=\"og:type\" content=\"article\" \/>\n<meta property=\"og:title\" content=\"Open Consultations - Evangelischer Regionalverband\" \/>\n<meta property=\"og:description\" content=\"We provide open consultations at Adolf-Reichwein primary school, K\u00e4the-Kollwitz primary school and Ziehen school. Adolf-Reichwein- Grundschule &amp; K\u00e4the-Kollwitz-Grundschule in Zeilsheim The psychological counselling service at the Evangelisches Zentrum H\u00f6chst offers on-site consultations in a consultation room at Adolf-Reichwein primary school and K\u00e4the-Kollwitz primary school in Zeilsheim. These consultations can be accessed by parents and families [&hellip;]\" \/>\n<meta property=\"og:url\" content=\"https:\/\/evangelische-beratung.com\/en\/familie-kinder-jugend\/offene-sprechstunden\/\" \/>\n<meta property=\"og:site_name\" content=\"Evangelischer Regionalverband\" \/>\n<meta property=\"article:modified_time\" content=\"2020-01-12T18:13:06+00:00\" \/>\n<meta property=\"og:image\" content=\"https:\/\/evangelische-beratung.com\/en\/wp-content\/uploads\/sites\/3\/2019\/08\/Familien-Erziehungs-und-Jugendberatung-18_HERO-1024x512.jpg\" \/>\n<meta name=\"twitter:card\" content=\"summary_large_image\" \/>\n<meta name=\"twitter:label1\" content=\"Est. reading time\" \/>\n\t<meta name=\"twitter:data1\" content=\"1 minute\" \/>\n<script type=\"application\/ld+json\" class=\"yoast-schema-graph\">{\"@context\":\"https:\\\/\\\/schema.org\",\"@graph\":[{\"@type\":\"WebPage\",\"@id\":\"https:\\\/\\\/evangelische-beratung.com\\\/en\\\/familie-kinder-jugend\\\/offene-sprechstunden\\\/\",\"url\":\"https:\\\/\\\/evangelische-beratung.com\\\/en\\\/familie-kinder-jugend\\\/offene-sprechstunden\\\/\",\"name\":\"Open Consultations - Evangelischer Regionalverband\",\"isPartOf\":{\"@id\":\"https:\\\/\\\/evangelische-beratung.com\\\/en\\\/#website\"},\"primaryImageOfPage\":{\"@id\":\"https:\\\/\\\/evangelische-beratung.com\\\/en\\\/familie-kinder-jugend\\\/offene-sprechstunden\\\/#primaryimage\"},\"image\":{\"@id\":\"https:\\\/\\\/evangelische-beratung.com\\\/en\\\/familie-kinder-jugend\\\/offene-sprechstunden\\\/#primaryimage\"},\"thumbnailUrl\":\"https:\\\/\\\/evangelische-beratung.com\\\/en\\\/wp-content\\\/uploads\\\/sites\\\/3\\\/2019\\\/08\\\/Familien-Erziehungs-und-Jugendberatung-18_HERO-1024x512.jpg\",\"datePublished\":\"2019-07-21T21:20:38+00:00\",\"dateModified\":\"2020-01-12T18:13:06+00:00\",\"breadcrumb\":{\"@id\":\"https:\\\/\\\/evangelische-beratung.com\\\/en\\\/familie-kinder-jugend\\\/offene-sprechstunden\\\/#breadcrumb\"},\"inLanguage\":\"en-US\",\"potentialAction\":[{\"@type\":\"ReadAction\",\"target\":[\"https:\\\/\\\/evangelische-beratung.com\\\/en\\\/familie-kinder-jugend\\\/offene-sprechstunden\\\/\"]}]},{\"@type\":\"ImageObject\",\"inLanguage\":\"en-US\",\"@id\":\"https:\\\/\\\/evangelische-beratung.com\\\/en\\\/familie-kinder-jugend\\\/offene-sprechstunden\\\/#primaryimage\",\"url\":\"https:\\\/\\\/evangelische-beratung.com\\\/en\\\/wp-content\\\/uploads\\\/sites\\\/3\\\/2019\\\/08\\\/Familien-Erziehungs-und-Jugendberatung-18_HERO-1024x512.jpg\",\"contentUrl\":\"https:\\\/\\\/evangelische-beratung.com\\\/en\\\/wp-content\\\/uploads\\\/sites\\\/3\\\/2019\\\/08\\\/Familien-Erziehungs-und-Jugendberatung-18_HERO-1024x512.jpg\"},{\"@type\":\"BreadcrumbList\",\"@id\":\"https:\\\/\\\/evangelische-beratung.com\\\/en\\\/familie-kinder-jugend\\\/offene-sprechstunden\\\/#breadcrumb\",\"itemListElement\":[{\"@type\":\"ListItem\",\"position\":1,\"name\":\"Startseite\",\"item\":\"https:\\\/\\\/evangelische-beratung.com\\\/en\\\/\"},{\"@type\":\"ListItem\",\"position\":2,\"name\":\"Family, Children, Young People\",\"item\":\"https:\\\/\\\/evangelische-beratung.com\\\/en\\\/familie-kinder-jugend\\\/\"},{\"@type\":\"ListItem\",\"position\":3,\"name\":\"Open Consultations\"}]},{\"@type\":\"WebSite\",\"@id\":\"https:\\\/\\\/evangelische-beratung.com\\\/en\\\/#website\",\"url\":\"https:\\\/\\\/evangelische-beratung.com\\\/en\\\/\",\"name\":\"Evangelischer Regionalverband\",\"description\":\"\",\"publisher\":{\"@id\":\"https:\\\/\\\/evangelische-beratung.com\\\/en\\\/#organization\"},\"potentialAction\":[{\"@type\":\"SearchAction\",\"target\":{\"@type\":\"EntryPoint\",\"urlTemplate\":\"https:\\\/\\\/evangelische-beratung.com\\\/en\\\/?s={search_term_string}\"},\"query-input\":{\"@type\":\"PropertyValueSpecification\",\"valueRequired\":true,\"valueName\":\"search_term_string\"}}],\"inLanguage\":\"en-US\"},{\"@type\":\"Organization\",\"@id\":\"https:\\\/\\\/evangelische-beratung.com\\\/en\\\/#organization\",\"name\":\"Evangelischer Regionalverband\",\"url\":\"https:\\\/\\\/evangelische-beratung.com\\\/en\\\/\",\"logo\":{\"@type\":\"ImageObject\",\"inLanguage\":\"en-US\",\"@id\":\"https:\\\/\\\/evangelische-beratung.com\\\/en\\\/#\\\/schema\\\/logo\\\/image\\\/\",\"url\":\"https:\\\/\\\/evangelische-beratung.com\\\/en\\\/wp-content\\\/uploads\\\/sites\\\/3\\\/2019\\\/07\\\/erv-logo.svg\",\"contentUrl\":\"https:\\\/\\\/evangelische-beratung.com\\\/en\\\/wp-content\\\/uploads\\\/sites\\\/3\\\/2019\\\/07\\\/erv-logo.svg\",\"width\":382,\"height\":85,\"caption\":\"Evangelischer Regionalverband\"},\"image\":{\"@id\":\"https:\\\/\\\/evangelische-beratung.com\\\/en\\\/#\\\/schema\\\/logo\\\/image\\\/\"}}]}<\/script>\n<!-- \/ Yoast SEO plugin. -->","yoast_head_json":{"title":"Open Consultations - Evangelischer Regionalverband","robots":{"index":"index","follow":"follow","max-snippet":"max-snippet:-1","max-image-preview":"max-image-preview:large","max-video-preview":"max-video-preview:-1"},"canonical":"https:\/\/evangelische-beratung.com\/en\/familie-kinder-jugend\/offene-sprechstunden\/","og_locale":"en_US","og_type":"article","og_title":"Open Consultations - Evangelischer Regionalverband","og_description":"We provide open consultations at Adolf-Reichwein primary school, K\u00e4the-Kollwitz primary school and Ziehen school. Adolf-Reichwein- Grundschule &amp; K\u00e4the-Kollwitz-Grundschule in Zeilsheim The psychological counselling service at the Evangelisches Zentrum H\u00f6chst offers on-site consultations in a consultation room at Adolf-Reichwein primary school and K\u00e4the-Kollwitz primary school in Zeilsheim. These consultations can be accessed by parents and families [&hellip;]","og_url":"https:\/\/evangelische-beratung.com\/en\/familie-kinder-jugend\/offene-sprechstunden\/","og_site_name":"Evangelischer Regionalverband","article_modified_time":"2020-01-12T18:13:06+00:00","og_image":[{"url":"https:\/\/evangelische-beratung.com\/en\/wp-content\/uploads\/sites\/3\/2019\/08\/Familien-Erziehungs-und-Jugendberatung-18_HERO-1024x512.jpg","type":"","width":"","height":""}],"twitter_card":"summary_large_image","twitter_misc":{"Est. reading time":"1 minute"},"schema":{"@context":"https:\/\/schema.org","@graph":[{"@type":"WebPage","@id":"https:\/\/evangelische-beratung.com\/en\/familie-kinder-jugend\/offene-sprechstunden\/","url":"https:\/\/evangelische-beratung.com\/en\/familie-kinder-jugend\/offene-sprechstunden\/","name":"Open Consultations - Evangelischer Regionalverband","isPartOf":{"@id":"https:\/\/evangelische-beratung.com\/en\/#website"},"primaryImageOfPage":{"@id":"https:\/\/evangelische-beratung.com\/en\/familie-kinder-jugend\/offene-sprechstunden\/#primaryimage"},"image":{"@id":"https:\/\/evangelische-beratung.com\/en\/familie-kinder-jugend\/offene-sprechstunden\/#primaryimage"},"thumbnailUrl":"https:\/\/evangelische-beratung.com\/en\/wp-content\/uploads\/sites\/3\/2019\/08\/Familien-Erziehungs-und-Jugendberatung-18_HERO-1024x512.jpg","datePublished":"2019-07-21T21:20:38+00:00","dateModified":"2020-01-12T18:13:06+00:00","breadcrumb":{"@id":"https:\/\/evangelische-beratung.com\/en\/familie-kinder-jugend\/offene-sprechstunden\/#breadcrumb"},"inLanguage":"en-US","potentialAction":[{"@type":"ReadAction","target":["https:\/\/evangelische-beratung.com\/en\/familie-kinder-jugend\/offene-sprechstunden\/"]}]},{"@type":"ImageObject","inLanguage":"en-US","@id":"https:\/\/evangelische-beratung.com\/en\/familie-kinder-jugend\/offene-sprechstunden\/#primaryimage","url":"https:\/\/evangelische-beratung.com\/en\/wp-content\/uploads\/sites\/3\/2019\/08\/Familien-Erziehungs-und-Jugendberatung-18_HERO-1024x512.jpg","contentUrl":"https:\/\/evangelische-beratung.com\/en\/wp-content\/uploads\/sites\/3\/2019\/08\/Familien-Erziehungs-und-Jugendberatung-18_HERO-1024x512.jpg"},{"@type":"BreadcrumbList","@id":"https:\/\/evangelische-beratung.com\/en\/familie-kinder-jugend\/offene-sprechstunden\/#breadcrumb","itemListElement":[{"@type":"ListItem","position":1,"name":"Startseite","item":"https:\/\/evangelische-beratung.com\/en\/"},{"@type":"ListItem","position":2,"name":"Family, Children, Young People","item":"https:\/\/evangelische-beratung.com\/en\/familie-kinder-jugend\/"},{"@type":"ListItem","position":3,"name":"Open Consultations"}]},{"@type":"WebSite","@id":"https:\/\/evangelische-beratung.com\/en\/#website","url":"https:\/\/evangelische-beratung.com\/en\/","name":"Evangelischer Regionalverband","description":"","publisher":{"@id":"https:\/\/evangelische-beratung.com\/en\/#organization"},"potentialAction":[{"@type":"SearchAction","target":{"@type":"EntryPoint","urlTemplate":"https:\/\/evangelische-beratung.com\/en\/?s={search_term_string}"},"query-input":{"@type":"PropertyValueSpecification","valueRequired":true,"valueName":"search_term_string"}}],"inLanguage":"en-US"},{"@type":"Organization","@id":"https:\/\/evangelische-beratung.com\/en\/#organization","name":"Evangelischer Regionalverband","url":"https:\/\/evangelische-beratung.com\/en\/","logo":{"@type":"ImageObject","inLanguage":"en-US","@id":"https:\/\/evangelische-beratung.com\/en\/#\/schema\/logo\/image\/","url":"https:\/\/evangelische-beratung.com\/en\/wp-content\/uploads\/sites\/3\/2019\/07\/erv-logo.svg","contentUrl":"https:\/\/evangelische-beratung.com\/en\/wp-content\/uploads\/sites\/3\/2019\/07\/erv-logo.svg","width":382,"height":85,"caption":"Evangelischer Regionalverband"},"image":{"@id":"https:\/\/evangelische-beratung.com\/en\/#\/schema\/logo\/image\/"}}]}},"_links":{"self":[{"href":"https:\/\/evangelische-beratung.com\/en\/wp-json\/wp\/v2\/pages\/80","targetHints":{"allow":["GET"]}}],"collection":[{"href":"https:\/\/evangelische-beratung.com\/en\/wp-json\/wp\/v2\/pages"}],"about":[{"href":"https:\/\/evangelische-beratung.com\/en\/wp-json\/wp\/v2\/types\/page"}],"author":[{"embeddable":true,"href":"https:\/\/evangelische-beratung.com\/en\/wp-json\/wp\/v2\/users\/2"}],"replies":[{"embeddable":true,"href":"https:\/\/evangelische-beratung.com\/en\/wp-json\/wp\/v2\/comments?post=80"}],"version-history":[{"count":0,"href":"https:\/\/evangelische-beratung.com\/en\/wp-json\/wp\/v2\/pages\/80\/revisions"}],"up":[{"embeddable":true,"href":"https:\/\/evangelische-beratung.com\/en\/wp-json\/wp\/v2\/pages\/15"}],"wp:attachment":[{"href":"https:\/\/evangelische-beratung.com\/en\/wp-json\/wp\/v2\/media?parent=80"}],"curies":[{"name":"wp","href":"https:\/\/api.w.org\/{rel}","templated":true}]}}