{"id":506,"date":"2019-08-22T17:15:29","date_gmt":"2019-08-22T15:15:29","guid":{"rendered":"https:\/\/evangelische-beratung.com\/en\/?page_id=506"},"modified":"2019-08-29T13:10:37","modified_gmt":"2019-08-29T11:10:37","slug":"pressemeldungen","status":"publish","type":"page","link":"https:\/\/evangelische-beratung.com\/en\/start\/presse\/pressemeldungen\/","title":{"rendered":"Press releases"},"content":{"rendered":"\n<p class=\"is-style-teaser\">Find news and   press releases from the current and previous years below.<\/p>\n\n\n\n<p class=\"is-style-micro\">28 June 2019<\/p>\n\n\n\n<h4 class=\"wp-block-heading\">Almost 25 years   of service for children and families in Frankfurt: The head of the   Evangelisches Zentrum f\u00fcr Beratung und Therapie (Lutheran Counselling, Advice   and Therapy Centre) Am Wei\u00dfen Stein retires.<\/h4>\n\n\n\n<p>Michael Bourgeon, Leiter des Evangelischen Zentrums f\u00fcr Beratung und Therapie Am Wei\u00dfen Stein in Frankfurt, geht in den Ruhestand. Am 28. Juni 2019 von 15 bis 17.30 Uhr wird er im Rahmen eines Festaktes in der Heiliggeistkirche im Dominikanerkloster verabschiedet. Im Rahmen seiner Beratungs- und Leitungsarbeit engagierte er sich \u00fcber Jahrzehnte besonders f\u00fcr Kinder, Jugendliche und Familien aus benachteiligten Verh\u00e4ltnissen. <\/p>\n\n\n\n<div class=\"wp-block-erv-download -show-file-extension\"><span aria-hidden=\"true\"><svg xmlns=\"http:\/\/www.w3.org\/2000\/svg\" viewbox=\"0 0 9.6 12.1\"><path d=\"M4.8.8v10.5m4-4l-4 4-4-4\" fill=\"none\" stroke=\"#fff\" stroke-width=\"1.2\" stroke-linecap=\"round\" stroke-linejoin=\"round\"><\/path><\/svg><span class=\"file-extension\">pdf<\/span><\/span><div class=\"title-and-description\"><p class=\"download-title -inverted-link-style\"><a href=\"https:\/\/evangelische-beratung.com\/en\/wp-content\/uploads\/sites\/3\/2019\/08\/Einladung-1.pdf\" target=\"_blank\" rel=\"noopener noreferrer\">Fast 25 Jahre im Einsatz&#8230;<\/a><\/p><p class=\"download-description\">Full press Release<\/p><\/div><\/div>\n\n\n\n<p class=\"is-style-micro\">17 June 2019<\/p>\n\n\n\n<h4 class=\"wp-block-heading\">Evangelisches Zentrum f\u00fcr Beratung und Therapie (Lutheran Counselling, Advice and Therapy Centre) demands a stop to deportations to Afghanistan.<\/h4>\n\n\n\n<p>Das Evangelische Zentrum f\u00fcr Beratung und Therapie Am Wei\u00dfen Stein fordert die Hessische Landesregierung auf, die unmenschliche Praxis der Abschiebungen zu beenden und den Gefl\u00fcchteten aus Afghanistan eine sichere Zukunfts- und Bleibeperspektive zu er\u00f6ffnen, die eine Arbeits- bzw. Ausbildungsaufnahme beinhaltet. Kein Mensch darf in ein Land zur\u00fcckgeschickt werden, in dem sein Leben durch Krieg und Gewalt bedroht ist.<\/p>\n\n\n\n<div class=\"wp-block-erv-download -show-file-extension\"><span aria-hidden=\"true\"><svg xmlns=\"http:\/\/www.w3.org\/2000\/svg\" viewbox=\"0 0 9.6 12.1\"><path d=\"M4.8.8v10.5m4-4l-4 4-4-4\" fill=\"none\" stroke=\"#fff\" stroke-width=\"1.2\" stroke-linecap=\"round\" stroke-linejoin=\"round\"><\/path><\/svg><span class=\"file-extension\">pdf<\/span><\/span><div class=\"title-and-description\"><p class=\"download-title -inverted-link-style\"><a href=\"https:\/\/evangelische-beratung.com\/en\/wp-content\/uploads\/sites\/3\/2019\/08\/abschiebestopp.pdf\" target=\"_blank\" rel=\"noopener noreferrer\">Abschiebestopp<\/a><\/p><p class=\"download-description\">Full press release<\/p><\/div><\/div>\n\n\n\n<p class=\"is-style-micro\">23 May 2019<\/p>\n\n\n\n<h4 class=\"wp-block-heading\">Everything at the one place: professional advice and a caf\u00e9<\/h4>\n\n\n\n<p><em>Anniversary event with a presentation and open doors<\/em><\/p>\n\n\n\n<p>Das zehnj\u00e4hrige Bestehen des Evangelischen Familien- und Beratungszentrums H\u00f6chst wird am Donnerstag, 23. Mai 2019, von 13.30 bis 15 Uhr mit einer Festveranstaltung sowie einem anschlie\u00dfenden Tag der offenen T\u00fcr in der Einrichtung, Leverkuser Stra\u00dfe 7 in Frankfurt-H\u00f6chst gefeiert. Neben einem Gru\u00dfwort von Pfarrer Holger Kamlah, Prodekan des Evangelischen Stadtdekanats Frankfurt und Offenbach, zust\u00e4ndig f\u00fcr Frankfurt Nord-West, steht ein Festvortrag zum Thema \u201eVernetzt und integriert arbeiten \u2013 Angebote und (fr\u00fche) Hilfen f\u00fcr Familien unter einem Dach\u201c von Judith Rosner, Leiterin des Evangelischen Beratungszentrums H\u00f6chst auf dem Programm. Im Anschluss an diesen festlichen Teil mit geladenen G\u00e4sten hat die \u00d6ffentlichkeit ab 15 Uhr bei einem Tag der offenen T\u00fcr Gelegenheit, die R\u00e4umlichkeiten des Hauses zu besichtigen und sich \u00fcber die Beratungs- und Bildungsangebote des Zentrums zu informieren. <\/p>\n\n\n\n<div class=\"wp-block-erv-download -show-file-extension\"><span aria-hidden=\"true\"><svg xmlns=\"http:\/\/www.w3.org\/2000\/svg\" viewbox=\"0 0 9.6 12.1\"><path d=\"M4.8.8v10.5m4-4l-4 4-4-4\" fill=\"none\" stroke=\"#fff\" stroke-width=\"1.2\" stroke-linecap=\"round\" stroke-linejoin=\"round\"><\/path><\/svg><span class=\"file-extension\">pdf<\/span><\/span><div class=\"title-and-description\"><p class=\"download-title -inverted-link-style\"><a href=\"https:\/\/evangelische-beratung.com\/en\/wp-content\/uploads\/sites\/3\/2019\/08\/alles-unter.pdf\" target=\"_blank\" rel=\"noopener noreferrer\">Alles unter einem Dach&#8230;<\/a><\/p><p class=\"download-description\">Full press release<\/p><\/div><\/div>\n\n\n\n<p class=\"is-style-micro\">21 May 2019<\/p>\n\n\n\n<h4 class=\"wp-block-heading\">Ten years of counselling, advice and (early) assistance for people in western Frankfurt<\/h4>\n\n\n\n<p><strong><br><\/strong><em>Evangelisches   Familien- und Beratungszentrum H\u00f6chst (Lutheran Family, Counselling and   Advice Centre) celebrates its anniversary.<\/em><\/p>\n\n\n\n<p>Die demografische Entwicklung in den westlichen Stadtteilen Frankfurts hat in den vergangenen Jahrzehnten zu einer Vielzahl sozialer Herausforderungen f\u00fcr die dort lebenden Menschen gef\u00fchrt. Steigende Arbeitslosenzahlen, Wohnungsnot und Kinderarmut wirken sich sowohl auf die individuelle Situation der Betroffenen, aber auch auf die Lebenslagen der gesamten Familien aus. Der Evangelische Regionalverband hat auf diese Entwicklungen reagiert, indem er vor zehn Jahren durch die Schaffung eines Familien- und Beratungszentrums sein Bildungs- und Beratungsangebot in H\u00f6chst erweitert hat <\/p>\n\n\n\n<div class=\"wp-block-erv-download -show-file-extension\"><span aria-hidden=\"true\"><svg xmlns=\"http:\/\/www.w3.org\/2000\/svg\" viewbox=\"0 0 9.6 12.1\"><path d=\"M4.8.8v10.5m4-4l-4 4-4-4\" fill=\"none\" stroke=\"#fff\" stroke-width=\"1.2\" stroke-linecap=\"round\" stroke-linejoin=\"round\"><\/path><\/svg><span class=\"file-extension\">pdf<\/span><\/span><div class=\"title-and-description\"><p class=\"download-title -inverted-link-style\"><a href=\"https:\/\/evangelische-beratung.com\/en\/wp-content\/uploads\/sites\/3\/2019\/08\/Zehn-Jahre-Beratung.pdf\" target=\"_blank\" rel=\"noopener noreferrer\">Zehn Jahre Beratung&#8230;<\/a><\/p><p class=\"download-description\">Full press release<\/p><\/div><\/div>\n\n\n\n<p><\/p>\n\n\n\n<p> <\/p>\n","protected":false},"excerpt":{"rendered":"<p>Find news and press releases from the current and previous years below. 28 June 2019 Almost 25 years of service for children and families in Frankfurt: The head of the Evangelisches Zentrum f\u00fcr Beratung und Therapie (Lutheran Counselling, Advice and Therapy Centre) Am Wei\u00dfen Stein retires. Michael Bourgeon, Leiter des Evangelischen Zentrums f\u00fcr Beratung und [&hellip;]<\/p>\n","protected":false},"author":3,"featured_media":0,"parent":48,"menu_order":0,"comment_status":"closed","ping_status":"closed","template":"","meta":{"footnotes":""},"class_list":["post-506","page","type-page","status-publish","hentry"],"yoast_head":"<!-- This site is optimized with the Yoast SEO plugin v27.4 - https:\/\/yoast.com\/product\/yoast-seo-wordpress\/ -->\n<title>Press releases - Evangelischer Regionalverband<\/title>\n<meta name=\"robots\" content=\"index, follow, max-snippet:-1, max-image-preview:large, max-video-preview:-1\" \/>\n<link rel=\"canonical\" href=\"https:\/\/evangelische-beratung.com\/en\/start\/presse\/pressemeldungen\/\" \/>\n<meta property=\"og:locale\" content=\"en_US\" \/>\n<meta property=\"og:type\" content=\"article\" \/>\n<meta property=\"og:title\" content=\"Press releases - Evangelischer Regionalverband\" \/>\n<meta property=\"og:description\" content=\"Find news and press releases from the current and previous years below. 28 June 2019 Almost 25 years of service for children and families in Frankfurt: The head of the Evangelisches Zentrum f\u00fcr Beratung und Therapie (Lutheran Counselling, Advice and Therapy Centre) Am Wei\u00dfen Stein retires. Michael Bourgeon, Leiter des Evangelischen Zentrums f\u00fcr Beratung und [&hellip;]\" \/>\n<meta property=\"og:url\" content=\"https:\/\/evangelische-beratung.com\/en\/start\/presse\/pressemeldungen\/\" \/>\n<meta property=\"og:site_name\" content=\"Evangelischer Regionalverband\" \/>\n<meta property=\"article:modified_time\" content=\"2019-08-29T11:10:37+00:00\" \/>\n<meta name=\"twitter:card\" content=\"summary_large_image\" \/>\n<meta name=\"twitter:label1\" content=\"Est. reading time\" \/>\n\t<meta name=\"twitter:data1\" content=\"2 minutes\" \/>\n<script type=\"application\/ld+json\" class=\"yoast-schema-graph\">{\"@context\":\"https:\\\/\\\/schema.org\",\"@graph\":[{\"@type\":\"WebPage\",\"@id\":\"https:\\\/\\\/evangelische-beratung.com\\\/en\\\/start\\\/presse\\\/pressemeldungen\\\/\",\"url\":\"https:\\\/\\\/evangelische-beratung.com\\\/en\\\/start\\\/presse\\\/pressemeldungen\\\/\",\"name\":\"Press releases - Evangelischer Regionalverband\",\"isPartOf\":{\"@id\":\"https:\\\/\\\/evangelische-beratung.com\\\/en\\\/#website\"},\"datePublished\":\"2019-08-22T15:15:29+00:00\",\"dateModified\":\"2019-08-29T11:10:37+00:00\",\"breadcrumb\":{\"@id\":\"https:\\\/\\\/evangelische-beratung.com\\\/en\\\/start\\\/presse\\\/pressemeldungen\\\/#breadcrumb\"},\"inLanguage\":\"en-US\",\"potentialAction\":[{\"@type\":\"ReadAction\",\"target\":[\"https:\\\/\\\/evangelische-beratung.com\\\/en\\\/start\\\/presse\\\/pressemeldungen\\\/\"]}]},{\"@type\":\"BreadcrumbList\",\"@id\":\"https:\\\/\\\/evangelische-beratung.com\\\/en\\\/start\\\/presse\\\/pressemeldungen\\\/#breadcrumb\",\"itemListElement\":[{\"@type\":\"ListItem\",\"position\":1,\"name\":\"Startseite\",\"item\":\"https:\\\/\\\/evangelische-beratung.com\\\/en\\\/\"},{\"@type\":\"ListItem\",\"position\":2,\"name\":\"Start\",\"item\":\"https:\\\/\\\/evangelische-beratung.com\\\/en\\\/\"},{\"@type\":\"ListItem\",\"position\":3,\"name\":\"Media and Press\",\"item\":\"https:\\\/\\\/evangelische-beratung.com\\\/en\\\/start\\\/presse\\\/\"},{\"@type\":\"ListItem\",\"position\":4,\"name\":\"Press releases\"}]},{\"@type\":\"WebSite\",\"@id\":\"https:\\\/\\\/evangelische-beratung.com\\\/en\\\/#website\",\"url\":\"https:\\\/\\\/evangelische-beratung.com\\\/en\\\/\",\"name\":\"Evangelischer Regionalverband\",\"description\":\"\",\"publisher\":{\"@id\":\"https:\\\/\\\/evangelische-beratung.com\\\/en\\\/#organization\"},\"potentialAction\":[{\"@type\":\"SearchAction\",\"target\":{\"@type\":\"EntryPoint\",\"urlTemplate\":\"https:\\\/\\\/evangelische-beratung.com\\\/en\\\/?s={search_term_string}\"},\"query-input\":{\"@type\":\"PropertyValueSpecification\",\"valueRequired\":true,\"valueName\":\"search_term_string\"}}],\"inLanguage\":\"en-US\"},{\"@type\":\"Organization\",\"@id\":\"https:\\\/\\\/evangelische-beratung.com\\\/en\\\/#organization\",\"name\":\"Evangelischer Regionalverband\",\"url\":\"https:\\\/\\\/evangelische-beratung.com\\\/en\\\/\",\"logo\":{\"@type\":\"ImageObject\",\"inLanguage\":\"en-US\",\"@id\":\"https:\\\/\\\/evangelische-beratung.com\\\/en\\\/#\\\/schema\\\/logo\\\/image\\\/\",\"url\":\"https:\\\/\\\/evangelische-beratung.com\\\/en\\\/wp-content\\\/uploads\\\/sites\\\/3\\\/2019\\\/07\\\/erv-logo.svg\",\"contentUrl\":\"https:\\\/\\\/evangelische-beratung.com\\\/en\\\/wp-content\\\/uploads\\\/sites\\\/3\\\/2019\\\/07\\\/erv-logo.svg\",\"width\":382,\"height\":85,\"caption\":\"Evangelischer Regionalverband\"},\"image\":{\"@id\":\"https:\\\/\\\/evangelische-beratung.com\\\/en\\\/#\\\/schema\\\/logo\\\/image\\\/\"}}]}<\/script>\n<!-- \/ Yoast SEO plugin. -->","yoast_head_json":{"title":"Press releases - Evangelischer Regionalverband","robots":{"index":"index","follow":"follow","max-snippet":"max-snippet:-1","max-image-preview":"max-image-preview:large","max-video-preview":"max-video-preview:-1"},"canonical":"https:\/\/evangelische-beratung.com\/en\/start\/presse\/pressemeldungen\/","og_locale":"en_US","og_type":"article","og_title":"Press releases - Evangelischer Regionalverband","og_description":"Find news and press releases from the current and previous years below. 28 June 2019 Almost 25 years of service for children and families in Frankfurt: The head of the Evangelisches Zentrum f\u00fcr Beratung und Therapie (Lutheran Counselling, Advice and Therapy Centre) Am Wei\u00dfen Stein retires. Michael Bourgeon, Leiter des Evangelischen Zentrums f\u00fcr Beratung und [&hellip;]","og_url":"https:\/\/evangelische-beratung.com\/en\/start\/presse\/pressemeldungen\/","og_site_name":"Evangelischer Regionalverband","article_modified_time":"2019-08-29T11:10:37+00:00","twitter_card":"summary_large_image","twitter_misc":{"Est. reading time":"2 minutes"},"schema":{"@context":"https:\/\/schema.org","@graph":[{"@type":"WebPage","@id":"https:\/\/evangelische-beratung.com\/en\/start\/presse\/pressemeldungen\/","url":"https:\/\/evangelische-beratung.com\/en\/start\/presse\/pressemeldungen\/","name":"Press releases - Evangelischer Regionalverband","isPartOf":{"@id":"https:\/\/evangelische-beratung.com\/en\/#website"},"datePublished":"2019-08-22T15:15:29+00:00","dateModified":"2019-08-29T11:10:37+00:00","breadcrumb":{"@id":"https:\/\/evangelische-beratung.com\/en\/start\/presse\/pressemeldungen\/#breadcrumb"},"inLanguage":"en-US","potentialAction":[{"@type":"ReadAction","target":["https:\/\/evangelische-beratung.com\/en\/start\/presse\/pressemeldungen\/"]}]},{"@type":"BreadcrumbList","@id":"https:\/\/evangelische-beratung.com\/en\/start\/presse\/pressemeldungen\/#breadcrumb","itemListElement":[{"@type":"ListItem","position":1,"name":"Startseite","item":"https:\/\/evangelische-beratung.com\/en\/"},{"@type":"ListItem","position":2,"name":"Start","item":"https:\/\/evangelische-beratung.com\/en\/"},{"@type":"ListItem","position":3,"name":"Media and Press","item":"https:\/\/evangelische-beratung.com\/en\/start\/presse\/"},{"@type":"ListItem","position":4,"name":"Press releases"}]},{"@type":"WebSite","@id":"https:\/\/evangelische-beratung.com\/en\/#website","url":"https:\/\/evangelische-beratung.com\/en\/","name":"Evangelischer Regionalverband","description":"","publisher":{"@id":"https:\/\/evangelische-beratung.com\/en\/#organization"},"potentialAction":[{"@type":"SearchAction","target":{"@type":"EntryPoint","urlTemplate":"https:\/\/evangelische-beratung.com\/en\/?s={search_term_string}"},"query-input":{"@type":"PropertyValueSpecification","valueRequired":true,"valueName":"search_term_string"}}],"inLanguage":"en-US"},{"@type":"Organization","@id":"https:\/\/evangelische-beratung.com\/en\/#organization","name":"Evangelischer Regionalverband","url":"https:\/\/evangelische-beratung.com\/en\/","logo":{"@type":"ImageObject","inLanguage":"en-US","@id":"https:\/\/evangelische-beratung.com\/en\/#\/schema\/logo\/image\/","url":"https:\/\/evangelische-beratung.com\/en\/wp-content\/uploads\/sites\/3\/2019\/07\/erv-logo.svg","contentUrl":"https:\/\/evangelische-beratung.com\/en\/wp-content\/uploads\/sites\/3\/2019\/07\/erv-logo.svg","width":382,"height":85,"caption":"Evangelischer Regionalverband"},"image":{"@id":"https:\/\/evangelische-beratung.com\/en\/#\/schema\/logo\/image\/"}}]}},"_links":{"self":[{"href":"https:\/\/evangelische-beratung.com\/en\/wp-json\/wp\/v2\/pages\/506","targetHints":{"allow":["GET"]}}],"collection":[{"href":"https:\/\/evangelische-beratung.com\/en\/wp-json\/wp\/v2\/pages"}],"about":[{"href":"https:\/\/evangelische-beratung.com\/en\/wp-json\/wp\/v2\/types\/page"}],"author":[{"embeddable":true,"href":"https:\/\/evangelische-beratung.com\/en\/wp-json\/wp\/v2\/users\/3"}],"replies":[{"embeddable":true,"href":"https:\/\/evangelische-beratung.com\/en\/wp-json\/wp\/v2\/comments?post=506"}],"version-history":[{"count":0,"href":"https:\/\/evangelische-beratung.com\/en\/wp-json\/wp\/v2\/pages\/506\/revisions"}],"up":[{"embeddable":true,"href":"https:\/\/evangelische-beratung.com\/en\/wp-json\/wp\/v2\/pages\/48"}],"wp:attachment":[{"href":"https:\/\/evangelische-beratung.com\/en\/wp-json\/wp\/v2\/media?parent=506"}],"curies":[{"name":"wp","href":"https:\/\/api.w.org\/{rel}","templated":true}]}}