{"id":40,"date":"2019-07-21T22:19:34","date_gmt":"2019-07-21T20:19:34","guid":{"rendered":"https:\/\/evangelische-beratung.com\/en\/?page_id=40"},"modified":"2026-04-14T09:36:50","modified_gmt":"2026-04-14T07:36:50","slug":"sozialberatung","status":"publish","type":"page","link":"https:\/\/evangelische-beratung.com\/en\/sozialberatung\/","title":{"rendered":"Social Counselling"},"content":{"rendered":"\n<p style=\"text-align:center\" class=\"is-style-teaser\">Not everything in life tends to run according to plan. We\u2019re there for you, for example if you need general or migration-related advice.<\/p>\n\n\n\n<div class=\"wp-block-columns has-2-columns -right-at-edge is-layout-flow wp-block-columns-is-layout-flow\">\n<div class=\"wp-block-column is-layout-flow wp-block-column-is-layout-flow\">\n<figure class=\"wp-block-image alignwide\"><img loading=\"lazy\" decoding=\"async\" width=\"1024\" height=\"684\" src=\"https:\/\/evangelische-beratung.com\/en\/wp-content\/uploads\/sites\/3\/2019\/10\/sozialberatung-fur-migranten-zentrum-am-weissen-stein-1024x684.jpg\" alt=\"\" class=\"wp-image-590\" srcset=\"https:\/\/evangelische-beratung.com\/en\/wp-content\/uploads\/sites\/3\/2019\/10\/sozialberatung-fur-migranten-zentrum-am-weissen-stein-1024x684.jpg 1024w, https:\/\/evangelische-beratung.com\/en\/wp-content\/uploads\/sites\/3\/2019\/10\/sozialberatung-fur-migranten-zentrum-am-weissen-stein-300x200.jpg 300w, https:\/\/evangelische-beratung.com\/en\/wp-content\/uploads\/sites\/3\/2019\/10\/sozialberatung-fur-migranten-zentrum-am-weissen-stein-768x513.jpg 768w, https:\/\/evangelische-beratung.com\/en\/wp-content\/uploads\/sites\/3\/2019\/10\/sozialberatung-fur-migranten-zentrum-am-weissen-stein-720x480.jpg 720w, https:\/\/evangelische-beratung.com\/en\/wp-content\/uploads\/sites\/3\/2019\/10\/sozialberatung-fur-migranten-zentrum-am-weissen-stein.jpg 1920w\" sizes=\"auto, 100vw\" \/><\/figure>\n\n\n\n<p><\/p>\n<\/div>\n\n\n\n<div class=\"wp-block-column is-layout-flow wp-block-column-is-layout-flow\"><\/div>\n<\/div>\n\n\n\n<div class=\"wp-block-columns alignwide has-3-columns is-layout-flex wp-container-core-columns-is-layout-9d6595d7 wp-block-columns-is-layout-flex\">\n<div class=\"wp-block-column is-layout-flow wp-block-column-is-layout-flow\"><div class=\"wp-block-erv-tile \">\n\t\t\t<div>\n\t\t\t<a href=\"https:\/\/evangelische-beratung.com\/en\/sozialberatung\/sozialberatung-fuer-migranten-und-fluechtlinge\/\" tabindex=\"-1\" aria-hidden=\"true\" ><\/a>\n\t\t\t<h2 class=\"tile-title\"><a href=\"https:\/\/evangelische-beratung.com\/en\/sozialberatung\/sozialberatung-fuer-migranten-und-fluechtlinge\/\" >Social Counselling and Advice for Migrants and Refugees<\/a><\/h2>\n\t\t\t\n\t\t\t<p aria-hidden=\"true\" class=\"-is-micro\"><svg xmlns=\"http:\/\/www.w3.org\/2000\/svg\" viewBox=\"0 0 13 10\"><path d=\"M1.5 5H12M8 1l4 4-4 4\" fill=\"none\" stroke=\"#a22a45\" stroke-width=\"1.2\" stroke-linecap=\"round\" stroke-linejoin=\"round\"\/><\/svg><\/p>\n\t\t\t<\/div>\n\t\t<\/div><\/div>\n\n\n\n<div class=\"wp-block-column is-layout-flow wp-block-column-is-layout-flow\"><div class=\"wp-block-erv-tile \">\n\t\t\t<div>\n\t\t\t<a href=\"https:\/\/evangelische-beratung.com\/en\/sozialberatung\/migrationsberatung-fuer-erwachsene-zugewanderte-mbe\/\" tabindex=\"-1\" aria-hidden=\"true\" ><\/a>\n\t\t\t<h2 class=\"tile-title\"><a href=\"https:\/\/evangelische-beratung.com\/en\/sozialberatung\/migrationsberatung-fuer-erwachsene-zugewanderte-mbe\/\" >Migration Consultation for Adult Migrants (MBE)<\/a><\/h2>\n\t\t\t\n\t\t\t<p aria-hidden=\"true\" class=\"-is-micro\"><svg xmlns=\"http:\/\/www.w3.org\/2000\/svg\" viewBox=\"0 0 13 10\"><path d=\"M1.5 5H12M8 1l4 4-4 4\" fill=\"none\" stroke=\"#a22a45\" stroke-width=\"1.2\" stroke-linecap=\"round\" stroke-linejoin=\"round\"\/><\/svg><\/p>\n\t\t\t<\/div>\n\t\t<\/div><\/div>\n\n\n\n<div class=\"wp-block-column is-layout-flow wp-block-column-is-layout-flow\"><div class=\"wp-block-erv-tile \">\n\t\t\t<div>\n\t\t\t<a href=\"https:\/\/evangelische-beratung.com\/en\/sozialberatung\/allgemeine-lebensberatung\/\" tabindex=\"-1\" aria-hidden=\"true\" ><\/a>\n\t\t\t<h2 class=\"tile-title\"><a href=\"https:\/\/evangelische-beratung.com\/en\/sozialberatung\/allgemeine-lebensberatung\/\" >General Life Counselling<\/a><\/h2>\n\t\t\t\n\t\t\t<p aria-hidden=\"true\" class=\"-is-micro\"><svg xmlns=\"http:\/\/www.w3.org\/2000\/svg\" viewBox=\"0 0 13 10\"><path d=\"M1.5 5H12M8 1l4 4-4 4\" fill=\"none\" stroke=\"#a22a45\" stroke-width=\"1.2\" stroke-linecap=\"round\" stroke-linejoin=\"round\"\/><\/svg><\/p>\n\t\t\t<\/div>\n\t\t<\/div><\/div>\n<\/div>\n\n\n\n<div class=\"wp-block-erv-container -has-background\">\n<div class=\"wp-block-columns alignwide has-2-columns is-layout-flex wp-container-core-columns-is-layout-9d6595d7 wp-block-columns-is-layout-flex\">\n<div class=\"wp-block-column is-layout-flow wp-block-column-is-layout-flow\">\n<p class=\"is-style-roof-line\">contact<\/p>\n\n\n\n<h2 class=\"wp-block-heading\">Social Counselling <\/h2>\n\n\n\n<p class=\"is-style-teaser phone\">069 \/ 530 2 291 <\/p>\n\n\n\n<p class=\"is-style-micro\">Mondays 9:30\u201312:30 Uhr <br>Thursdays14:00\u201317:30 Uhr<br>Also we provide the possibility of individual appointments.<\/p>\n<\/div>\n\n\n\n<div class=\"wp-block-column is-layout-flow wp-block-column-is-layout-flow\"><\/div>\n<\/div>\n<\/div>\n\n\n\n<p style=\"text-align:center\" class=\"is-style-roof-line\"><strong>Your contact persons at Evangelisches Zentrum f\u00fcr Beratung &amp; Therapie am Wei\u00dfen Stein<\/strong><\/p>\n\n\n\n<div class=\"wp-block-columns alignwide has-3-columns is-layout-flex wp-container-core-columns-is-layout-9d6595d7 wp-block-columns-is-layout-flex\">\n<div class=\"wp-block-column is-layout-flow wp-block-column-is-layout-flow\">\n<div class=\"wp-block-erv-id-card\"><div class=\"id-card-content\"><figure class=\"id-card-photo\"><img decoding=\"async\" src=\"https:\/\/evangelische-beratung.com\/en\/wp-content\/uploads\/sites\/3\/2019\/08\/Kahraman-Topuz_Sozialberatung-fu\u0308r-Migranten.jpg\" class=\"wp-image-300\"\/><\/figure><div class=\"id-card-details\"><p class=\"id-card-name\">Kahraman Topuz<\/p><p class=\"id-card-job\">Migrationsberatung<\/p><p class=\"id-card-location\">Frankfurt<\/p><p class=\"id-card-phone\">069 \/ 53 02 291<\/p><p class=\"id-card-email\"><a href=\"&#x6d;&#x61;&#x69;&#x6c;&#116;&#111;&#58;&#107;ahr&#x61;&#x6d;&#x61;&#x6e;&#x2e;&#116;&#111;&#112;uz&#64;&#x66;&#x72;&#x61;&#x6e;&#x6b;&#102;&#117;&#114;t-e&#x76;&#x61;&#x6e;&#x67;&#x65;&#108;&#105;&#115;ch&#46;&#x64;&#x65;\">E-Mail<\/a><\/p><\/div><\/div><\/div>\n\n\n\n<div class=\"wp-block-erv-id-card\"><div class=\"id-card-content\"><figure class=\"id-card-photo\"><img decoding=\"async\" src=\"https:\/\/evangelische-beratung.com\/wp-content\/uploads\/2020\/01\/portrait_platzhalter-1-300x300.jpg\" \/><\/figure><div class=\"id-card-details\"><p class=\"id-card-name\">Malale Schokory<\/p><p class=\"id-card-job\">Beratung<\/p><p class=\"id-card-location\">Ev. Zentrum am Wei\u00dfen Stein<\/p><p class=\"id-card-phone\">069 \/ 53 02 159<\/p><p class=\"id-card-email\"><a href=\"m&#97;&#105;&#x6c;&#x74;&#x6f;:m&#105;&#103;&#x72;&#x61;&#x74;i&#111;&#110;&#115;&#x62;&#x65;&#x72;a&#116;&#117;&#x6e;&#x67;&#x40;fr&#97;&#110;&#x6b;&#x66;&#x75;r&#116;&#45;&#101;&#x76;&#x61;&#x6e;g&#101;&#108;&#x69;&#x73;&#x63;h&#46;&#100;&#101;\">E-Mail<\/a><\/p><\/div><\/div><\/div>\n<\/div>\n\n\n\n<div class=\"wp-block-column is-layout-flow wp-block-column-is-layout-flow\">\n<div class=\"wp-block-erv-id-card\"><div class=\"id-card-content\"><figure class=\"id-card-photo\"><img decoding=\"async\" src=\"https:\/\/evangelische-beratung.com\/wp-content\/uploads\/2019\/08\/Atiyqullah-Maywand-300x200.jpg\" \/><\/figure><div class=\"id-card-details\"><p class=\"id-card-name\">Atiyqullah Maywand<\/p><p class=\"id-card-job\">Beratung<\/p><p class=\"id-card-location\">Frankfurt<\/p><p class=\"id-card-phone\">069 \/ 53 02 291<\/p><p class=\"id-card-email\"><a href=\"ma&#105;&#108;&#116;&#x6f;&#x3a;&#x61;&#x74;iy&#113;&#117;&#108;&#x6c;&#x61;&#x68;&#x2e;ma&#121;&#119;&#97;&#x6e;&#x64;&#x40;&#x66;ra&#110;&#107;&#102;&#x75;&#x72;&#x74;&#x2d;ev&#97;&#110;&#103;&#x65;&#x6c;&#x69;&#x73;ch&#46;&#100;&#101;\">E-Mail<\/a><\/p><\/div><\/div><\/div>\n\n\n\n<div class=\"wp-block-erv-id-card\"><div class=\"id-card-content\"><figure class=\"id-card-photo\"><img decoding=\"async\" src=\"https:\/\/evangelische-beratung.com\/wp-content\/uploads\/2020\/01\/Kahraman-Topuz_Sozialberatung-fuer-Migranten-2-300x200.jpg\" \/><\/figure><div class=\"id-card-details\"><p class=\"id-card-name\">Kahraman Topuz<\/p><p class=\"id-card-job\">Beratung<\/p><p class=\"id-card-location\">Ev. Zentrum am Wei\u00dfen Stein<\/p><p class=\"id-card-phone\">069 \/ 53 02 159<\/p><p class=\"id-card-email\"><a href=\"&#109;&#x61;&#105;&#x6c;&#116;&#x6f;&#58;&#x6d;&#105;&#x67;&#114;&#x61;t&#x69;o&#x6e;s&#x62;e&#x72;a&#x74;u&#110;&#x67;&#64;&#x66;&#114;&#x61;&#110;&#x6b;&#102;&#x75;&#114;&#x74;&#45;&#x65;v&#x61;n&#x67;e&#x6c;i&#x73;c&#x68;&#46;&#100;&#x65;\">E-Mail<\/a><\/p><\/div><\/div><\/div>\n\n\n\n<p><\/p>\n<\/div>\n\n\n\n<div class=\"wp-block-column is-layout-flow wp-block-column-is-layout-flow\">\n<div class=\"wp-block-erv-id-card\"><div class=\"id-card-content\"><figure class=\"id-card-photo\"><img decoding=\"async\" src=\"https:\/\/evangelische-beratung.com\/wp-content\/uploads\/2023\/09\/EWA-Maksym-Akdogan-212x300.png\" \/><\/figure><div class=\"id-card-details\"><p class=\"id-card-name\">Ewa Maksym-Akdogan<\/p><p class=\"id-card-job\">Sekretariat<\/p><p class=\"id-card-location\">Frankfurt<\/p><p class=\"id-card-phone\">069 \/ 53 02 159<\/p><p class=\"id-card-email\"><a href=\"ma&#105;&#108;&#116;&#x6f;&#x3a;&#x6d;&#x69;gr&#97;&#116;&#105;&#x6f;&#x6e;&#x73;&#x62;er&#97;&#116;&#117;&#x6e;&#x67;&#x40;&#x66;ra&#110;&#107;&#102;&#x75;&#x72;&#x74;&#x2d;ev&#97;&#110;&#103;&#x65;&#x6c;&#x69;&#x73;ch&#46;&#100;&#101;\">E-Mail<\/a><\/p><\/div><\/div><\/div>\n<\/div>\n<\/div>\n\n\n\n<p style=\"text-align:center\" class=\"is-style-roof-line\"><strong>Your contact persons at Evangelisches&nbsp;Zentrum f\u00fcr&nbsp;Beratung in H\u00f6chst<\/strong><\/p>\n\n\n\n<div class=\"wp-block-columns alignwide has-2-columns -columns-equal-height is-layout-flex wp-container-core-columns-is-layout-9d6595d7 wp-block-columns-is-layout-flex\">\n<div class=\"wp-block-column is-layout-flow wp-block-column-is-layout-flow\">\n<div class=\"wp-block-erv-id-card\"><div class=\"id-card-content\"><figure class=\"id-card-photo\"><img decoding=\"async\" src=\"https:\/\/evangelische-beratung.com\/wp-content\/uploads\/2020\/01\/Leonie-Albert_Sozialberatung-Migranten-Hoechst-300x300.jpg\" \/><\/figure><div class=\"id-card-details\"><p class=\"id-card-name\">Leonie Albert<\/p><p class=\"id-card-job\">Leitung Sozial- und Migrationsberatung<\/p><p class=\"id-card-location\">Frankfurt<\/p><p class=\"id-card-phone\">069 \/ 75 93 672 40<\/p><p class=\"id-card-email\"><a href=\"m&#97;&#x69;&#x6c;&#x74;o&#58;&#x6d;&#x69;&#x67;r&#97;&#x74;&#x69;&#x6f;n&#115;&#x62;&#x65;&#x72;a&#116;&#x75;&#x6e;&#x67;&#46;&#104;&#x6f;&#x65;&#x63;h&#115;&#x74;&#x40;&#x66;r&#97;&#x6e;&#x6b;&#x66;u&#114;&#x74;&#x2d;&#x65;v&#97;&#x6e;&#x67;&#x65;l&#105;&#x73;&#x63;&#x68;&#46;&#100;&#x65;\">E-Mail<\/a><\/p><\/div><\/div><\/div>\n<\/div>\n\n\n\n<div class=\"wp-block-column is-layout-flow wp-block-column-is-layout-flow\">\n<div class=\"wp-block-erv-id-card\"><div class=\"id-card-content\"><figure class=\"id-card-photo\"><img decoding=\"async\" src=\"https:\/\/evangelische-beratung.com\/wp-content\/uploads\/2020\/01\/Mehari-Dunfu_Sozialberatung-Migranten-Hoechst-300x300.jpg\" \/><\/figure><div class=\"id-card-details\"><p class=\"id-card-name\">Mehari Dunfu<\/p><p class=\"id-card-job\">Beratung<\/p><p class=\"id-card-location\">H\u00f6chst<\/p><p class=\"id-card-phone\">069 \/ 75 93 672 40<\/p><p class=\"id-card-email\"><a href=\"mail&#116;&#111;&#58;&#109;&#105;&#103;&#114;&#x61;&#x74;&#x69;&#x6f;&#x6e;&#x73;&#x62;&#x65;&#x72;atun&#103;&#46;&#104;&#111;&#101;&#99;&#104;&#x73;&#x74;&#x40;&#x66;&#x72;&#x61;&#x6e;&#x6b;&#x66;urt-&#101;&#118;&#97;&#110;&#103;&#101;&#108;&#x69;&#x73;&#x63;&#x68;&#x2e;&#x64;&#x65;\">E-Mail<\/a><\/p><\/div><\/div><\/div>\n<\/div>\n<\/div>\n\n\n\n<p style=\"text-align:center\" class=\"is-style-roof-line\"><strong>Your contact persons at Evangelisches\u00a0Zentrum f\u00fcr\u00a0Beratung in H\u00f6chst<\/strong><\/p>\n\n\n\n<div class=\"wp-block-columns alignwide has-3-columns is-layout-flex wp-container-core-columns-is-layout-9d6595d7 wp-block-columns-is-layout-flex\">\n<div class=\"wp-block-column is-layout-flow wp-block-column-is-layout-flow\">\n<div class=\"wp-block-erv-id-card\"><div class=\"id-card-content\"><figure class=\"id-card-photo\"><img decoding=\"async\" src=\"https:\/\/evangelische-beratung.com\/wp-content\/uploads\/2020\/01\/portrait_platzhalter-1-300x300.jpg\" \/><\/figure><div class=\"id-card-details\"><p class=\"id-card-name\">Stephanie Laier<\/p><p class=\"id-card-job\">Verwaltung<\/p><p class=\"id-card-location\">Offenbach<\/p><p class=\"id-card-phone\">069 \/ 82 97 70 99<\/p><p class=\"id-card-email\"><a href=\"&#109;&#x61;i&#108;&#x74;o&#58;&#x6d;i&#103;&#x72;a&#116;&#x69;o&#110;&#x73;b&#101;&#x72;a&#116;&#x75;n&#103;&#x40;o&#102;&#x66;e&#110;&#x62;a&#x63;&#x68;-&#x65;&#x76;&#97;&#x6e;&#x67;&#101;&#x6c;&#x69;&#115;&#x63;&#x68;&#46;&#x64;&#x65;\">E-Mail<\/a><\/p><\/div><\/div><\/div>\n\n\n\n<div class=\"wp-block-erv-id-card\"><div class=\"id-card-content\"><figure class=\"id-card-photo\"><img decoding=\"async\" src=\"https:\/\/evangelische-beratung.com\/wp-content\/uploads\/2020\/01\/portrait_platzhalter-1-300x300.jpg\" \/><\/figure><div class=\"id-card-details\"><p class=\"id-card-name\">Anastassia-Tasoula Pentidou <\/p><p class=\"id-card-job\">Beratung<\/p><p class=\"id-card-location\">Ev. Beratungszentrum Offenbach<\/p><p class=\"id-card-phone\">069 \/ 82 97 70 99<\/p><p class=\"id-card-email\"><a href=\"&#x6d;&#97;i&#x6c;&#x74;&#111;:&#x6d;&#105;g&#x72;&#x61;&#116;i&#x6f;&#110;s&#x62;&#x65;&#114;a&#x74;&#x75;&#110;&#x67;&#x40;&#111;f&#x66;&#x65;&#110;b&#x61;&#99;h&#x2d;&#x65;&#118;a&#x6e;&#103;e&#x6c;&#x69;&#115;c&#x68;&#x2e;&#100;&#x65;\">E-Mail<\/a><\/p><\/div><\/div><\/div>\n\n\n\n<p><\/p>\n<\/div>\n\n\n\n<div class=\"wp-block-column is-layout-flow wp-block-column-is-layout-flow\"><\/div>\n\n\n\n<div class=\"wp-block-column is-layout-flow wp-block-column-is-layout-flow\">\n<div class=\"wp-block-erv-id-card\"><div class=\"id-card-content\"><figure class=\"id-card-photo\"><img decoding=\"async\" src=\"https:\/\/evangelische-beratung.com\/wp-content\/uploads\/2022\/10\/Bild-Barbara-Schwab-225x300.jpg\" \/><\/figure><div class=\"id-card-details\"><p class=\"id-card-name\">Barbara Schwab<\/p><p class=\"id-card-job\">Beratung<\/p><p class=\"id-card-location\">Offenbach<\/p><p class=\"id-card-phone\">069 \/ 82 97 70 99<\/p><p class=\"id-card-email\"><a href=\"m&#97;&#x69;&#x6c;&#x74;o&#58;&#98;&#x65;&#x72;a&#116;&#117;&#x6e;&#x67;sz&#101;&#x6e;&#x74;&#x72;u&#109;&#x40;&#x6f;&#x66;f&#101;&#110;&#x62;&#x61;c&#104;&#45;&#x65;&#x76;an&#103;&#x65;&#x6c;&#x69;s&#99;&#104;&#x2e;&#x64;e\">E-Mail<\/a><\/p><\/div><\/div><\/div>\n<\/div>\n<\/div>\n","protected":false},"excerpt":{"rendered":"<p>Not everything in life tends to run according to plan. We\u2019re there for you, for example if you need general or migration-related advice. Your contact persons at Evangelisches Zentrum f\u00fcr Beratung &amp; Therapie am Wei\u00dfen Stein Your contact persons at Evangelisches&nbsp;Zentrum f\u00fcr&nbsp;Beratung in H\u00f6chst Your contact persons at Evangelisches\u00a0Zentrum f\u00fcr\u00a0Beratung in H\u00f6chst<\/p>\n","protected":false},"author":36,"featured_media":590,"parent":0,"menu_order":0,"comment_status":"closed","ping_status":"closed","template":"","meta":{"footnotes":""},"class_list":["post-40","page","type-page","status-publish","has-post-thumbnail","hentry"],"yoast_head":"<!-- This site is optimized with the Yoast SEO plugin v27.4 - https:\/\/yoast.com\/product\/yoast-seo-wordpress\/ -->\n<title>Social Counselling - Evangelischer Regionalverband<\/title>\n<meta name=\"robots\" content=\"index, follow, max-snippet:-1, max-image-preview:large, max-video-preview:-1\" \/>\n<link rel=\"canonical\" href=\"https:\/\/evangelische-beratung.com\/en\/sozialberatung\/\" \/>\n<meta property=\"og:locale\" content=\"en_US\" \/>\n<meta property=\"og:type\" content=\"article\" \/>\n<meta property=\"og:title\" content=\"Social Counselling - Evangelischer Regionalverband\" \/>\n<meta property=\"og:description\" content=\"Not everything in life tends to run according to plan. We\u2019re there for you, for example if you need general or migration-related advice. Your contact persons at Evangelisches Zentrum f\u00fcr Beratung &amp; Therapie am Wei\u00dfen Stein Your contact persons at Evangelisches&nbsp;Zentrum f\u00fcr&nbsp;Beratung in H\u00f6chst Your contact persons at Evangelisches\u00a0Zentrum f\u00fcr\u00a0Beratung in H\u00f6chst\" \/>\n<meta property=\"og:url\" content=\"https:\/\/evangelische-beratung.com\/en\/sozialberatung\/\" \/>\n<meta property=\"og:site_name\" content=\"Evangelischer Regionalverband\" \/>\n<meta property=\"article:modified_time\" content=\"2026-04-14T07:36:50+00:00\" \/>\n<meta property=\"og:image\" content=\"https:\/\/evangelische-beratung.com\/en\/wp-content\/uploads\/sites\/3\/2019\/10\/sozialberatung-fur-migranten-zentrum-am-weissen-stein.jpg\" \/>\n\t<meta property=\"og:image:width\" content=\"1920\" \/>\n\t<meta property=\"og:image:height\" content=\"1282\" \/>\n\t<meta property=\"og:image:type\" content=\"image\/jpeg\" \/>\n<meta name=\"twitter:card\" content=\"summary_large_image\" \/>\n<script type=\"application\/ld+json\" class=\"yoast-schema-graph\">{\"@context\":\"https:\\\/\\\/schema.org\",\"@graph\":[{\"@type\":\"WebPage\",\"@id\":\"https:\\\/\\\/evangelische-beratung.com\\\/en\\\/sozialberatung\\\/\",\"url\":\"https:\\\/\\\/evangelische-beratung.com\\\/en\\\/sozialberatung\\\/\",\"name\":\"Social Counselling - Evangelischer Regionalverband\",\"isPartOf\":{\"@id\":\"https:\\\/\\\/evangelische-beratung.com\\\/en\\\/#website\"},\"primaryImageOfPage\":{\"@id\":\"https:\\\/\\\/evangelische-beratung.com\\\/en\\\/sozialberatung\\\/#primaryimage\"},\"image\":{\"@id\":\"https:\\\/\\\/evangelische-beratung.com\\\/en\\\/sozialberatung\\\/#primaryimage\"},\"thumbnailUrl\":\"https:\\\/\\\/evangelische-beratung.com\\\/en\\\/wp-content\\\/uploads\\\/sites\\\/3\\\/2019\\\/10\\\/sozialberatung-fur-migranten-zentrum-am-weissen-stein.jpg\",\"datePublished\":\"2019-07-21T20:19:34+00:00\",\"dateModified\":\"2026-04-14T07:36:50+00:00\",\"breadcrumb\":{\"@id\":\"https:\\\/\\\/evangelische-beratung.com\\\/en\\\/sozialberatung\\\/#breadcrumb\"},\"inLanguage\":\"en-US\",\"potentialAction\":[{\"@type\":\"ReadAction\",\"target\":[\"https:\\\/\\\/evangelische-beratung.com\\\/en\\\/sozialberatung\\\/\"]}]},{\"@type\":\"ImageObject\",\"inLanguage\":\"en-US\",\"@id\":\"https:\\\/\\\/evangelische-beratung.com\\\/en\\\/sozialberatung\\\/#primaryimage\",\"url\":\"https:\\\/\\\/evangelische-beratung.com\\\/en\\\/wp-content\\\/uploads\\\/sites\\\/3\\\/2019\\\/10\\\/sozialberatung-fur-migranten-zentrum-am-weissen-stein.jpg\",\"contentUrl\":\"https:\\\/\\\/evangelische-beratung.com\\\/en\\\/wp-content\\\/uploads\\\/sites\\\/3\\\/2019\\\/10\\\/sozialberatung-fur-migranten-zentrum-am-weissen-stein.jpg\",\"width\":1920,\"height\":1282},{\"@type\":\"BreadcrumbList\",\"@id\":\"https:\\\/\\\/evangelische-beratung.com\\\/en\\\/sozialberatung\\\/#breadcrumb\",\"itemListElement\":[{\"@type\":\"ListItem\",\"position\":1,\"name\":\"Startseite\",\"item\":\"https:\\\/\\\/evangelische-beratung.com\\\/en\\\/\"},{\"@type\":\"ListItem\",\"position\":2,\"name\":\"Social Counselling\"}]},{\"@type\":\"WebSite\",\"@id\":\"https:\\\/\\\/evangelische-beratung.com\\\/en\\\/#website\",\"url\":\"https:\\\/\\\/evangelische-beratung.com\\\/en\\\/\",\"name\":\"Evangelischer Regionalverband\",\"description\":\"\",\"publisher\":{\"@id\":\"https:\\\/\\\/evangelische-beratung.com\\\/en\\\/#organization\"},\"potentialAction\":[{\"@type\":\"SearchAction\",\"target\":{\"@type\":\"EntryPoint\",\"urlTemplate\":\"https:\\\/\\\/evangelische-beratung.com\\\/en\\\/?s={search_term_string}\"},\"query-input\":{\"@type\":\"PropertyValueSpecification\",\"valueRequired\":true,\"valueName\":\"search_term_string\"}}],\"inLanguage\":\"en-US\"},{\"@type\":\"Organization\",\"@id\":\"https:\\\/\\\/evangelische-beratung.com\\\/en\\\/#organization\",\"name\":\"Evangelischer Regionalverband\",\"url\":\"https:\\\/\\\/evangelische-beratung.com\\\/en\\\/\",\"logo\":{\"@type\":\"ImageObject\",\"inLanguage\":\"en-US\",\"@id\":\"https:\\\/\\\/evangelische-beratung.com\\\/en\\\/#\\\/schema\\\/logo\\\/image\\\/\",\"url\":\"https:\\\/\\\/evangelische-beratung.com\\\/en\\\/wp-content\\\/uploads\\\/sites\\\/3\\\/2019\\\/07\\\/erv-logo.svg\",\"contentUrl\":\"https:\\\/\\\/evangelische-beratung.com\\\/en\\\/wp-content\\\/uploads\\\/sites\\\/3\\\/2019\\\/07\\\/erv-logo.svg\",\"width\":382,\"height\":85,\"caption\":\"Evangelischer Regionalverband\"},\"image\":{\"@id\":\"https:\\\/\\\/evangelische-beratung.com\\\/en\\\/#\\\/schema\\\/logo\\\/image\\\/\"}}]}<\/script>\n<!-- \/ Yoast SEO plugin. -->","yoast_head_json":{"title":"Social Counselling - Evangelischer Regionalverband","robots":{"index":"index","follow":"follow","max-snippet":"max-snippet:-1","max-image-preview":"max-image-preview:large","max-video-preview":"max-video-preview:-1"},"canonical":"https:\/\/evangelische-beratung.com\/en\/sozialberatung\/","og_locale":"en_US","og_type":"article","og_title":"Social Counselling - Evangelischer Regionalverband","og_description":"Not everything in life tends to run according to plan. We\u2019re there for you, for example if you need general or migration-related advice. Your contact persons at Evangelisches Zentrum f\u00fcr Beratung &amp; Therapie am Wei\u00dfen Stein Your contact persons at Evangelisches&nbsp;Zentrum f\u00fcr&nbsp;Beratung in H\u00f6chst Your contact persons at Evangelisches\u00a0Zentrum f\u00fcr\u00a0Beratung in H\u00f6chst","og_url":"https:\/\/evangelische-beratung.com\/en\/sozialberatung\/","og_site_name":"Evangelischer Regionalverband","article_modified_time":"2026-04-14T07:36:50+00:00","og_image":[{"width":1920,"height":1282,"url":"https:\/\/evangelische-beratung.com\/en\/wp-content\/uploads\/sites\/3\/2019\/10\/sozialberatung-fur-migranten-zentrum-am-weissen-stein.jpg","type":"image\/jpeg"}],"twitter_card":"summary_large_image","schema":{"@context":"https:\/\/schema.org","@graph":[{"@type":"WebPage","@id":"https:\/\/evangelische-beratung.com\/en\/sozialberatung\/","url":"https:\/\/evangelische-beratung.com\/en\/sozialberatung\/","name":"Social Counselling - Evangelischer Regionalverband","isPartOf":{"@id":"https:\/\/evangelische-beratung.com\/en\/#website"},"primaryImageOfPage":{"@id":"https:\/\/evangelische-beratung.com\/en\/sozialberatung\/#primaryimage"},"image":{"@id":"https:\/\/evangelische-beratung.com\/en\/sozialberatung\/#primaryimage"},"thumbnailUrl":"https:\/\/evangelische-beratung.com\/en\/wp-content\/uploads\/sites\/3\/2019\/10\/sozialberatung-fur-migranten-zentrum-am-weissen-stein.jpg","datePublished":"2019-07-21T20:19:34+00:00","dateModified":"2026-04-14T07:36:50+00:00","breadcrumb":{"@id":"https:\/\/evangelische-beratung.com\/en\/sozialberatung\/#breadcrumb"},"inLanguage":"en-US","potentialAction":[{"@type":"ReadAction","target":["https:\/\/evangelische-beratung.com\/en\/sozialberatung\/"]}]},{"@type":"ImageObject","inLanguage":"en-US","@id":"https:\/\/evangelische-beratung.com\/en\/sozialberatung\/#primaryimage","url":"https:\/\/evangelische-beratung.com\/en\/wp-content\/uploads\/sites\/3\/2019\/10\/sozialberatung-fur-migranten-zentrum-am-weissen-stein.jpg","contentUrl":"https:\/\/evangelische-beratung.com\/en\/wp-content\/uploads\/sites\/3\/2019\/10\/sozialberatung-fur-migranten-zentrum-am-weissen-stein.jpg","width":1920,"height":1282},{"@type":"BreadcrumbList","@id":"https:\/\/evangelische-beratung.com\/en\/sozialberatung\/#breadcrumb","itemListElement":[{"@type":"ListItem","position":1,"name":"Startseite","item":"https:\/\/evangelische-beratung.com\/en\/"},{"@type":"ListItem","position":2,"name":"Social Counselling"}]},{"@type":"WebSite","@id":"https:\/\/evangelische-beratung.com\/en\/#website","url":"https:\/\/evangelische-beratung.com\/en\/","name":"Evangelischer Regionalverband","description":"","publisher":{"@id":"https:\/\/evangelische-beratung.com\/en\/#organization"},"potentialAction":[{"@type":"SearchAction","target":{"@type":"EntryPoint","urlTemplate":"https:\/\/evangelische-beratung.com\/en\/?s={search_term_string}"},"query-input":{"@type":"PropertyValueSpecification","valueRequired":true,"valueName":"search_term_string"}}],"inLanguage":"en-US"},{"@type":"Organization","@id":"https:\/\/evangelische-beratung.com\/en\/#organization","name":"Evangelischer Regionalverband","url":"https:\/\/evangelische-beratung.com\/en\/","logo":{"@type":"ImageObject","inLanguage":"en-US","@id":"https:\/\/evangelische-beratung.com\/en\/#\/schema\/logo\/image\/","url":"https:\/\/evangelische-beratung.com\/en\/wp-content\/uploads\/sites\/3\/2019\/07\/erv-logo.svg","contentUrl":"https:\/\/evangelische-beratung.com\/en\/wp-content\/uploads\/sites\/3\/2019\/07\/erv-logo.svg","width":382,"height":85,"caption":"Evangelischer Regionalverband"},"image":{"@id":"https:\/\/evangelische-beratung.com\/en\/#\/schema\/logo\/image\/"}}]}},"_links":{"self":[{"href":"https:\/\/evangelische-beratung.com\/en\/wp-json\/wp\/v2\/pages\/40","targetHints":{"allow":["GET"]}}],"collection":[{"href":"https:\/\/evangelische-beratung.com\/en\/wp-json\/wp\/v2\/pages"}],"about":[{"href":"https:\/\/evangelische-beratung.com\/en\/wp-json\/wp\/v2\/types\/page"}],"author":[{"embeddable":true,"href":"https:\/\/evangelische-beratung.com\/en\/wp-json\/wp\/v2\/users\/36"}],"replies":[{"embeddable":true,"href":"https:\/\/evangelische-beratung.com\/en\/wp-json\/wp\/v2\/comments?post=40"}],"version-history":[{"count":1,"href":"https:\/\/evangelische-beratung.com\/en\/wp-json\/wp\/v2\/pages\/40\/revisions"}],"predecessor-version":[{"id":1035,"href":"https:\/\/evangelische-beratung.com\/en\/wp-json\/wp\/v2\/pages\/40\/revisions\/1035"}],"wp:featuredmedia":[{"embeddable":true,"href":"https:\/\/evangelische-beratung.com\/en\/wp-json\/wp\/v2\/media\/590"}],"wp:attachment":[{"href":"https:\/\/evangelische-beratung.com\/en\/wp-json\/wp\/v2\/media?parent=40"}],"curies":[{"name":"wp","href":"https:\/\/api.w.org\/{rel}","templated":true}]}}