{"id":12,"date":"2019-07-12T11:06:38","date_gmt":"2019-07-12T09:06:38","guid":{"rendered":"https:\/\/erv.test\/?page_id=11"},"modified":"2019-08-28T12:26:47","modified_gmt":"2019-08-28T10:26:47","slug":"ehrenamt","status":"publish","type":"page","link":"https:\/\/evangelische-beratung.com\/en\/ehrenamt\/","title":{"rendered":"Ehrenamt"},"content":{"rendered":"\n<h2 class=\"wp-block-heading\"><strong>Es gibt viele Gr\u00fcnde, sich ehrenamtlich zu engagieren<\/strong><\/h2>\n\n\n\n<ul class=\"wp-block-list\"><li>Sie sind auf der Suche nach\n     einem Engagement w\u00e4hrend Ihres Ruhestands?<\/li><li>Sie m\u00f6chten Ihre Erfahrungen,\n     Ihr Wissen und Ihre Zeit f\u00fcr Mitmenschen einsetzen?<\/li><li>Sie suchen einen Ausgleich zum Berufsalltag?<\/li><\/ul>\n\n\n\n<p>Wir bieten\neinen guten Rahmen f\u00fcr Ihr Ehrenamt mit Einarbeitung, Begleitung und\nQualifikation. <\/p>\n\n\n\n<h2 class=\"wp-block-heading\"><strong>Wieviel Zeit brauchen Sie<\/strong><\/h2>\n\n\n\n<p>Der\nzeitliche Rahmen Ihres Engagements kann am besten in einem pers\u00f6nlichen\nGespr\u00e4ch mit unseren Berater*innen gekl\u00e4rt werden. In der Regel richtet er sich\naber ganz nach Ihrem gew\u00fcnschten Einsatzfeld und Ihren individuellen M\u00f6glichkeiten.<\/p>\n\n\n\n<h2 class=\"wp-block-heading\"><strong>M\u00f6glichkeiten zur freiwilligen Mitarbeit<\/strong><\/h2>\n\n\n\n<p>In unseren Einrichtungen gibt es eine Vielzahl von\nfreiwilligen Engagement-M\u00f6glichkeiten. Unsere Mitarbeiter*innen stehen gerne\nf\u00fcr ein erstes unverbindliches Gespr\u00e4ch zur Verf\u00fcgung: Erfahren Sie hier mehr:<\/p>\n\n\n\n<h2 class=\"wp-block-heading\"><strong>Suchtselbsthilfe\n\u201eFreundeskreis Frankfurt und Offenbach\u201c <\/strong><\/h2>\n\n\n\n<p>Menschen, die selbst einen Weg aus der Sucht gefunden haben, spielen eine wichtige Rolle bei der Unterst\u00fctzung von Menschen mit Alkoholproblemen und anderen Suchterkrankungen. Sie engagieren sich als ehrenamtliche Mitarbeiter*innen und stellen ihre Kenntnisse und Erfahrungen zur Verf\u00fcgung. Sie wissen, wovon sie sprechen. Schlie\u00dflich waren sie selbst abh\u00e4ngig und haben sich dar\u00fcber hinaus im Rahmen einer Schulung f\u00fcr ehrenamtliche Suchthelfer f\u00fcr ihre Aufgabe qualifiziert. <\/p>\n\n\n\n<p><strong>Erfahren Sie hier mehr \u00fcber die ehrenamtlichen Freundeskreise der evangelischen Suchtselbsthilfe Frankfurt und Offenbach<\/strong>:<\/p>\n\n\n<div class=\"wp-block-erv-tile \">\n\t\t\t<div>\n\t\t\t<a href=\"https:\/\/evangelische-beratung.com\/en\/sucht\/alkohol\/sucht-und-alter-2\/\" tabindex=\"-1\" aria-hidden=\"true\" ><\/a>\n\t\t\t<h2 class=\"tile-title\"><a href=\"https:\/\/evangelische-beratung.com\/en\/sucht\/alkohol\/sucht-und-alter-2\/\" >Addiction and Age<\/a><\/h2>\n\t\t\t\n\t\t\t<p aria-hidden=\"true\" class=\"-is-micro\"><svg xmlns=\"http:\/\/www.w3.org\/2000\/svg\" viewBox=\"0 0 13 10\"><path d=\"M1.5 5H12M8 1l4 4-4 4\" fill=\"none\" stroke=\"#a22a45\" stroke-width=\"1.2\" stroke-linecap=\"round\" stroke-linejoin=\"round\"\/><\/svg><\/p>\n\t\t\t<\/div>\n\t\t<\/div>\n\n\n<h2 class=\"wp-block-heading\"><strong>Socius\nMentorenprogramm<\/strong><\/h2>\n\n\n\n<p>Seit 2012 bilden wir im SOCIUS Mentorenprogramm ehrenamtliche zu Mentor*innen aus. Die Ehrenamtlichen unterst\u00fctzen Migrant*innen sowie Gefl\u00fcchtete, allesamt Klient*innen der Migrations- und Fl\u00fcchtlingsberatung des Evangelischen Regionalverbandes Frankfurt und Offenbach, in ihrem Alltag. Auf diese Aufgabe werden sie in mehreren Abend-, Tages- und Wochenendseminaren \u00fcber ein Jahr hinweg intensiv vorbereitet. <\/p>\n\n\n\n<p><strong>Erfahren Sie mehr \u00fcber das Ausbildungsprogramm<\/strong>:<\/p>\n\n\n\n<div class=\"wp-block-columns has-2-columns is-layout-flex wp-container-core-columns-is-layout-9d6595d7 wp-block-columns-is-layout-flex\">\n<div class=\"wp-block-column is-layout-flow wp-block-column-is-layout-flow\"><div class=\"wp-block-erv-tile \">\n\t\t\t<div>\n\t\t\t<a href=\"https:\/\/evangelische-beratung.com\/en\/migration-flucht\/mentorenprogramm-socius\/\" tabindex=\"-1\" aria-hidden=\"true\" ><\/a>\n\t\t\t<h2 class=\"tile-title\"><a href=\"https:\/\/evangelische-beratung.com\/en\/migration-flucht\/mentorenprogramm-socius\/\" >SOCIUS Mentoring Programme<\/a><\/h2>\n\t\t\t\n\t\t\t<p aria-hidden=\"true\" class=\"-is-micro\"><svg xmlns=\"http:\/\/www.w3.org\/2000\/svg\" viewBox=\"0 0 13 10\"><path d=\"M1.5 5H12M8 1l4 4-4 4\" fill=\"none\" stroke=\"#a22a45\" stroke-width=\"1.2\" stroke-linecap=\"round\" stroke-linejoin=\"round\"\/><\/svg><\/p>\n\t\t\t<\/div>\n\t\t<\/div><\/div>\n\n\n\n<div class=\"wp-block-column is-layout-flow wp-block-column-is-layout-flow\"><div class=\"wp-block-erv-tile \">\n\t\t\t<div>\n\t\t\t<a href=\"https:\/\/www.efo-magazin.de\/kirche\/wer-wir-sind\/ev-regionalverband\/fachbereich-i-beratung-bildung-jugend\/die-arbeitsbereiche-und-einrichtungen\/socius\/\" tabindex=\"-1\" aria-hidden=\"true\"  target=\"_blank\"><\/a>\n\t\t\t<h2 class=\"tile-title\"><a href=\"https:\/\/www.efo-magazin.de\/kirche\/wer-wir-sind\/ev-regionalverband\/fachbereich-i-beratung-bildung-jugend\/die-arbeitsbereiche-und-einrichtungen\/socius\/\"  target=\"_blank\">SOCIUS im EFO MAGAZIN<\/a><\/h2>\n\t\t\t\n\t\t\t<p aria-hidden=\"true\" class=\"-is-micro\">Go to website<svg xmlns=\"http:\/\/www.w3.org\/2000\/svg\" viewBox=\"0 0 13 10\"><path d=\"M1.5 5H12M8 1l4 4-4 4\" fill=\"none\" stroke=\"#a22a45\" stroke-width=\"1.2\" stroke-linecap=\"round\" stroke-linejoin=\"round\"\/><\/svg><\/p>\n\t\t\t<\/div>\n\t\t<\/div><\/div>\n<\/div>\n","protected":false},"excerpt":{"rendered":"<p>Es gibt viele Gr\u00fcnde, sich ehrenamtlich zu engagieren Sie sind auf der Suche nach einem Engagement w\u00e4hrend Ihres Ruhestands? Sie m\u00f6chten Ihre Erfahrungen, Ihr Wissen und Ihre Zeit f\u00fcr Mitmenschen einsetzen? Sie suchen einen Ausgleich zum Berufsalltag? Wir bieten einen guten Rahmen f\u00fcr Ihr Ehrenamt mit Einarbeitung, Begleitung und Qualifikation. Wieviel Zeit brauchen Sie Der [&hellip;]<\/p>\n","protected":false},"author":2,"featured_media":0,"parent":0,"menu_order":0,"comment_status":"closed","ping_status":"closed","template":"","meta":{"footnotes":""},"class_list":["post-12","page","type-page","status-publish","hentry"],"yoast_head":"<!-- This site is optimized with the Yoast SEO plugin v27.3 - https:\/\/yoast.com\/product\/yoast-seo-wordpress\/ -->\n<title>Ehrenamt - Evangelischer Regionalverband<\/title>\n<meta name=\"robots\" content=\"index, follow, max-snippet:-1, max-image-preview:large, max-video-preview:-1\" \/>\n<link rel=\"canonical\" href=\"https:\/\/evangelische-beratung.com\/en\/ehrenamt\/\" \/>\n<meta property=\"og:locale\" content=\"en_US\" \/>\n<meta property=\"og:type\" content=\"article\" \/>\n<meta property=\"og:title\" content=\"Ehrenamt - Evangelischer Regionalverband\" \/>\n<meta property=\"og:description\" content=\"Es gibt viele Gr\u00fcnde, sich ehrenamtlich zu engagieren Sie sind auf der Suche nach einem Engagement w\u00e4hrend Ihres Ruhestands? Sie m\u00f6chten Ihre Erfahrungen, Ihr Wissen und Ihre Zeit f\u00fcr Mitmenschen einsetzen? Sie suchen einen Ausgleich zum Berufsalltag? Wir bieten einen guten Rahmen f\u00fcr Ihr Ehrenamt mit Einarbeitung, Begleitung und Qualifikation. Wieviel Zeit brauchen Sie Der [&hellip;]\" \/>\n<meta property=\"og:url\" content=\"https:\/\/evangelische-beratung.com\/en\/ehrenamt\/\" \/>\n<meta property=\"og:site_name\" content=\"Evangelischer Regionalverband\" \/>\n<meta property=\"article:modified_time\" content=\"2019-08-28T10:26:47+00:00\" \/>\n<meta name=\"twitter:card\" content=\"summary_large_image\" \/>\n<meta name=\"twitter:label1\" content=\"Est. reading time\" \/>\n\t<meta name=\"twitter:data1\" content=\"1 minute\" \/>\n<script type=\"application\/ld+json\" class=\"yoast-schema-graph\">{\"@context\":\"https:\\\/\\\/schema.org\",\"@graph\":[{\"@type\":\"WebPage\",\"@id\":\"https:\\\/\\\/evangelische-beratung.com\\\/en\\\/ehrenamt\\\/\",\"url\":\"https:\\\/\\\/evangelische-beratung.com\\\/en\\\/ehrenamt\\\/\",\"name\":\"Ehrenamt - Evangelischer Regionalverband\",\"isPartOf\":{\"@id\":\"https:\\\/\\\/evangelische-beratung.com\\\/en\\\/#website\"},\"datePublished\":\"2019-07-12T09:06:38+00:00\",\"dateModified\":\"2019-08-28T10:26:47+00:00\",\"breadcrumb\":{\"@id\":\"https:\\\/\\\/evangelische-beratung.com\\\/en\\\/ehrenamt\\\/#breadcrumb\"},\"inLanguage\":\"en-US\",\"potentialAction\":[{\"@type\":\"ReadAction\",\"target\":[\"https:\\\/\\\/evangelische-beratung.com\\\/en\\\/ehrenamt\\\/\"]}]},{\"@type\":\"BreadcrumbList\",\"@id\":\"https:\\\/\\\/evangelische-beratung.com\\\/en\\\/ehrenamt\\\/#breadcrumb\",\"itemListElement\":[{\"@type\":\"ListItem\",\"position\":1,\"name\":\"Startseite\",\"item\":\"https:\\\/\\\/evangelische-beratung.com\\\/en\\\/\"},{\"@type\":\"ListItem\",\"position\":2,\"name\":\"Ehrenamt\"}]},{\"@type\":\"WebSite\",\"@id\":\"https:\\\/\\\/evangelische-beratung.com\\\/en\\\/#website\",\"url\":\"https:\\\/\\\/evangelische-beratung.com\\\/en\\\/\",\"name\":\"Evangelischer Regionalverband\",\"description\":\"\",\"publisher\":{\"@id\":\"https:\\\/\\\/evangelische-beratung.com\\\/en\\\/#organization\"},\"potentialAction\":[{\"@type\":\"SearchAction\",\"target\":{\"@type\":\"EntryPoint\",\"urlTemplate\":\"https:\\\/\\\/evangelische-beratung.com\\\/en\\\/?s={search_term_string}\"},\"query-input\":{\"@type\":\"PropertyValueSpecification\",\"valueRequired\":true,\"valueName\":\"search_term_string\"}}],\"inLanguage\":\"en-US\"},{\"@type\":\"Organization\",\"@id\":\"https:\\\/\\\/evangelische-beratung.com\\\/en\\\/#organization\",\"name\":\"Evangelischer Regionalverband\",\"url\":\"https:\\\/\\\/evangelische-beratung.com\\\/en\\\/\",\"logo\":{\"@type\":\"ImageObject\",\"inLanguage\":\"en-US\",\"@id\":\"https:\\\/\\\/evangelische-beratung.com\\\/en\\\/#\\\/schema\\\/logo\\\/image\\\/\",\"url\":\"https:\\\/\\\/evangelische-beratung.com\\\/en\\\/wp-content\\\/uploads\\\/sites\\\/3\\\/2019\\\/07\\\/erv-logo.svg\",\"contentUrl\":\"https:\\\/\\\/evangelische-beratung.com\\\/en\\\/wp-content\\\/uploads\\\/sites\\\/3\\\/2019\\\/07\\\/erv-logo.svg\",\"width\":382,\"height\":85,\"caption\":\"Evangelischer Regionalverband\"},\"image\":{\"@id\":\"https:\\\/\\\/evangelische-beratung.com\\\/en\\\/#\\\/schema\\\/logo\\\/image\\\/\"}}]}<\/script>\n<!-- \/ Yoast SEO plugin. -->","yoast_head_json":{"title":"Ehrenamt - Evangelischer Regionalverband","robots":{"index":"index","follow":"follow","max-snippet":"max-snippet:-1","max-image-preview":"max-image-preview:large","max-video-preview":"max-video-preview:-1"},"canonical":"https:\/\/evangelische-beratung.com\/en\/ehrenamt\/","og_locale":"en_US","og_type":"article","og_title":"Ehrenamt - Evangelischer Regionalverband","og_description":"Es gibt viele Gr\u00fcnde, sich ehrenamtlich zu engagieren Sie sind auf der Suche nach einem Engagement w\u00e4hrend Ihres Ruhestands? Sie m\u00f6chten Ihre Erfahrungen, Ihr Wissen und Ihre Zeit f\u00fcr Mitmenschen einsetzen? Sie suchen einen Ausgleich zum Berufsalltag? Wir bieten einen guten Rahmen f\u00fcr Ihr Ehrenamt mit Einarbeitung, Begleitung und Qualifikation. Wieviel Zeit brauchen Sie Der [&hellip;]","og_url":"https:\/\/evangelische-beratung.com\/en\/ehrenamt\/","og_site_name":"Evangelischer Regionalverband","article_modified_time":"2019-08-28T10:26:47+00:00","twitter_card":"summary_large_image","twitter_misc":{"Est. reading time":"1 minute"},"schema":{"@context":"https:\/\/schema.org","@graph":[{"@type":"WebPage","@id":"https:\/\/evangelische-beratung.com\/en\/ehrenamt\/","url":"https:\/\/evangelische-beratung.com\/en\/ehrenamt\/","name":"Ehrenamt - Evangelischer Regionalverband","isPartOf":{"@id":"https:\/\/evangelische-beratung.com\/en\/#website"},"datePublished":"2019-07-12T09:06:38+00:00","dateModified":"2019-08-28T10:26:47+00:00","breadcrumb":{"@id":"https:\/\/evangelische-beratung.com\/en\/ehrenamt\/#breadcrumb"},"inLanguage":"en-US","potentialAction":[{"@type":"ReadAction","target":["https:\/\/evangelische-beratung.com\/en\/ehrenamt\/"]}]},{"@type":"BreadcrumbList","@id":"https:\/\/evangelische-beratung.com\/en\/ehrenamt\/#breadcrumb","itemListElement":[{"@type":"ListItem","position":1,"name":"Startseite","item":"https:\/\/evangelische-beratung.com\/en\/"},{"@type":"ListItem","position":2,"name":"Ehrenamt"}]},{"@type":"WebSite","@id":"https:\/\/evangelische-beratung.com\/en\/#website","url":"https:\/\/evangelische-beratung.com\/en\/","name":"Evangelischer Regionalverband","description":"","publisher":{"@id":"https:\/\/evangelische-beratung.com\/en\/#organization"},"potentialAction":[{"@type":"SearchAction","target":{"@type":"EntryPoint","urlTemplate":"https:\/\/evangelische-beratung.com\/en\/?s={search_term_string}"},"query-input":{"@type":"PropertyValueSpecification","valueRequired":true,"valueName":"search_term_string"}}],"inLanguage":"en-US"},{"@type":"Organization","@id":"https:\/\/evangelische-beratung.com\/en\/#organization","name":"Evangelischer Regionalverband","url":"https:\/\/evangelische-beratung.com\/en\/","logo":{"@type":"ImageObject","inLanguage":"en-US","@id":"https:\/\/evangelische-beratung.com\/en\/#\/schema\/logo\/image\/","url":"https:\/\/evangelische-beratung.com\/en\/wp-content\/uploads\/sites\/3\/2019\/07\/erv-logo.svg","contentUrl":"https:\/\/evangelische-beratung.com\/en\/wp-content\/uploads\/sites\/3\/2019\/07\/erv-logo.svg","width":382,"height":85,"caption":"Evangelischer Regionalverband"},"image":{"@id":"https:\/\/evangelische-beratung.com\/en\/#\/schema\/logo\/image\/"}}]}},"_links":{"self":[{"href":"https:\/\/evangelische-beratung.com\/en\/wp-json\/wp\/v2\/pages\/12","targetHints":{"allow":["GET"]}}],"collection":[{"href":"https:\/\/evangelische-beratung.com\/en\/wp-json\/wp\/v2\/pages"}],"about":[{"href":"https:\/\/evangelische-beratung.com\/en\/wp-json\/wp\/v2\/types\/page"}],"author":[{"embeddable":true,"href":"https:\/\/evangelische-beratung.com\/en\/wp-json\/wp\/v2\/users\/2"}],"replies":[{"embeddable":true,"href":"https:\/\/evangelische-beratung.com\/en\/wp-json\/wp\/v2\/comments?post=12"}],"version-history":[{"count":0,"href":"https:\/\/evangelische-beratung.com\/en\/wp-json\/wp\/v2\/pages\/12\/revisions"}],"wp:attachment":[{"href":"https:\/\/evangelische-beratung.com\/en\/wp-json\/wp\/v2\/media?parent=12"}],"curies":[{"name":"wp","href":"https:\/\/api.w.org\/{rel}","templated":true}]}}